{"id":2803,"date":"2020-02-22T11:42:14","date_gmt":"2020-02-22T10:42:14","guid":{"rendered":"http:\/\/agora.xtec.cat\/iescabrils\/?page_id=2803"},"modified":"2021-03-03T12:52:49","modified_gmt":"2021-03-03T11:52:49","slug":"serveis-digitals","status":"publish","type":"page","link":"https:\/\/agora.xtec.cat\/iescabrils\/serveis\/serveis-digitals\/","title":{"rendered":"Serveis digitals"},"content":{"rendered":"<p>Professorat i alumnat de l&#8217;Institut Cabrils t\u00e9 acc\u00e9s als serveis digitals i de comunicaci\u00f3 del centre, que s\u00f3n:<\/p>\n<ul>\n<li>Xarxa sense fils per a usos educatius Educat1x1.<\/li>\n<li>Compte de correu Google per al domini .inscabrils.cat i aplicacions relacionades (calendari, Drive, documents de Google,&#8230;)<\/li>\n<li>Acc\u00e9s a l&#8217;Entorn Virtual d Ensenyament Aprenentatge (<a href=\"https:\/_agora.xtec.cat\/iescabrils\/moodle\">Moodle<\/a>)<\/li>\n<\/ul>\n<p>A principi de curs, es lliura a cada usuari les credencials necess\u00e0ries (usuaris i contrasenyes) per accedir als serveis.<\/p>\n","protected":false},"excerpt":{"rendered":"<p>Professorat i alumnat de l&#8217;Institut Cabrils t\u00e9 acc\u00e9s als serveis digitals i de comunicaci\u00f3 del centre, que s\u00f3n:<\/p>\n<ul>\n<li>Xarxa sense fils per a usos educatius Educat1x1.<\/li>\n<li>Compte de correu Google per al domini .inscabrils.cat i aplicacions relacionades (calendari, Drive, documents de Google,&#8230;)<\/li>\n<li>Acc\u00e9s a l&#8217;Entorn Virtual d Ensenyament&hellip;  <a href=\"https:\/\/agora.xtec.cat\/iescabrils\/serveis\/serveis-digitals\/\" title=\"Read Serveis digitals\">Llegeix m\u00e9s\u00bb<\/a><br \/>\n","protected":false},"author":1,"featured_media":0,"parent":63,"menu_order":5,"comment_status":"closed","ping_status":"closed","template":"","meta":{"_bbp_topic_count":0,"_bbp_reply_count":0,"_bbp_total_topic_count":0,"_bbp_total_reply_count":0,"_bbp_voice_count":0,"_bbp_anonymous_reply_count":0,"_bbp_topic_count_hidden":0,"_bbp_reply_count_hidden":0,"_bbp_forum_subforum_count":0,"footnotes":""},"class_list":["post-2803","page","type-page","status-publish","hentry"],"post_mailing_queue_ids":[],"_links":{"self":[{"href":"https:\/\/agora.xtec.cat\/iescabrils\/wp-json\/wp\/v2\/pages\/2803","targetHints":{"allow":["GET"]}}],"collection":[{"href":"https:\/\/agora.xtec.cat\/iescabrils\/wp-json\/wp\/v2\/pages"}],"about":[{"href":"https:\/\/agora.xtec.cat\/iescabrils\/wp-json\/wp\/v2\/types\/page"}],"author":[{"embeddable":true,"href":"https:\/\/agora.xtec.cat\/iescabrils\/wp-json\/wp\/v2\/users\/1"}],"replies":[{"embeddable":true,"href":"https:\/\/agora.xtec.cat\/iescabrils\/wp-json\/wp\/v2\/comments?post=2803"}],"version-history":[{"count":3,"href":"https:\/\/agora.xtec.cat\/iescabrils\/wp-json\/wp\/v2\/pages\/2803\/revisions"}],"predecessor-version":[{"id":3582,"href":"https:\/\/agora.xtec.cat\/iescabrils\/wp-json\/wp\/v2\/pages\/2803\/revisions\/3582"}],"up":[{"embeddable":true,"href":"https:\/\/agora.xtec.cat\/iescabrils\/wp-json\/wp\/v2\/pages\/63"}],"wp:attachment":[{"href":"https:\/\/agora.xtec.cat\/iescabrils\/wp-json\/wp\/v2\/media?parent=2803"}],"curies":[{"name":"wp","href":"https:\/\/api.w.org\/{rel}","templated":true}]}}