{"id":2801,"date":"2020-02-22T11:41:31","date_gmt":"2020-02-22T10:41:31","guid":{"rendered":"http:\/\/agora.xtec.cat\/iescabrils\/?page_id=2801"},"modified":"2020-02-29T11:54:16","modified_gmt":"2020-02-29T10:54:16","slug":"plataforma-ieduca","status":"publish","type":"page","link":"https:\/\/agora.xtec.cat\/iescabrils\/serveis\/plataforma-ieduca\/","title":{"rendered":"Plataforma IEDUCA"},"content":{"rendered":"<p>La <a href=\"http:\/\/ieduca.inscabrils.cat\">plataforma IEDUCA<\/a> s&#8217;utilitza per fam\u00edlies, centre i professorat i \u00e9s la via preferent de comunicaci\u00f3 de les fam\u00edlies i el professorat.<\/p>\n<p style=\"text-align: center;\"><img loading=\"lazy\" decoding=\"async\" class=\"aligncenter size-full wp-image-2862\" src=\"https:\/\/agora.xtec.cat\/iescabrils\/wp-content\/uploads\/usu1031\/2020\/02\/ieduca.jpg\" alt=\"\" width=\"263\" height=\"161\" \/><\/p>\n<p>Les seves prestacions, caracter\u00edstiques i avantatges s\u00f3n:<\/p>\n<ul>\n<li>Acc\u00e9s a l&#8217;horari i professorat de cada alumne.<\/li>\n<li>Informaci\u00f3 i observacions d&#8217;aula.<\/li>\n<li>Control de l&#8217;assist\u00e8ncia.<\/li>\n<li>M\u00f2dul de pagament de sortides.<\/li>\n<\/ul>\n<p>Les fam\u00edlies, posteriorment a la matr\u00edcula, en reben les credencials d&#8217;acc\u00e9s.<\/p>\n<h5>Documentaci\u00f3<\/h5>\n<ul>\n<li><a href=\"https:\/\/agora.xtec.cat\/iescabrils\/wp-content\/uploads\/usu1031\/2019\/09\/GuiaUsFamilies.pdf\">Guia per a les fam\u00edlies<\/a><\/li>\n<li><a href=\"https:\/\/agora.xtec.cat\/iescabrils\/wp-content\/uploads\/usu1031\/2019\/09\/InstalacioTokapp.pdf\">Instal\u00b7laci\u00f3 TokApp<\/a><\/li>\n<li><a href=\"https:\/\/agora.xtec.cat\/iescabrils\/wp-content\/uploads\/usu1031\/2019\/09\/TokApp_manual-Pagos_Usuarios.pdf\">Manual per fer pagaments amb TokApp<\/a><\/li>\n<\/ul>\n","protected":false},"excerpt":{"rendered":"<p>La <a href=\"http:\/\/ieduca.inscabrils.cat\">plataforma IEDUCA<\/a> s&#8217;utilitza per fam\u00edlies, centre i professorat i \u00e9s la via preferent de comunicaci\u00f3 de les fam\u00edlies i el professorat.<\/p>\n<p>Les seves prestacions, caracter\u00edstiques i avantatges s\u00f3n:<\/p>\n<ul>\n<li>Acc\u00e9s a l&#8217;horari i professorat de cada alumne.<\/li>\n<li>Informaci\u00f3 i observacions d&#8217;aula.<\/li>\n<li>Control de l&#8217;assist\u00e8ncia.<\/li>\n<li>M\u00f2dul de pagament de sortides.<\/li>\n<\/ul>\n<p>Les&hellip;  <a href=\"https:\/\/agora.xtec.cat\/iescabrils\/serveis\/plataforma-ieduca\/\" title=\"Read Plataforma IEDUCA\">Llegeix m\u00e9s\u00bb<\/a><\/p>\n","protected":false},"author":1,"featured_media":0,"parent":63,"menu_order":3,"comment_status":"closed","ping_status":"closed","template":"","meta":{"_bbp_topic_count":0,"_bbp_reply_count":0,"_bbp_total_topic_count":0,"_bbp_total_reply_count":0,"_bbp_voice_count":0,"_bbp_anonymous_reply_count":0,"_bbp_topic_count_hidden":0,"_bbp_reply_count_hidden":0,"_bbp_forum_subforum_count":0,"footnotes":""},"class_list":["post-2801","page","type-page","status-publish","hentry"],"post_mailing_queue_ids":[],"_links":{"self":[{"href":"https:\/\/agora.xtec.cat\/iescabrils\/wp-json\/wp\/v2\/pages\/2801","targetHints":{"allow":["GET"]}}],"collection":[{"href":"https:\/\/agora.xtec.cat\/iescabrils\/wp-json\/wp\/v2\/pages"}],"about":[{"href":"https:\/\/agora.xtec.cat\/iescabrils\/wp-json\/wp\/v2\/types\/page"}],"author":[{"embeddable":true,"href":"https:\/\/agora.xtec.cat\/iescabrils\/wp-json\/wp\/v2\/users\/1"}],"replies":[{"embeddable":true,"href":"https:\/\/agora.xtec.cat\/iescabrils\/wp-json\/wp\/v2\/comments?post=2801"}],"version-history":[{"count":3,"href":"https:\/\/agora.xtec.cat\/iescabrils\/wp-json\/wp\/v2\/pages\/2801\/revisions"}],"predecessor-version":[{"id":2863,"href":"https:\/\/agora.xtec.cat\/iescabrils\/wp-json\/wp\/v2\/pages\/2801\/revisions\/2863"}],"up":[{"embeddable":true,"href":"https:\/\/agora.xtec.cat\/iescabrils\/wp-json\/wp\/v2\/pages\/63"}],"wp:attachment":[{"href":"https:\/\/agora.xtec.cat\/iescabrils\/wp-json\/wp\/v2\/media?parent=2801"}],"curies":[{"name":"wp","href":"https:\/\/api.w.org\/{rel}","templated":true}]}}