{"id":2747,"date":"2020-02-22T10:39:33","date_gmt":"2020-02-22T09:39:33","guid":{"rendered":"http:\/\/agora.xtec.cat\/iescabrils\/?page_id=2747"},"modified":"2020-02-29T10:42:15","modified_gmt":"2020-02-29T09:42:15","slug":"suport-vital-basic","status":"publish","type":"page","link":"https:\/\/agora.xtec.cat\/iescabrils\/projectes\/suport-vital-basic\/","title":{"rendered":"Suport Vital B\u00e0sic"},"content":{"rendered":"<h3>Qu\u00e8 \u00e9s?<\/h3>\n<p>El programa de Suport Vital B\u00e0sic es porta a terme gr\u00e0cies al Departament d\u2019Ensenyament de la Generalitat de Catalunya i el Consell Catal\u00e0 de Ressuscitaci\u00f3.<\/p>\n<p>Es tracta d\u2019una activitat\u00a0l\u2019objectiu principal de la qual \u00e9s\u00a0que l\u2019alumnat aprengui coneixements b\u00e0sics gradualment i progressivament\u00a0(te\u00f2rics i pr\u00e0ctics), al llarg de totes les etapes educatives de l\u2019escola, adaptats a cada edat, relacionats amb\u00a0qu\u00e8 \u00e9s, qu\u00e8 cal fer i com es pot\u00a0actuar davant d\u2019una situaci\u00f3 d\u2019emerg\u00e8ncia vital.<\/p>\n<p><a href=\"http:\/\/agora.xtec.cat\/ceipsantjoan\/wp-content\/uploads\/usu1864\/2018\/07\/1605-logo-ccr.jpg\"><img loading=\"lazy\" decoding=\"async\" class=\"aligncenter\" src=\"http:\/\/agora.xtec.cat\/ceipsantjoan\/wp-content\/uploads\/usu1864\/2018\/07\/1605-logo-ccr.jpg\" sizes=\"auto, (max-width: 285px) 100vw, 285px\" srcset=\"https:\/\/agora.xtec.cat\/ceipsantjoan\/wp-content\/uploads\/usu1864\/2018\/07\/1605-logo-ccr.jpg 1000w, https:\/\/agora.xtec.cat\/ceipsantjoan\/wp-content\/uploads\/usu1864\/2018\/07\/1605-logo-ccr-300x168.jpg 300w, https:\/\/agora.xtec.cat\/ceipsantjoan\/wp-content\/uploads\/usu1864\/2018\/07\/1605-logo-ccr-768x430.jpg 768w\" alt=\"\" width=\"285\" height=\"160\" \/><\/a><\/p>\n<p>Consisteix en l\u2019ensenyament als alumnes del Suport Vital. Perqu\u00e8? Doncs perqu\u00e8 el\u00a0 80%\u00a0 de\u00a0 les\u00a0 aturades\u00a0 cardiorespirat\u00f2ries\u00a0 (PCR)\u00a0 s\u00f3n\u00a0 extrahospital\u00e0ries\u00a0 i\u00a0 sovint tenen lloc amb un familiar o un amic al costat. Si el testimoni de l\u2019aturada cardio respirat\u00f2ria (ACR) comen\u00e7a de seguida les maniobres de RCP, la superviv\u00e8ncia \u00e9s de 2 a 3 vegades m\u00e9s gran que quan no s\u2019inicien. Una RCP realitzada correctament aconsegueix una superviv\u00e8ncia 20\u00a0 vegades\u00a0 m\u00e9s\u00a0 gran\u00a0 que\u00a0 quan\u00a0 es\u00a0 realitza\u00a0 de\u00a0 manera incorrecta.\u00a0 Aquests\u00a0 fets\u00a0 estan corroborats cient\u00edficament mitjan\u00e7ant els estudis que es realitzen sobre les ACR.<\/p>\n<p>La formaci\u00f3\u00a0 de\u00a0 la\u00a0 ciutadania\u00a0 \u00e9s\u00a0 una\u00a0 necessitat si\u00a0 volem\u00a0 assolir\u00a0 una\u00a0 millora\u00a0 en\u00a0 les\u00a0 taxes\u00a0 de superviv\u00e8ncia\u00a0 amb\u00a0 qualitats\u00a0 de\u00a0 les\u00a0 v\u00edctimes\u00a0 de\u00a0 mort\u00a0 sobtada\u00a0 i\u00a0 per\u00a0 tant \u00a0la\u00a0 formaci\u00f3\u00a0 dels escolars,\u00a0 futurs\u00a0 ciutadans,\u00a0 ha de ser un objectiu.<\/p>\n<h3>Objectius del programa de Suport Vital B\u00e0sic<\/h3>\n<p>L&#8217;objectiu general\u00a0 \u00e9s que els docents d\u2019educaci\u00f3 f\u00edsica, o altres docents compromesos, dels centres docents formin en espiral en Suport Vital B\u00e0sic i nocions de manipulaci\u00f3 del desfibril\u00b7lador extern autom\u00e0tic (DEA) als nens des de ben petits (P3) fins a 4t d\u2019ESO.<\/p>\n<h3>Objectius espec\u00edfics<\/h3>\n<ul>\n<li>Potenciar i adquirir valors de solidaritat i suport entre tota la comunitat educativa<\/li>\n<li>Conscienciar i aprendre procediments b\u00e0sic davant situacions d&#8217;aturada cardiorrespirat\u00f2ria<\/li>\n<li>Canviar el \u201c no fer, per por de no saber\u201d, pel \u201cfer, per ajudar\u201d.<\/li>\n<li>Con\u00e8ixer l&#8217;aplicaci\u00f3 del programa Suport Vital B\u00e0sic als centres docents.<\/li>\n<li>Adquirir coneixements i habilitats per a iniciar i implementar el programa al centre docent.<\/li>\n<li>Dur a terme sessions a l&#8217;aula del Programa segons cicle a trav\u00e9s de la pr\u00e0ctica i la \u00a0transfer\u00e8ncia a l&#8217;aula dels coneixements adquirits.<\/li>\n<\/ul>\n<figure class=\"figure wp-caption aligncenter\"><img loading=\"lazy\" decoding=\"async\" class=\"size-full wp-image-2849\" src=\"https:\/\/agora.xtec.cat\/iescabrils\/wp-content\/uploads\/usu1031\/2020\/02\/resumcurriculum.png\" alt=\"\" width=\"727\" height=\"487\" srcset=\"https:\/\/agora.xtec.cat\/iescabrils\/wp-content\/uploads\/usu1031\/2020\/02\/resumcurriculum.png 727w, https:\/\/agora.xtec.cat\/iescabrils\/wp-content\/uploads\/usu1031\/2020\/02\/resumcurriculum-300x201.png 300w\" sizes=\"auto, (max-width: 727px) 100vw, 727px\" \/><figcaption class=\"wp-caption-text\">Resum del curr\u00edculum de Suport Vital B\u00e0sic<\/figcaption><\/figure>\n<h3>Actuacions realitzades<\/h3>\n<ul>\n<li>Durant el curs 2017-2018 es f\u00e9u la formaci\u00f3 del professorat en Suport Vital B\u00e0sic i es f\u00e9u la transfer\u00e8ncia a l&#8217;aula en dues hores lectives d&#8217;una mat\u00e8ria optativa a 1r ESO.<\/li>\n<li>El tercer trimestre del curs 2018-2019 tots els alumnes de 1r ESO participaren en un taller sobre com actuar en cas d&#8217;aturada cardiorespirat\u00f2ria.<\/li>\n<\/ul>\n<p>Els tallers de formaci\u00f3 per als alumnes de 1r ESO es continuaran fent el curs 2019-2020.<\/p>\n<p style=\"text-align: center;\"><img loading=\"lazy\" decoding=\"async\" class=\"aligncenter size-full wp-image-2850\" src=\"https:\/\/agora.xtec.cat\/iescabrils\/wp-content\/uploads\/usu1031\/2020\/02\/Cadena_de_supervivA_ncia_1.png\" alt=\"\" width=\"500\" height=\"213\" srcset=\"https:\/\/agora.xtec.cat\/iescabrils\/wp-content\/uploads\/usu1031\/2020\/02\/Cadena_de_supervivA_ncia_1.png 500w, https:\/\/agora.xtec.cat\/iescabrils\/wp-content\/uploads\/usu1031\/2020\/02\/Cadena_de_supervivA_ncia_1-300x128.png 300w\" sizes=\"auto, (max-width: 500px) 100vw, 500px\" \/><\/p>\n<p style=\"text-align: center;\">\n","protected":false},"excerpt":{"rendered":"<p>Qu\u00e8 \u00e9s?<br \/>\nEl programa de Suport Vital B\u00e0sic es porta a terme gr\u00e0cies al Departament d\u2019Ensenyament de la Generalitat de Catalunya i el Consell Catal\u00e0 de Ressuscitaci\u00f3.<br \/>\nEs tracta d\u2019una activitat\u00a0l\u2019objectiu principal de la qual \u00e9s\u00a0que l\u2019alumnat aprengui coneixements b\u00e0sics gradualment i progressivament\u00a0(te\u00f2rics i pr\u00e0ctics), al llarg&hellip;  <a href=\"https:\/\/agora.xtec.cat\/iescabrils\/projectes\/suport-vital-basic\/\" title=\"Read Suport Vital B\u00e0sic\">Llegeix m\u00e9s\u00bb<\/a><\/p>\n","protected":false},"author":1,"featured_media":0,"parent":2737,"menu_order":4,"comment_status":"closed","ping_status":"closed","template":"","meta":{"_bbp_topic_count":0,"_bbp_reply_count":0,"_bbp_total_topic_count":0,"_bbp_total_reply_count":0,"_bbp_voice_count":0,"_bbp_anonymous_reply_count":0,"_bbp_topic_count_hidden":0,"_bbp_reply_count_hidden":0,"_bbp_forum_subforum_count":0,"footnotes":""},"class_list":["post-2747","page","type-page","status-publish","hentry"],"post_mailing_queue_ids":[],"_links":{"self":[{"href":"https:\/\/agora.xtec.cat\/iescabrils\/wp-json\/wp\/v2\/pages\/2747","targetHints":{"allow":["GET"]}}],"collection":[{"href":"https:\/\/agora.xtec.cat\/iescabrils\/wp-json\/wp\/v2\/pages"}],"about":[{"href":"https:\/\/agora.xtec.cat\/iescabrils\/wp-json\/wp\/v2\/types\/page"}],"author":[{"embeddable":true,"href":"https:\/\/agora.xtec.cat\/iescabrils\/wp-json\/wp\/v2\/users\/1"}],"replies":[{"embeddable":true,"href":"https:\/\/agora.xtec.cat\/iescabrils\/wp-json\/wp\/v2\/comments?post=2747"}],"version-history":[{"count":3,"href":"https:\/\/agora.xtec.cat\/iescabrils\/wp-json\/wp\/v2\/pages\/2747\/revisions"}],"predecessor-version":[{"id":2851,"href":"https:\/\/agora.xtec.cat\/iescabrils\/wp-json\/wp\/v2\/pages\/2747\/revisions\/2851"}],"up":[{"embeddable":true,"href":"https:\/\/agora.xtec.cat\/iescabrils\/wp-json\/wp\/v2\/pages\/2737"}],"wp:attachment":[{"href":"https:\/\/agora.xtec.cat\/iescabrils\/wp-json\/wp\/v2\/media?parent=2747"}],"curies":[{"name":"wp","href":"https:\/\/api.w.org\/{rel}","templated":true}]}}