{"id":2745,"date":"2020-02-22T10:38:51","date_gmt":"2020-02-22T09:38:51","guid":{"rendered":"http:\/\/agora.xtec.cat\/iescabrils\/?page_id=2745"},"modified":"2020-03-03T09:57:47","modified_gmt":"2020-03-03T08:57:47","slug":"aqui-prou-bullying","status":"publish","type":"page","link":"https:\/\/agora.xtec.cat\/iescabrils\/projectes\/aqui-prou-bullying\/","title":{"rendered":"#aqu\u00edproubullying"},"content":{"rendered":"<h4><img loading=\"lazy\" decoding=\"async\" class=\"aligncenter\" src=\"https:\/\/agora.xtec.cat\/iescabrils\/wp-content\/uploads\/usu1031\/2020\/03\/apb5.png\" alt=\"\" width=\"475\" height=\"106\" \/><\/h4>\n<h4>Descripci\u00f3<\/h4>\n<p>El programa posa a l\u2019abast dels centres la formaci\u00f3, estrat\u00e8gies i recursos necessaris per elaborar un projecte de prevenci\u00f3, detecci\u00f3 i intervenci\u00f3 davant l\u2019assetjament amb la participaci\u00f3 de tota la comunitat escolar, especialment de l\u2019alumnat qui actuar\u00e0 com observador i agent actiu i comprom\u00e8s en la lluita contra l\u2019assetjament alhora que adquireix les actituds i els valors propis de la compet\u00e8ncia social i ciutadana.<\/p>\n<p style=\"text-align: center;\"><img loading=\"lazy\" decoding=\"async\" class=\"aligncenter size-full wp-image-2964\" src=\"https:\/\/agora.xtec.cat\/iescabrils\/wp-content\/uploads\/usu1031\/2020\/03\/apb4.png\" alt=\"\" width=\"276\" height=\"183\" \/><\/p>\n<p>Actualment hi ha dues resolucions vinculades a aquest programa d\u2019innovaci\u00f3 pedag\u00f2gica:<\/p>\n<ul>\n<li>RESOLUCI\u00d3 ENS\/793\/2018, de 13 d&#8217;abril, per la qual es dona continu\u00eftat al Programa d&#8217;innovaci\u00f3 pedag\u00f2gica #aquiproubullying de prevenci\u00f3, detecci\u00f3 i intervenci\u00f3 enfront de l&#8217;assetjament entre iguals i s&#8217;obre convocat\u00f2ria p\u00fablica per a la selecci\u00f3 de centres educatius interessats a formar-ne part a partir del curs 2018-2019.<\/li>\n<li>RESOLUCI\u00d3 ENS\/881\/2017, de 10 d&#8217;abril, per la qual es crea el Programa d&#8217;innovaci\u00f3 pedag\u00f2gica #aquiproubullying de prevenci\u00f3, detecci\u00f3 i intervenci\u00f3 enfront l&#8217;assetjament entre iguals i s&#8217;obre convocat\u00f2ria p\u00fablica per a la selecci\u00f3 de centres educatius interessats a formar-ne part.<\/li>\n<\/ul>\n<h4>Objectius<\/h4>\n<ul>\n<li>Implicar la comunitat escolar davant els casos d\u2019assetjament.<\/li>\n<li>Potenciar el comprom\u00eds actiu de l\u2019alumnat en la prevenci\u00f3 i detecci\u00f3 dels casos d\u2019assetjament.<\/li>\n<li>Fomentar la gesti\u00f3 positiva dels conflictes.<\/li>\n<li>Contribuir al desenvolupament personal i social de l\u2019alumnat.<\/li>\n<\/ul>\n<p style=\"text-align: center;\"><img loading=\"lazy\" decoding=\"async\" class=\"aligncenter size-full wp-image-2965\" src=\"https:\/\/agora.xtec.cat\/iescabrils\/wp-content\/uploads\/usu1031\/2020\/03\/apb3.png\" alt=\"\" width=\"299\" height=\"169\" \/><\/p>\n<h4>Servei comunitari Guaites<\/h4>\n<p>El servei comunitari (<a href=\"http:\/\/portaldogc.gencat.cat\/utilsEADOP\/PDF\/6945\/1441278.pdf\">DECRET 187\/2015, de 25 d&#8217;agost. d&#8217;ordenaci\u00f3 dels ensenyaments de l&#8217;educaci\u00f3 secund\u00e0ria obligat\u00f2ria<\/a>) \u00e9s una acci\u00f3 que vol promoure que els alumnes experimentin i protagonitzin accions de comprom\u00eds c\u00edvic, aprenguin en l&#8217;exercici actiu de la ciutadania, i posin en joc els seus coneixements i capacitats al servei de la comunitat.<\/p>\n<p>Ha de formar part de la programaci\u00f3 curricular d\u2019una o diverses mat\u00e8ries de tercer i\/o quart d\u2019ESO definides en el pla anual de centre. Aix\u00ed, compr\u00e8n una part d\u2019aprenentatge vinculada al curr\u00edculum que es realitza dins l\u2019horari lectiu i un servei actiu a la comunitat educativa.<\/p>\n<p>El servei comunitari de Guaites tindr\u00e0 com a finalitat detectar i aturar possibles situacions d\u2019assetjament i altres accions que dificultin les relacions entre iguals. Durant el temps que facin el servei comunitari de forma pr\u00e0ctica aprendran a implicar-se, deixant de ser observadors del que passa al seu voltant i prenent consci\u00e8ncia de la necessitat d\u2019actuar i comprometre\u2019s en la millora de la conviv\u00e8ncia i en la gesti\u00f3 positiva dels conflictes.<\/p>\n<p>La selecci\u00f3 dels guaites es far\u00e0 a partir dels alumnes que es presentin voluntaris i dels que proposin els seus companys, per tal d\u2019assegurar que tinguin un perfil adient i siguin alumnes considerats pels altres com a referents positius.<\/p>\n<h5>Funcions dels guaites:<\/h5>\n<ul>\n<li>Observar fets que puguin derivar en situacions d\u2019assetjament.<\/li>\n<li>Estar atents a companys que necessitin ajuda, perqu\u00e8 se senten insegurs, exclosos, amena\u00e7ats o agredits.<\/li>\n<li>Intervenir davant les situacions que es considerin lleus o moderades.<\/li>\n<li>Derivar les situacions que es considerin greus.<\/li>\n<\/ul>\n<p style=\"text-align: center;\"><img loading=\"lazy\" decoding=\"async\" class=\"aligncenter size-full wp-image-2966\" src=\"https:\/\/agora.xtec.cat\/iescabrils\/wp-content\/uploads\/usu1031\/2020\/03\/apb1.png\" alt=\"\" width=\"205\" height=\"245\" \/><\/p>\n<p>D\u2019altra banda, el programa #aquiproubullying, en el marc del servei comunitari, vol impulsar tamb\u00e9 la proposta \u201cInternet de tu a tu\u201d, un servei comunitari que est\u00e0 a disposici\u00f3 dels centres i que s\u2019orienta a la prevenci\u00f3 del ciberassetjament i \u00e9s un bon complement del servei comunitari Guaites. El document en format\u00a0 transferible es pot descarregar des de la p\u00e0gina de <a href=\"http:\/\/xtec.gencat.cat\/web\/.content\/comunitat\/serveicomunitari\/modelstransferibles\/documents\/internet_transferible.pdf\">l\u2019XTEC<\/a>, tamb\u00e9 hi ha una versi\u00f3 per utilitzar en l\u2019entorn Moodle en el repositori de cursos <a href=\"http:\/\/alexandria.xtec.cat\/mod\/data\/view.php?d=2&amp;rid=2081&amp;filter=1\">Alexandria<\/a>.<\/p>\n<h5>P\u00e0gina Xtec:<\/h5>\n<p><a href=\"http:\/\/xtec.gencat.cat\/ca\/centres\/projeducatiu\/convivencia\/aquiproubullying\/\">http:\/\/xtec.gencat.cat\/ca\/centres\/projeducatiu\/convivencia\/aquiproubullying\/<\/a><\/p>\n<p>&nbsp;<\/p>\n<p>&nbsp;<\/p>\n<p>&nbsp;<\/p>\n<p>&nbsp;<\/p>\n<p>&nbsp;<\/p>\n<p>&nbsp;<\/p>\n<p>&nbsp;<\/p>\n<p>&nbsp;<\/p>\n<p>&nbsp;<\/p>\n<p>&nbsp;<\/p>\n","protected":false},"excerpt":{"rendered":"<p>Descripci\u00f3<br \/>\nEl programa posa a l\u2019abast dels centres la formaci\u00f3, estrat\u00e8gies i recursos necessaris per elaborar un projecte de prevenci\u00f3, detecci\u00f3 i intervenci\u00f3 davant l\u2019assetjament amb la participaci\u00f3 de tota la comunitat escolar, especialment de l\u2019alumnat qui actuar\u00e0 com observador i agent actiu i comprom\u00e8s en&hellip;  <a href=\"https:\/\/agora.xtec.cat\/iescabrils\/projectes\/aqui-prou-bullying\/\" title=\"Read #aqu\u00edproubullying\">Llegeix m\u00e9s\u00bb<\/a><\/p>\n","protected":false},"author":1,"featured_media":0,"parent":2737,"menu_order":3,"comment_status":"closed","ping_status":"closed","template":"","meta":{"_bbp_topic_count":0,"_bbp_reply_count":0,"_bbp_total_topic_count":0,"_bbp_total_reply_count":0,"_bbp_voice_count":0,"_bbp_anonymous_reply_count":0,"_bbp_topic_count_hidden":0,"_bbp_reply_count_hidden":0,"_bbp_forum_subforum_count":0,"footnotes":""},"class_list":["post-2745","page","type-page","status-publish","hentry"],"post_mailing_queue_ids":[],"_links":{"self":[{"href":"https:\/\/agora.xtec.cat\/iescabrils\/wp-json\/wp\/v2\/pages\/2745","targetHints":{"allow":["GET"]}}],"collection":[{"href":"https:\/\/agora.xtec.cat\/iescabrils\/wp-json\/wp\/v2\/pages"}],"about":[{"href":"https:\/\/agora.xtec.cat\/iescabrils\/wp-json\/wp\/v2\/types\/page"}],"author":[{"embeddable":true,"href":"https:\/\/agora.xtec.cat\/iescabrils\/wp-json\/wp\/v2\/users\/1"}],"replies":[{"embeddable":true,"href":"https:\/\/agora.xtec.cat\/iescabrils\/wp-json\/wp\/v2\/comments?post=2745"}],"version-history":[{"count":3,"href":"https:\/\/agora.xtec.cat\/iescabrils\/wp-json\/wp\/v2\/pages\/2745\/revisions"}],"predecessor-version":[{"id":2967,"href":"https:\/\/agora.xtec.cat\/iescabrils\/wp-json\/wp\/v2\/pages\/2745\/revisions\/2967"}],"up":[{"embeddable":true,"href":"https:\/\/agora.xtec.cat\/iescabrils\/wp-json\/wp\/v2\/pages\/2737"}],"wp:attachment":[{"href":"https:\/\/agora.xtec.cat\/iescabrils\/wp-json\/wp\/v2\/media?parent=2745"}],"curies":[{"name":"wp","href":"https:\/\/api.w.org\/{rel}","templated":true}]}}