{"id":2732,"date":"2020-02-22T10:32:41","date_gmt":"2020-02-22T09:32:41","guid":{"rendered":"http:\/\/agora.xtec.cat\/iescabrils\/?page_id=2732"},"modified":"2024-09-27T13:01:24","modified_gmt":"2024-09-27T11:01:24","slug":"departament-dorientacio","status":"publish","type":"page","link":"https:\/\/agora.xtec.cat\/iescabrils\/departaments\/departament-dorientacio\/","title":{"rendered":"Departament d&#8217;Orientaci\u00f3"},"content":{"rendered":"<h1>Departament d\u2019Orientaci\u00f3<\/h1>\n<p>La nostra caracter\u00edstica recau en l\u2019atenci\u00f3 personal i social dels alumnes de l\u2019institut, donant un suport espec\u00edfic en el seus aprenentatges, segons les seves caracter\u00edstiques personals.<\/p>\n<p>Per aquest motiu tenim activa una aula <b>SIEI<\/b> (suport intensiu a l\u2019escolaritzaci\u00f3 inclusiva), on s\u2019acullen entre 10 alumnes on se\u2019ls ofereix un espai de creixement i maduraci\u00f3 combinat amb l\u2019aula ordin\u00e0ria. Us convidem a donar un cop d\u2019ull al blog.<\/p>\n<p><a href=\"http:\/\/useecabrils.blogspot.com\/\">http:\/\/useecabrils.blogspot.com\/<\/a><\/p>\n<p>Tamb\u00e9 \u00e9s de la nostra compet\u00e8ncia el treball que es realitza en les optatives de <b>mediaci\u00f3<\/b> i optativa de <b>Orientaci\u00f3<\/b>.<\/p>\n<p>Entenem la mediaci\u00f3 com un canal per potenciar la formaci\u00f3 d\u2019alumnes que vetllin per una bona conviv\u00e8ncia dins dels centre, per aix\u00f2 en aquesta optativa es contribueix en el desenvolupament d\u2019habilitats relacionals positives, basades en el di\u00e0leg i l\u2019assertivitat com a motor per propiciar un clima educatiu agradable i una gesti\u00f3 \u00f2ptima dels conflictes.<\/p>\n<p>El <b>Departament d&#8217;Orientaci\u00f3<\/b> s&#8217;encarrega de:<\/p>\n<ul>\n<li aria-level=\"1\"><b>Realitzar avaluacions psicopedag\u00f2giques individuals<\/b> amb els alumnes que ho necessiten.<\/li>\n<li aria-level=\"1\"><b>Realitzar avaluacions generals<\/b> per a millorar l&#8217;aprenentatge dels nostres alumnes i assessorar-los en els itineraris a seguir.<\/li>\n<li aria-level=\"1\"><b>Coordinar i orientar les mesures d&#8217;atenci\u00f3 a la diversitat<\/b> amb refor\u00e7os educatius, adaptacions curriculars, plans individualitzats, derivacions a especialistes, etc.<\/li>\n<li aria-level=\"1\"><b>Cooperar amb l&#8217;equip docent<\/b> orientant per la millora del proc\u00e9s d&#8217;aprenentatge i en l\u2019assoliment de les compet\u00e8ncies b\u00e0siques.<\/li>\n<li aria-level=\"1\"><b>Facilitar l\u2019orientaci\u00f3 escolar i professional<\/b> als alumnes i a les fam\u00edlies.<\/li>\n<li aria-level=\"1\"><b>Establir canals de comunicaci\u00f3<\/b> amb les institucions i especialistes externs que treballen amb alumnes del centre.<\/li>\n<\/ul>\n<p>Una de les motivacions en el nostre departament \u00e9s donar suport a l\u2019aprenentatge i al seu benestar personal des d\u2019una mirada sist\u00e8mica, posant \u00e8mfasi en l\u2019adquisici\u00f3 de compet\u00e8ncies que permetin a l\u2019alumnat desenvolupar-se en el seu entorn m\u00e9s proper.<\/p>\n<p>Professorat curs 2023-24<\/p>\n<p><b>Cap de departament: <\/b>Nerea Prieto Morillas<\/p>\n<p><strong>Orientadora: <\/strong>Helena Mart\u00ednez-Pons<\/p>\n<p><b>Tutora de la SIEI: <\/b>S\u00f2nia Gallego<\/p>\n<p><b>Professorat de la SIEI: <\/b>Nerea Prieto Morillas<\/p>\n<p><b>Educadora d\u2019educaci\u00f3 especial: <\/b>Tere Penedo<\/p>\n<p>&nbsp;<\/p>\n","protected":false},"excerpt":{"rendered":"<p>Departament d\u2019Orientaci\u00f3<br \/>\nLa nostra caracter\u00edstica recau en l\u2019atenci\u00f3 personal i social dels alumnes de l\u2019institut, donant un suport espec\u00edfic en el seus aprenentatges, segons les seves caracter\u00edstiques personals.<br \/>\nPer aquest motiu tenim activa una aula SIEI (suport intensiu a l\u2019escolaritzaci\u00f3 inclusiva), on s\u2019acullen entre 10 alumnes on&hellip;  <a href=\"https:\/\/agora.xtec.cat\/iescabrils\/departaments\/departament-dorientacio\/\" title=\"Read Departament d&#8217;Orientaci\u00f3\">Llegeix m\u00e9s\u00bb<\/a><\/p>\n","protected":false},"author":1,"featured_media":0,"parent":2711,"menu_order":9,"comment_status":"closed","ping_status":"closed","template":"","meta":{"_bbp_topic_count":0,"_bbp_reply_count":0,"_bbp_total_topic_count":0,"_bbp_total_reply_count":0,"_bbp_voice_count":0,"_bbp_anonymous_reply_count":0,"_bbp_topic_count_hidden":0,"_bbp_reply_count_hidden":0,"_bbp_forum_subforum_count":0,"footnotes":""},"class_list":["post-2732","page","type-page","status-publish","hentry"],"post_mailing_queue_ids":[],"_links":{"self":[{"href":"https:\/\/agora.xtec.cat\/iescabrils\/wp-json\/wp\/v2\/pages\/2732","targetHints":{"allow":["GET"]}}],"collection":[{"href":"https:\/\/agora.xtec.cat\/iescabrils\/wp-json\/wp\/v2\/pages"}],"about":[{"href":"https:\/\/agora.xtec.cat\/iescabrils\/wp-json\/wp\/v2\/types\/page"}],"author":[{"embeddable":true,"href":"https:\/\/agora.xtec.cat\/iescabrils\/wp-json\/wp\/v2\/users\/1"}],"replies":[{"embeddable":true,"href":"https:\/\/agora.xtec.cat\/iescabrils\/wp-json\/wp\/v2\/comments?post=2732"}],"version-history":[{"count":6,"href":"https:\/\/agora.xtec.cat\/iescabrils\/wp-json\/wp\/v2\/pages\/2732\/revisions"}],"predecessor-version":[{"id":5295,"href":"https:\/\/agora.xtec.cat\/iescabrils\/wp-json\/wp\/v2\/pages\/2732\/revisions\/5295"}],"up":[{"embeddable":true,"href":"https:\/\/agora.xtec.cat\/iescabrils\/wp-json\/wp\/v2\/pages\/2711"}],"wp:attachment":[{"href":"https:\/\/agora.xtec.cat\/iescabrils\/wp-json\/wp\/v2\/media?parent=2732"}],"curies":[{"name":"wp","href":"https:\/\/api.w.org\/{rel}","templated":true}]}}