{"id":2726,"date":"2020-02-22T10:29:05","date_gmt":"2020-02-22T09:29:05","guid":{"rendered":"http:\/\/agora.xtec.cat\/iescabrils\/?page_id=2726"},"modified":"2024-09-27T13:03:25","modified_gmt":"2024-09-27T11:03:25","slug":"departament-de-ciencies","status":"publish","type":"page","link":"https:\/\/agora.xtec.cat\/iescabrils\/departaments\/departament-de-ciencies\/","title":{"rendered":"Departament de Ci\u00e8ncies"},"content":{"rendered":"<h3>Professorat<\/h3>\n<ul>\n<li>Merc\u00e8 Garcia\u00a0&lt;mergarsan@inscabrils.cat&gt;\u2014 Cap de Departament.<\/li>\n<li>Carles Marin Palomo &lt;carmarpal@inscabrils.cat&gt;<\/li>\n<li>Gen\u00eds Freixas Borrell &lt;genfrebor@inscabrils.cat&gt;<\/li>\n<li>Juan Hens Ben\u00edtez &lt;juahenben<span class=\"atwho-query\">@inscabrils.cat<\/span>&gt;<\/li>\n<\/ul>\n<h3>Mat\u00e8ries impartides<\/h3>\n<p><img loading=\"lazy\" decoding=\"async\" class=\" wp-image-3046 alignright\" src=\"https:\/\/agora.xtec.cat\/iescabrils\/wp-content\/uploads\/usu1031\/2020\/03\/Lab.png\" alt=\"\" width=\"320\" height=\"427\" srcset=\"https:\/\/agora.xtec.cat\/iescabrils\/wp-content\/uploads\/usu1031\/2020\/03\/Lab.png 437w, https:\/\/agora.xtec.cat\/iescabrils\/wp-content\/uploads\/usu1031\/2020\/03\/Lab-225x300.png 225w\" sizes=\"auto, (max-width: 320px) 100vw, 320px\" \/><\/p>\n<ul>\n<li>Ci\u00e8ncies de la Naturalesa: Biologia i Geologia 1r, 3r i 4t ESO<\/li>\n<li>Ci\u00e8ncies de la Naturalesa: F\u00edsica i Qu\u00edmica\u00a0 2n, 3r i 4t ESO<\/li>\n<li>Cultura cient\u00edfica 4t ESO<\/li>\n<\/ul>\n<p><span style=\"font-weight: 400;\">Per les mat\u00e8ries que es cursen a l\u2019ESO utilitzem un llibre digital basat en la Teoria Constructivista de l\u2019aprenentatge on l\u2019alumnat, partint dels seus coneixements previs, va connectant les seves idees amb nous cone<\/span><span style=\"font-weight: 400;\">ixements adquirits a trav\u00e9s de la investigaci\u00f3 i el descobriment.<\/span><\/p>\n<p><span style=\"font-weight: 400;\">La metodologia utilitzada en les classes de grup es refor\u00e7a amb una sessi\u00f3 setmanal al laboratori, on mig grup d\u2019alumnes realitza pr\u00e0ctiques i\/o exercicis que consoliden el que s\u2019ha treballat a l\u2019aula.\u00a0<\/span><\/p>\n<p><span style=\"font-weight: 400;\">Tot l\u2019alumnat de 4t d\u2019ESO cursa alguna mat\u00e8ria de ci\u00e8ncies experimentals (Biologia i Geologia, F\u00edsica i Qu\u00edmica o Cultura Cient\u00edfica) per tal d\u2019assegurar uns coneixements b\u00e0sics de l\u2019\u00e0mbit en acabar l\u2019ESO.<\/span><\/p>\n<h3>Activitats i sortides<\/h3>\n","protected":false},"excerpt":{"rendered":"<p>Professorat<\/p>\n<ul>\n<li>Merc\u00e8 Garcia\u00a0&lt;mergarsan@inscabrils.cat&gt;\u2014 Cap de Departament.<\/li>\n<li>Carles Marin Palomo &lt;carmarpal@inscabrils.cat&gt;<\/li>\n<li>Gen\u00eds Freixas Borrell &lt;genfrebor@inscabrils.cat&gt;<\/li>\n<li>Juan Hens Ben\u00edtez &lt;juahenben@inscabrils.cat&gt;<\/li>\n<\/ul>\n<p>Mat\u00e8ries impartides<\/p>\n<ul>\n<li>Ci\u00e8ncies de la Naturalesa: Biologia i Geologia 1r, 3r i 4t ESO<\/li>\n<li>Ci\u00e8ncies de la Naturalesa: F\u00edsica i Qu\u00edmica\u00a0 2n, 3r i 4t ESO<\/li>\n<li>Cultura cient\u00edfica 4t ESO<\/li>\n<\/ul>\n<p>Per les mat\u00e8ries que es cursen&hellip;  <a href=\"https:\/\/agora.xtec.cat\/iescabrils\/departaments\/departament-de-ciencies\/\" title=\"Read Departament de Ci\u00e8ncies\">Llegeix m\u00e9s\u00bb<\/a><\/p>\n","protected":false},"author":1,"featured_media":0,"parent":2711,"menu_order":7,"comment_status":"closed","ping_status":"closed","template":"","meta":{"_bbp_topic_count":0,"_bbp_reply_count":0,"_bbp_total_topic_count":0,"_bbp_total_reply_count":0,"_bbp_voice_count":0,"_bbp_anonymous_reply_count":0,"_bbp_topic_count_hidden":0,"_bbp_reply_count_hidden":0,"_bbp_forum_subforum_count":0,"footnotes":""},"class_list":["post-2726","page","type-page","status-publish","hentry"],"post_mailing_queue_ids":[],"_links":{"self":[{"href":"https:\/\/agora.xtec.cat\/iescabrils\/wp-json\/wp\/v2\/pages\/2726","targetHints":{"allow":["GET"]}}],"collection":[{"href":"https:\/\/agora.xtec.cat\/iescabrils\/wp-json\/wp\/v2\/pages"}],"about":[{"href":"https:\/\/agora.xtec.cat\/iescabrils\/wp-json\/wp\/v2\/types\/page"}],"author":[{"embeddable":true,"href":"https:\/\/agora.xtec.cat\/iescabrils\/wp-json\/wp\/v2\/users\/1"}],"replies":[{"embeddable":true,"href":"https:\/\/agora.xtec.cat\/iescabrils\/wp-json\/wp\/v2\/comments?post=2726"}],"version-history":[{"count":6,"href":"https:\/\/agora.xtec.cat\/iescabrils\/wp-json\/wp\/v2\/pages\/2726\/revisions"}],"predecessor-version":[{"id":5296,"href":"https:\/\/agora.xtec.cat\/iescabrils\/wp-json\/wp\/v2\/pages\/2726\/revisions\/5296"}],"up":[{"embeddable":true,"href":"https:\/\/agora.xtec.cat\/iescabrils\/wp-json\/wp\/v2\/pages\/2711"}],"wp:attachment":[{"href":"https:\/\/agora.xtec.cat\/iescabrils\/wp-json\/wp\/v2\/media?parent=2726"}],"curies":[{"name":"wp","href":"https:\/\/api.w.org\/{rel}","templated":true}]}}