{"id":2722,"date":"2020-02-22T10:28:11","date_gmt":"2020-02-22T09:28:11","guid":{"rendered":"http:\/\/agora.xtec.cat\/iescabrils\/?page_id=2722"},"modified":"2024-09-27T13:07:43","modified_gmt":"2024-09-27T11:07:43","slug":"departament-dhumanitats","status":"publish","type":"page","link":"https:\/\/agora.xtec.cat\/iescabrils\/departaments\/departament-dhumanitats\/","title":{"rendered":"Departament d&#8217;Humanitats"},"content":{"rendered":"<h3>Blog del departament:<\/h3>\n<p><a href=\"https:\/\/sites.google.com\/xtec.cat\/dephumanitatsinscabrils\/inici\">https:\/\/sites.google.com\/xtec.cat\/dephumanitatsinscabrils\/inici<\/a><\/p>\n<h3>Professorat<\/h3>\n<ul>\n<li>Ramon Banegas L\u00f3pez &lt;rambanopez@inscabrils.cat&gt; \u2014 Cap de Departament.<\/li>\n<li>Alfred Brunet Puig &lt;alfbruuig@inscabrils.cat&gt;<\/li>\n<li>Carme Piferrer Sibina &lt;carpifina@inscabrils.cat&gt;<\/li>\n<li>Francesc Maetzu Tom\u00e0s &lt;framaetom<span class=\"atwho-query\">@inscabrils.cat<\/span>&gt;<\/li>\n<\/ul>\n<h3>Mat\u00e8ries impartides<\/h3>\n<ul>\n<li>Ci\u00e8ncies Socials: Geografia i Hist\u00f2ria 1r, 2n, 3r i 4t ESO.<\/li>\n<li>Pensament cr\u00edtic, educaci\u00f3 en valors i \u00e8tica 1r, 2n i 3r ESO.<\/li>\n<li>Cultura i Valors \u00c8tics 4t ESO.<\/li>\n<li>Hist\u00f2ria i Cultura de les Religions 1r, 2n 3r i 4t ESO.<\/li>\n<li>Filosofia 4t ESO.<\/li>\n<\/ul>\n<h3>Activitats i sortides<\/h3>\n<ul>\n<li>1r ESO &#8211; Sortida al Campus Arqueol\u00f2gic del Museu Egipci de Barcelona (arqueologia al M\u00f3n Antic)<\/li>\n<li>2n ESO &#8211; Sortida a la Barcelona Medieval (les ciutats a l&#8217;Edat Mitjana)<\/li>\n<li>3r ESO &#8211; Sortida al Museu Mar\u00edtim de Barcelona (la navegaci\u00f3 a l&#8217;Edat Moderna)<\/li>\n<li>4t ESO &#8211; Sortida a les bateries antiaeries i refugis antiaeris de Barcelona (la Guerra Civil Espanyola a Barcelona<\/li>\n<\/ul>\n<h3>Links GoogleClassroom del departament d\u2019Humanitats<\/h3>\n<p><b>1r d\u2019ESO (Geografia i Hist\u00f2ria,\u00a0 Cultura i Valors \u00c8tics, Hist\u00f2ria i Cultura de les Religions i optativa d\u2019Hist\u00f2ria de l\u2019Art)<\/b><\/p>\n<p>GiH 1r C <a href=\"https:\/\/classroom.google.com\/u\/0\/c\/MTU5NzQyNTM0MTQ4\">https:\/\/classroom.google.com\/u\/0\/c\/MTU5NzQyNTM0MTQ4<\/a><\/p>\n<p>GiH 1r B <a href=\"https:\/\/classroom.google.com\/u\/0\/c\/MTU5NzM4MzU2MjM2\">https:\/\/classroom.google.com\/u\/0\/c\/MTU5NzM4MzU2MjM2<\/a><\/p>\n<p>GiH 1r A <a href=\"https:\/\/classroom.google.com\/u\/0\/c\/MTU5NzQyNTI5NDk2\">https:\/\/classroom.google.com\/u\/0\/c\/MTU5NzQyNTI5NDk2<\/a><\/p>\n<p>GiH 1r ESO SIEI <a href=\"https:\/\/classroom.google.com\/u\/0\/c\/MTY4Mjg3NDk0Mzkw\">https:\/\/classroom.google.com\/u\/0\/c\/MTY4Mjg3NDk0Mzkw<\/a><\/p>\n<p>CiVE 1rC <a href=\"https:\/\/classroom.google.com\/u\/0\/c\/MTU5NzM4NTgwMTQ2\">https:\/\/classroom.google.com\/u\/0\/c\/MTU5NzM4NTgwMTQ2<\/a><\/p>\n<p>CiVE 1r B <a href=\"https:\/\/classroom.google.com\/u\/0\/c\/MTU5NzM4NTc5ODk4\">https:\/\/classroom.google.com\/u\/0\/c\/MTU5NzM4NTc5ODk4<\/a><\/p>\n<p>CiVE 1r A <a href=\"https:\/\/classroom.google.com\/u\/0\/c\/MTU5NzM4MzU2NDI1\">https:\/\/classroom.google.com\/u\/0\/c\/MTU5NzM4MzU2NDI1<\/a><\/p>\n<p>HCR1: <a href=\"https:\/\/classroom.google.com\/u\/3\/c\/MTUyODc3NTEzNjMy\">https:\/\/classroom.google.com\/u\/3\/c\/MTUyODc3NTEzNjMy<\/a><\/p>\n<p>Optativa H\u00aa Art I (1r d\u2019ESO) <a href=\"https:\/\/classroom.google.com\/c\/MTYyOTc0MTI4NjAx\">https:\/\/classroom.google.com\/c\/MTYyOTc0MTI4NjAx<\/a><\/p>\n<p><b>2n d\u2019ESO (Geografia i Hist\u00f2ria i Cultura i Valors \u00c8tics, Hist\u00f2ria i Cultura de les Religions i optativa d\u2019Hist\u00f2ria de l\u2019Art)<\/b><\/p>\n<p>GiH 2n A <a href=\"https:\/\/classroom.google.com\/c\/MTYyOTc0MTI4NTM3\">https:\/\/classroom.google.com\/c\/MTYyOTc0MTI4NTM3<\/a><\/p>\n<p>GiH 2n B <a href=\"https:\/\/classroom.google.com\/c\/MTYyOTc0MTI4NTUy\">https:\/\/classroom.google.com\/c\/MTYyOTc0MTI4NTUy<\/a><\/p>\n<p>GiH 2n C <a href=\"https:\/\/classroom.google.com\/c\/MTYyOTc0MTI4NTg2\">https:\/\/classroom.google.com\/c\/MTYyOTc0MTI4NTg2<\/a><\/p>\n<p>CiVE 2n A <a href=\"https:\/\/classroom.google.com\/c\/MTYyOTc0MTQxNjI2\">https:\/\/classroom.google.com\/c\/MTYyOTc0MTQxNjI2<\/a><\/p>\n<p>CiVE 2n B <a href=\"https:\/\/classroom.google.com\/c\/MTYyOTc0MTQxNzAx\">https:\/\/classroom.google.com\/c\/MTYyOTc0MTQxNzAx<\/a><\/p>\n<p>CiVE 2n C <a href=\"https:\/\/classroom.google.com\/c\/MTYyOTc0MTQxNzIz\">https:\/\/classroom.google.com\/c\/MTYyOTc0MTQxNzIz<\/a><\/p>\n<p>HCR2: <a href=\"https:\/\/classroom.google.com\/u\/3\/c\/MTUyODc3NTE0Mjgz\">https:\/\/classroom.google.com\/u\/3\/c\/MTUyODc3NTE0Mjgz<\/a><\/p>\n<p>Optativa H\u00aa de l\u2019Art II (2n d\u2019ESO) <a href=\"https:\/\/classroom.google.com\/c\/MTQ5ODI4NTYzMTky?cjc=uyrolmd\">https:\/\/classroom.google.com\/c\/MTQ5ODI4NTYzMTky?cjc=uyrolmd<\/a><\/p>\n<p><b>3r d\u2019ESO (Geografia i Hist\u00f2ria, Cultura i Valors \u00c8tics, Hist\u00f2ria i Cultura de les Religions i optativa d\u2019H\u00aa de l\u2019Art)<\/b><\/p>\n<p>GiH 3rA <a href=\"https:\/\/classroom.google.com\/u\/0\/c\/MTYzNDY3MDEyNzM0\">https:\/\/classroom.google.com\/u\/0\/c\/MTYzNDY3MDEyNzM0<\/a><\/p>\n<p>GiH 3rB <a href=\"https:\/\/classroom.google.com\/u\/0\/c\/MTYzNTAxMjEwMzM4\">https:\/\/classroom.google.com\/u\/0\/c\/MTYzNTAxMjEwMzM4<\/a><\/p>\n<p>GiH 3rC <a href=\"https:\/\/classroom.google.com\/u\/0\/c\/MTYzNTAxMjEwNDIz\">https:\/\/classroom.google.com\/u\/0\/c\/MTYzNTAxMjEwNDIz<\/a><\/p>\n<p>GiH 3rD <a href=\"https:\/\/classroom.google.com\/u\/0\/c\/MTYzNTA5MTM0NzY5\">https:\/\/classroom.google.com\/u\/0\/c\/MTYzNTA5MTM0NzY5<\/a><\/p>\n<p>CiVE 3rA <a href=\"https:\/\/classroom.google.com\/u\/0\/c\/MTY5MTYxMTY2ODMy\">https:\/\/classroom.google.com\/u\/0\/c\/MTY5MTYxMTY2ODMy<\/a><\/p>\n<p>CiVE 3rB <a href=\"https:\/\/classroom.google.com\/u\/0\/c\/MTY5MTYyMjExNDIy\">https:\/\/classroom.google.com\/u\/0\/c\/MTY5MTYyMjExNDIy<\/a><\/p>\n<p>CiV 3r C <a href=\"https:\/\/classroom.google.com\/u\/0\/c\/MTU5Nzk1NTMxNTIw\">https:\/\/classroom.google.com\/u\/0\/c\/MTU5Nzk1NTMxNTIw<\/a><\/p>\n<p>CiVE 3rD <a href=\"https:\/\/classroom.google.com\/u\/0\/c\/MTY5MTYyMjExNTQ2\">https:\/\/classroom.google.com\/u\/0\/c\/MTY5MTYyMjExNTQ2<\/a><\/p>\n<p>HCR3: <a href=\"https:\/\/classroom.google.com\/u\/3\/c\/MTUyODc3NTE0Mjgz\">https:\/\/classroom.google.com\/u\/3\/c\/MTUyODc3NTE0Mjgz<\/a><\/p>\n<p>Optativa H\u00aa Art III (3r d\u2019ESO) <a href=\"https:\/\/classroom.google.com\/c\/MTYyOTc0MTI4NjI1\">https:\/4\/classroom.google.com\/c\/MTYyOTc0MTI4NjI1<\/a><\/p>\n<p><b>4t d\u2019ESO (Hist\u00f2ria, Cultura i Valors \u00c8tics, Hist\u00f2ria i Cultura de les Religions i Filosofia)<\/b><\/p>\n<p>Hist\u00f2ria 4t A <a href=\"https:\/\/classroom.google.com\/c\/MTc2Nzg4Njg0MDMz?cjc=lk42gel\">https:\/\/classroom.google.com\/c\/MTc2Nzg4Njg0MDMz?cjc=lk42gel<\/a><\/p>\n<p>Hist\u00f2ria 4t B <a href=\"https:\/\/classroom.google.com\/c\/MTc2NzkwNTU5OTUz?cjc=omtdziq\">https:\/\/classroom.google.com\/c\/MTc2NzkwNTU5OTUz?cjc=omtdziq<\/a><\/p>\n<p>Hist\u00f2ria 4t C <a href=\"https:\/\/classroom.google.com\/c\/MTc2NzkzNTQwMzQ1?cjc=7i27bwc\">https:\/\/classroom.google.com\/c\/MTc2NzkzNTQwMzQ1?cjc=7i27bwc<\/a><\/p>\n<p>Hist\u00f2ria 4t D <a href=\"https:\/\/classroom.google.com\/c\/MTY3NjQzODcwMzQ2?cjc=adoglqd\">https:\/\/classroom.google.com\/c\/MTY3NjQzODcwMzQ2?cjc=adoglqd<\/a><\/p>\n<p>CiVE 4rtA<a href=\"https:\/\/classroom.google.com\/u\/0\/c\/MTU5Nzk2ODM5Mjc5\"> https:\/\/classroom.google.com\/u\/0\/c\/MTU5Nzk2ODM5Mjc5<\/a><\/p>\n<p>CiVE 4tB <a href=\"https:\/\/classroom.google.com\/c\/MTY3NjM2NDQ2NjA4?cjc=c3i6lov\">https:\/\/classroom.google.com\/c\/MTY3NjM2NDQ2NjA4?cjc=c3i6lov<\/a><\/p>\n<p>CiVE 4tC <a href=\"https:\/\/classroom.google.com\/c\/MTYyOTc0MTQxNzUz\">https:\/\/classroom.google.com\/c\/MTYyOTc0MTQxNzUz<\/a><\/p>\n<p>CiVE 4tD <a href=\"https:\/\/classroom.google.com\/c\/MTY3NjQzODcwMzQ2?cjc=adoglqd\">https:\/\/classroom.google.com\/c\/MTY3NjQzODcwMzQ2?cjc=adoglqd<\/a><\/p>\n<p>HCR4: <a href=\"https:\/\/classroom.google.com\/u\/3\/c\/MTUyODc3NTE0NjQy\">https:\/\/classroom.google.com\/u\/3\/c\/MTUyODc3NTE0NjQy<\/a><\/p>\n<p>Filosofia 4t d&#8217;ESO: <a href=\"https:\/\/classroom.google.com\/u\/3\/c\/MTUyODkzMjQ3NjMx\">https:\/\/classroom.google.com\/u\/3\/c\/MTUyODkzMjQ3NjMx<\/a><\/p>\n","protected":false},"excerpt":{"rendered":"<p>Blog del departament:<br \/>\n<a href=\"https:\/\/sites.google.com\/xtec.cat\/dephumanitatsinscabrils\/inici\">https:\/\/sites.google.com\/xtec.cat\/dephumanitatsinscabrils\/inici<\/a><br \/>\nProfessorat<\/p>\n<ul>\n<li>Ramon Banegas L\u00f3pez &lt;rambanopez@inscabrils.cat&gt; \u2014 Cap de Departament.<\/li>\n<li>Alfred Brunet Puig &lt;alfbruuig@inscabrils.cat&gt;<\/li>\n<li>Carme Piferrer Sibina &lt;carpifina@inscabrils.cat&gt;<\/li>\n<li>Francesc Maetzu Tom\u00e0s &lt;framaetom@inscabrils.cat&gt;<\/li>\n<\/ul>\n<p>Mat\u00e8ries impartides<\/p>\n<ul>\n<li>Ci\u00e8ncies Socials: Geografia i Hist\u00f2ria 1r, 2n, 3r i 4t ESO.<\/li>\n<li>Pensament cr\u00edtic, educaci\u00f3 en valors i \u00e8tica 1r, 2n i 3r ESO.<\/li>\n<li>Cultura i Valors \u00c8tics&hellip;  <a href=\"https:\/\/agora.xtec.cat\/iescabrils\/departaments\/departament-dhumanitats\/\" title=\"Read Departament d&#8217;Humanitats\">Llegeix m\u00e9s\u00bb<\/a><br \/>\n","protected":false},"author":1,"featured_media":0,"parent":2711,"menu_order":5,"comment_status":"closed","ping_status":"closed","template":"","meta":{"_bbp_topic_count":0,"_bbp_reply_count":0,"_bbp_total_topic_count":0,"_bbp_total_reply_count":0,"_bbp_voice_count":0,"_bbp_anonymous_reply_count":0,"_bbp_topic_count_hidden":0,"_bbp_reply_count_hidden":0,"_bbp_forum_subforum_count":0,"footnotes":""},"class_list":["post-2722","page","type-page","status-publish","hentry"],"post_mailing_queue_ids":[],"_links":{"self":[{"href":"https:\/\/agora.xtec.cat\/iescabrils\/wp-json\/wp\/v2\/pages\/2722","targetHints":{"allow":["GET"]}}],"collection":[{"href":"https:\/\/agora.xtec.cat\/iescabrils\/wp-json\/wp\/v2\/pages"}],"about":[{"href":"https:\/\/agora.xtec.cat\/iescabrils\/wp-json\/wp\/v2\/types\/page"}],"author":[{"embeddable":true,"href":"https:\/\/agora.xtec.cat\/iescabrils\/wp-json\/wp\/v2\/users\/1"}],"replies":[{"embeddable":true,"href":"https:\/\/agora.xtec.cat\/iescabrils\/wp-json\/wp\/v2\/comments?post=2722"}],"version-history":[{"count":5,"href":"https:\/\/agora.xtec.cat\/iescabrils\/wp-json\/wp\/v2\/pages\/2722\/revisions"}],"predecessor-version":[{"id":5298,"href":"https:\/\/agora.xtec.cat\/iescabrils\/wp-json\/wp\/v2\/pages\/2722\/revisions\/5298"}],"up":[{"embeddable":true,"href":"https:\/\/agora.xtec.cat\/iescabrils\/wp-json\/wp\/v2\/pages\/2711"}],"wp:attachment":[{"href":"https:\/\/agora.xtec.cat\/iescabrils\/wp-json\/wp\/v2\/media?parent=2722"}],"curies":[{"name":"wp","href":"https:\/\/api.w.org\/{rel}","templated":true}]}}