{"id":2703,"date":"2020-02-22T10:23:27","date_gmt":"2020-02-22T09:23:27","guid":{"rendered":"http:\/\/agora.xtec.cat\/iescabrils\/?page_id=2703"},"modified":"2024-07-05T13:16:28","modified_gmt":"2024-07-05T11:16:28","slug":"tractament-de-la-diversitat","status":"publish","type":"page","link":"https:\/\/agora.xtec.cat\/iescabrils\/estudis\/tractament-de-la-diversitat\/","title":{"rendered":"Tractament de la diversitat"},"content":{"rendered":"<p>Per atendre la diversitat de l&#8217;alumnat pel que fa\u00a0 a destreses, habilitats, capacitats\u00a0 i interessos s&#8217;apliquen les seg\u00fcents mesures organitzatives&gt;<\/p>\n<ul>\n<li>Desdoblaments en mat\u00e8ries instrumentals.<\/li>\n<li>Desdoblaments per pr\u00e0ctiques al laboratori i taller.<\/li>\n<li>Oferta de curr\u00edculum optatiu.<\/li>\n<li>Codoc\u00e8ncia amb dos professors a l&#8217;aula.<\/li>\n<\/ul>\n<p>A m\u00e9s d&#8217;utilitzar els recursos exposats m\u00e9s amunt s&#8217;empren els seg\u00fcents instruments per atendre circumst\u00e0ncies particulars:<\/p>\n<h4>ATENCI\u00d3 PSICOPEDAG\u00d2GICA<\/h4>\n<p>Ens permetr\u00e0 atendre de manera individualitzada els alumnes que presentin problemes educatius m\u00e9s acusats. El centre t\u00e9 a la plantilla una professora d&#8217;orientaci\u00f3 educativa, dues professores de psicopedagogia i una educadora que treballen de forma conjunta coordinant-se amb l&#8217;Equip d&#8217;Assessorament Psicopedag\u00f2gic (EAP). Aquest tractament individualitzat d\u2019alumnes est\u00e0 coordinat i avaluat en les reunions setmanals de CAD.<\/p>\n<h4>PROJECTE DE DIVERSIFICACI\u00d3 CURRICULAR: FORMA\u2019T<\/h4>\n<p>L\u2019Institut Cabrils, com a \u00fanic centre d\u2019ensenyament secundari del municipi, ha de donar resposta educativa a tota la poblaci\u00f3 escolar; una poblaci\u00f3 diversa. El centre articula mesures per atendre aquesta diversitat, per\u00f2 conforme els alumnes van creixent i ascendint en els cursos de l&#8217;etapa, cal anar perfilant unes mesures cada vegada m\u00e9s extraordin\u00e0ries per donar cabuda en el sistema a aquells alumnes que presenten un greu endarreriment en el seu nivell d\u2019aprenentatges, desmotivaci\u00f3 greu, absentisme acad\u00e8mic, actituds disruptives, situacions de risc&#8230; i que precisen d\u2019actuacions individualitzades i adaptacions substancials del curr\u00edculum per a la seva integraci\u00f3 escolar, social i laboral. D\u2019aqu\u00ed la necessitat de crear una intervenci\u00f3 encaminada a incorporar alumnes que no tenen intenci\u00f3 de continuar els seus estudis i si\u0301 d&#8217;incorporar-se en breu al m\u00f3n laboral. Aquest projecte es realitza amb la col\u00b7laboraci\u00f3 de l\u2019Ajuntament de Cabrils.<\/p>\n<h4>SUPORT INTENSIU A L&#8217;EDUCACI\u00d3 INCLUSIVA<\/h4>\n<p>L&#8217;objectiu principal del suport a l\u2019educaci\u00f3 inclusiva al centre \u00e9s l\u2019adquisici\u00f3 de les compet\u00e8ncies b\u00e0siques necess\u00e0ries perqu\u00e8 els alumnes assoleixin el m\u00e0xim d&#8217;autonomia personal i social, per la qual cosa \u00e9s imprescindible que la formaci\u00f3 es desenvolupi en un \u00e0mbit inclusiu, amb mesures i suports intensius per poder relacionar-se, participar i aprendre.\u00a0 Cada alumne amb suport educatiu espec\u00edfic tindr\u00e0 un pla individualitzat (PI) que concretar\u00e0 els objectius competencials que es pretenen aconseguir, aix\u00ed com els criteris metodol\u00f2gics i l\u2019avaluaci\u00f3. Els continguts a treballar a cadascuna de les mat\u00e8ries seran avaluats, en les comissions d\u2019avaluaci\u00f3 del seu grup-classe o grup d\u2019alumnes, en refer\u00e8ncia als criteris d\u2019avaluaci\u00f3 descrits al seu PI.<\/p>\n","protected":false},"excerpt":{"rendered":"<p>Per atendre la diversitat de l&#8217;alumnat pel que fa\u00a0 a destreses, habilitats, capacitats\u00a0 i interessos s&#8217;apliquen les seg\u00fcents mesures organitzatives&gt;<\/p>\n<ul>\n<li>Desdoblaments en mat\u00e8ries instrumentals.<\/li>\n<li>Desdoblaments per pr\u00e0ctiques al laboratori i taller.<\/li>\n<li>Oferta de curr\u00edculum optatiu.<\/li>\n<li>Codoc\u00e8ncia amb dos professors a l&#8217;aula.<\/li>\n<\/ul>\n<p>A m\u00e9s d&#8217;utilitzar els recursos exposats m\u00e9s amunt s&#8217;empren&hellip;  <a href=\"https:\/\/agora.xtec.cat\/iescabrils\/estudis\/tractament-de-la-diversitat\/\" title=\"Read Tractament de la diversitat\">Llegeix m\u00e9s\u00bb<\/a><\/p>\n","protected":false},"author":1,"featured_media":0,"parent":2695,"menu_order":5,"comment_status":"closed","ping_status":"closed","template":"","meta":{"_bbp_topic_count":0,"_bbp_reply_count":0,"_bbp_total_topic_count":0,"_bbp_total_reply_count":0,"_bbp_voice_count":0,"_bbp_anonymous_reply_count":0,"_bbp_topic_count_hidden":0,"_bbp_reply_count_hidden":0,"_bbp_forum_subforum_count":0,"footnotes":""},"class_list":["post-2703","page","type-page","status-publish","hentry"],"post_mailing_queue_ids":[],"_links":{"self":[{"href":"https:\/\/agora.xtec.cat\/iescabrils\/wp-json\/wp\/v2\/pages\/2703","targetHints":{"allow":["GET"]}}],"collection":[{"href":"https:\/\/agora.xtec.cat\/iescabrils\/wp-json\/wp\/v2\/pages"}],"about":[{"href":"https:\/\/agora.xtec.cat\/iescabrils\/wp-json\/wp\/v2\/types\/page"}],"author":[{"embeddable":true,"href":"https:\/\/agora.xtec.cat\/iescabrils\/wp-json\/wp\/v2\/users\/1"}],"replies":[{"embeddable":true,"href":"https:\/\/agora.xtec.cat\/iescabrils\/wp-json\/wp\/v2\/comments?post=2703"}],"version-history":[{"count":4,"href":"https:\/\/agora.xtec.cat\/iescabrils\/wp-json\/wp\/v2\/pages\/2703\/revisions"}],"predecessor-version":[{"id":5190,"href":"https:\/\/agora.xtec.cat\/iescabrils\/wp-json\/wp\/v2\/pages\/2703\/revisions\/5190"}],"up":[{"embeddable":true,"href":"https:\/\/agora.xtec.cat\/iescabrils\/wp-json\/wp\/v2\/pages\/2695"}],"wp:attachment":[{"href":"https:\/\/agora.xtec.cat\/iescabrils\/wp-json\/wp\/v2\/media?parent=2703"}],"curies":[{"name":"wp","href":"https:\/\/api.w.org\/{rel}","templated":true}]}}