{"id":2689,"date":"2020-02-22T10:11:43","date_gmt":"2020-02-22T09:11:43","guid":{"rendered":"http:\/\/agora.xtec.cat\/iescabrils\/?page_id=2689"},"modified":"2020-03-02T21:06:24","modified_gmt":"2020-03-02T20:06:24","slug":"installacions","status":"publish","type":"page","link":"https:\/\/agora.xtec.cat\/iescabrils\/centre\/installacions\/","title":{"rendered":"Instal\u00b7lacions"},"content":{"rendered":"<p>Comptem amb les seg\u00fcents instal\u00b7lacions:<br \/>\n\u2022 Aules de grup i de desdoblament amb sistema audiovisual i cobertura Wi-Fi<br \/>\n\u2022 Aula d\u2019Educaci\u00f3 Visual i Pl\u00e0stica i aula de M\u00fasica<br \/>\n\u2022 Taller de Tecnologia i laboratori de Ci\u00e8ncies<br \/>\n\u2022 Pista esportiva i pavell\u00f3 poliesportiu<br \/>\n\u2022 Biblioteca<\/p>\n<p><img loading=\"lazy\" decoding=\"async\" class=\"aligncenter size-full wp-image-2914\" src=\"https:\/\/agora.xtec.cat\/iescabrils\/wp-content\/uploads\/usu1031\/2020\/03\/Planols.png\" alt=\"\" width=\"920\" height=\"666\" srcset=\"https:\/\/agora.xtec.cat\/iescabrils\/wp-content\/uploads\/usu1031\/2020\/03\/Planols.png 920w, https:\/\/agora.xtec.cat\/iescabrils\/wp-content\/uploads\/usu1031\/2020\/03\/Planols-300x217.png 300w, https:\/\/agora.xtec.cat\/iescabrils\/wp-content\/uploads\/usu1031\/2020\/03\/Planols-768x556.png 768w\" sizes=\"auto, (max-width: 920px) 100vw, 920px\" \/><\/p>\n<p><img loading=\"lazy\" decoding=\"async\" class=\"aligncenter size-full wp-image-2915\" src=\"https:\/\/agora.xtec.cat\/iescabrils\/wp-content\/uploads\/usu1031\/2020\/03\/Taller.png\" alt=\"\" width=\"525\" height=\"350\" srcset=\"https:\/\/agora.xtec.cat\/iescabrils\/wp-content\/uploads\/usu1031\/2020\/03\/Taller.png 525w, https:\/\/agora.xtec.cat\/iescabrils\/wp-content\/uploads\/usu1031\/2020\/03\/Taller-300x200.png 300w\" sizes=\"auto, (max-width: 525px) 100vw, 525px\" \/><\/p>\n<p><img loading=\"lazy\" decoding=\"async\" class=\"aligncenter size-full wp-image-2916\" src=\"https:\/\/agora.xtec.cat\/iescabrils\/wp-content\/uploads\/usu1031\/2020\/03\/Poliesportiu.png\" alt=\"\" width=\"343\" height=\"514\" srcset=\"https:\/\/agora.xtec.cat\/iescabrils\/wp-content\/uploads\/usu1031\/2020\/03\/Poliesportiu.png 343w, https:\/\/agora.xtec.cat\/iescabrils\/wp-content\/uploads\/usu1031\/2020\/03\/Poliesportiu-200x300.png 200w\" sizes=\"auto, (max-width: 343px) 100vw, 343px\" \/><\/p>\n","protected":false},"excerpt":{"rendered":"<p>Comptem amb les seg\u00fcents instal\u00b7lacions:<br \/>\n\u2022 Aules de grup i de desdoblament amb sistema audiovisual i cobertura Wi-Fi<br \/>\n\u2022 Aula d\u2019Educaci\u00f3 Visual i Pl\u00e0stica i aula de M\u00fasica<br \/>\n\u2022 Taller de Tecnologia i laboratori de Ci\u00e8ncies<br \/>\n\u2022 Pista esportiva i pavell\u00f3 poliesportiu<br \/>\n\u2022 Biblioteca<\/p>\n","protected":false},"author":1,"featured_media":0,"parent":2677,"menu_order":5,"comment_status":"closed","ping_status":"closed","template":"","meta":{"_bbp_topic_count":0,"_bbp_reply_count":0,"_bbp_total_topic_count":0,"_bbp_total_reply_count":0,"_bbp_voice_count":0,"_bbp_anonymous_reply_count":0,"_bbp_topic_count_hidden":0,"_bbp_reply_count_hidden":0,"_bbp_forum_subforum_count":0,"footnotes":""},"class_list":["post-2689","page","type-page","status-publish","hentry"],"post_mailing_queue_ids":[],"_links":{"self":[{"href":"https:\/\/agora.xtec.cat\/iescabrils\/wp-json\/wp\/v2\/pages\/2689","targetHints":{"allow":["GET"]}}],"collection":[{"href":"https:\/\/agora.xtec.cat\/iescabrils\/wp-json\/wp\/v2\/pages"}],"about":[{"href":"https:\/\/agora.xtec.cat\/iescabrils\/wp-json\/wp\/v2\/types\/page"}],"author":[{"embeddable":true,"href":"https:\/\/agora.xtec.cat\/iescabrils\/wp-json\/wp\/v2\/users\/1"}],"replies":[{"embeddable":true,"href":"https:\/\/agora.xtec.cat\/iescabrils\/wp-json\/wp\/v2\/comments?post=2689"}],"version-history":[{"count":2,"href":"https:\/\/agora.xtec.cat\/iescabrils\/wp-json\/wp\/v2\/pages\/2689\/revisions"}],"predecessor-version":[{"id":2917,"href":"https:\/\/agora.xtec.cat\/iescabrils\/wp-json\/wp\/v2\/pages\/2689\/revisions\/2917"}],"up":[{"embeddable":true,"href":"https:\/\/agora.xtec.cat\/iescabrils\/wp-json\/wp\/v2\/pages\/2677"}],"wp:attachment":[{"href":"https:\/\/agora.xtec.cat\/iescabrils\/wp-json\/wp\/v2\/media?parent=2689"}],"curies":[{"name":"wp","href":"https:\/\/api.w.org\/{rel}","templated":true}]}}