{"id":2680,"date":"2020-02-22T08:58:13","date_gmt":"2020-02-22T07:58:13","guid":{"rendered":"http:\/\/agora.xtec.cat\/iescabrils\/?page_id=2680"},"modified":"2020-03-02T20:53:23","modified_gmt":"2020-03-02T19:53:23","slug":"presentacio","status":"publish","type":"page","link":"https:\/\/agora.xtec.cat\/iescabrils\/centre\/presentacio\/","title":{"rendered":"Presentaci\u00f3"},"content":{"rendered":"<p><strong>UNA MICA D\u2019HIST\u00d2RIA<\/strong><\/p>\n<p>L\u2019Institut Cabrils va comen\u00e7ar la seva activitat el curs 2009-2010 amb un grup de primer i un de segon d\u2019ESO.<\/p>\n<p><img loading=\"lazy\" decoding=\"async\" class=\"aligncenter size-full wp-image-2892\" src=\"https:\/\/agora.xtec.cat\/iescabrils\/wp-content\/uploads\/usu1031\/2020\/03\/Imagen-1.png\" alt=\"\" width=\"589\" height=\"441\" srcset=\"https:\/\/agora.xtec.cat\/iescabrils\/wp-content\/uploads\/usu1031\/2020\/03\/Imagen-1.png 589w, https:\/\/agora.xtec.cat\/iescabrils\/wp-content\/uploads\/usu1031\/2020\/03\/Imagen-1-300x225.png 300w, https:\/\/agora.xtec.cat\/iescabrils\/wp-content\/uploads\/usu1031\/2020\/03\/Imagen-1-200x150.png 200w\" sizes=\"auto, (max-width: 589px) 100vw, 589px\" \/><\/p>\n<p>La seva ubicaci\u00f3 inicial va ser a la masia de Mas Maria on va anar creixent en m\u00f2duls prefabricats.<\/p>\n<p><img loading=\"lazy\" decoding=\"async\" class=\"aligncenter size-full wp-image-2894\" src=\"https:\/\/agora.xtec.cat\/iescabrils\/wp-content\/uploads\/usu1031\/2020\/03\/Imagen-2.png\" alt=\"\" width=\"458\" height=\"343\" srcset=\"https:\/\/agora.xtec.cat\/iescabrils\/wp-content\/uploads\/usu1031\/2020\/03\/Imagen-2.png 458w, https:\/\/agora.xtec.cat\/iescabrils\/wp-content\/uploads\/usu1031\/2020\/03\/Imagen-2-300x225.png 300w, https:\/\/agora.xtec.cat\/iescabrils\/wp-content\/uploads\/usu1031\/2020\/03\/Imagen-2-200x150.png 200w\" sizes=\"auto, (max-width: 458px) 100vw, 458px\" \/><\/p>\n<p><img loading=\"lazy\" decoding=\"async\" class=\"aligncenter size-full wp-image-2903\" src=\"https:\/\/agora.xtec.cat\/iescabrils\/wp-content\/uploads\/usu1031\/2020\/03\/Imagen-4-1.png\" alt=\"\" width=\"454\" height=\"341\" srcset=\"https:\/\/agora.xtec.cat\/iescabrils\/wp-content\/uploads\/usu1031\/2020\/03\/Imagen-4-1.png 454w, https:\/\/agora.xtec.cat\/iescabrils\/wp-content\/uploads\/usu1031\/2020\/03\/Imagen-4-1-300x225.png 300w, https:\/\/agora.xtec.cat\/iescabrils\/wp-content\/uploads\/usu1031\/2020\/03\/Imagen-4-1-200x150.png 200w\" sizes=\"auto, (max-width: 454px) 100vw, 454px\" \/><\/p>\n<p><img loading=\"lazy\" decoding=\"async\" class=\"aligncenter size-full wp-image-2900\" src=\"https:\/\/agora.xtec.cat\/iescabrils\/wp-content\/uploads\/usu1031\/2020\/03\/Imagen-3.png\" alt=\"\" width=\"458\" height=\"343\" srcset=\"https:\/\/agora.xtec.cat\/iescabrils\/wp-content\/uploads\/usu1031\/2020\/03\/Imagen-3.png 458w, https:\/\/agora.xtec.cat\/iescabrils\/wp-content\/uploads\/usu1031\/2020\/03\/Imagen-3-300x225.png 300w, https:\/\/agora.xtec.cat\/iescabrils\/wp-content\/uploads\/usu1031\/2020\/03\/Imagen-3-200x150.png 200w\" sizes=\"auto, (max-width: 458px) 100vw, 458px\" \/><\/p>\n<p><img loading=\"lazy\" decoding=\"async\" class=\"aligncenter size-full wp-image-2898\" src=\"https:\/\/agora.xtec.cat\/iescabrils\/wp-content\/uploads\/usu1031\/2020\/03\/Imagen-5.png\" alt=\"\" width=\"462\" height=\"345\" srcset=\"https:\/\/agora.xtec.cat\/iescabrils\/wp-content\/uploads\/usu1031\/2020\/03\/Imagen-5.png 462w, https:\/\/agora.xtec.cat\/iescabrils\/wp-content\/uploads\/usu1031\/2020\/03\/Imagen-5-300x224.png 300w, https:\/\/agora.xtec.cat\/iescabrils\/wp-content\/uploads\/usu1031\/2020\/03\/Imagen-5-200x150.png 200w\" sizes=\"auto, (max-width: 462px) 100vw, 462px\" \/><\/p>\n<p>Havent iniciat el curs 2016\/17 el centre es va traslladar al nou edifici de l\u2019Institut Cabrils.<\/p>\n<p><img loading=\"lazy\" decoding=\"async\" class=\"aligncenter size-full wp-image-2897\" src=\"https:\/\/agora.xtec.cat\/iescabrils\/wp-content\/uploads\/usu1031\/2020\/03\/Imagen-6.png\" alt=\"\" width=\"585\" height=\"325\" srcset=\"https:\/\/agora.xtec.cat\/iescabrils\/wp-content\/uploads\/usu1031\/2020\/03\/Imagen-6.png 585w, https:\/\/agora.xtec.cat\/iescabrils\/wp-content\/uploads\/usu1031\/2020\/03\/Imagen-6-300x167.png 300w\" sizes=\"auto, (max-width: 585px) 100vw, 585px\" \/><\/p>\n<p><img loading=\"lazy\" decoding=\"async\" class=\"aligncenter size-full wp-image-2896\" src=\"https:\/\/agora.xtec.cat\/iescabrils\/wp-content\/uploads\/usu1031\/2020\/03\/Imagen-7.png\" alt=\"\" width=\"589\" height=\"249\" srcset=\"https:\/\/agora.xtec.cat\/iescabrils\/wp-content\/uploads\/usu1031\/2020\/03\/Imagen-7.png 589w, https:\/\/agora.xtec.cat\/iescabrils\/wp-content\/uploads\/usu1031\/2020\/03\/Imagen-7-300x127.png 300w\" sizes=\"auto, (max-width: 589px) 100vw, 589px\" \/><\/p>\n<p>&nbsp;<\/p>\n<p>El dia 12 de desembre de 2016 es va inaugurar oficialment el nou edifici.<\/p>\n<p><img loading=\"lazy\" decoding=\"async\" class=\"aligncenter size-full wp-image-2895\" src=\"https:\/\/agora.xtec.cat\/iescabrils\/wp-content\/uploads\/usu1031\/2020\/03\/Imagen-8.png\" alt=\"\" width=\"575\" height=\"314\" srcset=\"https:\/\/agora.xtec.cat\/iescabrils\/wp-content\/uploads\/usu1031\/2020\/03\/Imagen-8.png 575w, https:\/\/agora.xtec.cat\/iescabrils\/wp-content\/uploads\/usu1031\/2020\/03\/Imagen-8-300x164.png 300w\" sizes=\"auto, (max-width: 575px) 100vw, 575px\" \/><\/p>\n<p><strong>REPTES EDUCATIUS<\/strong><\/p>\n<p>El nostre centre t\u00e9 com a finalitat principal la <strong>formaci\u00f3 de persones<\/strong> que puguin viure, con\u00e8ixer i integrar-se al m\u00f3n de manera aut\u00f2noma, amb criteri propi i d\u2019acord amb els valors de la llibertat, la toler\u00e0ncia i la solidaritat.<\/p>\n<p>Per aconseguir aquest objectiu general, volem:<\/p>\n<ul>\n<li>Oferir un <strong>ensenyament de qualitat<\/strong> per aconseguir uns bons resultats educatius i acad\u00e8mics que garanteixin l\u2019\u00e8xit en estudis posteriors i\/o en la inserci\u00f3 laboral.<\/li>\n<li>Donar una <strong>correcta atenci\u00f3 a la diversitat<\/strong> dels nostres alumnes atenent els seus diferents ritmes d\u2019aprenentatge i potenciant les seves capacitats.<\/li>\n<li>Fomentar uns <strong>h\u00e0bits <\/strong>de treball i una <strong>autonomia<\/strong> personal que permetin adquirir i consolidar nous aprenentatges.<\/li>\n<li>Aconseguir que tots els nostres alumnes desenvolupin <strong>estrat\u00e8gies de treball cooperatiu<\/strong> que els permeti abordar tasques complexes treballant en grup.<\/li>\n<li>Promoure una <strong>actitud cr\u00edtica<\/strong>, <strong>dialogant<\/strong> i <strong>responsable<\/strong> davant de la realitat que ens envolta per aconseguir formar persones lliures, tolerants i solid\u00e0ries.<\/li>\n<li>Utilitzar <strong>diversitat de m\u00e8todes i de tecnologies<\/strong> com a <strong>eines educatives<\/strong> que motivin l\u2019aprenentatge dels nostres alumnes i els permetin desenvolupar al m\u00e0xim les seves possibilitats de formaci\u00f3.<\/li>\n<\/ul>\n","protected":false},"excerpt":{"rendered":"<p>UNA MICA D\u2019HIST\u00d2RIA<br \/>\nL\u2019Institut Cabrils va comen\u00e7ar la seva activitat el curs 2009-2010 amb un grup de primer i un de segon d\u2019ESO.<\/p>\n<p>La seva ubicaci\u00f3 inicial va ser a la masia de Mas Maria on va anar creixent en m\u00f2duls prefabricats.<\/p>\n<p>Havent iniciat el curs 2016\/17 el&hellip;  <a href=\"https:\/\/agora.xtec.cat\/iescabrils\/centre\/presentacio\/\" title=\"Read Presentaci\u00f3\">Llegeix m\u00e9s\u00bb<\/a><\/p>\n","protected":false},"author":1,"featured_media":0,"parent":2677,"menu_order":1,"comment_status":"closed","ping_status":"closed","template":"","meta":{"_bbp_topic_count":0,"_bbp_reply_count":0,"_bbp_total_topic_count":0,"_bbp_total_reply_count":0,"_bbp_voice_count":0,"_bbp_anonymous_reply_count":0,"_bbp_topic_count_hidden":0,"_bbp_reply_count_hidden":0,"_bbp_forum_subforum_count":0,"footnotes":""},"class_list":["post-2680","page","type-page","status-publish","hentry"],"post_mailing_queue_ids":[],"_links":{"self":[{"href":"https:\/\/agora.xtec.cat\/iescabrils\/wp-json\/wp\/v2\/pages\/2680","targetHints":{"allow":["GET"]}}],"collection":[{"href":"https:\/\/agora.xtec.cat\/iescabrils\/wp-json\/wp\/v2\/pages"}],"about":[{"href":"https:\/\/agora.xtec.cat\/iescabrils\/wp-json\/wp\/v2\/types\/page"}],"author":[{"embeddable":true,"href":"https:\/\/agora.xtec.cat\/iescabrils\/wp-json\/wp\/v2\/users\/1"}],"replies":[{"embeddable":true,"href":"https:\/\/agora.xtec.cat\/iescabrils\/wp-json\/wp\/v2\/comments?post=2680"}],"version-history":[{"count":4,"href":"https:\/\/agora.xtec.cat\/iescabrils\/wp-json\/wp\/v2\/pages\/2680\/revisions"}],"predecessor-version":[{"id":2905,"href":"https:\/\/agora.xtec.cat\/iescabrils\/wp-json\/wp\/v2\/pages\/2680\/revisions\/2905"}],"up":[{"embeddable":true,"href":"https:\/\/agora.xtec.cat\/iescabrils\/wp-json\/wp\/v2\/pages\/2677"}],"wp:attachment":[{"href":"https:\/\/agora.xtec.cat\/iescabrils\/wp-json\/wp\/v2\/media?parent=2680"}],"curies":[{"name":"wp","href":"https:\/\/api.w.org\/{rel}","templated":true}]}}