{"id":2276,"date":"2019-06-07T11:24:31","date_gmt":"2019-06-07T09:24:31","guid":{"rendered":"http:\/\/agora.xtec.cat\/iescabrils\/?page_id=2276"},"modified":"2020-12-11T13:08:03","modified_gmt":"2020-12-11T12:08:03","slug":"servei-comunitari","status":"publish","type":"page","link":"https:\/\/agora.xtec.cat\/iescabrils\/projectes\/servei-comunitari\/","title":{"rendered":"Servei Comunitari"},"content":{"rendered":"<p><a href=\"https:\/\/youtu.be\/nYg-FRrsKeg\">https:\/\/youtu.be\/nYg-FRrsKeg<\/a><\/p>\n<p><span style=\"font-weight: 400;\">Des del curs 2019-20 tots els alumnes de 4t d\u2019ESO de Catalunya realitzen el Servei Comunitari. El Departament d\u2019Educaci\u00f3 ha fet aquesta proposta que s\u2019ha anat implantant de mica en mica. L\u2019Institut de Cabrils va comen\u00e7ar a fer-ho el curs 2018-19,<\/span><\/p>\n<p><b>Qu\u00e8 \u00e9s el Servei Comunitari? Tots els detalls aqu\u00ed:<\/b><\/p>\n<p><a href=\"https:\/\/agora.xtec.cat\/iescabrils\/wp-content\/uploads\/usu1031\/2020\/12\/EL-SERVEI-COMUNITARI_2020-21.pdf\"><img loading=\"lazy\" decoding=\"async\" class=\"alignnone wp-image-3217\" src=\"https:\/\/agora.xtec.cat\/iescabrils\/wp-content\/uploads\/usu1031\/2020\/05\/ServeiComunitari-288x300.png\" alt=\"\" width=\"391\" height=\"407\" srcset=\"https:\/\/agora.xtec.cat\/iescabrils\/wp-content\/uploads\/usu1031\/2020\/05\/ServeiComunitari-288x300.png 288w, https:\/\/agora.xtec.cat\/iescabrils\/wp-content\/uploads\/usu1031\/2020\/05\/ServeiComunitari.png 300w\" sizes=\"auto, (max-width: 391px) 100vw, 391px\" \/><\/a><\/p>\n<p><a href=\"https:\/\/agora.xtec.cat\/iescabrils\/wp-content\/uploads\/usu1031\/2020\/05\/20200225_161752.jpg\"><img loading=\"lazy\" decoding=\"async\" class=\"alignleft wp-image-3226 size-thumbnail\" src=\"https:\/\/agora.xtec.cat\/iescabrils\/wp-content\/uploads\/usu1031\/2020\/05\/20200225_161752-150x150.jpg\" alt=\"\" width=\"150\" height=\"150\" \/><\/a> <a href=\"https:\/\/agora.xtec.cat\/iescabrils\/wp-content\/uploads\/usu1031\/2020\/05\/20200210_152713.jpg\"><img loading=\"lazy\" decoding=\"async\" class=\"alignleft wp-image-3225 size-thumbnail\" src=\"https:\/\/agora.xtec.cat\/iescabrils\/wp-content\/uploads\/usu1031\/2020\/05\/20200210_152713-150x150.jpg\" alt=\"\" width=\"150\" height=\"150\" \/><\/a> <a href=\"https:\/\/agora.xtec.cat\/iescabrils\/wp-content\/uploads\/usu1031\/2020\/05\/20200218_152401.jpg\"><img loading=\"lazy\" decoding=\"async\" class=\"alignleft wp-image-3224 size-thumbnail\" src=\"https:\/\/agora.xtec.cat\/iescabrils\/wp-content\/uploads\/usu1031\/2020\/05\/20200218_152401-150x150.jpg\" alt=\"\" width=\"150\" height=\"150\" \/><\/a> <a href=\"https:\/\/agora.xtec.cat\/iescabrils\/wp-content\/uploads\/usu1031\/2020\/05\/20200218_151501.jpg\"><img loading=\"lazy\" decoding=\"async\" class=\"alignleft wp-image-3223 size-thumbnail\" src=\"https:\/\/agora.xtec.cat\/iescabrils\/wp-content\/uploads\/usu1031\/2020\/05\/20200218_151501-150x150.jpg\" alt=\"\" width=\"150\" height=\"150\" \/><\/a> <a href=\"https:\/\/agora.xtec.cat\/iescabrils\/wp-content\/uploads\/usu1031\/2020\/05\/20200218_152532-1.jpg\"><img loading=\"lazy\" decoding=\"async\" class=\"alignleft wp-image-3222 size-thumbnail\" src=\"https:\/\/agora.xtec.cat\/iescabrils\/wp-content\/uploads\/usu1031\/2020\/05\/20200218_152532-1-150x150.jpg\" alt=\"\" width=\"150\" height=\"150\" \/><\/a><\/p>\n","protected":false},"excerpt":{"rendered":"<p><a href=\"https:\/\/youtu.be\/nYg-FRrsKeg\">https:\/\/youtu.be\/nYg-FRrsKeg<\/a><br \/>\nDes del curs 2019-20 tots els alumnes de 4t d\u2019ESO de Catalunya realitzen el Servei Comunitari. El Departament d\u2019Educaci\u00f3 ha fet aquesta proposta que s\u2019ha anat implantant de mica en mica. L\u2019Institut de Cabrils va comen\u00e7ar a fer-ho el curs 2018-19,<br \/>\nQu\u00e8 \u00e9s el Servei&hellip;  <a href=\"https:\/\/agora.xtec.cat\/iescabrils\/projectes\/servei-comunitari\/\" title=\"Read Servei Comunitari\">Llegeix m\u00e9s\u00bb<\/a><\/p>\n","protected":false},"author":7,"featured_media":0,"parent":2737,"menu_order":1,"comment_status":"closed","ping_status":"closed","template":"","meta":{"_bbp_topic_count":0,"_bbp_reply_count":0,"_bbp_total_topic_count":0,"_bbp_total_reply_count":0,"_bbp_voice_count":0,"_bbp_anonymous_reply_count":0,"_bbp_topic_count_hidden":0,"_bbp_reply_count_hidden":0,"_bbp_forum_subforum_count":0,"footnotes":""},"class_list":["post-2276","page","type-page","status-publish","hentry"],"post_mailing_queue_ids":[],"_links":{"self":[{"href":"https:\/\/agora.xtec.cat\/iescabrils\/wp-json\/wp\/v2\/pages\/2276","targetHints":{"allow":["GET"]}}],"collection":[{"href":"https:\/\/agora.xtec.cat\/iescabrils\/wp-json\/wp\/v2\/pages"}],"about":[{"href":"https:\/\/agora.xtec.cat\/iescabrils\/wp-json\/wp\/v2\/types\/page"}],"author":[{"embeddable":true,"href":"https:\/\/agora.xtec.cat\/iescabrils\/wp-json\/wp\/v2\/users\/7"}],"replies":[{"embeddable":true,"href":"https:\/\/agora.xtec.cat\/iescabrils\/wp-json\/wp\/v2\/comments?post=2276"}],"version-history":[{"count":4,"href":"https:\/\/agora.xtec.cat\/iescabrils\/wp-json\/wp\/v2\/pages\/2276\/revisions"}],"predecessor-version":[{"id":3475,"href":"https:\/\/agora.xtec.cat\/iescabrils\/wp-json\/wp\/v2\/pages\/2276\/revisions\/3475"}],"up":[{"embeddable":true,"href":"https:\/\/agora.xtec.cat\/iescabrils\/wp-json\/wp\/v2\/pages\/2737"}],"wp:attachment":[{"href":"https:\/\/agora.xtec.cat\/iescabrils\/wp-json\/wp\/v2\/media?parent=2276"}],"curies":[{"name":"wp","href":"https:\/\/api.w.org\/{rel}","templated":true}]}}