{"id":1004,"date":"2021-06-29T08:00:13","date_gmt":"2021-06-29T06:00:13","guid":{"rendered":"http:\/\/agora.xtec.cat\/iescabrils\/?page_id=1004"},"modified":"2025-07-03T13:44:24","modified_gmt":"2025-07-03T11:44:24","slug":"llibres-de-text","status":"publish","type":"page","link":"https:\/\/agora.xtec.cat\/iescabrils\/secretaria\/llibres-de-text\/","title":{"rendered":"Llibres de text 2025-26"},"content":{"rendered":"<h3>Llibres de text curs 2025-2026<\/h3>\n<p>Recordeu que:<\/p>\n<ul>\n<li>L&#8217;alumnat amb Suports Intensius o amb proposta de Programa de Diversificaci\u00f3 Curricular pot esperar-se a adquirir els llibres fins a principi de curs un cop hagin estat atesos per la persona tutora.<\/li>\n<li>Es recomanable con\u00e8ixer les mat\u00e8ries optatives a cursar abans d&#8217;adquirir els llibres.<\/li>\n<li>L&#8217;Institut est\u00e0 adherit a un programa de reciclatge de llibres (m\u00e9s informaci\u00f3 <a href=\"http:\/\/agora.xtec.cat\/iescabrils\/serveis\/programa-de-reciclatge-de-llibres\/\">aqu\u00ed<\/a>).<\/li>\n<\/ul>\n<p><a href=\"https:\/\/agora.xtec.cat\/iescabrils\/wp-content\/uploads\/usu1031\/2025\/07\/Llistat-de-llibres_2526_web.pdf\">Llistat de llibres_2025-2026_web<\/a><\/p>\n","protected":false},"excerpt":{"rendered":"<p>Llibres de text curs 2025-2026<br \/>\nRecordeu que:<\/p>\n<ul>\n<li>L&#8217;alumnat amb Suports Intensius o amb proposta de Programa de Diversificaci\u00f3 Curricular pot esperar-se a adquirir els llibres fins a principi de curs un cop hagin estat atesos per la persona tutora.<\/li>\n<li>Es recomanable con\u00e8ixer les mat\u00e8ries optatives a cursar abans&hellip;  <a href=\"https:\/\/agora.xtec.cat\/iescabrils\/secretaria\/llibres-de-text\/\" title=\"Read Llibres de text 2025-26\">Llegeix m\u00e9s\u00bb<\/a><br \/>\n","protected":false},"author":6,"featured_media":0,"parent":2749,"menu_order":3,"comment_status":"closed","ping_status":"closed","template":"","meta":{"_bbp_topic_count":0,"_bbp_reply_count":0,"_bbp_total_topic_count":0,"_bbp_total_reply_count":0,"_bbp_voice_count":0,"_bbp_anonymous_reply_count":0,"_bbp_topic_count_hidden":0,"_bbp_reply_count_hidden":0,"_bbp_forum_subforum_count":0,"footnotes":""},"class_list":["post-1004","page","type-page","status-publish","hentry"],"post_mailing_queue_ids":[],"_links":{"self":[{"href":"https:\/\/agora.xtec.cat\/iescabrils\/wp-json\/wp\/v2\/pages\/1004","targetHints":{"allow":["GET"]}}],"collection":[{"href":"https:\/\/agora.xtec.cat\/iescabrils\/wp-json\/wp\/v2\/pages"}],"about":[{"href":"https:\/\/agora.xtec.cat\/iescabrils\/wp-json\/wp\/v2\/types\/page"}],"author":[{"embeddable":true,"href":"https:\/\/agora.xtec.cat\/iescabrils\/wp-json\/wp\/v2\/users\/6"}],"replies":[{"embeddable":true,"href":"https:\/\/agora.xtec.cat\/iescabrils\/wp-json\/wp\/v2\/comments?post=1004"}],"version-history":[{"count":8,"href":"https:\/\/agora.xtec.cat\/iescabrils\/wp-json\/wp\/v2\/pages\/1004\/revisions"}],"predecessor-version":[{"id":5437,"href":"https:\/\/agora.xtec.cat\/iescabrils\/wp-json\/wp\/v2\/pages\/1004\/revisions\/5437"}],"up":[{"embeddable":true,"href":"https:\/\/agora.xtec.cat\/iescabrils\/wp-json\/wp\/v2\/pages\/2749"}],"wp:attachment":[{"href":"https:\/\/agora.xtec.cat\/iescabrils\/wp-json\/wp\/v2\/media?parent=1004"}],"curies":[{"name":"wp","href":"https:\/\/api.w.org\/{rel}","templated":true}]}}