{"id":553,"date":"2016-04-14T12:21:58","date_gmt":"2016-04-14T11:21:58","guid":{"rendered":"http:\/\/agora.xtec.cat\/iescabanyes\/?page_id=553"},"modified":"2022-03-30T21:45:23","modified_gmt":"2022-03-30T19:45:23","slug":"batxillerat-nocturn","status":"publish","type":"page","link":"https:\/\/agora.xtec.cat\/iescabanyes\/batxillerat-nocturn\/","title":{"rendered":"Batxillerat Nocturn"},"content":{"rendered":"<table style=\"border-collapse: collapse; width: 100%;\">\n<tbody>\n<tr>\n<td style=\"width: 50%;\"><a href=\"https:\/\/agora.xtec.cat\/iescabanyes\/wp-content\/uploads\/usu559\/2022\/03\/Captura-de-pantalla-2022-03-30-a-les-21.43.36.png\"><img loading=\"lazy\" decoding=\"async\" class=\"aligncenter size-full wp-image-12380\" src=\"https:\/\/agora.xtec.cat\/iescabanyes\/wp-content\/uploads\/usu559\/2022\/03\/Captura-de-pantalla-2022-03-30-a-les-21.43.36.png\" alt=\"\" width=\"820\" height=\"1180\" srcset=\"https:\/\/agora.xtec.cat\/iescabanyes\/wp-content\/uploads\/usu559\/2022\/03\/Captura-de-pantalla-2022-03-30-a-les-21.43.36.png 820w, https:\/\/agora.xtec.cat\/iescabanyes\/wp-content\/uploads\/usu559\/2022\/03\/Captura-de-pantalla-2022-03-30-a-les-21.43.36-208x300.png 208w, https:\/\/agora.xtec.cat\/iescabanyes\/wp-content\/uploads\/usu559\/2022\/03\/Captura-de-pantalla-2022-03-30-a-les-21.43.36-712x1024.png 712w, https:\/\/agora.xtec.cat\/iescabanyes\/wp-content\/uploads\/usu559\/2022\/03\/Captura-de-pantalla-2022-03-30-a-les-21.43.36-768x1105.png 768w\" sizes=\"auto, (max-width: 820px) 100vw, 820px\" \/><\/a><\/td>\n<td style=\"width: 50%;\"><a href=\"https:\/\/agora.xtec.cat\/iescabanyes\/wp-content\/uploads\/usu559\/2022\/03\/Captura-de-pantalla-2022-03-30-a-les-21.43.49.png\"><img loading=\"lazy\" decoding=\"async\" class=\"aligncenter size-full wp-image-12381\" src=\"https:\/\/agora.xtec.cat\/iescabanyes\/wp-content\/uploads\/usu559\/2022\/03\/Captura-de-pantalla-2022-03-30-a-les-21.43.49.png\" alt=\"\" width=\"792\" height=\"838\" srcset=\"https:\/\/agora.xtec.cat\/iescabanyes\/wp-content\/uploads\/usu559\/2022\/03\/Captura-de-pantalla-2022-03-30-a-les-21.43.49.png 792w, https:\/\/agora.xtec.cat\/iescabanyes\/wp-content\/uploads\/usu559\/2022\/03\/Captura-de-pantalla-2022-03-30-a-les-21.43.49-284x300.png 284w, https:\/\/agora.xtec.cat\/iescabanyes\/wp-content\/uploads\/usu559\/2022\/03\/Captura-de-pantalla-2022-03-30-a-les-21.43.49-768x813.png 768w\" sizes=\"auto, (max-width: 792px) 100vw, 792px\" \/><\/a><\/td>\n<\/tr>\n<\/tbody>\n<\/table>\n<p align=\"justify\"><span style=\"font-family: Arial, sans-serif;\"><span style=\"font-size: small;\">L&#8217;ensenyament nocturn de batxillerat s&#8217;adre\u00e7a fonamentalment a persones que per causa de l&#8217;activitat laboral o per altres circumst\u00e0ncies encaixen millor en una oferta hor\u00e0ria diferent de la del r\u00e8gim di\u00fcrn. <\/span><\/span><\/p>\n<p align=\"justify\"><span style=\"font-family: Arial, sans-serif;\"><span style=\"font-size: small;\"><b>Requisits<\/b><\/span><\/span><\/p>\n<ul>\n<li>\n<p align=\"justify\"><span style=\"font-family: Arial, sans-serif;\"><span style=\"font-size: small;\">Tenir 18 anys o m\u00e9s, o b\u00e9<\/span><\/span><\/p>\n<\/li>\n<li>\n<p align=\"justify\"><span style=\"font-family: Arial, sans-serif;\"><span style=\"font-size: small;\">Tenir una edat compresa entre els 16 i els 18 anys i acreditar, per motius laborals o altres que a criteri del Consell Escolar ho justifiquin, la impossibilitat de seguir estudis en r\u00e8gim di\u00fcrn.<\/span><\/span><\/p>\n<\/li>\n<\/ul>\n<p align=\"justify\"><span style=\"font-family: Arial, sans-serif;\"><span style=\"font-size: small;\">Les mat\u00e8ries que han de cursar els alumnes s\u00f3n les mateixes que per al r\u00e8gim presencial di\u00fcrn, llevat de l&#8217;educaci\u00f3 f\u00edsica.<\/span><\/span><\/p>\n<p align=\"justify\"><span style=\"font-family: Arial, sans-serif;\"><span style=\"font-size: small;\">Les mat\u00e8ries s&#8217;organitzen en tres blocs que els alumnes, de forma general, han de cursar al llarg de tres cursos.<\/span><\/span><\/p>\n<p align=\"justify\"><span style=\"font-family: Arial, sans-serif;\"><span style=\"font-size: small;\">En ensenyaments de batxillerat nocturn no regeixen les normes de pas de curs del r\u00e8gim di\u00fcrn: nom\u00e9s cal repetir les mat\u00e8ries no superades.<\/span><\/span><\/p>\n<p align=\"justify\"><span style=\"font-family: Arial, sans-serif;\"><span style=\"font-size: small;\">Els alumnes poden estar matriculats de batxillerat nocturn un m\u00e0xim de sis cursos acad\u00e8mics. Per a aquest c\u00f2mput, cal tenir en compte els cursos en qu\u00e8 han estat matriculats de batxillerat en r\u00e8gim di\u00fcrn.<\/span><\/span><\/p>\n<p align=\"left\"><span style=\"font-family: Helvetica, Arial, sans-serif;\"><span style=\"color: #000000;\"><span style=\"font-family: Arial, sans-serif;\"><span style=\"font-size: large;\"><span lang=\"ca-ES\"><b>CURR\u00cdCULUM BATXILLERAT NOCTURN<\/b><\/span><\/span><\/span><\/span> <\/span><\/p>\n<p align=\"left\"><span style=\"font-family: Helvetica, Arial, sans-serif;\"><span style=\"color: #000000;\"><span style=\"font-family: Arial, sans-serif;\"><span lang=\"ca-ES\"><b>1R BATXILLERAT<\/b><\/span><\/span><\/span> <\/span><\/p>\n<table width=\"522\" cellspacing=\"0\" cellpadding=\"3\">\n<colgroup>\n<col width=\"169\" \/>\n<col width=\"56\" \/>\n<col width=\"207\" \/>\n<col width=\"64\" \/> <\/colgroup>\n<tbody>\n<tr valign=\"top\">\n<td bgcolor=\"#a4ffdc\" width=\"169\" height=\"10\">\n<p align=\"left\"><span style=\"font-family: Arial, sans-serif;\"><span style=\"font-size: small;\">MAT\u00c8RIES COMUNES<\/span><\/span><\/p>\n<\/td>\n<td bgcolor=\"#a4ffdc\" width=\"56\">\n<p align=\"left\"><span style=\"font-family: Arial, sans-serif;\"><span style=\"font-size: small;\">HORES<\/span><\/span><\/p>\n<\/td>\n<td bgcolor=\"#a4ffdc\" width=\"207\">\n<p align=\"left\"><span style=\"font-family: Arial, sans-serif;\"><span style=\"font-size: small;\">MODALITATS<\/span><\/span><\/p>\n<\/td>\n<td bgcolor=\"#a4ffdc\" width=\"64\">\n<p align=\"left\"><span style=\"font-family: Arial, sans-serif;\"><span style=\"font-size: small;\">HORES<\/span><\/span><\/p>\n<\/td>\n<\/tr>\n<tr valign=\"top\">\n<td bgcolor=\"#a4ffdc\" width=\"169\" height=\"13\">\n<p align=\"left\"><span style=\"font-family: Arial, sans-serif;\">Catal\u00e0<\/span><\/p>\n<\/td>\n<td bgcolor=\"#a4ffdc\" width=\"56\">\n<p align=\"center\"><span style=\"font-family: Arial, sans-serif;\">2<\/span><\/p>\n<\/td>\n<td bgcolor=\"#a4ffdc\" width=\"207\">\n<p align=\"left\"><span style=\"font-family: Arial, sans-serif;\">Llat\u00ed<\/span><\/p>\n<\/td>\n<td bgcolor=\"#a4ffdc\" width=\"64\">\n<p align=\"center\"><span style=\"font-family: Arial, sans-serif;\">4<\/span><\/p>\n<\/td>\n<\/tr>\n<tr valign=\"top\">\n<td bgcolor=\"#a4ffdc\" width=\"169\" height=\"31\">\n<p align=\"left\"><span style=\"font-family: Arial, sans-serif;\">Castell\u00e0<\/span><\/p>\n<\/td>\n<td bgcolor=\"#a4ffdc\" width=\"56\">\n<p align=\"center\"><span style=\"font-family: Arial, sans-serif;\">2<\/span><\/p>\n<\/td>\n<td bgcolor=\"#a4ffdc\" width=\"207\">\n<p align=\"left\"><span style=\"font-family: Arial, sans-serif;\">Matem\u00e0tiques CCSS\/ Matem\u00e0tiques<\/span><\/p>\n<\/td>\n<td bgcolor=\"#a4ffdc\" width=\"64\">\n<p align=\"center\"><span style=\"font-family: Arial, sans-serif;\">4<\/span><\/p>\n<\/td>\n<\/tr>\n<tr valign=\"top\">\n<td bgcolor=\"#a4ffdc\" width=\"169\" height=\"13\">\n<p align=\"left\"><span style=\"font-family: Arial, sans-serif;\">Angl\u00e8s<\/span><\/p>\n<\/td>\n<td bgcolor=\"#a4ffdc\" width=\"56\">\n<p align=\"center\"><span style=\"font-family: Arial, sans-serif;\">3<\/span><\/p>\n<\/td>\n<td bgcolor=\"#a4ffdc\" width=\"207\">\n<p align=\"left\"><span style=\"font-family: Arial, sans-serif;\">Ha. M\u00f3n Contemporani<\/span><\/p>\n<\/td>\n<td bgcolor=\"#a4ffdc\" width=\"64\">\n<p align=\"center\"><span style=\"font-family: Arial, sans-serif;\">4<\/span><\/p>\n<\/td>\n<\/tr>\n<tr valign=\"top\">\n<td bgcolor=\"#a4ffdc\" width=\"169\" height=\"13\">\n<p align=\"left\"><span style=\"font-family: Arial, sans-serif;\">Filosofia<\/span><\/p>\n<\/td>\n<td bgcolor=\"#a4ffdc\" width=\"56\">\n<p align=\"center\"><span style=\"font-family: Arial, sans-serif;\">2<\/span><\/p>\n<\/td>\n<td bgcolor=\"#a4ffdc\" width=\"207\">\n<p align=\"left\"><span style=\"font-family: Arial, sans-serif;\">Literatura Universal<\/span><\/p>\n<\/td>\n<td bgcolor=\"#a4ffdc\" width=\"64\">\n<p align=\"center\"><span style=\"font-family: Arial, sans-serif;\">4<\/span><\/p>\n<\/td>\n<\/tr>\n<tr valign=\"top\">\n<td bgcolor=\"#a4ffdc\" width=\"169\" height=\"13\">\n<p align=\"left\"><span style=\"font-family: Arial, sans-serif;\">CC. M\u00f3n contemporani<\/span><\/p>\n<\/td>\n<td bgcolor=\"#a4ffdc\" width=\"56\">\n<p align=\"center\"><span style=\"font-family: Arial, sans-serif;\">2<\/span><\/p>\n<\/td>\n<td bgcolor=\"#a4ffdc\" width=\"207\">\n<p align=\"left\"><span style=\"font-family: Arial, sans-serif;\">Economia de l&#8217;empresa<\/span><\/p>\n<\/td>\n<td bgcolor=\"#a4ffdc\" width=\"64\">\n<p align=\"center\"><span style=\"font-family: Arial, sans-serif;\">4<\/span><\/p>\n<\/td>\n<\/tr>\n<tr valign=\"top\">\n<td bgcolor=\"#a4ffdc\" width=\"169\" height=\"13\">\n<p align=\"left\"><span style=\"font-family: Arial, sans-serif;\">TR<\/span><\/p>\n<\/td>\n<td bgcolor=\"#a4ffdc\" width=\"56\">\n<p align=\"center\"><span style=\"font-family: Arial, sans-serif;\">1<\/span><\/p>\n<\/td>\n<td bgcolor=\"#a4ffdc\" width=\"207\"><\/td>\n<td bgcolor=\"#a4ffdc\" width=\"64\"><\/td>\n<\/tr>\n<tr valign=\"top\">\n<td bgcolor=\"#a4ffdc\" width=\"169\" height=\"13\">\n<p align=\"left\"><span style=\"font-family: Arial, sans-serif;\">Hores<\/span><\/p>\n<\/td>\n<td bgcolor=\"#a4ffdc\" width=\"56\">\n<p align=\"center\"><span style=\"font-family: Arial, sans-serif;\">12<\/span><\/p>\n<\/td>\n<td bgcolor=\"#a4ffdc\" width=\"207\"><\/td>\n<td bgcolor=\"#a4ffdc\" width=\"64\">\n<p align=\"center\"><span style=\"font-family: Arial, sans-serif;\">14<\/span><\/p>\n<\/td>\n<\/tr>\n<tr valign=\"top\">\n<td bgcolor=\"#a4ffdc\" width=\"169\" height=\"12\">\n<p align=\"left\"><span style=\"font-family: Arial, sans-serif;\">Hores totals<\/span><\/p>\n<\/td>\n<td bgcolor=\"#a4ffdc\" width=\"56\">\n<p align=\"center\"><span style=\"font-family: Arial, sans-serif;\">28<\/span><\/p>\n<\/td>\n<td bgcolor=\"#a4ffdc\" width=\"207\"><\/td>\n<td bgcolor=\"#a4ffdc\" width=\"64\"><\/td>\n<\/tr>\n<\/tbody>\n<\/table>\n<p align=\"left\"><span style=\"font-family: Helvetica, Arial, sans-serif;\"><span style=\"color: #000000;\"><span style=\"font-family: Arial, sans-serif;\"><span lang=\"ca-ES\"><b>2N BATXILLERAT<\/b><\/span><\/span><\/span> <\/span><\/p>\n<table width=\"521\" cellspacing=\"0\" cellpadding=\"3\">\n<colgroup>\n<col width=\"162\" \/>\n<col width=\"60\" \/>\n<col width=\"210\" \/>\n<col width=\"63\" \/> <\/colgroup>\n<tbody>\n<tr valign=\"top\">\n<td bgcolor=\"#ffd3f6\" width=\"162\" height=\"10\">\n<p align=\"left\"><span style=\"font-family: Arial, sans-serif;\"><span style=\"font-size: small;\">MAT\u00c8RIES COMUNES<\/span><\/span><\/p>\n<\/td>\n<td bgcolor=\"#ffd3f6\" width=\"60\">\n<p align=\"left\"><span style=\"font-family: Arial, sans-serif;\"><span style=\"font-size: small;\">HORES<\/span><\/span><\/p>\n<\/td>\n<td bgcolor=\"#ffd3f6\" width=\"210\">\n<p align=\"left\"><span style=\"font-family: Arial, sans-serif;\"><span style=\"font-size: small;\">MODALITATS<\/span><\/span><\/p>\n<\/td>\n<td bgcolor=\"#ffd3f6\" width=\"63\">\n<p align=\"left\"><span style=\"font-family: Arial, sans-serif;\"><span style=\"font-size: small;\">HORES<\/span><\/span><\/p>\n<\/td>\n<\/tr>\n<tr valign=\"top\">\n<td bgcolor=\"#ffd3f6\" width=\"162\" height=\"13\">\n<p align=\"left\"><span style=\"font-family: Arial, sans-serif;\">Catal\u00e0<\/span><\/p>\n<\/td>\n<td bgcolor=\"#ffd3f6\" width=\"60\">\n<p align=\"center\"><span style=\"font-family: Arial, sans-serif;\">2<\/span><\/p>\n<\/td>\n<td bgcolor=\"#ffd3f6\" width=\"210\">\n<p align=\"left\"><span style=\"font-family: Arial, sans-serif;\">Llat\u00ed<\/span><\/p>\n<\/td>\n<td bgcolor=\"#ffd3f6\" width=\"63\">\n<p align=\"center\"><span style=\"font-family: Arial, sans-serif;\">4<\/span><\/p>\n<\/td>\n<\/tr>\n<tr valign=\"top\">\n<td bgcolor=\"#ffd3f6\" width=\"162\" height=\"13\">\n<p align=\"left\"><span style=\"font-family: Arial, sans-serif;\">Castell\u00e0<\/span><\/p>\n<\/td>\n<td bgcolor=\"#ffd3f6\" width=\"60\">\n<p align=\"center\"><span style=\"font-family: Arial, sans-serif;\">2<\/span><\/p>\n<\/td>\n<td bgcolor=\"#ffd3f6\" width=\"210\">\n<p align=\"left\"><span style=\"font-family: Arial, sans-serif;\">Matem\u00e0tiques CCSS<\/span><\/p>\n<\/td>\n<td bgcolor=\"#ffd3f6\" width=\"63\">\n<p align=\"center\"><span style=\"font-family: Arial, sans-serif;\">4<\/span><\/p>\n<\/td>\n<\/tr>\n<tr valign=\"top\">\n<td bgcolor=\"#ffd3f6\" width=\"162\" height=\"13\">\n<p align=\"left\"><span style=\"font-family: Arial, sans-serif;\">Angl\u00e8s<\/span><\/p>\n<\/td>\n<td bgcolor=\"#ffd3f6\" width=\"60\">\n<p align=\"center\"><span style=\"font-family: Arial, sans-serif;\">3<\/span><\/p>\n<\/td>\n<td bgcolor=\"#ffd3f6\" width=\"210\">\n<p align=\"left\"><span style=\"font-family: Arial, sans-serif;\">Ha. de l&#8217;art<\/span><\/p>\n<\/td>\n<td bgcolor=\"#ffd3f6\" width=\"63\">\n<p align=\"center\"><span style=\"font-family: Arial, sans-serif;\">4<\/span><\/p>\n<\/td>\n<\/tr>\n<tr valign=\"top\">\n<td bgcolor=\"#ffd3f6\" width=\"162\" height=\"13\">\n<p align=\"left\"><span style=\"font-family: Arial, sans-serif;\">Ha de la Filosofia<\/span><\/p>\n<\/td>\n<td bgcolor=\"#ffd3f6\" width=\"60\">\n<p align=\"center\"><span style=\"font-family: Arial, sans-serif;\">3<\/span><\/p>\n<\/td>\n<td bgcolor=\"#ffd3f6\" width=\"210\">\n<p align=\"left\"><span style=\"font-family: Arial, sans-serif;\">Geografia<\/span><\/p>\n<\/td>\n<td bgcolor=\"#ffd3f6\" width=\"63\">\n<p align=\"center\"><span style=\"font-family: Arial, sans-serif;\">4<\/span><\/p>\n<\/td>\n<\/tr>\n<tr valign=\"top\">\n<td bgcolor=\"#ffd3f6\" width=\"162\" height=\"13\">\n<p align=\"left\"><span style=\"font-family: Arial, sans-serif;\">Hist\u00f2ria<\/span><\/p>\n<\/td>\n<td bgcolor=\"#ffd3f6\" width=\"60\">\n<p align=\"center\"><span style=\"font-family: Arial, sans-serif;\">3<\/span><\/p>\n<\/td>\n<td bgcolor=\"#ffd3f6\" width=\"210\">\n<p align=\"left\"><span style=\"font-family: Arial, sans-serif;\">Economia de l&#8217;empresa<\/span><\/p>\n<\/td>\n<td bgcolor=\"#ffd3f6\" width=\"63\">\n<p align=\"center\"><span style=\"font-family: Arial, sans-serif;\">4<\/span><\/p>\n<\/td>\n<\/tr>\n<tr valign=\"top\">\n<td bgcolor=\"#ffd3f6\" width=\"162\" height=\"13\"><\/td>\n<td bgcolor=\"#ffd3f6\" width=\"60\"><\/td>\n<td bgcolor=\"#ffd3f6\" width=\"210\">\n<p align=\"left\"><span style=\"font-family: Arial, sans-serif;\">Literatura castellana<\/span><\/p>\n<\/td>\n<td bgcolor=\"#ffd3f6\" width=\"63\">\n<p align=\"center\"><span style=\"font-family: Arial, sans-serif;\">4<\/span><\/p>\n<\/td>\n<\/tr>\n<tr valign=\"top\">\n<td bgcolor=\"#ffd3f6\" width=\"162\" height=\"31\"><\/td>\n<td bgcolor=\"#ffd3f6\" width=\"60\"><\/td>\n<td bgcolor=\"#ffd3f6\" width=\"210\">\n<p align=\"left\"><span style=\"font-family: Arial, sans-serif;\">Psicologia-Sociologia\/ Literatura Catalana<\/span><\/p>\n<\/td>\n<td bgcolor=\"#ffd3f6\" width=\"63\">\n<p align=\"center\"><span style=\"font-family: Arial, sans-serif;\">4<\/span><\/p>\n<\/td>\n<\/tr>\n<tr valign=\"top\">\n<td bgcolor=\"#ffd3f6\" width=\"162\" height=\"13\">\n<p align=\"left\"><span style=\"font-family: Arial, sans-serif;\">TR<\/span><\/p>\n<\/td>\n<td bgcolor=\"#ffd3f6\" width=\"60\">\n<p align=\"center\"><span style=\"font-family: Arial, sans-serif;\">1<\/span><\/p>\n<\/td>\n<td bgcolor=\"#ffd3f6\" width=\"210\"><\/td>\n<td bgcolor=\"#ffd3f6\" width=\"63\"><\/td>\n<\/tr>\n<tr valign=\"top\">\n<td bgcolor=\"#ffd3f6\" width=\"162\" height=\"13\">\n<p align=\"left\"><span style=\"font-family: Arial, sans-serif;\">Total<\/span><\/p>\n<\/td>\n<td bgcolor=\"#ffd3f6\" width=\"60\">\n<p align=\"center\"><span style=\"font-family: Arial, sans-serif;\">14<\/span><\/p>\n<\/td>\n<td bgcolor=\"#ffd3f6\" width=\"210\"><\/td>\n<td bgcolor=\"#ffd3f6\" width=\"63\">\n<p align=\"center\"><span style=\"font-family: Arial, sans-serif;\">16<\/span><\/p>\n<\/td>\n<\/tr>\n<tr valign=\"top\">\n<td bgcolor=\"#ffd3f6\" width=\"162\" height=\"12\">\n<p align=\"left\"><span style=\"font-family: Arial, sans-serif;\">Total Hores <\/span><\/p>\n<\/td>\n<td bgcolor=\"#ffd3f6\" width=\"60\"><\/td>\n<td bgcolor=\"#ffd3f6\" width=\"210\"><\/td>\n<td bgcolor=\"#ffd3f6\" width=\"63\">\n<p align=\"center\"><span style=\"font-family: Arial, sans-serif;\">30<\/span><\/p>\n<\/td>\n<\/tr>\n<\/tbody>\n<\/table>\n","protected":false},"excerpt":{"rendered":"<p><a href=\"https:\/\/agora.xtec.cat\/iescabanyes\/wp-content\/uploads\/usu559\/2022\/03\/Captura-de-pantalla-2022-03-30-a-les-21.43.36.png\"><\/a><br \/>\n<a href=\"https:\/\/agora.xtec.cat\/iescabanyes\/wp-content\/uploads\/usu559\/2022\/03\/Captura-de-pantalla-2022-03-30-a-les-21.43.49.png\"><\/a><\/p>\n<p>L&#8217;ensenyament nocturn de batxillerat s&#8217;adre\u00e7a fonamentalment a persones que per causa de l&#8217;activitat laboral o per altres circumst\u00e0ncies encaixen millor en una oferta hor\u00e0ria diferent de la del r\u00e8gim di\u00fcrn.<br \/>\nRequisits<\/p>\n<ul>\n<li>\nTenir 18 anys o m\u00e9s, o b\u00e9\n<\/li>\n<li>\nTenir una edat compresa entre els 16&hellip;  <a href=\"https:\/\/agora.xtec.cat\/iescabanyes\/batxillerat-nocturn\/\" title=\"Read Batxillerat Nocturn\">Llegeix m\u00e9s\u00bb<\/a><\/p>\n","protected":false},"author":1,"featured_media":0,"parent":0,"menu_order":0,"comment_status":"closed","ping_status":"closed","template":"","meta":{"_bbp_topic_count":0,"_bbp_reply_count":0,"_bbp_total_topic_count":0,"_bbp_total_reply_count":0,"_bbp_voice_count":0,"_bbp_anonymous_reply_count":0,"_bbp_topic_count_hidden":0,"_bbp_reply_count_hidden":0,"_bbp_forum_subforum_count":0,"footnotes":""},"class_list":["post-553","page","type-page","status-publish","hentry"],"post_mailing_queue_ids":[],"_links":{"self":[{"href":"https:\/\/agora.xtec.cat\/iescabanyes\/wp-json\/wp\/v2\/pages\/553","targetHints":{"allow":["GET"]}}],"collection":[{"href":"https:\/\/agora.xtec.cat\/iescabanyes\/wp-json\/wp\/v2\/pages"}],"about":[{"href":"https:\/\/agora.xtec.cat\/iescabanyes\/wp-json\/wp\/v2\/types\/page"}],"author":[{"embeddable":true,"href":"https:\/\/agora.xtec.cat\/iescabanyes\/wp-json\/wp\/v2\/users\/1"}],"replies":[{"embeddable":true,"href":"https:\/\/agora.xtec.cat\/iescabanyes\/wp-json\/wp\/v2\/comments?post=553"}],"version-history":[{"count":3,"href":"https:\/\/agora.xtec.cat\/iescabanyes\/wp-json\/wp\/v2\/pages\/553\/revisions"}],"predecessor-version":[{"id":12382,"href":"https:\/\/agora.xtec.cat\/iescabanyes\/wp-json\/wp\/v2\/pages\/553\/revisions\/12382"}],"wp:attachment":[{"href":"https:\/\/agora.xtec.cat\/iescabanyes\/wp-json\/wp\/v2\/media?parent=553"}],"curies":[{"name":"wp","href":"https:\/\/api.w.org\/{rel}","templated":true}]}}