{"id":5133,"date":"2019-03-12T11:41:10","date_gmt":"2019-03-12T10:41:10","guid":{"rendered":"http:\/\/agora.xtec.cat\/iescabanyes\/?page_id=5133"},"modified":"2021-07-28T10:58:45","modified_gmt":"2021-07-28T08:58:45","slug":"certificat-nivell-catala","status":"publish","type":"page","link":"https:\/\/agora.xtec.cat\/iescabanyes\/certificat-nivell-catala\/","title":{"rendered":"Certificat Nivell de Catal\u00e0"},"content":{"rendered":"<h2><a href=\"http:\/\/ensenyament.gencat.cat\/ca\/tramits\/tramits-temes\/22046-reconeixement-b2-c1-catala?category=742b7874-a82c-11e3-a972-000c29052e2c\">ENLLA\u00c7 INFORMACI\u00d3 DEPARTAMENT D&#8217;EDUCACI\u00d3<\/a><\/h2>\n","protected":false},"excerpt":{"rendered":"<p><a href=\"http:\/\/ensenyament.gencat.cat\/ca\/tramits\/tramits-temes\/22046-reconeixement-b2-c1-catala?category=742b7874-a82c-11e3-a972-000c29052e2c\">ENLLA\u00c7 INFORMACI\u00d3 DEPARTAMENT D&#8217;EDUCACI\u00d3<\/a><\/p>\n","protected":false},"author":1,"featured_media":0,"parent":0,"menu_order":0,"comment_status":"closed","ping_status":"closed","template":"","meta":{"_bbp_topic_count":0,"_bbp_reply_count":0,"_bbp_total_topic_count":0,"_bbp_total_reply_count":0,"_bbp_voice_count":0,"_bbp_anonymous_reply_count":0,"_bbp_topic_count_hidden":0,"_bbp_reply_count_hidden":0,"_bbp_forum_subforum_count":0,"footnotes":""},"class_list":["post-5133","page","type-page","status-publish","hentry"],"post_mailing_queue_ids":[],"_links":{"self":[{"href":"https:\/\/agora.xtec.cat\/iescabanyes\/wp-json\/wp\/v2\/pages\/5133","targetHints":{"allow":["GET"]}}],"collection":[{"href":"https:\/\/agora.xtec.cat\/iescabanyes\/wp-json\/wp\/v2\/pages"}],"about":[{"href":"https:\/\/agora.xtec.cat\/iescabanyes\/wp-json\/wp\/v2\/types\/page"}],"author":[{"embeddable":true,"href":"https:\/\/agora.xtec.cat\/iescabanyes\/wp-json\/wp\/v2\/users\/1"}],"replies":[{"embeddable":true,"href":"https:\/\/agora.xtec.cat\/iescabanyes\/wp-json\/wp\/v2\/comments?post=5133"}],"version-history":[{"count":3,"href":"https:\/\/agora.xtec.cat\/iescabanyes\/wp-json\/wp\/v2\/pages\/5133\/revisions"}],"predecessor-version":[{"id":10203,"href":"https:\/\/agora.xtec.cat\/iescabanyes\/wp-json\/wp\/v2\/pages\/5133\/revisions\/10203"}],"wp:attachment":[{"href":"https:\/\/agora.xtec.cat\/iescabanyes\/wp-json\/wp\/v2\/media?parent=5133"}],"curies":[{"name":"wp","href":"https:\/\/api.w.org\/{rel}","templated":true}]}}