{"id":3878,"date":"2018-06-04T11:03:49","date_gmt":"2018-06-04T09:03:49","guid":{"rendered":"http:\/\/agora.xtec.cat\/iescabanyes\/?page_id=3878"},"modified":"2020-10-18T19:46:08","modified_gmt":"2020-10-18T17:46:08","slug":"cap-als-50-anys-del-nostre-institut","status":"publish","type":"page","link":"https:\/\/agora.xtec.cat\/iescabanyes\/cap-als-50-anys-del-nostre-institut\/","title":{"rendered":"Els 50 anys del nostre institut"},"content":{"rendered":"<p><b>EL 2019 EL MANUEL DE CABANYES HA FET 50 ANYS<\/b><\/p>\n<p>L\u2019Ajuntament de Vilanova va proposar per al nostre institut el nom de Manuel de Cabanyes, en homenatge al poeta vilanov\u00ed que va n\u00e9ixer el 1808 i va morir el 1833. Pertanyia a una fam\u00edlia benestant del segle XIX que tenia inter\u00e8s per l\u2019art i la literatura. El seu germ\u00e0 va ser un pintor reconegut i ell va ser un representant del Romanticisme.<\/p>\n<p><a href=\"http:\/\/agora.xtec.cat\/iescabanyes\/wp-content\/uploads\/usu559\/2018\/06\/foto-1.jpg\"><img loading=\"lazy\" decoding=\"async\" class=\"alignnone wp-image-3880\" src=\"http:\/\/agora.xtec.cat\/iescabanyes\/wp-content\/uploads\/usu559\/2018\/06\/foto-1.jpg\" alt=\"\" width=\"195\" height=\"293\" srcset=\"https:\/\/agora.xtec.cat\/iescabanyes\/wp-content\/uploads\/usu559\/2018\/06\/foto-1.jpg 238w, https:\/\/agora.xtec.cat\/iescabanyes\/wp-content\/uploads\/usu559\/2018\/06\/foto-1-200x300.jpg 200w\" sizes=\"auto, (max-width: 195px) 100vw, 195px\" \/><\/a><\/p>\n<h6><em>Manuel de Cabanyes<\/em><\/h6>\n<p>&nbsp;<\/p>\n<p><b>Un projecte molt esperat<\/b><\/p>\n<p>La gent de Vilanova feia anys que demanava un institut per al poble perqu\u00e8 els seus fills havien d\u2019anar a estudiar fora de la poblaci\u00f3. El terreny, situat entre els carrers Josep Coroleu i General Yag\u00fce (actualment Francesc Maci\u00e0) va ser cedit per l\u2019Ajuntament. T\u00e9 10.000 m\u00b2 dels quals 4.317 m\u00b2 s\u00f3n edificats. La construcci\u00f3 de l\u2019edifici va durar aproximadament un any i va costar 13.207.592,93 pessetes. Estava previst per a mil alumnes.<\/p>\n<p>L\u2019edifici comptava amb vint-i-quatre aules, despatxos, sala de professors, laboratoris i un gimn\u00e0s que es podia fer servir com a sala d\u2019actes i com a capella.<\/p>\n<p>En aquella \u00e8poca, el curs comen\u00e7ava el 2 de novembre, per\u00f2 com que havia estat tan esperat un institut al poble, les classes van comen\u00e7ar quinze dies abans: el 13 d\u2019octubre de 1969.<br \/>\n<b>El primer equip docent<\/b><\/p>\n<p>El primer director de l\u2019institut, escollit pel Ministerio de Educaci\u00f3n y Ciencia, va ser Luis Gassiot. Va formar un equip directiu amb Manuel Puig com a cap d\u2019estudis, Aurelio Alv\u00e1rez com a secretari, Jos\u00e9 Molina en qualitat de vicedirector, i Vicente Emma que feia les tasques de vicesecretari. A l\u2019inici, l\u2019equip docent estava constitu\u00eft per onze professors, durant els mesos seg\u00fcents va arribar la resta de professorat, fins a assolir la vintena.<\/p>\n<p><a href=\"http:\/\/agora.xtec.cat\/iescabanyes\/wp-content\/uploads\/usu559\/2018\/06\/foto-2.jpg\"><img loading=\"lazy\" decoding=\"async\" class=\"alignnone wp-image-3881\" src=\"http:\/\/agora.xtec.cat\/iescabanyes\/wp-content\/uploads\/usu559\/2018\/06\/foto-2.jpg\" alt=\"\" width=\"145\" height=\"180\" \/><\/a><\/p>\n<p><em>Luis Gassiot<\/em><br \/>\n<b>Evoluci\u00f3 dels plans d\u2019estudis<\/b><\/p>\n<p>Quan va comen\u00e7ar a funcionar l\u2019institut, s\u2019impartia el batxillerat antic. Constava de sis cursos, quatre de nivell elemental i dos de superior. Per passar a sis\u00e8 calia fer una prova que es deia rev\u00e0lida. Despr\u00e9s dels sis cursos de batxillerat, hi havia el PREU, que era una preparaci\u00f3 per poder accedir a la universitat. Aquell curs 1969-70, hi havia set grups de primer de batxillerat, dos grups de segon, tercer i quart, i un curs de cinqu\u00e8, sis\u00e8 i PREU.<\/p>\n<p>El curs 1974-75, el pla d\u2019estudis va canviar i es va implementar el BUP (Batxillerat Unificat Polivalent) que estava compost de tres cursos despr\u00e9s dels quals es feia el COU (Curs d\u2019Orientaci\u00f3 Universit\u00e0ria).<\/p>\n<p>A finals dels anys vuitanta i comen\u00e7ament dels noranta es va tornar a canviar el pla d\u2019estudis i va apar\u00e8ixer l\u2019ESO. A partir d\u2019aquest moment, els alumnes s\u2019incorporen a l\u2019institut als dotze anys i finalitzen els seus estudis obligatoris als setze, edat en qu\u00e8 poden entrar al m\u00f3n laboral si no volen continuar estudiant.<\/p>\n<p>Al llarg dels anys i fruit dels successius canvis en els plans d\u2019estudis, hi ha hagut canvis concrets en les assignatures. Per exemple, l\u2019assignatura de llar, on s\u2019ensenyava a cosir i a realitzar petits treballs de bricolatge, es va suprimir, aix\u00ed com la geologia o l\u2019obligatorietat de la religi\u00f3. \u00a0En canvi, es van afegir noves assignatures com el catal\u00e0 (quan va acabar la dictadura franquista), l\u2019angl\u00e8s, la tecnologia i la inform\u00e0tica, entre altres.<\/p>\n<p>Des del seu inici, el Cabanyes ofereix la possibilitat de cursar els estudis postobligatoris en horari nocturn per a aquelles persones que volen compatibilitzar feina i formaci\u00f3.<\/p>\n<p>El curs 2008-2009, es van comen\u00e7ar a impartir els estudis del cicle formatiu de grau superior d\u2019animaci\u00f3 d\u2019activitats f\u00edsiques i esportives, que encara es continuen oferint.<\/p>\n<p>A m\u00e9s, a partir del curs 2012-2013 va comen\u00e7ar el Batxibacc, que dona una doble titulaci\u00f3: el batxillerat espanyol i el franc\u00e8s.<\/p>\n<p><b>L\u2019institut s\u2019adapta a les noves necessitats<\/b><\/p>\n<p>D\u2019entrada, s\u2019han afegit noves instal\u00b7lacions per facilitar la mobilitat de les persones, com ara l\u2019ascensor i la rampa exterior.<\/p>\n<p>Tamb\u00e9 hi ha hagut canvis tecnol\u00f2gics que ens han obligat a incorporar a les aules les \u00faltimes innovacions en aquest terreny: projectors, ordinadors, pantalles digitals&#8230;<\/p>\n<p>L\u2019arribada d\u2019immigrants a Catalunya ha provocat l\u2019aparici\u00f3 d\u2019aules d\u2019acollida, on els alumnes nouvinguts aprenen el catal\u00e0 per poder seguir les classes quan s\u2019incorporin a l\u2019aula ordin\u00e0ria. Al Manuel de Cabanyes, l\u2019aula d\u2019acollida existeix des de l\u2019any 2006.<\/p>\n<p><a href=\"http:\/\/agora.xtec.cat\/iescabanyes\/wp-content\/uploads\/usu559\/2018\/06\/foto-3.jpg\"><img loading=\"lazy\" decoding=\"async\" class=\"alignnone wp-image-3882\" src=\"http:\/\/agora.xtec.cat\/iescabanyes\/wp-content\/uploads\/usu559\/2018\/06\/foto-3.jpg\" alt=\"\" width=\"418\" height=\"295\" srcset=\"https:\/\/agora.xtec.cat\/iescabanyes\/wp-content\/uploads\/usu559\/2018\/06\/foto-3.jpg 924w, https:\/\/agora.xtec.cat\/iescabanyes\/wp-content\/uploads\/usu559\/2018\/06\/foto-3-300x212.jpg 300w, https:\/\/agora.xtec.cat\/iescabanyes\/wp-content\/uploads\/usu559\/2018\/06\/foto-3-768x542.jpg 768w\" sizes=\"auto, (max-width: 418px) 100vw, 418px\" \/><\/a><\/p>\n<p><em>L\u2019institut en els seus inicis<\/em><\/p>\n<p><b>L\u2019institut avui<\/b><\/p>\n<p>Al llarg del temps, el centre ha crescut. Ha augmentat el nombre de professorat i tamb\u00e9 d\u2019alumnat tot i que la quantitat d\u2019alumnes per classe ha disminu\u00eft. Aix\u00f2 permet una millora de l\u2019atenci\u00f3 cap a l\u2019alumnat en forma de grups redu\u00efts en les assignatures instrumentals, de petits grups i l\u2019USEE.<\/p>\n<p>Algunes activitats que es fan a l\u2019institut traspassen els l\u00edmits de l\u2019edifici. S\u2019organitzen sortides tutorials, acad\u00e8miques i l\u00fadiques, viatges a l\u2019estranger i intercanvis d\u2019idiomes. Tamb\u00e9 es dona a con\u00e8ixer a trav\u00e9s d\u2019alguns treballs de recerca que s\u00f3n premiats per universitats o altres entitats.<\/p>\n<p>Alguns dels nostres alumnes s\u00f3n coneguts en diversos \u00e0mbits com ara l\u2019esport. Per exemple, Marcel Cama, de 4t d\u2019ESO que va participar en els World Roller Games a la Xina el 2017. D\u2019altra banda, el Manuel de Cabanyes compta amb exalumnes que tenen un paper rellevant a la societat. Trobem \u00a0periodistes com Francesc-Marc \u00c1lvaro Vidal i Francesc Escribano; esportistes com el ciclista, Marc Soler; actors com Toni Alb\u00e0 i Sergi L\u00f3pez; pol\u00edtics, com per exemple, Gl\u00f2ria Garcia, Tinent d\u2019alcalde de l&#8217;Ajuntament de Vilanova i la Geltr\u00fa i presidenta del Consell Comarcal del Garraf, \u00a0Dami\u00e0 Calvet, director general de l\u2019INCASOL (Institut Catal\u00e0 del S\u00f2l) i recentment nomenat conseller de Territori i Sostenibilitat (2018) o Quim Arrufat, diputat al Parlament per la Candidatura d\u2019Unitat Popular entre el 2012 i el 2105; pintors reconeguts com Rafael R\u00e0fols i Joan Nadal, que a m\u00e9s \u00e9s professor de l\u2019Escola d\u2019Art de Vilanova i la Geltr\u00fa, i en el m\u00f3n de les ci\u00e8ncies, concretament en biologia i matem\u00e0tiques, han destacat Gonzalo Giribert i Joan G\u00f3mez, respectivament.<\/p>\n<p>El Manuel de Cabanyes t\u00e9 gaireb\u00e9 cinquanta anys d\u2019hist\u00f2ria. Per la instituci\u00f3 han passat molts alumnes, professors i esdeveniments. Desitgem que aquest servei continu\u00ef durant molts anys m\u00e9s a Vilanova i la Geltr\u00fa.<\/p>\n<p>Reportatge elaborat pel grup d\u2019alumnes de diversitat de 3r d\u2019ESO. Agra\u00efm la col\u00b7laboraci\u00f3 de tots aquells que d\u2019una manera o altra ens han ajudat en el treball i, molt especialment,\u00a0d\u2019El\u00e0dia Soler.<\/p>\n","protected":false},"excerpt":{"rendered":"<p>EL 2019 EL MANUEL DE CABANYES HA FET 50 ANYS<br \/>\nL\u2019Ajuntament de Vilanova va proposar per al nostre institut el nom de Manuel de Cabanyes, en homenatge al poeta vilanov\u00ed que va n\u00e9ixer el 1808 i va morir el 1833. Pertanyia a una fam\u00edlia benestant del&hellip;  <a href=\"https:\/\/agora.xtec.cat\/iescabanyes\/cap-als-50-anys-del-nostre-institut\/\" title=\"Read Els 50 anys del nostre institut\">Llegeix m\u00e9s\u00bb<\/a><\/p>\n","protected":false},"author":1,"featured_media":0,"parent":0,"menu_order":0,"comment_status":"closed","ping_status":"closed","template":"","meta":{"_bbp_topic_count":0,"_bbp_reply_count":0,"_bbp_total_topic_count":0,"_bbp_total_reply_count":0,"_bbp_voice_count":0,"_bbp_anonymous_reply_count":0,"_bbp_topic_count_hidden":0,"_bbp_reply_count_hidden":0,"_bbp_forum_subforum_count":0,"footnotes":""},"class_list":["post-3878","page","type-page","status-publish","hentry"],"post_mailing_queue_ids":[],"_links":{"self":[{"href":"https:\/\/agora.xtec.cat\/iescabanyes\/wp-json\/wp\/v2\/pages\/3878","targetHints":{"allow":["GET"]}}],"collection":[{"href":"https:\/\/agora.xtec.cat\/iescabanyes\/wp-json\/wp\/v2\/pages"}],"about":[{"href":"https:\/\/agora.xtec.cat\/iescabanyes\/wp-json\/wp\/v2\/types\/page"}],"author":[{"embeddable":true,"href":"https:\/\/agora.xtec.cat\/iescabanyes\/wp-json\/wp\/v2\/users\/1"}],"replies":[{"embeddable":true,"href":"https:\/\/agora.xtec.cat\/iescabanyes\/wp-json\/wp\/v2\/comments?post=3878"}],"version-history":[{"count":3,"href":"https:\/\/agora.xtec.cat\/iescabanyes\/wp-json\/wp\/v2\/pages\/3878\/revisions"}],"predecessor-version":[{"id":6847,"href":"https:\/\/agora.xtec.cat\/iescabanyes\/wp-json\/wp\/v2\/pages\/3878\/revisions\/6847"}],"wp:attachment":[{"href":"https:\/\/agora.xtec.cat\/iescabanyes\/wp-json\/wp\/v2\/media?parent=3878"}],"curies":[{"name":"wp","href":"https:\/\/api.w.org\/{rel}","templated":true}]}}