{"id":3574,"date":"2018-05-02T22:11:45","date_gmt":"2018-05-02T20:11:45","guid":{"rendered":"http:\/\/agora.xtec.cat\/iescabanyes\/?page_id=3574"},"modified":"2019-04-19T09:55:12","modified_gmt":"2019-04-19T07:55:12","slug":"viatge-italia-4t-deso","status":"publish","type":"page","link":"https:\/\/agora.xtec.cat\/iescabanyes\/viatge-italia-4t-deso\/","title":{"rendered":"VIATGE IT\u00c0LIA 4T D&#8217;ESO curs 2017-2018"},"content":{"rendered":"<p>AQU\u00cd TENIU L&#8217;ENLLA\u00c7 A LES <a href=\"https:\/\/photos.app.goo.gl\/e9NV7WRMbKJQTPA97\">FOTOGRAFIES IT\u00c0LIA 2018<\/a><\/p>\n<p><a href=\"http:\/\/agora.xtec.cat\/iescabanyes\/wp-content\/uploads\/usu559\/2018\/05\/IMG_2343.jpg\"><img loading=\"lazy\" decoding=\"async\" class=\"alignnone size-large wp-image-3577\" src=\"http:\/\/agora.xtec.cat\/iescabanyes\/wp-content\/uploads\/usu559\/2018\/05\/IMG_2343-1024x787.jpg\" alt=\"\" width=\"1024\" height=\"787\" srcset=\"https:\/\/agora.xtec.cat\/iescabanyes\/wp-content\/uploads\/usu559\/2018\/05\/IMG_2343-1024x787.jpg 1024w, https:\/\/agora.xtec.cat\/iescabanyes\/wp-content\/uploads\/usu559\/2018\/05\/IMG_2343-300x231.jpg 300w, https:\/\/agora.xtec.cat\/iescabanyes\/wp-content\/uploads\/usu559\/2018\/05\/IMG_2343-768x590.jpg 768w, https:\/\/agora.xtec.cat\/iescabanyes\/wp-content\/uploads\/usu559\/2018\/05\/IMG_2343.jpg 1280w\" sizes=\"auto, (max-width: 1024px) 100vw, 1024px\" \/><\/a><\/p>\n<p>&nbsp;<\/p>\n","protected":false},"excerpt":{"rendered":"<p>AQU\u00cd TENIU L&#8217;ENLLA\u00c7 A LES <a href=\"https:\/\/photos.app.goo.gl\/e9NV7WRMbKJQTPA97\">FOTOGRAFIES IT\u00c0LIA 2018<\/a><br \/>\n<a href=\"http:\/\/agora.xtec.cat\/iescabanyes\/wp-content\/uploads\/usu559\/2018\/05\/IMG_2343.jpg\"><\/a><br \/>\n&nbsp;<\/p>\n","protected":false},"author":1,"featured_media":0,"parent":0,"menu_order":0,"comment_status":"closed","ping_status":"closed","template":"","meta":{"_bbp_topic_count":0,"_bbp_reply_count":0,"_bbp_total_topic_count":0,"_bbp_total_reply_count":0,"_bbp_voice_count":0,"_bbp_anonymous_reply_count":0,"_bbp_topic_count_hidden":0,"_bbp_reply_count_hidden":0,"_bbp_forum_subforum_count":0,"footnotes":""},"class_list":["post-3574","page","type-page","status-publish","hentry"],"post_mailing_queue_ids":[],"_links":{"self":[{"href":"https:\/\/agora.xtec.cat\/iescabanyes\/wp-json\/wp\/v2\/pages\/3574","targetHints":{"allow":["GET"]}}],"collection":[{"href":"https:\/\/agora.xtec.cat\/iescabanyes\/wp-json\/wp\/v2\/pages"}],"about":[{"href":"https:\/\/agora.xtec.cat\/iescabanyes\/wp-json\/wp\/v2\/types\/page"}],"author":[{"embeddable":true,"href":"https:\/\/agora.xtec.cat\/iescabanyes\/wp-json\/wp\/v2\/users\/1"}],"replies":[{"embeddable":true,"href":"https:\/\/agora.xtec.cat\/iescabanyes\/wp-json\/wp\/v2\/comments?post=3574"}],"version-history":[{"count":3,"href":"https:\/\/agora.xtec.cat\/iescabanyes\/wp-json\/wp\/v2\/pages\/3574\/revisions"}],"predecessor-version":[{"id":5527,"href":"https:\/\/agora.xtec.cat\/iescabanyes\/wp-json\/wp\/v2\/pages\/3574\/revisions\/5527"}],"wp:attachment":[{"href":"https:\/\/agora.xtec.cat\/iescabanyes\/wp-json\/wp\/v2\/media?parent=3574"}],"curies":[{"name":"wp","href":"https:\/\/api.w.org\/{rel}","templated":true}]}}