{"id":27,"date":"2014-09-17T16:24:03","date_gmt":"2014-09-17T16:24:03","guid":{"rendered":"http:\/\/agora.xtec.cat\/iescabanyes\/?page_id=27"},"modified":"2021-07-28T11:23:57","modified_gmt":"2021-07-28T09:23:57","slug":"historia","status":"publish","type":"page","link":"https:\/\/agora.xtec.cat\/iescabanyes\/linstitut\/historia\/","title":{"rendered":"Hist\u00f2ria del centre"},"content":{"rendered":"<p>EL CABANYES , L\u2019INSTITUT DEG\u00c0 DE LA CIUTAT<br \/>\nL\u2019institut Manuel de Cabanyes va comen\u00e7ar a funcionar el curs de 1969-70, sent un dels primers centres p\u00fablics de secund\u00e0ria que es va construir a l\u2019estat espanyol des de 1939<sup>1<\/sup>.<br \/>\nL\u2019ajuntament de 1960 va iniciar els tr\u00e0mits per aconseguir que la ciutat tingu\u00e9s un institut. Un dels art\u00edfexs del projecte: sol\u00b7licitud, recerca del terreny, \u2026 va ser Francesc X Puig Rovira.<br \/>\nDes de fa 46 anys, el nostre centre ha estat un punt de trobada, coneixement, formaci\u00f3 per a moltes persones de Vilanova i la Geltr\u00fa i tamb\u00e9 de Sitges, Sant Pere de Ribes, Cubelles, Canyelles i Olivella.<br \/>\nAvui a la ciutat hi ha altres instituts, per\u00f2 el Cabanyes \u00e9s el Cabanyes.<\/p>\n<p>Al 2019 van fer 50 anys.<a href=\"https:\/\/agora.xtec.cat\/iescabanyes\/categoria\/50-anys-del-cabanyes\/\"> Aqu\u00ed<\/a> teniu m\u00e9s informaci\u00f3.<\/p>\n<p><a href=\"https:\/\/drive.google.com\/file\/d\/1jD56_K-SBo_6PQdSzhzAFPdZ2jbmUThE\/view?usp=sharing\">M\u00c9S INFORMACI\u00d3<\/a><\/p>\n<figure class=\"figure wp-caption aligncenter\"><a href=\"http:\/\/agora.xtec.cat\/iescabanyes\/wp-content\/uploads\/usu559\/2014\/09\/foto-1969-c\u00f2pia.jpg\"><img loading=\"lazy\" decoding=\"async\" class=\"wp-image-325 size-medium\" src=\"http:\/\/agora.xtec.cat\/iescabanyes\/wp-content\/uploads\/usu559\/2014\/09\/foto-1969-c\u00f2pia-300x212.jpg\" alt=\"\" width=\"300\" height=\"212\" srcset=\"https:\/\/agora.xtec.cat\/iescabanyes\/wp-content\/uploads\/usu559\/2014\/09\/foto-1969-c\u00f2pia-300x212.jpg 300w, https:\/\/agora.xtec.cat\/iescabanyes\/wp-content\/uploads\/usu559\/2014\/09\/foto-1969-c\u00f2pia-1024x723.jpg 1024w, https:\/\/agora.xtec.cat\/iescabanyes\/wp-content\/uploads\/usu559\/2014\/09\/foto-1969-c\u00f2pia.jpg 1744w\" sizes=\"auto, (max-width: 300px) 100vw, 300px\" \/><\/a><figcaption class=\"wp-caption-text\">L&#8217;institut l&#8217;any de la seva inaguraci\u00f3, 1969<\/figcaption><\/figure>\n<p><em>1. Puig Rovira X Francesc (2014)El futur s\u2019escur\u00e7a\u2026 Reflexions i evocacions en la recepci\u00f3 de la Medalla de la Ciutat de Vilanova i la Geltr\u00fa<\/em><\/p>\n<p>&nbsp;<\/p>\n<p>&nbsp;<\/p>\n<p>&nbsp;<\/p>\n","protected":false},"excerpt":{"rendered":"<p>EL CABANYES , L\u2019INSTITUT DEG\u00c0 DE LA CIUTAT<br \/>\nL\u2019institut Manuel de Cabanyes va comen\u00e7ar a funcionar el curs de 1969-70, sent un dels primers centres p\u00fablics de secund\u00e0ria que es va construir a l\u2019estat espanyol des de 19391.<br \/>\nL\u2019ajuntament de 1960 va iniciar els tr\u00e0mits per aconseguir&hellip;  <a href=\"https:\/\/agora.xtec.cat\/iescabanyes\/linstitut\/historia\/\" title=\"Read Hist\u00f2ria del centre\">Llegeix m\u00e9s\u00bb<\/a><\/p>\n","protected":false},"author":1,"featured_media":0,"parent":19,"menu_order":20,"comment_status":"closed","ping_status":"closed","template":"page-templates\/side-menu.php","meta":{"_bbp_topic_count":0,"_bbp_reply_count":0,"_bbp_total_topic_count":0,"_bbp_total_reply_count":0,"_bbp_voice_count":0,"_bbp_anonymous_reply_count":0,"_bbp_topic_count_hidden":0,"_bbp_reply_count_hidden":0,"_bbp_forum_subforum_count":0,"footnotes":""},"class_list":["post-27","page","type-page","status-publish","hentry"],"post_mailing_queue_ids":[],"_links":{"self":[{"href":"https:\/\/agora.xtec.cat\/iescabanyes\/wp-json\/wp\/v2\/pages\/27","targetHints":{"allow":["GET"]}}],"collection":[{"href":"https:\/\/agora.xtec.cat\/iescabanyes\/wp-json\/wp\/v2\/pages"}],"about":[{"href":"https:\/\/agora.xtec.cat\/iescabanyes\/wp-json\/wp\/v2\/types\/page"}],"author":[{"embeddable":true,"href":"https:\/\/agora.xtec.cat\/iescabanyes\/wp-json\/wp\/v2\/users\/1"}],"replies":[{"embeddable":true,"href":"https:\/\/agora.xtec.cat\/iescabanyes\/wp-json\/wp\/v2\/comments?post=27"}],"version-history":[{"count":4,"href":"https:\/\/agora.xtec.cat\/iescabanyes\/wp-json\/wp\/v2\/pages\/27\/revisions"}],"predecessor-version":[{"id":10221,"href":"https:\/\/agora.xtec.cat\/iescabanyes\/wp-json\/wp\/v2\/pages\/27\/revisions\/10221"}],"up":[{"embeddable":true,"href":"https:\/\/agora.xtec.cat\/iescabanyes\/wp-json\/wp\/v2\/pages\/19"}],"wp:attachment":[{"href":"https:\/\/agora.xtec.cat\/iescabanyes\/wp-json\/wp\/v2\/media?parent=27"}],"curies":[{"name":"wp","href":"https:\/\/api.w.org\/{rel}","templated":true}]}}