{"id":21616,"date":"2025-06-26T11:32:41","date_gmt":"2025-06-26T09:32:41","guid":{"rendered":"https:\/\/agora.xtec.cat\/iescabanyes\/?page_id=21616"},"modified":"2025-07-07T14:08:27","modified_gmt":"2025-07-07T12:08:27","slug":"centre-formador","status":"publish","type":"page","link":"https:\/\/agora.xtec.cat\/iescabanyes\/centre-formador\/","title":{"rendered":"CENTRE FORMADOR"},"content":{"rendered":"<p>L&#8217;institut Manuel de Cabanyes participa en el Programa d\u2019Innovaci\u00f3 del M\u00e0ster de Formaci\u00f3 de Professorat de Secund\u00e0ria.<\/p>\n<p>Des del nostre institut, fa m\u00e9s de quinze anys que acollim futurs docents en pr\u00e0ctiques, consolidant-nos com a centre col\u00b7laborador amb una \u00e0mplia experi\u00e8ncia en formaci\u00f3 inicial del professorat. Des de fa tres anys participem activament en el Programa d\u2019Innovaci\u00f3 del M\u00e0ster de Formaci\u00f3 de Professorat de Secund\u00e0ria, una iniciativa que busca potenciar la qualitat formativa dels docents en formaci\u00f3 a trav\u00e9s de l\u2019experi\u00e8ncia directa, la reflexi\u00f3 i la innovaci\u00f3 educativa.<\/p>\n<p>El nostre pla d\u2019acollida va molt m\u00e9s enll\u00e0 de l\u2019observaci\u00f3 a l\u2019aula. <strong>Oferim als futurs docents un itinerari enriquit que inclou un cicle de xerrades formatives<\/strong> sobre diversos aspectes de la pr\u00e0ctica docent, des del treball per compet\u00e8ncies fins a la gesti\u00f3 emocional o la inclusi\u00f3 educativa, amb una visi\u00f3 hol\u00edstica i integradora de la professi\u00f3.<\/p>\n<p><strong>A m\u00e9s, organitzem visites a altres centres educatius de la comarca,<\/strong> seleccionats per la seva diversitat metodol\u00f2gica i les seves estrat\u00e8gies pedag\u00f2giques. Aquestes sortides permeten als estudiants con\u00e8ixer diferents realitats educatives i ampliar la seva mirada sobre el sistema educatiu actual.<\/p>\n<p>Estem conven\u00e7uts que <a href=\"https:\/\/projectes.xtec.cat\/centresformadors\/\"><img loading=\"lazy\" decoding=\"async\" class=\"wp-image-21644 alignright\" src=\"https:\/\/agora.xtec.cat\/iescabanyes\/wp-content\/uploads\/usu559\/2025\/07\/Logo_Centres-formadors.png\" alt=\"\" width=\"135\" height=\"159\" \/><\/a>aquesta aposta per una formaci\u00f3 inicial rica, oberta i reflexiva beneficia tant als futurs docents com al nostre propi equip docent, afavorint un entorn d\u2019aprenentatge mutu i de creixement professional compartit.<\/p>\n<p>Ens sentim orgullosos de formar part de la xarxa de <a href=\"https:\/\/projectes.xtec.cat\/centresformadors\/\">Centres Formadors<\/a> i de contribuir, any rere any, a la formaci\u00f3 de les noves generacions de docents amb esperit cr\u00edtic, comprom\u00eds i capacitat d\u2019innovaci\u00f3.<\/p>\n<p>&nbsp;<\/p>\n<p>&nbsp;<\/p>\n","protected":false},"excerpt":{"rendered":"<p>L&#8217;institut Manuel de Cabanyes participa en el Programa d\u2019Innovaci\u00f3 del M\u00e0ster de Formaci\u00f3 de Professorat de Secund\u00e0ria.<br \/>\nDes del nostre institut, fa m\u00e9s de quinze anys que acollim futurs docents en pr\u00e0ctiques, consolidant-nos com a centre col\u00b7laborador amb una \u00e0mplia experi\u00e8ncia en formaci\u00f3 inicial del professorat.&hellip;  <a href=\"https:\/\/agora.xtec.cat\/iescabanyes\/centre-formador\/\" title=\"Read CENTRE FORMADOR\">Llegeix m\u00e9s\u00bb<\/a><\/p>\n","protected":false},"author":26,"featured_media":0,"parent":0,"menu_order":0,"comment_status":"closed","ping_status":"closed","template":"","meta":{"_bbp_topic_count":0,"_bbp_reply_count":0,"_bbp_total_topic_count":0,"_bbp_total_reply_count":0,"_bbp_voice_count":0,"_bbp_anonymous_reply_count":0,"_bbp_topic_count_hidden":0,"_bbp_reply_count_hidden":0,"_bbp_forum_subforum_count":0,"footnotes":""},"class_list":["post-21616","page","type-page","status-publish","hentry"],"post_mailing_queue_ids":[],"_links":{"self":[{"href":"https:\/\/agora.xtec.cat\/iescabanyes\/wp-json\/wp\/v2\/pages\/21616","targetHints":{"allow":["GET"]}}],"collection":[{"href":"https:\/\/agora.xtec.cat\/iescabanyes\/wp-json\/wp\/v2\/pages"}],"about":[{"href":"https:\/\/agora.xtec.cat\/iescabanyes\/wp-json\/wp\/v2\/types\/page"}],"author":[{"embeddable":true,"href":"https:\/\/agora.xtec.cat\/iescabanyes\/wp-json\/wp\/v2\/users\/26"}],"replies":[{"embeddable":true,"href":"https:\/\/agora.xtec.cat\/iescabanyes\/wp-json\/wp\/v2\/comments?post=21616"}],"version-history":[{"count":6,"href":"https:\/\/agora.xtec.cat\/iescabanyes\/wp-json\/wp\/v2\/pages\/21616\/revisions"}],"predecessor-version":[{"id":21653,"href":"https:\/\/agora.xtec.cat\/iescabanyes\/wp-json\/wp\/v2\/pages\/21616\/revisions\/21653"}],"wp:attachment":[{"href":"https:\/\/agora.xtec.cat\/iescabanyes\/wp-json\/wp\/v2\/media?parent=21616"}],"curies":[{"name":"wp","href":"https:\/\/api.w.org\/{rel}","templated":true}]}}