{"id":20759,"date":"2025-02-26T06:45:00","date_gmt":"2025-02-26T05:45:00","guid":{"rendered":"https:\/\/agora.xtec.cat\/iescabanyes\/?page_id=20759"},"modified":"2026-03-23T14:23:36","modified_gmt":"2026-03-23T13:23:36","slug":"batxibac-doble-titulacio-batxiller-baccalaureat","status":"publish","type":"page","link":"https:\/\/agora.xtec.cat\/iescabanyes\/batxibac-doble-titulacio-batxiller-baccalaureat\/","title":{"rendered":"Batxibac (doble titulaci\u00f3 batxiller-baccal\u00e1ureat)"},"content":{"rendered":"<p style=\"text-align: center;\"><iframe loading=\"lazy\" title=\"YouTube video player\" src=\"https:\/\/www.youtube.com\/embed\/4GrYAvpUvoM?si=L0VGGI0Wb9HVZ1SO\" width=\"560\" height=\"315\" frameborder=\"0\" allowfullscreen=\"allowfullscreen\"><\/iframe><\/p>\n<p style=\"text-align: center;\"><strong>IMPORTANT!!!!!! DATES REUNI\u00d3 INFORMATIVA CURS 26-27: PENDENT D&#8217;ACTUALITZAR. Estigueu pendents del web del centre.<\/strong><\/p>\n<p><span style=\"font-weight: 400;\">El programa batxibac permet a l\u2019alumnat cursar un curr\u00edculum mixt que suposa fer un ter\u00e7 de l\u2019horari lectiu del batxillerat en llengua francesa.\u00a0<\/span><\/p>\n<p><span style=\"font-weight: 400;\">Per accedir al batxibac l\u2019alumnat ha de demostrar un nivell b\u00e0sic de franc\u00e8s, equivalent al B1 del Marc Europeu de Refer\u00e8ncia per a les Lleng\u00fces. En cas de no tenir el t\u00edtol, l\u2019alumnat ha de superar una prova d\u2019acc\u00e9s realitzada des del centre abans del per\u00edode de preinscripci\u00f3.<\/span><\/p>\n<p><span style=\"font-weight: 400;\">L\u2019alumnat que cursi el curr\u00edculum mixt, a m\u00e9s d\u2019obtenir el t\u00edtol de batxiller si supera totes les mat\u00e8ries cursades, obtindr\u00e0 tamb\u00e9 el diploma de baccalaur\u00e9at si supera una prova externa que es desenvolupa \u00edntegrament en franc\u00e8s.<\/span><\/p>\n<p><span style=\"font-weight: 400;\">Les mat\u00e8ries que es cursen en franc\u00e8s s\u00f3n:<\/span><\/p>\n<ul>\n<li style=\"font-weight: 400;\" aria-level=\"1\"><span style=\"font-weight: 400;\">Hist\u00f2ria de Fran\u00e7a<\/span><\/li>\n<li style=\"font-weight: 400;\" aria-level=\"1\"><span style=\"font-weight: 400;\">Llengua francesa<\/span><\/li>\n<li style=\"font-weight: 400;\" aria-level=\"1\"><span style=\"font-weight: 400;\">Literatura francesa<\/span><\/li>\n<li style=\"font-weight: 400;\" aria-level=\"1\"><span style=\"font-weight: 400;\">Treball de recerca<\/span><\/li>\n<li style=\"font-weight: 400;\" aria-level=\"1\"><span style=\"font-weight: 400;\">Intercanvi de 10 dies amb un Lyc\u00e9e franc\u00e8s (obligatori per tenir el t\u00edtol)<\/span><\/li>\n<li style=\"font-weight: 400;\" aria-level=\"1\"><span style=\"font-weight: 400;\">Tutoria<\/span><\/li>\n<\/ul>\n<p><span style=\"font-weight: 400;\">CURR\u00cdCULUM BATXIBAC ACTUAL<\/span><\/p>\n<table>\n<thead>\n<tr>\n<th><b>Mat\u00e8ries<\/b><\/th>\n<th><b>1r<\/b><\/th>\n<th><b>2n<\/b><\/th>\n<\/tr>\n<\/thead>\n<tbody>\n<tr>\n<td><span style=\"font-weight: 400;\">Llengua catalana i literatura\u00a0<\/span><\/td>\n<td><span style=\"font-weight: 400;\">2<\/span><\/td>\n<td><span style=\"font-weight: 400;\">2<\/span><\/td>\n<\/tr>\n<tr>\n<td><span style=\"font-weight: 400;\">Llengua castellana i literatura<\/span><\/td>\n<td><span style=\"font-weight: 400;\">2<\/span><\/td>\n<td><span style=\"font-weight: 400;\">2<\/span><\/td>\n<\/tr>\n<tr>\n<td><b>Llengua francesa<\/b><\/td>\n<td><b>3<\/b><\/td>\n<td><b>3<\/b><\/td>\n<\/tr>\n<tr>\n<td><span style=\"font-weight: 400;\">Educaci\u00f3 F\u00edsica<\/span><\/td>\n<td><span style=\"font-weight: 400;\">2<\/span><\/td>\n<td><\/td>\n<\/tr>\n<tr>\n<td><span style=\"font-weight: 400;\">Filosofia<\/span><\/td>\n<td><span style=\"font-weight: 400;\">2<\/span><\/td>\n<td><\/td>\n<\/tr>\n<tr>\n<td><span style=\"font-weight: 400;\">Hist\u00f2ria de la filosofia<\/span><\/td>\n<td><\/td>\n<td><span style=\"font-weight: 400;\">3<\/span><\/td>\n<\/tr>\n<tr>\n<td><span style=\"font-weight: 400;\">Hist\u00f2ria<\/span><\/td>\n<td><\/td>\n<td><span style=\"font-weight: 400;\">3<\/span><\/td>\n<\/tr>\n<tr>\n<td><b>Tutoria<\/b><\/td>\n<td><b>1<\/b><\/td>\n<td><b>1<\/b><\/td>\n<\/tr>\n<tr>\n<td><b>Treball de recerca en franc\u00e8s<\/b><\/td>\n<td><\/td>\n<td><\/td>\n<\/tr>\n<tr>\n<td><span style=\"font-weight: 400;\">Mat\u00e8ria obligat\u00f2ria de modalitat (Matem\u00e0tiques, Matem\u00e0tiques aplicades a les ci\u00e8ncies socials o Llengua i cultura llatines)<\/span><\/td>\n<td><span style=\"font-weight: 400;\">4<\/span><\/td>\n<td><span style=\"font-weight: 400;\">4<\/span><\/td>\n<\/tr>\n<tr>\n<td><span style=\"font-weight: 400;\">Mat\u00e8ria de modalitat<\/span><\/td>\n<td><span style=\"font-weight: 400;\">4<\/span><\/td>\n<td><span style=\"font-weight: 400;\">4<\/span><\/td>\n<\/tr>\n<tr>\n<td><span style=\"font-weight: 400;\">Mat\u00e8ria de modalitat<\/span><\/td>\n<td><span style=\"font-weight: 400;\">4<\/span><\/td>\n<td><span style=\"font-weight: 400;\">4<\/span><\/td>\n<\/tr>\n<tr>\n<td><b>Optativa anual\u00a0<\/b><\/td>\n<td><b>2<\/b><\/td>\n<td><b>&#8211;<\/b><\/td>\n<\/tr>\n<tr>\n<td><b>Literatura francesa<\/b><\/td>\n<td><b>2<\/b><\/td>\n<td><b>2<\/b><\/td>\n<\/tr>\n<tr>\n<td><b>Hist\u00f2ria de Fran\u00e7a<\/b><\/td>\n<td><b>2<\/b><\/td>\n<td><b>2<\/b><\/td>\n<\/tr>\n<tr>\n<td><b>TOTAL<\/b><\/td>\n<td><b>30<\/b><\/td>\n<td><b>30<\/b><\/td>\n<\/tr>\n<\/tbody>\n<\/table>\n<p><span style=\"font-weight: 400;\">Per obtenir la doble titulaci\u00f3 cal:<\/span><\/p>\n<ul>\n<li style=\"font-weight: 400;\" aria-level=\"1\"><span style=\"font-weight: 400;\">Superar totes les mat\u00e8ries del batxillerat.<\/span><\/li>\n<li style=\"font-weight: 400;\" aria-level=\"1\"><span style=\"font-weight: 400;\">Haver acreditat les hores de formaci\u00f3 en franc\u00e8s.<\/span><\/li>\n<li style=\"font-weight: 400;\" aria-level=\"1\"><span style=\"font-weight: 400;\">Superar la prova externa que t\u00e9 lloc al final del 2n curs de batxillerat amb els seg\u00fcents continguts:<\/span>\n<ul>\n<li style=\"font-weight: 400;\" aria-level=\"2\"><span style=\"font-weight: 400;\">Llengua i literatura francesa:<\/span>\n<ul>\n<li style=\"font-weight: 400;\" aria-level=\"3\"><span style=\"font-weight: 400;\">Exercicis escrits: un comentari de text, una redacci\u00f3 i un assaig sobre un tema pr\u00e8viament establert.<\/span><\/li>\n<li style=\"font-weight: 400;\" aria-level=\"3\"><span style=\"font-weight: 400;\">Exercici oral: l\u2019alumne\/a ha de dialogar amb un tribunal sobre un tema pr\u00e8viament preparat.<\/span><\/li>\n<\/ul>\n<\/li>\n<li style=\"font-weight: 400;\" aria-level=\"2\"><span style=\"font-weight: 400;\">Hist\u00f2ria: un comentari de text i el desenvolupament d\u2019un tema corresponents al curr\u00edculum de la mat\u00e8ria comuna d\u2019hist\u00f2ria i de la mat\u00e8ria espec\u00edfica d\u2019hist\u00f2ria de Fran\u00e7a.<\/span><\/li>\n<\/ul>\n<\/li>\n<\/ul>\n<p><span style=\"font-weight: 400;\">Qualificacions finals:<\/span><\/p>\n<ul>\n<li style=\"font-weight: 400;\" aria-level=\"1\"><span style=\"font-weight: 400;\">La nota final del batxillerat es calcula fent la mitjana aritm\u00e8tica de les mat\u00e8ries cursades a 1r i a 2n de Batxillerat (90%) i la nota del treball de recerca (10%).<\/span><\/li>\n<li style=\"font-weight: 400;\" aria-level=\"1\"><span style=\"font-weight: 400;\">La nota final del baccalaur\u00e9at \u00e9s la mitjana ponderada entre el 70% de la nota mitjana de batxillerat i el 30% de la qualificaci\u00f3 global de la prova externa.<\/span><\/li>\n<\/ul>\n<p><span style=\"font-weight: 400;\">L\u2019alumnat que cursi el batxibac i obtingui la doble titulaci\u00f3 pot accedir a la universitat per dues vies:<\/span><\/p>\n<ul>\n<li style=\"font-weight: 400;\" aria-level=\"1\"><span style=\"font-weight: 400;\">Amb el t\u00edtol de batxillerat i havent superat les PAU.<\/span><\/li>\n<li style=\"font-weight: 400;\" aria-level=\"1\"><span style=\"font-weight: 400;\">Amb el t\u00edtol de baccalaur\u00e9at i, si vol, millorant la nota amb la fase espec\u00edfica de les PAU.<\/span><\/li>\n<\/ul>\n<p><span style=\"font-weight: 400;\">Ambdues vies s\u00f3n compatibles, de manera que l\u2019alumnat pot fer-les totes dues i triar la m\u00e9s avantatjosa per als seus interessos acad\u00e8mics.<\/span><\/p>\n<p><span style=\"font-weight: 400;\">Amb la titulaci\u00f3 de baccalaur\u00e9at poden accedir a les universitats franceses en les mateixes condicions que els titulats francesos.<\/span><\/p>\n<p><span style=\"font-weight: 400;\">M\u00c9S INFORMACI\u00d3 SOBRE ELS ESTUDIS DE BATXIBAC <\/span><span style=\"font-weight: 400;\">AL WEB DEL DEPARTAMENT:\u00a0<\/span><\/p>\n<p><a href=\"http:\/\/xtec.gencat.cat\/ca\/curriculum\/batxillerat\/baccalaureat\/\"><span style=\"font-weight: 400;\">http:\/\/xtec.gencat.cat\/ca\/curriculum\/batxillerat\/baccalaureat\/<\/span><\/a><\/p>\n<p><span style=\"font-weight: 400;\">\u00a0\u00a0\u00a0\u00a0\u00a0<\/span><\/p>\n<p>&nbsp;<\/p>\n","protected":false},"excerpt":{"rendered":"<p>IMPORTANT!!!!!! DATES REUNI\u00d3 INFORMATIVA CURS 26-27: PENDENT D&#8217;ACTUALITZAR. Estigueu pendents del web del centre.<br \/>\nEl programa batxibac permet a l\u2019alumnat cursar un curr\u00edculum mixt que suposa fer un ter\u00e7 de l\u2019horari lectiu del batxillerat en llengua francesa.\u00a0<br \/>\nPer accedir al batxibac l\u2019alumnat ha de demostrar un nivell&hellip;  <a href=\"https:\/\/agora.xtec.cat\/iescabanyes\/batxibac-doble-titulacio-batxiller-baccalaureat\/\" title=\"Read Batxibac (doble titulaci\u00f3 batxiller-baccal\u00e1ureat)\">Llegeix m\u00e9s\u00bb<\/a><\/p>\n","protected":false},"author":1,"featured_media":0,"parent":0,"menu_order":0,"comment_status":"closed","ping_status":"closed","template":"","meta":{"_bbp_topic_count":0,"_bbp_reply_count":0,"_bbp_total_topic_count":0,"_bbp_total_reply_count":0,"_bbp_voice_count":0,"_bbp_anonymous_reply_count":0,"_bbp_topic_count_hidden":0,"_bbp_reply_count_hidden":0,"_bbp_forum_subforum_count":0,"footnotes":""},"class_list":["post-20759","page","type-page","status-publish","hentry"],"post_mailing_queue_ids":[],"_links":{"self":[{"href":"https:\/\/agora.xtec.cat\/iescabanyes\/wp-json\/wp\/v2\/pages\/20759","targetHints":{"allow":["GET"]}}],"collection":[{"href":"https:\/\/agora.xtec.cat\/iescabanyes\/wp-json\/wp\/v2\/pages"}],"about":[{"href":"https:\/\/agora.xtec.cat\/iescabanyes\/wp-json\/wp\/v2\/types\/page"}],"author":[{"embeddable":true,"href":"https:\/\/agora.xtec.cat\/iescabanyes\/wp-json\/wp\/v2\/users\/1"}],"replies":[{"embeddable":true,"href":"https:\/\/agora.xtec.cat\/iescabanyes\/wp-json\/wp\/v2\/comments?post=20759"}],"version-history":[{"count":6,"href":"https:\/\/agora.xtec.cat\/iescabanyes\/wp-json\/wp\/v2\/pages\/20759\/revisions"}],"predecessor-version":[{"id":22428,"href":"https:\/\/agora.xtec.cat\/iescabanyes\/wp-json\/wp\/v2\/pages\/20759\/revisions\/22428"}],"wp:attachment":[{"href":"https:\/\/agora.xtec.cat\/iescabanyes\/wp-json\/wp\/v2\/media?parent=20759"}],"curies":[{"name":"wp","href":"https:\/\/api.w.org\/{rel}","templated":true}]}}