{"id":18920,"date":"2026-04-26T20:18:31","date_gmt":"2026-04-26T18:18:31","guid":{"rendered":"https:\/\/agora.xtec.cat\/iescabanyes\/?page_id=18920"},"modified":"2026-04-27T15:28:36","modified_gmt":"2026-04-27T13:28:36","slug":"informacio-preinscripcio-doble-titulacio-batxillerat-nocturn-ensenyaments-esportius","status":"publish","type":"page","link":"https:\/\/agora.xtec.cat\/iescabanyes\/informacio-preinscripcio-doble-titulacio-batxillerat-nocturn-ensenyaments-esportius\/","title":{"rendered":"Informaci\u00f3 preinscripci\u00f3 Doble titulaci\u00f3 Batxillerat (nocturn) + Ensenyaments Esportius"},"content":{"rendered":"<h5><a href=\"https:\/\/sites.google.com\/institutcabanyes.cat\/institut-manuel-de-cabanyes\/oferta-destudis\/doble-titulaci%C3%B3?authuser=0\">INFORMACI\u00d3 DOBLE TITULACI\u00d3<\/a><\/h5>\n<table style=\"height: 269px; width: 73.8497%;\">\n<tbody>\n<tr style=\"height: 33px;\">\n<td style=\"width: 27.2757%; height: 15px;\">Dimarts 7 d&#8217;abril 18.00 h<\/td>\n<td style=\"width: 115.021%; height: 15px;\">Portes Obertes<\/td>\n<\/tr>\n<tr style=\"height: 33px;\">\n<td style=\"width: 27.2757%; height: 33px;\">Dimecres 9 d&#8217;abril<\/td>\n<td style=\"width: 115.021%; height: 33px;\"><strong>Oferta inicial de places<\/strong><\/td>\n<\/tr>\n<tr style=\"height: 33px;\">\n<td style=\"height: 33px; width: 27.2757%;\">27 d&#8217;abril al 6 de maig<\/td>\n<td style=\"height: 33px; width: 115.021%;\"><strong>Presentaci\u00f3 de les sol\u00b7licituds Doble Titulaci\u00f3 i Ensenyaments Esportius<\/strong>\u00a0en<a href=\"https:\/\/drive.google.com\/file\/d\/18a7N0yf1RLfStqGddRnyGp4KbRlMHLz6\/view\"> format telem\u00e0tic <strong>ENLLA\u00c7<\/strong><\/a><\/td>\n<\/tr>\n<tr style=\"height: 33px;\">\n<td style=\"height: 33px; width: 27.2757%;\">14 de maig<\/td>\n<td style=\"height: 33px; width: 115.021%;\">Llista de sol\u00b7licituds amb puntuaci\u00f3 provisional (pendent)<\/td>\n<\/tr>\n<tr style=\"height: 43px;\">\n<td style=\"height: 23px; width: 27.2757%;\">14 al 20 de maig<\/td>\n<td style=\"height: 23px; width: 115.021%;\">Presentaci\u00f3 reclamacions al barem provisional (de manera presencial)<\/td>\n<\/tr>\n<tr style=\"height: 33px;\">\n<td style=\"height: 33px; width: 27.2757%;\">26 de maig<\/td>\n<td style=\"height: 33px; width: 115.021%;\">Publicaci\u00f3 de les llistes amb la puntuaci\u00f3 una vegada resoltes reclamacions (pendent)<\/td>\n<\/tr>\n<tr style=\"height: 33px;\">\n<td style=\"height: 33px; width: 27.2757%;\">29 de maig<\/td>\n<td style=\"height: 33px; width: 115.021%;\">Llista ordenada (pendent)<\/td>\n<\/tr>\n<tr style=\"height: 33px;\">\n<td style=\"width: 27.2757%; height: 33px;\">17 de juny<\/td>\n<td style=\"width: 115.021%; height: 33px;\">Oferta final Batxillerat (pendent)<\/p>\n<p>Llista d&#8217;admesos. No disponible<\/p>\n<p>Llista d&#8217;espera. No disponible<\/p>\n<p>Llista amb centre assignat. No disponible<\/td>\n<\/tr>\n<tr style=\"height: 33px;\">\n<td style=\"width: 27.2757%; height: 33px;\">18 al 30 de juny<\/td>\n<td style=\"width: 115.021%; height: 33px;\">Matr\u00edcula ordin\u00e0ria al centre<\/td>\n<\/tr>\n<\/tbody>\n<\/table>\n<h5><a href=\"https:\/\/preinscripcio.gencat.cat\/ca\/estudis\/batxillerat\/inici\/index.html\">RESUM PROC\u00c9S DE PREINSCRIPCI\u00d3 BATXILLERAT<\/a><\/h5>\n<div><\/div>\n<p>Si teniu dubtes o problemes amb relaci\u00f3 a q\u00fcestions de curr\u00edculum us podeu adre\u00e7ar a <strong>ensenyamentsesportius@institutcabanyes.cat<\/strong><\/p>\n<p>Per q\u00fcestions relacionades amb el proc\u00e9s de preinscripci\u00f3, podeu escriure a <strong>secretaria@institutcabanyes.cat<\/strong><\/p>\n<div><\/div>\n","protected":false},"excerpt":{"rendered":"<p><a href=\"https:\/\/sites.google.com\/institutcabanyes.cat\/institut-manuel-de-cabanyes\/oferta-destudis\/doble-titulaci%C3%B3?authuser=0\">INFORMACI\u00d3 DOBLE TITULACI\u00d3<\/a><\/p>\n<p>Dimarts 7 d&#8217;abril 18.00 h<br \/>\nPortes Obertes<\/p>\n<p>Dimecres 9 d&#8217;abril<br \/>\nOferta inicial de places<\/p>\n<p>27 d&#8217;abril al 6 de maig<br \/>\nPresentaci\u00f3 de les sol\u00b7licituds Doble Titulaci\u00f3 i Ensenyaments Esportius\u00a0en<a href=\"https:\/\/drive.google.com\/file\/d\/18a7N0yf1RLfStqGddRnyGp4KbRlMHLz6\/view\"> format telem\u00e0tic ENLLA\u00c7<\/a><\/p>\n<p>14 de maig<br \/>\nLlista de sol\u00b7licituds amb puntuaci\u00f3 provisional (pendent)<\/p>\n<p>14 al 20 de maig<br \/>\nPresentaci\u00f3 reclamacions al&hellip;  <a href=\"https:\/\/agora.xtec.cat\/iescabanyes\/informacio-preinscripcio-doble-titulacio-batxillerat-nocturn-ensenyaments-esportius\/\" title=\"Read Informaci\u00f3 preinscripci\u00f3 Doble titulaci\u00f3 Batxillerat (nocturn) + Ensenyaments Esportius\">Llegeix m\u00e9s\u00bb<\/a><\/p>\n","protected":false},"author":87,"featured_media":0,"parent":0,"menu_order":0,"comment_status":"closed","ping_status":"closed","template":"","meta":{"_bbp_topic_count":0,"_bbp_reply_count":0,"_bbp_total_topic_count":0,"_bbp_total_reply_count":0,"_bbp_voice_count":0,"_bbp_anonymous_reply_count":0,"_bbp_topic_count_hidden":0,"_bbp_reply_count_hidden":0,"_bbp_forum_subforum_count":0,"footnotes":""},"class_list":["post-18920","page","type-page","status-publish","hentry"],"post_mailing_queue_ids":[],"_links":{"self":[{"href":"https:\/\/agora.xtec.cat\/iescabanyes\/wp-json\/wp\/v2\/pages\/18920","targetHints":{"allow":["GET"]}}],"collection":[{"href":"https:\/\/agora.xtec.cat\/iescabanyes\/wp-json\/wp\/v2\/pages"}],"about":[{"href":"https:\/\/agora.xtec.cat\/iescabanyes\/wp-json\/wp\/v2\/types\/page"}],"author":[{"embeddable":true,"href":"https:\/\/agora.xtec.cat\/iescabanyes\/wp-json\/wp\/v2\/users\/87"}],"replies":[{"embeddable":true,"href":"https:\/\/agora.xtec.cat\/iescabanyes\/wp-json\/wp\/v2\/comments?post=18920"}],"version-history":[{"count":7,"href":"https:\/\/agora.xtec.cat\/iescabanyes\/wp-json\/wp\/v2\/pages\/18920\/revisions"}],"predecessor-version":[{"id":22517,"href":"https:\/\/agora.xtec.cat\/iescabanyes\/wp-json\/wp\/v2\/pages\/18920\/revisions\/22517"}],"wp:attachment":[{"href":"https:\/\/agora.xtec.cat\/iescabanyes\/wp-json\/wp\/v2\/media?parent=18920"}],"curies":[{"name":"wp","href":"https:\/\/api.w.org\/{rel}","templated":true}]}}