{"id":16733,"date":"2023-06-14T10:47:16","date_gmt":"2023-06-14T08:47:16","guid":{"rendered":"https:\/\/agora.xtec.cat\/iescabanyes\/?page_id=16733"},"modified":"2023-06-14T13:54:13","modified_gmt":"2023-06-14T11:54:13","slug":"estrategia","status":"publish","type":"page","link":"https:\/\/agora.xtec.cat\/iescabanyes\/estretegia-digital-de-centre\/estrategia\/","title":{"rendered":"Estrat\u00e8gia"},"content":{"rendered":"<p><strong>PROC\u00c9S D&#8217;ELABORACI\u00d3<br \/>\n<\/strong><\/p>\n<p>El centre disposa d\u2019una comissi\u00f3 d&#8217;estrat\u00e8gia digital de centre, formada per 5 membres que volen donar la representaci\u00f3 a tots els estaments o cicles que integra el centre. Tamb\u00e9 incorpora la directora del centre.<\/p>\n<p>Per dur a terme EDC aquesta comissi\u00f3 es reuneix de manera trimestral. Totes les decisions preses en el si de la comissi\u00f3 s\u00f3n transmeses al claustre, per considerar i recollir\u00a0 els diferents punts de vista, implicant a la resta de claustre, que no s\u00f3n el grup motor.<\/p>\n<p>Per finalitzar, la via de participaci\u00f3 de la comunitat educativa \u00e9s mitjan\u00e7ant el Consell Escolar on es troben representades tots els estaments del centre.<\/p>\n<p>&nbsp;<\/p>\n<p><strong>INTEGRACI\u00d3 DE L&#8217;ESTRAT\u00c8GIA DIGITAL DE CENTRE AL PROJECTE EDUCATIU DE CENTRE<\/strong><\/p>\n<p>L\u2019Estrat\u00e8gia digital de centre s\u2019ha realitzat despr\u00e9s d\u2019una diagnosi tenint en compte: la visi\u00f3 del centre en l\u2019\u00e0mbit digital, els objectius del PEC i del PdD, sense perdre de vista els objectius del PEDC. La comissi\u00f3 digital ha fet una selecci\u00f3 d\u2019objectius prioritaris per avan\u00e7ar i millorar la compet\u00e8ncia digital. Per cada objectiu plantejat, s\u2019han dissenyat activitats que permeten el seu assoliment amb els seus corresponents indicadors d\u2019impacte. Com l&#8217;EDC \u00e9s a mitj\u00e0 termini (4 anys), cal fer un seguiment per cursos que es far\u00e0 mitjan\u00e7ant la Programaci\u00f3 General Anual (PGA).<\/p>\n","protected":false},"excerpt":{"rendered":"<p>PROC\u00c9S D&#8217;ELABORACI\u00d3<\/p>\n<p>El centre disposa d\u2019una comissi\u00f3 d&#8217;estrat\u00e8gia digital de centre, formada per 5 membres que volen donar la representaci\u00f3 a tots els estaments o cicles que integra el centre. Tamb\u00e9 incorpora la directora del centre.<br \/>\nPer dur a terme EDC aquesta comissi\u00f3 es reuneix de manera&hellip;  <a href=\"https:\/\/agora.xtec.cat\/iescabanyes\/estretegia-digital-de-centre\/estrategia\/\" title=\"Read Estrat\u00e8gia\">Llegeix m\u00e9s\u00bb<\/a><\/p>\n","protected":false},"author":85,"featured_media":0,"parent":15517,"menu_order":1,"comment_status":"closed","ping_status":"closed","template":"page-templates\/side-menu.php","meta":{"_bbp_topic_count":0,"_bbp_reply_count":0,"_bbp_total_topic_count":0,"_bbp_total_reply_count":0,"_bbp_voice_count":0,"_bbp_anonymous_reply_count":0,"_bbp_topic_count_hidden":0,"_bbp_reply_count_hidden":0,"_bbp_forum_subforum_count":0,"footnotes":""},"class_list":["post-16733","page","type-page","status-publish","hentry"],"post_mailing_queue_ids":[],"_links":{"self":[{"href":"https:\/\/agora.xtec.cat\/iescabanyes\/wp-json\/wp\/v2\/pages\/16733","targetHints":{"allow":["GET"]}}],"collection":[{"href":"https:\/\/agora.xtec.cat\/iescabanyes\/wp-json\/wp\/v2\/pages"}],"about":[{"href":"https:\/\/agora.xtec.cat\/iescabanyes\/wp-json\/wp\/v2\/types\/page"}],"author":[{"embeddable":true,"href":"https:\/\/agora.xtec.cat\/iescabanyes\/wp-json\/wp\/v2\/users\/85"}],"replies":[{"embeddable":true,"href":"https:\/\/agora.xtec.cat\/iescabanyes\/wp-json\/wp\/v2\/comments?post=16733"}],"version-history":[{"count":3,"href":"https:\/\/agora.xtec.cat\/iescabanyes\/wp-json\/wp\/v2\/pages\/16733\/revisions"}],"predecessor-version":[{"id":16779,"href":"https:\/\/agora.xtec.cat\/iescabanyes\/wp-json\/wp\/v2\/pages\/16733\/revisions\/16779"}],"up":[{"embeddable":true,"href":"https:\/\/agora.xtec.cat\/iescabanyes\/wp-json\/wp\/v2\/pages\/15517"}],"wp:attachment":[{"href":"https:\/\/agora.xtec.cat\/iescabanyes\/wp-json\/wp\/v2\/media?parent=16733"}],"curies":[{"name":"wp","href":"https:\/\/api.w.org\/{rel}","templated":true}]}}