{"id":15578,"date":"2023-03-21T22:43:14","date_gmt":"2023-03-21T21:43:14","guid":{"rendered":"https:\/\/agora.xtec.cat\/iescabanyes\/?page_id=15578"},"modified":"2024-05-06T17:00:45","modified_gmt":"2024-05-06T15:00:45","slug":"batxillerat-esportiu","status":"publish","type":"page","link":"https:\/\/agora.xtec.cat\/iescabanyes\/ensenyaments-esportius-de-regim-especial\/batxillerat-esportiu\/","title":{"rendered":"Batxillerat Esportiu: Doble Titulaci\u00f3"},"content":{"rendered":"<p>&nbsp;<\/p>\n<h3 style=\"text-align: center;\"><strong><a href=\"https:\/\/sites.google.com\/institutcabanyes.cat\/institut-manuel-de-cabanyes\/oferta-destudis\/doble-titulaci\u00f3?authuser=0\">&#8211;&gt; \ud83d\udcda\ud83c\udfc0\ud83d\udedf\u26f5\ufe0f QU\u00c8 \u00c9S LA DOBLE TITULACI\u00d3 DE BATXILLERAT I ENSENYAMENTS ESPORTIUS \u26f5\ufe0f\ud83d\udedf\ud83c\udfc0\ud83d\udcda\u00a0<\/a><\/strong><\/h3>\n<p>&nbsp;<\/p>\n<p>Es tracta d\u2019un programa innovador que combina\u00a0<strong>estudis del batxillerat <\/strong>amb l\u2019ensenyament esportiu de\u00a0<strong>grau mitj\u00e0 de B\u00e0squet o de Salvament i Socorrisme o de Vela<\/strong>. Permet assolir les dues titulacions en\u00a0<strong>un per\u00edode de tres anys<\/strong>.<\/p>\n<p><a href=\"https:\/\/triaeducativa.gencat.cat\/ca\/batxillerat\/doble-titulacio\/batxillerat-esportius\/\" target=\"_blank\" rel=\"noopener\"><strong>Quin \u00e9s el programa d&#8217;estudis d&#8217;aquests ensenyaments?<\/strong><\/a><\/p>\n<p><strong>Primer any<\/strong>: Cicle Inicial de B\u00e0squet o Salvament i Socorrisme o Vela\u00a0 + 1r de Batxillerat<\/p>\n<p><strong>Segon any<\/strong>: Cicle Final de B\u00e0squet o Salvament i Socorrisme o Vela + 1r de Batxillerat<\/p>\n<p><strong>Tercer any<\/strong>: 2n de Batxillerat<\/p>\n<p><em>Convalidacions:<\/em> Realitzant l&#8217;Ensenyament Esportiu sencer, \u00e9s a dir, amb la Titulaci\u00f3 de T\u00e8cnic Esportiu de l&#8217;especialitat escollida, segons la resoluci\u00f3 de cada Centre, podr\u00e0s convalidar: Optatives de 1r i 2n curs de Batxillerat, l&#8217;assignatura d&#8217;estada a l&#8217;empresa, i el Treball de Recerca.<\/p>\n<p>Es tracta d\u2019un itinerari formatiu professionalitzador, per\u00f2 que a la vegada us prepara per seguir en el futur estudis superiors relacionats amb salut, esport i benestar com ara: Grau Universitari en Ci\u00e8ncies de l\u2019Activitat F\u00edsica i l\u2019Esport, Fisioter\u00e0pia, Infermeria, etc., poder cursar el Grau Superior de l&#8217;Especialitat triada i tindreu la possibilitat d&#8217;incorporaci\u00f3 al m\u00f3n laboral.<\/p>\n<p>En aquest <a href=\"https:\/\/sites.google.com\/view\/batxillerat-i-ensenyaments-esp\"><strong>enlla\u00e7<\/strong><\/a> podeu trobar tota la informaci\u00f3 sobre aquest Batxillerat Esportiu:<\/p>\n<p style=\"text-align: center;\"><a href=\"https:\/\/sites.google.com\/view\/batxillerat-i-ensenyaments-esp\"><strong>BATXILLERAT i ENSENYAMENTS ESPORTIUS<\/strong><\/a><\/p>\n<p><iframe loading=\"lazy\" title=\"video 6159349\" src=\"https:\/\/www.ccma.cat\/video\/embed\/6159349\/\" width=\"500px\" height=\"281px\" frameborder=\"0\" scrolling=\"no\" allowfullscreen=\"allowfullscreen\"><\/iframe><\/p>\n","protected":false},"excerpt":{"rendered":"<p>&nbsp;<br \/>\n<a href=\"https:\/\/sites.google.com\/institutcabanyes.cat\/institut-manuel-de-cabanyes\/oferta-destudis\/doble-titulaci\u00f3?authuser=0\">&#8211;&gt; \ud83d\udcda\ud83c\udfc0\ud83d\udedf\u26f5\ufe0f QU\u00c8 \u00c9S LA DOBLE TITULACI\u00d3 DE BATXILLERAT I ENSENYAMENTS ESPORTIUS \u26f5\ufe0f\ud83d\udedf\ud83c\udfc0\ud83d\udcda\u00a0<\/a><br \/>\n&nbsp;<br \/>\nEs tracta d\u2019un programa innovador que combina\u00a0estudis del batxillerat amb l\u2019ensenyament esportiu de\u00a0grau mitj\u00e0 de B\u00e0squet o de Salvament i Socorrisme o de Vela. Permet assolir les dues titulacions en\u00a0un per\u00edode de&hellip;  <a href=\"https:\/\/agora.xtec.cat\/iescabanyes\/ensenyaments-esportius-de-regim-especial\/batxillerat-esportiu\/\" title=\"Read Batxillerat Esportiu: Doble Titulaci\u00f3\">Llegeix m\u00e9s\u00bb<\/a><\/p>\n","protected":false},"author":87,"featured_media":0,"parent":12555,"menu_order":0,"comment_status":"closed","ping_status":"closed","template":"","meta":{"_bbp_topic_count":0,"_bbp_reply_count":0,"_bbp_total_topic_count":0,"_bbp_total_reply_count":0,"_bbp_voice_count":0,"_bbp_anonymous_reply_count":0,"_bbp_topic_count_hidden":0,"_bbp_reply_count_hidden":0,"_bbp_forum_subforum_count":0,"footnotes":""},"class_list":["post-15578","page","type-page","status-publish","hentry"],"post_mailing_queue_ids":[],"_links":{"self":[{"href":"https:\/\/agora.xtec.cat\/iescabanyes\/wp-json\/wp\/v2\/pages\/15578","targetHints":{"allow":["GET"]}}],"collection":[{"href":"https:\/\/agora.xtec.cat\/iescabanyes\/wp-json\/wp\/v2\/pages"}],"about":[{"href":"https:\/\/agora.xtec.cat\/iescabanyes\/wp-json\/wp\/v2\/types\/page"}],"author":[{"embeddable":true,"href":"https:\/\/agora.xtec.cat\/iescabanyes\/wp-json\/wp\/v2\/users\/87"}],"replies":[{"embeddable":true,"href":"https:\/\/agora.xtec.cat\/iescabanyes\/wp-json\/wp\/v2\/comments?post=15578"}],"version-history":[{"count":5,"href":"https:\/\/agora.xtec.cat\/iescabanyes\/wp-json\/wp\/v2\/pages\/15578\/revisions"}],"predecessor-version":[{"id":19176,"href":"https:\/\/agora.xtec.cat\/iescabanyes\/wp-json\/wp\/v2\/pages\/15578\/revisions\/19176"}],"up":[{"embeddable":true,"href":"https:\/\/agora.xtec.cat\/iescabanyes\/wp-json\/wp\/v2\/pages\/12555"}],"wp:attachment":[{"href":"https:\/\/agora.xtec.cat\/iescabanyes\/wp-json\/wp\/v2\/media?parent=15578"}],"curies":[{"name":"wp","href":"https:\/\/api.w.org\/{rel}","templated":true}]}}