{"id":15517,"date":"2023-03-14T12:51:48","date_gmt":"2023-03-14T11:51:48","guid":{"rendered":"https:\/\/agora.xtec.cat\/iescabanyes\/?page_id=15517"},"modified":"2023-06-14T14:14:11","modified_gmt":"2023-06-14T12:14:11","slug":"estretegia-digital-de-centre","status":"publish","type":"page","link":"https:\/\/agora.xtec.cat\/iescabanyes\/estretegia-digital-de-centre\/","title":{"rendered":"Estrat\u00e8gia Digital de Centre"},"content":{"rendered":"<p><strong><img loading=\"lazy\" decoding=\"async\" class=\"size-full wp-image-16034 alignnone\" src=\"https:\/\/agora.xtec.cat\/iescabanyes\/wp-content\/uploads\/usu559\/2023\/04\/01.png\" alt=\"\" width=\"635\" height=\"424\" srcset=\"https:\/\/agora.xtec.cat\/iescabanyes\/wp-content\/uploads\/usu559\/2023\/04\/01.png 635w, https:\/\/agora.xtec.cat\/iescabanyes\/wp-content\/uploads\/usu559\/2023\/04\/01-300x200.png 300w\" sizes=\"auto, (max-width: 635px) 100vw, 635px\" \/><\/strong><\/p>\n<p>L\u2019Estrat\u00e8gia Digital de Centre (EDC) de l\u2019Institut Manuel de Cabanyes \u00e9s un document viu i obert que recull totes les accions que es realitzen en el centre, i les que es realitzaran a mitj\u00e0 termini, per aconseguir la m\u00e0xima compet\u00e8ncia digital de l\u2019alumnat, del professorat i del centre educatiu. Per aconseguir aquesta compet\u00e8ncia digital, l\u2019EDC t\u00e9 com a referent el Pla d\u2019educaci\u00f3 digital de Catalunya (PEDC) i compr\u00e8n tots els \u00e0mbits del centre: organitzatius, metodol\u00f2gics, curriculars i comunicatius, els quals s\u2019han de veure necess\u00e0riament implicats i, si escau, transformats, des d\u2019una perspectiva d\u2019innovaci\u00f3 i de millora cont\u00ednua.<\/p>\n<p>Seguint les indicacions del document on es defineix l\u2019EDC, s\u2019ha estructurat aquesta part en les 4 fases de l&#8217;esquema.<\/p>\n","protected":false},"excerpt":{"rendered":"<p>L\u2019Estrat\u00e8gia Digital de Centre (EDC) de l\u2019Institut Manuel de Cabanyes \u00e9s un document viu i obert que recull totes les accions que es realitzen en el centre, i les que es realitzaran a mitj\u00e0 termini, per aconseguir la m\u00e0xima compet\u00e8ncia digital de l\u2019alumnat, del professorat&hellip;  <a href=\"https:\/\/agora.xtec.cat\/iescabanyes\/estretegia-digital-de-centre\/\" title=\"Read Estrat\u00e8gia Digital de Centre\">Llegeix m\u00e9s\u00bb<\/a><\/p>\n","protected":false},"author":85,"featured_media":0,"parent":0,"menu_order":0,"comment_status":"closed","ping_status":"closed","template":"page-templates\/side-menu.php","meta":{"_bbp_topic_count":0,"_bbp_reply_count":0,"_bbp_total_topic_count":0,"_bbp_total_reply_count":0,"_bbp_voice_count":0,"_bbp_anonymous_reply_count":0,"_bbp_topic_count_hidden":0,"_bbp_reply_count_hidden":0,"_bbp_forum_subforum_count":0,"footnotes":""},"class_list":["post-15517","page","type-page","status-publish","hentry"],"post_mailing_queue_ids":[],"_links":{"self":[{"href":"https:\/\/agora.xtec.cat\/iescabanyes\/wp-json\/wp\/v2\/pages\/15517","targetHints":{"allow":["GET"]}}],"collection":[{"href":"https:\/\/agora.xtec.cat\/iescabanyes\/wp-json\/wp\/v2\/pages"}],"about":[{"href":"https:\/\/agora.xtec.cat\/iescabanyes\/wp-json\/wp\/v2\/types\/page"}],"author":[{"embeddable":true,"href":"https:\/\/agora.xtec.cat\/iescabanyes\/wp-json\/wp\/v2\/users\/85"}],"replies":[{"embeddable":true,"href":"https:\/\/agora.xtec.cat\/iescabanyes\/wp-json\/wp\/v2\/comments?post=15517"}],"version-history":[{"count":3,"href":"https:\/\/agora.xtec.cat\/iescabanyes\/wp-json\/wp\/v2\/pages\/15517\/revisions"}],"predecessor-version":[{"id":16778,"href":"https:\/\/agora.xtec.cat\/iescabanyes\/wp-json\/wp\/v2\/pages\/15517\/revisions\/16778"}],"wp:attachment":[{"href":"https:\/\/agora.xtec.cat\/iescabanyes\/wp-json\/wp\/v2\/media?parent=15517"}],"curies":[{"name":"wp","href":"https:\/\/api.w.org\/{rel}","templated":true}]}}