{"id":13908,"date":"2022-09-13T16:39:55","date_gmt":"2022-09-13T14:39:55","guid":{"rendered":"https:\/\/agora.xtec.cat\/iescabanyes\/?page_id=13908"},"modified":"2022-09-13T16:46:56","modified_gmt":"2022-09-13T14:46:56","slug":"segona-fase-dadmissio-cicles-setembre-2022","status":"publish","type":"page","link":"https:\/\/agora.xtec.cat\/iescabanyes\/segona-fase-dadmissio-cicles-setembre-2022\/","title":{"rendered":"SEGONA FASE D&#8217;ADMISSI\u00d3 CICLES SETEMBRE 2022"},"content":{"rendered":"<p>VACANTS:<\/p>\n<table style=\"border-collapse: collapse; width: 100%;\">\n<tbody>\n<tr>\n<td style=\"width: 33.3333%; text-align: center;\">ESTUDIS<\/td>\n<td style=\"width: 33.3333%; text-align: center;\">CURS<\/td>\n<td style=\"width: 33.3333%; text-align: center;\">NOMBRE DE VACANTS<\/td>\n<\/tr>\n<tr>\n<td style=\"width: 33.3333%; text-align: center;\">CFGM GUIAMN (GUIA EN EL MEDI NATURAL I DE TEMPS DE LLEURE)<\/td>\n<td style=\"width: 33.3333%; text-align: center;\">2n Curs de GUIAMN<\/td>\n<td style=\"width: 33.3333%; text-align: center;\">2<\/td>\n<\/tr>\n<tr>\n<td style=\"width: 33.3333%; text-align: center;\">CFGS TSEAS (ENSENYAMENTS I ANIMACI\u00d3 SOCIOESPORTIVA)<\/td>\n<td style=\"width: 33.3333%; text-align: center;\">1r Curs de TSEAS<\/td>\n<td style=\"width: 33.3333%; text-align: center;\">3<\/td>\n<\/tr>\n<\/tbody>\n<\/table>\n<p>RESUM PROCEDIMENT SEGONA FASE:<\/p>\n<ul>\n<li>Els alumnes que podeu participar en aquesta segona fase d&#8217;admissi\u00f3 sou aquells que vau participar i no vau obtenir pla\u00e7a ni per assignaci\u00f3 ni per la gesti\u00f3 de llista d&#8217;espera. Si compliu aquests requisits<strong> rebreu un correu electr\u00f2nic<\/strong> amb un enlla\u00e7 (des del Departament d&#8217;Educaci\u00f3)<\/li>\n<li>El per\u00edode per presentar l&#8217;ampliaci\u00f3 de sol\u00b7licituds en aquesta segona fase \u00e9s\u00a0del\u00a0<strong>14<\/strong>\u00a0<strong>al 16 de setembre de 2022<\/strong>.<\/li>\n<li>Pots consultar les vacants al web dels centres o en la p\u00e0gina web de preinscipcions<\/li>\n<li>Per accedir-hi cal que t&#8217;identifiquis amb el <strong>codi de sol\u00b7licitud i el teu DNI<\/strong> si ets major d&#8217;edat, o el del teu tutor referent si ets menor d&#8217;edat.<\/li>\n<li>Pots introduir fins a cinc peticions m\u00e9s d&#8217;entre els centres i cicles amb oferta de vacants en la segona fase d&#8217;admissi\u00f3.<br \/>\nEn aquesta segona fase d&#8217;admissi\u00f3 les sol\u00b7licituds s&#8217;assignen en primer lloc a les sol\u00b7licituds del proc\u00e9s per a alumnat de continu\u00eftat d&#8217;escolaritzaci\u00f3 i, posteriorment les del proc\u00e9s per a la resta de l&#8217;alumnat, en els dos casos, ordenades d&#8217;acord amb la qualificaci\u00f3 mitjana dels estudis o la qualificaci\u00f3 de la prova que permet l&#8217;acc\u00e9s.<\/li>\n<\/ul>\n<ul>\n<li>Pots consultar les assignacions finals en aquest web o en el centre a partir del\u00a0<strong>21 de setembre de 2022<\/strong>.<\/li>\n<\/ul>\n<p><a href=\"https:\/\/preinscripcio.gencat.cat\/ca\/estudis\/fp-grau-mitja\/preinscriute\/segona-fase-admissio\/\">ENLLA\u00c7 INFORMACI\u00d3 DEPARTAMENT D&#8217;EDUCACI\u00d3<\/a><\/p>\n","protected":false},"excerpt":{"rendered":"<p>VACANTS:<\/p>\n<p>ESTUDIS<br \/>\nCURS<br \/>\nNOMBRE DE VACANTS<\/p>\n<p>CFGM GUIAMN (GUIA EN EL MEDI NATURAL I DE TEMPS DE LLEURE)<br \/>\n2n Curs de GUIAMN<br \/>\n2<\/p>\n<p>CFGS TSEAS (ENSENYAMENTS I ANIMACI\u00d3 SOCIOESPORTIVA)<br \/>\n1r Curs de TSEAS<br \/>\n3<\/p>\n<p>RESUM PROCEDIMENT SEGONA FASE:<\/p>\n<ul>\n<li>Els alumnes que podeu participar en aquesta segona fase d&#8217;admissi\u00f3 sou aquells que vau participar i no vau&hellip;  <a href=\"https:\/\/agora.xtec.cat\/iescabanyes\/segona-fase-dadmissio-cicles-setembre-2022\/\" title=\"Read SEGONA FASE D&#8217;ADMISSI\u00d3 CICLES SETEMBRE 2022\">Llegeix m\u00e9s\u00bb<\/a><br \/>\n","protected":false},"author":1,"featured_media":0,"parent":0,"menu_order":0,"comment_status":"closed","ping_status":"closed","template":"","meta":{"_bbp_topic_count":0,"_bbp_reply_count":0,"_bbp_total_topic_count":0,"_bbp_total_reply_count":0,"_bbp_voice_count":0,"_bbp_anonymous_reply_count":0,"_bbp_topic_count_hidden":0,"_bbp_reply_count_hidden":0,"_bbp_forum_subforum_count":0,"footnotes":""},"class_list":["post-13908","page","type-page","status-publish","hentry"],"post_mailing_queue_ids":[],"_links":{"self":[{"href":"https:\/\/agora.xtec.cat\/iescabanyes\/wp-json\/wp\/v2\/pages\/13908","targetHints":{"allow":["GET"]}}],"collection":[{"href":"https:\/\/agora.xtec.cat\/iescabanyes\/wp-json\/wp\/v2\/pages"}],"about":[{"href":"https:\/\/agora.xtec.cat\/iescabanyes\/wp-json\/wp\/v2\/types\/page"}],"author":[{"embeddable":true,"href":"https:\/\/agora.xtec.cat\/iescabanyes\/wp-json\/wp\/v2\/users\/1"}],"replies":[{"embeddable":true,"href":"https:\/\/agora.xtec.cat\/iescabanyes\/wp-json\/wp\/v2\/comments?post=13908"}],"version-history":[{"count":3,"href":"https:\/\/agora.xtec.cat\/iescabanyes\/wp-json\/wp\/v2\/pages\/13908\/revisions"}],"predecessor-version":[{"id":13911,"href":"https:\/\/agora.xtec.cat\/iescabanyes\/wp-json\/wp\/v2\/pages\/13908\/revisions\/13911"}],"wp:attachment":[{"href":"https:\/\/agora.xtec.cat\/iescabanyes\/wp-json\/wp\/v2\/media?parent=13908"}],"curies":[{"name":"wp","href":"https:\/\/api.w.org\/{rel}","templated":true}]}}