{"id":13892,"date":"2022-09-11T19:07:58","date_gmt":"2022-09-11T17:07:58","guid":{"rendered":"https:\/\/agora.xtec.cat\/iescabanyes\/?page_id=13892"},"modified":"2025-09-23T11:02:34","modified_gmt":"2025-09-23T09:02:34","slug":"convalidacions","status":"publish","type":"page","link":"https:\/\/agora.xtec.cat\/iescabanyes\/convalidacions\/","title":{"rendered":"CONVALIDACIONS"},"content":{"rendered":"<p><strong>CONVALIDACIONS ESTUDIS DE M\u00daSICA<\/strong><\/p>\n<table style=\"border-collapse: collapse; width: 100%;\">\n<tbody>\n<tr>\n<td style=\"width: 22.2758%;\"><\/td>\n<td style=\"width: 21.4813%;\">RESUM NORMATIVA<\/td>\n<td style=\"width: 29.4268%;\">SOL\u00b7LICITUD<\/td>\n<td style=\"width: 26.8161%;\">CERTIFICAT CONSERVATORI O ESCOLA DE M\u00daSICA<\/td>\n<\/tr>\n<tr>\n<td style=\"width: 22.2758%;\">ALUMNAT ESO<\/td>\n<td style=\"width: 21.4813%;\"><a href=\"https:\/\/docs.google.com\/document\/d\/1_1YPeZ3oCAGxV7-L-yLacS6vz5R_G9wpibq5GgsKjc8\/edit?usp=sharing\">Normativa ESO m\u00fasica<\/a><\/td>\n<td style=\"width: 29.4268%;\"><a href=\"https:\/\/drive.google.com\/file\/d\/1C_GfAfTPuxEDr11S1OyHnImTdUVuGIpw\/view?usp=sharing\">Sol\u00b7licitud fam\u00edlies ESO<\/a><\/td>\n<td style=\"width: 26.8161%;\"><a href=\"https:\/\/drive.google.com\/file\/d\/1itzW6WwdJXtBsZP9NqCw5VZgIb9wmxlP\/view?usp=sharing\">Certificat ESO Conservatori<\/a><\/p>\n<p><a href=\"https:\/\/drive.google.com\/file\/d\/1La__ZHytsL9w2wdOr7HuxP-vZlMAchLh\/view?usp=sharing\">Certificat ESO Escoles de m\u00fasica<\/a><\/td>\n<\/tr>\n<tr>\n<td style=\"width: 22.2758%;\">ALUMNAT BATXILLERAT<\/td>\n<td style=\"width: 21.4813%;\"><a href=\"https:\/\/docs.google.com\/document\/d\/1du_GhwHUto5txiBjppTlf48w9QkgCZTHSOMMMGutLV8\/edit?usp=sharing\">Normativa BATXILLERAT m\u00fasica<\/a><\/td>\n<td style=\"width: 29.4268%;\"><a href=\"https:\/\/drive.google.com\/file\/d\/1j5vVBNIRgoHFUxUzYkHJvVnAFjvjnjbO\/view?usp=sharing\">Sol\u00b7licitud CONSERVATORI Batxillerat<\/a><\/p>\n<p><a href=\"https:\/\/drive.google.com\/file\/d\/19NXPilLothLODV3izsgGliHpza_qRHp4\/view?usp=sharing\">Sol\u00b7licitud ESCOLES DE M\u00daSICA Batxillerat<\/a><\/td>\n<td style=\"width: 26.8161%;\"><a href=\"https:\/\/drive.google.com\/file\/d\/1oc5rUvm7LM-ZzrO4pYYGAfHPRciSW57_\/view?usp=sharing\">Certificat BAT Conservatori<\/a><\/p>\n<p><a href=\"https:\/\/drive.google.com\/file\/d\/18GBlA4x5XAMstXFMQzpbZK-o4zvS0AHL\/view?usp=sharing\">Certificat BAT Escoles de m\u00fasica<\/a><\/td>\n<\/tr>\n<\/tbody>\n<\/table>\n<p><strong>CONVALIDACIONS DEDICACI\u00d3 SIGNIFICATIVA A L&#8217;ESPORT<\/strong><\/p>\n<table style=\"border-collapse: collapse; width: 100%;\">\n<tbody>\n<tr>\n<td style=\"width: 16.1465%;\"><\/td>\n<td style=\"width: 33.8535%;\"><\/td>\n<td style=\"width: 25%;\"><\/td>\n<\/tr>\n<tr>\n<td style=\"width: 16.1465%;\">ALUMNAT ESO<\/td>\n<td style=\"width: 33.8535%;\"><a href=\"https:\/\/docs.google.com\/document\/d\/1XJUHczfgzQDwgem0tVGM-avnU5T-ml_kddGoWEmAoXk\/edit?usp=sharing\">Normativa ESO alumnat que forma part del programa ARC (esportistes d&#8217;alt rendiment)<\/a><\/td>\n<td style=\"width: 25%;\"><a href=\"https:\/\/drive.google.com\/file\/d\/1Nn1K024vCvIvYfyewRhqkNHom4suZPby\/view?usp=sharing\">Sol\u00b7licitud convalidaci\u00f3 Educaci\u00f3 F\u00edsica ESO<\/a><\/td>\n<\/tr>\n<tr>\n<td style=\"width: 16.1465%;\">ALUMNAT BATXILLERAT<\/td>\n<td style=\"width: 33.8535%;\"><a href=\"https:\/\/docs.google.com\/document\/d\/11SchejjR_bMpJ0NmkJifUXs7AWbOAmmWJulAhg_fUAk\/edit?usp=sharing\">Normativa BATXILLERAT alumnat que forma part del programa ARC (esportistes d&#8217;alt rendiment)<\/a><\/td>\n<td style=\"width: 25%;\">INST\u00c0NCIA GEN\u00c8RICA<\/td>\n<\/tr>\n<\/tbody>\n<\/table>\n<p><strong>CONVALIDACIONS SEGONA LLENGUA ESTRANGERA EOI<\/strong><\/p>\n<table style=\"border-collapse: collapse; width: 100%;\">\n<tbody>\n<tr>\n<td style=\"width: 16.1465%;\"><\/td>\n<td style=\"width: 33.8535%;\"><\/td>\n<td style=\"width: 25%;\"><\/td>\n<\/tr>\n<tr>\n<td style=\"width: 16.1465%;\">ALUMNAT BATXILLERAT<\/td>\n<td style=\"width: 33.8535%;\"><a href=\"https:\/\/docs.google.com\/document\/d\/1FT5QaKo7yIq3S1Ml0eACHn96wbkog_gSNySKfNGPGI8\/edit?usp=sharing\">Normativa BATXILLERAT alumnat que cursa estudis EOI<\/a><\/td>\n<td style=\"width: 25%;\"><a href=\"https:\/\/drive.google.com\/file\/d\/1BKVZKQab2x9S9eaIrdRl2LTdi3fJ8RPt\/view?usp=sharing\">Sol\u00b7licitud convalidaci\u00f3 EOI<\/a><\/p>\n<p><a href=\"https:\/\/drive.google.com\/file\/d\/1T7sGfXv8HyhuzNJG8v3_70OmPqMofQQA\/view?usp=sharing\">Certificat EOI<\/a><\/td>\n<\/tr>\n<\/tbody>\n<\/table>\n<p><strong>CONVALIDACIONS ESTUDIS DE DANSA<\/strong>: Poseu-vos en contacte amb el tutor\/a o coordinaci\u00f3<\/p>\n<p><strong>ALTRES CONVALIDACIONS<\/strong>: Poseu-vos en contacte amb el tutor\/tutora o coordinaci\u00f3<\/p>\n","protected":false},"excerpt":{"rendered":"<p>CONVALIDACIONS ESTUDIS DE M\u00daSICA<\/p>\n<p>RESUM NORMATIVA<br \/>\nSOL\u00b7LICITUD<br \/>\nCERTIFICAT CONSERVATORI O ESCOLA DE M\u00daSICA<\/p>\n<p>ALUMNAT ESO<br \/>\n<a href=\"https:\/\/docs.google.com\/document\/d\/1_1YPeZ3oCAGxV7-L-yLacS6vz5R_G9wpibq5GgsKjc8\/edit?usp=sharing\">Normativa ESO m\u00fasica<\/a><br \/>\n<a href=\"https:\/\/drive.google.com\/file\/d\/1C_GfAfTPuxEDr11S1OyHnImTdUVuGIpw\/view?usp=sharing\">Sol\u00b7licitud fam\u00edlies ESO<\/a><br \/>\n<a href=\"https:\/\/drive.google.com\/file\/d\/1itzW6WwdJXtBsZP9NqCw5VZgIb9wmxlP\/view?usp=sharing\">Certificat ESO Conservatori<\/a><br \/>\n<a href=\"https:\/\/drive.google.com\/file\/d\/1La__ZHytsL9w2wdOr7HuxP-vZlMAchLh\/view?usp=sharing\">Certificat ESO Escoles de m\u00fasica<\/a><\/p>\n<p>ALUMNAT BATXILLERAT<br \/>\n<a href=\"https:\/\/docs.google.com\/document\/d\/1du_GhwHUto5txiBjppTlf48w9QkgCZTHSOMMMGutLV8\/edit?usp=sharing\">Normativa BATXILLERAT m\u00fasica<\/a><br \/>\n<a href=\"https:\/\/drive.google.com\/file\/d\/1j5vVBNIRgoHFUxUzYkHJvVnAFjvjnjbO\/view?usp=sharing\">Sol\u00b7licitud CONSERVATORI Batxillerat<\/a><br \/>\n<a href=\"https:\/\/drive.google.com\/file\/d\/19NXPilLothLODV3izsgGliHpza_qRHp4\/view?usp=sharing\">Sol\u00b7licitud ESCOLES DE M\u00daSICA Batxillerat<\/a><br \/>\n<a href=\"https:\/\/drive.google.com\/file\/d\/1oc5rUvm7LM-ZzrO4pYYGAfHPRciSW57_\/view?usp=sharing\">Certificat BAT Conservatori<\/a><br \/>\n<a href=\"https:\/\/drive.google.com\/file\/d\/18GBlA4x5XAMstXFMQzpbZK-o4zvS0AHL\/view?usp=sharing\">Certificat BAT Escoles de m\u00fasica<\/a><\/p>\n<p>CONVALIDACIONS&hellip;  <a href=\"https:\/\/agora.xtec.cat\/iescabanyes\/convalidacions\/\" title=\"Read CONVALIDACIONS\">Llegeix m\u00e9s\u00bb<\/a><\/p>\n","protected":false},"author":1,"featured_media":0,"parent":0,"menu_order":0,"comment_status":"closed","ping_status":"closed","template":"","meta":{"_bbp_topic_count":0,"_bbp_reply_count":0,"_bbp_total_topic_count":0,"_bbp_total_reply_count":0,"_bbp_voice_count":0,"_bbp_anonymous_reply_count":0,"_bbp_topic_count_hidden":0,"_bbp_reply_count_hidden":0,"_bbp_forum_subforum_count":0,"footnotes":""},"class_list":["post-13892","page","type-page","status-publish","hentry"],"post_mailing_queue_ids":[],"_links":{"self":[{"href":"https:\/\/agora.xtec.cat\/iescabanyes\/wp-json\/wp\/v2\/pages\/13892","targetHints":{"allow":["GET"]}}],"collection":[{"href":"https:\/\/agora.xtec.cat\/iescabanyes\/wp-json\/wp\/v2\/pages"}],"about":[{"href":"https:\/\/agora.xtec.cat\/iescabanyes\/wp-json\/wp\/v2\/types\/page"}],"author":[{"embeddable":true,"href":"https:\/\/agora.xtec.cat\/iescabanyes\/wp-json\/wp\/v2\/users\/1"}],"replies":[{"embeddable":true,"href":"https:\/\/agora.xtec.cat\/iescabanyes\/wp-json\/wp\/v2\/comments?post=13892"}],"version-history":[{"count":6,"href":"https:\/\/agora.xtec.cat\/iescabanyes\/wp-json\/wp\/v2\/pages\/13892\/revisions"}],"predecessor-version":[{"id":21757,"href":"https:\/\/agora.xtec.cat\/iescabanyes\/wp-json\/wp\/v2\/pages\/13892\/revisions\/21757"}],"wp:attachment":[{"href":"https:\/\/agora.xtec.cat\/iescabanyes\/wp-json\/wp\/v2\/media?parent=13892"}],"curies":[{"name":"wp","href":"https:\/\/api.w.org\/{rel}","templated":true}]}}