{"id":13018,"date":"2022-05-03T23:04:08","date_gmt":"2022-05-03T21:04:08","guid":{"rendered":"https:\/\/agora.xtec.cat\/iescabanyes\/?page_id=13018"},"modified":"2022-05-03T23:08:40","modified_gmt":"2022-05-03T21:08:40","slug":"estudis-esportius-de-regim-especial","status":"publish","type":"page","link":"https:\/\/agora.xtec.cat\/iescabanyes\/estudis-esportius-de-regim-especial\/","title":{"rendered":"ESTUDIS ESPORTIUS DE R\u00c8GIM ESPECIAL"},"content":{"rendered":"<h5>PER\u00cdODE PRESENTACI\u00d3 PREINSCRIPCI\u00d3 : Del 2 al 23 de maig de 2022.<\/h5>\n<p><a href=\"https:\/\/documents.espai.educacio.gencat.cat\/FormularisModels\/CentresGestioAdministrativa\/A73.pdf\">ENLLA\u00c7 FORMULARI DE PREINSCRIPCI\u00d3 (l&#8217;heu de presentar presencialment al centre)<\/a><\/p>\n<p><a href=\"https:\/\/educacio.gencat.cat\/ca\/serveis-tramits\/proves\/proves-acces\/espec-esportius\/\">INFORMACI\u00d3 PROVES D&#8217;ACC\u00c9S (CALENDARI, SEUS, PREUS, &#8230;)<\/a><\/p>\n<p>HORARIS CURS 2022-2023 (En breu)<\/p>\n<p><a href=\"https:\/\/triaeducativa.gencat.cat\/ca\/esportius\/preus-publics\/\">PREUS P\u00daBLICS\u00a0<\/a><\/p>\n<table style=\"border-collapse: collapse; width: 100%; height: 199px;\">\n<tbody>\n<tr style=\"height: 32px;\">\n<td style=\"width: 41.4254%; height: 32px;\">Correu electr\u00f2nic per m\u00e9s informaci\u00f3<\/td>\n<td style=\"width: 58.5746%; height: 32px;\">ensenyamentsesportius@institutcabanyes.cat<\/td>\n<\/tr>\n<tr style=\"height: 135px;\">\n<td style=\"width: 41.4254%; height: 135px;\">Informaci\u00f3 estudis ofertats al centre<\/td>\n<td style=\"width: 58.5746%; height: 135px;\"><a href=\"https:\/\/agora.xtec.cat\/iescabanyes\/ensenyaments-esportius-de-vela-regim-especial\/\">ENSENYAMENTS ESPORTIUS VELA<\/a><\/p>\n<p><a href=\"https:\/\/agora.xtec.cat\/iescabanyes\/ensenyaments-esportius-de-salvament-i-socorrisme\/\">ENSENYAMENTS ESPORTIUS SALVAMENT I SOCORRISME<\/a><\/p>\n<p><a href=\"https:\/\/agora.xtec.cat\/iescabanyes\/ensenyaments-esportius-de-basquetbol\/\">ENSENYAMENTS ESPORTIUS BASQUETBOL<\/a><\/td>\n<\/tr>\n<tr style=\"height: 32px;\">\n<td style=\"width: 41.4254%; height: 32px;\">Informaci\u00f3 Departament d&#8217;Educaci\u00f3<\/td>\n<td style=\"width: 58.5746%; height: 32px;\">M\u00c9S INFORMACI\u00d3<\/td>\n<\/tr>\n<\/tbody>\n<\/table>\n","protected":false},"excerpt":{"rendered":"<p>PER\u00cdODE PRESENTACI\u00d3 PREINSCRIPCI\u00d3 : Del 2 al 23 de maig de 2022.<br \/>\n<a href=\"https:\/\/documents.espai.educacio.gencat.cat\/FormularisModels\/CentresGestioAdministrativa\/A73.pdf\">ENLLA\u00c7 FORMULARI DE PREINSCRIPCI\u00d3 (l&#8217;heu de presentar presencialment al centre)<\/a><br \/>\n<a href=\"https:\/\/educacio.gencat.cat\/ca\/serveis-tramits\/proves\/proves-acces\/espec-esportius\/\">INFORMACI\u00d3 PROVES D&#8217;ACC\u00c9S (CALENDARI, SEUS, PREUS, &#8230;)<\/a><br \/>\nHORARIS CURS 2022-2023 (En breu)<br \/>\n<a href=\"https:\/\/triaeducativa.gencat.cat\/ca\/esportius\/preus-publics\/\">PREUS P\u00daBLICS\u00a0<\/a><\/p>\n<p>Correu electr\u00f2nic per m\u00e9s informaci\u00f3<br \/>\nensenyamentsesportius@institutcabanyes.cat<\/p>\n<p>Informaci\u00f3 estudis ofertats al centre<br \/>\n<a href=\"https:\/\/agora.xtec.cat\/iescabanyes\/ensenyaments-esportius-de-vela-regim-especial\/\">ENSENYAMENTS ESPORTIUS&hellip;  <a href=\"https:\/\/agora.xtec.cat\/iescabanyes\/estudis-esportius-de-regim-especial\/\" title=\"Read ESTUDIS ESPORTIUS DE R\u00c8GIM ESPECIAL\">Llegeix m\u00e9s\u00bb<\/a><\/p>\n","protected":false},"author":1,"featured_media":0,"parent":0,"menu_order":0,"comment_status":"closed","ping_status":"closed","template":"","meta":{"_bbp_topic_count":0,"_bbp_reply_count":0,"_bbp_total_topic_count":0,"_bbp_total_reply_count":0,"_bbp_voice_count":0,"_bbp_anonymous_reply_count":0,"_bbp_topic_count_hidden":0,"_bbp_reply_count_hidden":0,"_bbp_forum_subforum_count":0,"footnotes":""},"class_list":["post-13018","page","type-page","status-publish","hentry"],"post_mailing_queue_ids":[],"_links":{"self":[{"href":"https:\/\/agora.xtec.cat\/iescabanyes\/wp-json\/wp\/v2\/pages\/13018","targetHints":{"allow":["GET"]}}],"collection":[{"href":"https:\/\/agora.xtec.cat\/iescabanyes\/wp-json\/wp\/v2\/pages"}],"about":[{"href":"https:\/\/agora.xtec.cat\/iescabanyes\/wp-json\/wp\/v2\/types\/page"}],"author":[{"embeddable":true,"href":"https:\/\/agora.xtec.cat\/iescabanyes\/wp-json\/wp\/v2\/users\/1"}],"replies":[{"embeddable":true,"href":"https:\/\/agora.xtec.cat\/iescabanyes\/wp-json\/wp\/v2\/comments?post=13018"}],"version-history":[{"count":2,"href":"https:\/\/agora.xtec.cat\/iescabanyes\/wp-json\/wp\/v2\/pages\/13018\/revisions"}],"predecessor-version":[{"id":13023,"href":"https:\/\/agora.xtec.cat\/iescabanyes\/wp-json\/wp\/v2\/pages\/13018\/revisions\/13023"}],"wp:attachment":[{"href":"https:\/\/agora.xtec.cat\/iescabanyes\/wp-json\/wp\/v2\/media?parent=13018"}],"curies":[{"name":"wp","href":"https:\/\/api.w.org\/{rel}","templated":true}]}}