{"id":13,"date":"2014-09-12T11:05:02","date_gmt":"2014-09-12T11:05:02","guid":{"rendered":"http:\/\/agora.xtec.cat\/iescabanyes\/?page_id=13"},"modified":"2026-04-15T09:34:02","modified_gmt":"2026-04-15T07:34:02","slug":"avis","status":"publish","type":"page","link":"https:\/\/agora.xtec.cat\/iescabanyes\/","title":{"rendered":"Av\u00eds"},"content":{"rendered":"<table style=\"border-collapse: collapse; width: 101.838739%;\">\n<tbody>\n<tr>\n<td style=\"width: 24.7938%;\"><span style=\"color: #000000;\">ESO<\/span><\/td>\n<td style=\"width: 78.330936%;\"><a href=\"https:\/\/drive.google.com\/file\/d\/1V35lIji1O2pXHO0jcKpIaNySzViAirQc\/view?usp=sharing\">LLISTA DE SOL\u00b7LICITUDS<\/a> (15\/4\/2026)<\/p>\n<p><a href=\"https:\/\/agora.xtec.cat\/iescabanyes\/preinscripcio-eso-curs-2026-2027\/\">INFORMACI\u00d3 PROC\u00c9S DE PREINSCRIPCI\u00d3 ESO<\/a><\/td>\n<\/tr>\n<tr>\n<td style=\"width: 24.7938%;\">BATXIBAC: DOBLE TITULACI\u00d3 BATXILLER-BACCAL\u00c1UREAT<\/td>\n<td style=\"width: 78.330936%;\"><a href=\"https:\/\/drive.google.com\/file\/d\/1TZMDNzT-xnKo8DTzDW03Woq_AwkOLTfO\/view?usp=sharing\">LLISTAT ADMESOS I LLISTA D&#8217;ESPERA<\/a> (8\/4\/26)<\/p>\n<p><a href=\"https:\/\/agora.xtec.cat\/iescabanyes\/preinscripcio-batxillerat-i-batxibac-2026-2027\/\">INFORMACI\u00d3 PROC\u00c9S DE PREINSCRIPCI\u00d3 BATXIBAC<\/a><\/td>\n<\/tr>\n<tr>\n<td style=\"width: 24.7938%;\">BATXILLERAT<\/td>\n<td style=\"width: 78.330936%;\">PORTES OBERTES: <strong>Divendres 10 d&#8217;abril a les 18.00 h<\/strong><\/p>\n<p><a href=\"https:\/\/forms.gle\/q3dnjVqmwYuLMcrP9\">ENLLA\u00c7 FORMULARI PORTES OBERTES BATXILLERAT<\/a><\/p>\n<p><a href=\"https:\/\/agora.xtec.cat\/iescabanyes\/preinscripcio-batxillerat-curs-2026-2027\/\">INFORMACI\u00d3 PROC\u00c9S DE PREINSCRIPCI\u00d3 BATXILLERAT<\/a><\/p>\n<p><a href=\"https:\/\/drive.google.com\/file\/d\/1FALqU9yAaNG0EM0YaGKSFtbJxxIEVT_j\/view?usp=sharing\">OFERTA INICIAL BATXILLERAT<\/a> (8\/4\/26)<\/td>\n<\/tr>\n<tr>\n<td style=\"width: 24.7938%;\">DOBLE TITULACI\u00d3 BATIXLLERAT+ENSENYAMENTS ESPORTIUS<\/td>\n<td style=\"width: 78.330936%;\"><a href=\"https:\/\/forms.gle\/yFzq7vrbZrXAmVdV6\">ENLLA\u00c7 FORMULARI DOBLE TITULACI\u00d3 BATXILLERAT + ENSENYAMENTS ESPORTIUS<\/a><\/p>\n<p>SESSI\u00d3 INFORMATIVA DIMECRES 29 D&#8217;ABRIL 18:00 H<\/td>\n<\/tr>\n<tr>\n<td style=\"width: 24.7938%;\">CICLES FORMATIUS GUIAMN I TSEAS<\/td>\n<td style=\"width: 78.330936%;\">Portes Obertes cicles: <strong>Dimecres 20 de maig<\/strong> (Pr\u00f2ximament publicarem formulari d&#8217;inscripci\u00f3)<\/p>\n<p><a href=\"https:\/\/agora.xtec.cat\/iescabanyes\/preinscripcio-cicles-curs-2026-2027\/\">INFORMACI\u00d3 PROC\u00c9S DE PREINSCRIPCI\u00d3 CICLES I ERE<\/a><\/td>\n<\/tr>\n<tr>\n<td style=\"width: 24.7938%;\">ENSENYAMENTS ESPORTIUS BASQUETBOL, SOS I VELA<\/td>\n<td style=\"width: 78.330936%;\">Portes Obertes nom\u00e9s ERE: <strong>Dimecres 29 d&#8217;abril 18:00 h<\/strong> \u00a0(Pr\u00f2ximament publicarem formulari d\u2019inscripci\u00f3)<\/p>\n<p><a href=\"https:\/\/agora.xtec.cat\/iescabanyes\/preinscripcio-cicles-curs-2026-2027\/\">INFORMACI\u00d3 PROC\u00c9S DE PREINSCRIPCI\u00d3 CICLES I ERE<\/a><\/td>\n<\/tr>\n<\/tbody>\n<\/table>\n<h4 style=\"text-align: center;\"><\/h4>\n<h4 style=\"text-align: center;\"><span style=\"text-decoration: underline; color: #339966;\"><a style=\"color: #339966; text-decoration: underline;\" href=\"https:\/\/sites.google.com\/institutcabanyes.cat\/institut-manuel-de-cabanyes\/inici?authuser=0\">\u27a1 TOT SOBRE ELS ENSENYAMENTS ESPORTIUS DE R\u00c8GIM ESPECIAL AQU\u00cd\u2b05<\/a><\/span><strong>\u00a0<\/strong><\/h4>\n<h4 style=\"text-align: center;\">\u00a0 \u00a0 \u00a0 \u00a0 \u00a0<a href=\"https:\/\/sites.google.com\/institutcabanyes.cat\/institut-manuel-de-cabanyes\/oferta-destudis\/grau-mitj%C3%A0-b%C3%A0squet?authuser=0\">\ud83c\udfc0B\u00c0SQUET\ud83c\udfc0<\/a>\u00a0 \u00a0 \u00a0 \u00a0<a href=\"https:\/\/sites.google.com\/institutcabanyes.cat\/institut-manuel-de-cabanyes\/oferta-destudis\/grau-mitj%C3%A0-vela?authuser=0\"> \u26f5\ufe0fVELA\u26f5\ufe0f\u00a0<\/a> \u00a0 \u00a0 \u00a0<a href=\"https:\/\/sites.google.com\/institutcabanyes.cat\/institut-manuel-de-cabanyes\/oferta-destudis\/grau-mitj%C3%A0-sos?authuser=0\">\ud83d\udedfSALVAMENT I SOCORRISME\ud83d\udedf<\/a><\/h4>\n<h4 style=\"text-align: center;\"><a href=\"https:\/\/sites.google.com\/institutcabanyes.cat\/institut-manuel-de-cabanyes\/oferta-destudis\/doble-titulaci\u00f3?pli=1\">\ud83d\udcda\u26f5\ufe0f<\/a><a href=\"https:\/\/sites.google.com\/institutcabanyes.cat\/institut-manuel-de-cabanyes\/oferta-destudis\/doble-titulaci\u00f3?pli=1\">\ud83c\udfc0<\/a><a href=\"https:\/\/sites.google.com\/institutcabanyes.cat\/institut-manuel-de-cabanyes\/oferta-destudis\/doble-titulaci\u00f3?pli=1\">\ud83d\udedfDOBLE TITULACI\u00d3\ud83d\udedf<\/a><a href=\"https:\/\/sites.google.com\/institutcabanyes.cat\/institut-manuel-de-cabanyes\/oferta-destudis\/doble-titulaci\u00f3?pli=1\">\ud83c\udfc0<\/a><a href=\"https:\/\/sites.google.com\/institutcabanyes.cat\/institut-manuel-de-cabanyes\/oferta-destudis\/doble-titulaci\u00f3?pli=1\">\u26f5\ufe0f<\/a><a href=\"https:\/\/sites.google.com\/institutcabanyes.cat\/institut-manuel-de-cabanyes\/oferta-destudis\/doble-titulaci\u00f3?pli=1\">\ud83d\udcda<\/a><\/h4>\n","protected":false},"excerpt":{"rendered":"<p>ESO<br \/>\n<a href=\"https:\/\/drive.google.com\/file\/d\/1V35lIji1O2pXHO0jcKpIaNySzViAirQc\/view?usp=sharing\">LLISTA DE SOL\u00b7LICITUDS<\/a> (15\/4\/2026)<br \/>\n<a href=\"https:\/\/agora.xtec.cat\/iescabanyes\/preinscripcio-eso-curs-2026-2027\/\">INFORMACI\u00d3 PROC\u00c9S DE PREINSCRIPCI\u00d3 ESO<\/a><\/p>\n<p>BATXIBAC: DOBLE TITULACI\u00d3 BATXILLER-BACCAL\u00c1UREAT<br \/>\n<a href=\"https:\/\/drive.google.com\/file\/d\/1TZMDNzT-xnKo8DTzDW03Woq_AwkOLTfO\/view?usp=sharing\">LLISTAT ADMESOS I LLISTA D&#8217;ESPERA<\/a> (8\/4\/26)<br \/>\n<a href=\"https:\/\/agora.xtec.cat\/iescabanyes\/preinscripcio-batxillerat-i-batxibac-2026-2027\/\">INFORMACI\u00d3 PROC\u00c9S DE PREINSCRIPCI\u00d3 BATXIBAC<\/a><\/p>\n<p>BATXILLERAT<br \/>\nPORTES OBERTES: Divendres 10 d&#8217;abril a les 18.00 h<br \/>\n<a href=\"https:\/\/forms.gle\/q3dnjVqmwYuLMcrP9\">ENLLA\u00c7 FORMULARI PORTES OBERTES BATXILLERAT<\/a><br \/>\n<a href=\"https:\/\/agora.xtec.cat\/iescabanyes\/preinscripcio-batxillerat-curs-2026-2027\/\">INFORMACI\u00d3 PROC\u00c9S DE PREINSCRIPCI\u00d3 BATXILLERAT<\/a><br \/>\n<a href=\"https:\/\/drive.google.com\/file\/d\/1FALqU9yAaNG0EM0YaGKSFtbJxxIEVT_j\/view?usp=sharing\">OFERTA INICIAL BATXILLERAT<\/a>&hellip;  <a href=\"https:\/\/agora.xtec.cat\/iescabanyes\/\" title=\"Read Av\u00eds\">Llegeix m\u00e9s\u00bb<\/a><\/p>\n","protected":false},"author":1,"featured_media":0,"parent":7,"menu_order":0,"comment_status":"closed","ping_status":"closed","template":"page-templates\/front-page.php","meta":{"_bbp_topic_count":0,"_bbp_reply_count":0,"_bbp_total_topic_count":0,"_bbp_total_reply_count":0,"_bbp_voice_count":0,"_bbp_anonymous_reply_count":0,"_bbp_topic_count_hidden":0,"_bbp_reply_count_hidden":0,"_bbp_forum_subforum_count":0,"footnotes":""},"class_list":["post-13","page","type-page","status-publish","hentry"],"post_mailing_queue_ids":[],"_links":{"self":[{"href":"https:\/\/agora.xtec.cat\/iescabanyes\/wp-json\/wp\/v2\/pages\/13","targetHints":{"allow":["GET"]}}],"collection":[{"href":"https:\/\/agora.xtec.cat\/iescabanyes\/wp-json\/wp\/v2\/pages"}],"about":[{"href":"https:\/\/agora.xtec.cat\/iescabanyes\/wp-json\/wp\/v2\/types\/page"}],"author":[{"embeddable":true,"href":"https:\/\/agora.xtec.cat\/iescabanyes\/wp-json\/wp\/v2\/users\/1"}],"replies":[{"embeddable":true,"href":"https:\/\/agora.xtec.cat\/iescabanyes\/wp-json\/wp\/v2\/comments?post=13"}],"version-history":[{"count":10,"href":"https:\/\/agora.xtec.cat\/iescabanyes\/wp-json\/wp\/v2\/pages\/13\/revisions"}],"predecessor-version":[{"id":22493,"href":"https:\/\/agora.xtec.cat\/iescabanyes\/wp-json\/wp\/v2\/pages\/13\/revisions\/22493"}],"up":[{"embeddable":true,"href":"https:\/\/agora.xtec.cat\/iescabanyes\/wp-json\/wp\/v2\/pages\/7"}],"wp:attachment":[{"href":"https:\/\/agora.xtec.cat\/iescabanyes\/wp-json\/wp\/v2\/media?parent=13"}],"curies":[{"name":"wp","href":"https:\/\/api.w.org\/{rel}","templated":true}]}}