{"id":12555,"date":"2022-04-05T07:14:56","date_gmt":"2022-04-05T05:14:56","guid":{"rendered":"https:\/\/agora.xtec.cat\/iescabanyes\/?page_id=12555"},"modified":"2022-04-05T07:43:16","modified_gmt":"2022-04-05T05:43:16","slug":"ensenyaments-esportius-de-regim-especial","status":"publish","type":"page","link":"https:\/\/agora.xtec.cat\/iescabanyes\/ensenyaments-esportius-de-regim-especial\/","title":{"rendered":"ENSENYAMENTS ESPORTIUS DE R\u00c8GIM ESPECIAL"},"content":{"rendered":"<table style=\"border-collapse: collapse; width: 100%;\">\n<tbody>\n<tr>\n<td style=\"width: 100%;\">QU\u00c8 S\u00d3N ELS ENSENYAMENTS ESPORTIUS?<\/p>\n<p style=\"text-align: center;\"><iframe loading=\"lazy\" title=\"YouTube video player\" src=\"https:\/\/www.youtube.com\/embed\/ol1Hog7mPk4\" width=\"560\" height=\"315\" frameborder=\"0\" allowfullscreen=\"allowfullscreen\"><\/iframe><\/p>\n<\/td>\n<\/tr>\n<tr>\n<td style=\"width: 100%;\">ACC\u00c9S<\/p>\n<ul>\n<li>Tenir el t\u00edtol de graduat en educaci\u00f3 secund\u00e0ria obligat\u00f2ria (o equivalent a efectes acad\u00e8mics) o haver superat la prova d&#8217;acc\u00e9s a la universitat per a m\u00e9s grans de 25 anys.<\/li>\n<li>Les persones que no compleixen el\u00a0requisit anterior\u00a0han de superar el curs espec\u00edfic per a l&#8217;acc\u00e9s a cicles de grau mitj\u00e0 o una prova general d&#8217;acc\u00e9s. Per presentar-s&#8217;hi cal tenir com a m\u00ednim 17 anys l&#8217;any en qu\u00e8 es fa la prova.<\/li>\n<li>Superar una <a href=\"https:\/\/educacio.gencat.cat\/ca\/serveis-tramits\/proves\/proves-acces\/espec-esportius\/\">prova espec\u00edfica<\/a> de la modalitat esportiva a la qual\u00a0es vol accedir.<\/li>\n<\/ul>\n<p><a href=\"https:\/\/triaeducativa.gencat.cat\/ca\/esportius\/\">M\u00c9S INFORMACI\u00d3<\/a><\/td>\n<\/tr>\n<tr>\n<td style=\"width: 100%;\"><a href=\"https:\/\/preinscripcio.gencat.cat\/ca\/estudis\/esportius\/inici\/\">PREINSCRIPCI\u00d3<\/a><\/td>\n<\/tr>\n<tr>\n<td style=\"width: 100%;\"><a href=\"https:\/\/agora.xtec.cat\/iescabanyes\/ensenyaments-esportius-de-vela-regim-especial\/\">ENSENYAMENT ESPORTIU VELA<\/a><\/td>\n<\/tr>\n<tr>\n<td style=\"width: 100%;\"><a href=\"https:\/\/agora.xtec.cat\/iescabanyes\/ensenyaments-esportius-de-salvament-i-socorrisme\/\">ENSENYAMENT ESPORTIU SALVAMENT I SOCORRISME<\/a><\/td>\n<\/tr>\n<tr>\n<td style=\"width: 100%;\"><a href=\"https:\/\/agora.xtec.cat\/iescabanyes\/ensenyaments-esportius-de-basquetbol\/\">ENSENYAMENT ESPORTIU BASQUETBOL<\/a><\/td>\n<\/tr>\n<\/tbody>\n<\/table>\n","protected":false},"excerpt":{"rendered":"<p>QU\u00c8 S\u00d3N ELS ENSENYAMENTS ESPORTIUS?<\/p>\n<p>ACC\u00c9S<\/p>\n<ul>\n<li>Tenir el t\u00edtol de graduat en educaci\u00f3 secund\u00e0ria obligat\u00f2ria (o equivalent a efectes acad\u00e8mics) o haver superat la prova d&#8217;acc\u00e9s a la universitat per a m\u00e9s grans de 25 anys.<\/li>\n<li>Les persones que no compleixen el\u00a0requisit anterior\u00a0han de superar el curs espec\u00edfic&hellip;  <a href=\"https:\/\/agora.xtec.cat\/iescabanyes\/ensenyaments-esportius-de-regim-especial\/\" title=\"Read ENSENYAMENTS ESPORTIUS DE R\u00c8GIM ESPECIAL\">Llegeix m\u00e9s\u00bb<\/a><br \/>\n","protected":false},"author":1,"featured_media":0,"parent":0,"menu_order":0,"comment_status":"closed","ping_status":"closed","template":"","meta":{"_bbp_topic_count":0,"_bbp_reply_count":0,"_bbp_total_topic_count":0,"_bbp_total_reply_count":0,"_bbp_voice_count":0,"_bbp_anonymous_reply_count":0,"_bbp_topic_count_hidden":0,"_bbp_reply_count_hidden":0,"_bbp_forum_subforum_count":0,"footnotes":""},"class_list":["post-12555","page","type-page","status-publish","hentry"],"post_mailing_queue_ids":[],"_links":{"self":[{"href":"https:\/\/agora.xtec.cat\/iescabanyes\/wp-json\/wp\/v2\/pages\/12555","targetHints":{"allow":["GET"]}}],"collection":[{"href":"https:\/\/agora.xtec.cat\/iescabanyes\/wp-json\/wp\/v2\/pages"}],"about":[{"href":"https:\/\/agora.xtec.cat\/iescabanyes\/wp-json\/wp\/v2\/types\/page"}],"author":[{"embeddable":true,"href":"https:\/\/agora.xtec.cat\/iescabanyes\/wp-json\/wp\/v2\/users\/1"}],"replies":[{"embeddable":true,"href":"https:\/\/agora.xtec.cat\/iescabanyes\/wp-json\/wp\/v2\/comments?post=12555"}],"version-history":[{"count":3,"href":"https:\/\/agora.xtec.cat\/iescabanyes\/wp-json\/wp\/v2\/pages\/12555\/revisions"}],"predecessor-version":[{"id":12576,"href":"https:\/\/agora.xtec.cat\/iescabanyes\/wp-json\/wp\/v2\/pages\/12555\/revisions\/12576"}],"wp:attachment":[{"href":"https:\/\/agora.xtec.cat\/iescabanyes\/wp-json\/wp\/v2\/media?parent=12555"}],"curies":[{"name":"wp","href":"https:\/\/api.w.org\/{rel}","templated":true}]}}