{"id":12357,"date":"2022-03-30T18:48:42","date_gmt":"2022-03-30T16:48:42","guid":{"rendered":"https:\/\/agora.xtec.cat\/iescabanyes\/?page_id=12357"},"modified":"2024-05-06T16:56:44","modified_gmt":"2024-05-06T14:56:44","slug":"ensenyaments-esportius-de-basquetbol","status":"publish","type":"page","link":"https:\/\/agora.xtec.cat\/iescabanyes\/ensenyaments-esportius-de-basquetbol\/","title":{"rendered":"ENSENYAMENTS ESPORTIUS DE BASQUETBOL"},"content":{"rendered":"<p>&nbsp;<\/p>\n<h3><strong><a href=\"https:\/\/agora.xtec.cat\/iescabanyes\/ensenyaments-esportius-de-regim-especial\/\">&#8211;&gt; \ud83c\udfc0 QU\u00c8 S\u00d3N ELS ENSENYAMENTS ESPORTIUS DE R\u00c8GIM ESPECIAL DE B\u00c0SQUET \ud83c\udfc0<\/a><\/strong><\/h3>\n<p>&nbsp;<\/p>\n<p><a href=\"https:\/\/agora.xtec.cat\/iescabanyes\/wp-content\/uploads\/usu559\/2022\/04\/BASQUETcorrec_page-0001.jpg\"><img loading=\"lazy\" decoding=\"async\" class=\"aligncenter size-full wp-image-12546\" src=\"https:\/\/agora.xtec.cat\/iescabanyes\/wp-content\/uploads\/usu559\/2022\/04\/BASQUETcorrec_page-0001.jpg\" alt=\"\" width=\"1754\" height=\"1241\" srcset=\"https:\/\/agora.xtec.cat\/iescabanyes\/wp-content\/uploads\/usu559\/2022\/04\/BASQUETcorrec_page-0001.jpg 1754w, https:\/\/agora.xtec.cat\/iescabanyes\/wp-content\/uploads\/usu559\/2022\/04\/BASQUETcorrec_page-0001-300x212.jpg 300w, https:\/\/agora.xtec.cat\/iescabanyes\/wp-content\/uploads\/usu559\/2022\/04\/BASQUETcorrec_page-0001-1024x725.jpg 1024w, https:\/\/agora.xtec.cat\/iescabanyes\/wp-content\/uploads\/usu559\/2022\/04\/BASQUETcorrec_page-0001-768x543.jpg 768w, https:\/\/agora.xtec.cat\/iescabanyes\/wp-content\/uploads\/usu559\/2022\/04\/BASQUETcorrec_page-0001-1536x1087.jpg 1536w\" sizes=\"auto, (max-width: 1754px) 100vw, 1754px\" \/><\/a> <a href=\"https:\/\/agora.xtec.cat\/iescabanyes\/wp-content\/uploads\/usu559\/2022\/04\/BASQUETcorrec_page-0002.jpg\"><img loading=\"lazy\" decoding=\"async\" class=\"aligncenter size-full wp-image-12547\" src=\"https:\/\/agora.xtec.cat\/iescabanyes\/wp-content\/uploads\/usu559\/2022\/04\/BASQUETcorrec_page-0002.jpg\" alt=\"\" width=\"1754\" height=\"1241\" srcset=\"https:\/\/agora.xtec.cat\/iescabanyes\/wp-content\/uploads\/usu559\/2022\/04\/BASQUETcorrec_page-0002.jpg 1754w, https:\/\/agora.xtec.cat\/iescabanyes\/wp-content\/uploads\/usu559\/2022\/04\/BASQUETcorrec_page-0002-300x212.jpg 300w, https:\/\/agora.xtec.cat\/iescabanyes\/wp-content\/uploads\/usu559\/2022\/04\/BASQUETcorrec_page-0002-1024x725.jpg 1024w, https:\/\/agora.xtec.cat\/iescabanyes\/wp-content\/uploads\/usu559\/2022\/04\/BASQUETcorrec_page-0002-768x543.jpg 768w, https:\/\/agora.xtec.cat\/iescabanyes\/wp-content\/uploads\/usu559\/2022\/04\/BASQUETcorrec_page-0002-1536x1087.jpg 1536w\" sizes=\"auto, (max-width: 1754px) 100vw, 1754px\" \/><\/a><\/p>\n","protected":false},"excerpt":{"rendered":"<p>&nbsp;<br \/>\n<a href=\"https:\/\/agora.xtec.cat\/iescabanyes\/ensenyaments-esportius-de-regim-especial\/\">&#8211;&gt; \ud83c\udfc0 QU\u00c8 S\u00d3N ELS ENSENYAMENTS ESPORTIUS DE R\u00c8GIM ESPECIAL DE B\u00c0SQUET \ud83c\udfc0<\/a><br \/>\n&nbsp;<br \/>\n<a href=\"https:\/\/agora.xtec.cat\/iescabanyes\/wp-content\/uploads\/usu559\/2022\/04\/BASQUETcorrec_page-0001.jpg\"><\/a> <a href=\"https:\/\/agora.xtec.cat\/iescabanyes\/wp-content\/uploads\/usu559\/2022\/04\/BASQUETcorrec_page-0002.jpg\"><\/a><\/p>\n","protected":false},"author":1,"featured_media":0,"parent":0,"menu_order":0,"comment_status":"closed","ping_status":"closed","template":"","meta":{"_bbp_topic_count":0,"_bbp_reply_count":0,"_bbp_total_topic_count":0,"_bbp_total_reply_count":0,"_bbp_voice_count":0,"_bbp_anonymous_reply_count":0,"_bbp_topic_count_hidden":0,"_bbp_reply_count_hidden":0,"_bbp_forum_subforum_count":0,"footnotes":""},"class_list":["post-12357","page","type-page","status-publish","hentry"],"post_mailing_queue_ids":[],"_links":{"self":[{"href":"https:\/\/agora.xtec.cat\/iescabanyes\/wp-json\/wp\/v2\/pages\/12357","targetHints":{"allow":["GET"]}}],"collection":[{"href":"https:\/\/agora.xtec.cat\/iescabanyes\/wp-json\/wp\/v2\/pages"}],"about":[{"href":"https:\/\/agora.xtec.cat\/iescabanyes\/wp-json\/wp\/v2\/types\/page"}],"author":[{"embeddable":true,"href":"https:\/\/agora.xtec.cat\/iescabanyes\/wp-json\/wp\/v2\/users\/1"}],"replies":[{"embeddable":true,"href":"https:\/\/agora.xtec.cat\/iescabanyes\/wp-json\/wp\/v2\/comments?post=12357"}],"version-history":[{"count":6,"href":"https:\/\/agora.xtec.cat\/iescabanyes\/wp-json\/wp\/v2\/pages\/12357\/revisions"}],"predecessor-version":[{"id":19173,"href":"https:\/\/agora.xtec.cat\/iescabanyes\/wp-json\/wp\/v2\/pages\/12357\/revisions\/19173"}],"wp:attachment":[{"href":"https:\/\/agora.xtec.cat\/iescabanyes\/wp-json\/wp\/v2\/media?parent=12357"}],"curies":[{"name":"wp","href":"https:\/\/api.w.org\/{rel}","templated":true}]}}