{"id":12344,"date":"2022-03-30T18:42:13","date_gmt":"2022-03-30T16:42:13","guid":{"rendered":"https:\/\/agora.xtec.cat\/iescabanyes\/?page_id=12344"},"modified":"2026-03-24T16:34:07","modified_gmt":"2026-03-24T15:34:07","slug":"ensenyaments-esportius-de-vela-regim-especial","status":"publish","type":"page","link":"https:\/\/agora.xtec.cat\/iescabanyes\/ensenyaments-esportius-de-vela-regim-especial\/","title":{"rendered":"ENSENYAMENTS ESPORTIUS DE VELA"},"content":{"rendered":"<h5><\/h5>\n<p>&nbsp;<\/p>\n<h3 style=\"text-align: left;\"><strong><a href=\"https:\/\/sites.google.com\/institutcabanyes.cat\/institut-manuel-de-cabanyes\/oferta-destudis\/grau-mitj\u00e0-vela?authuser=0\">&#8211;&gt; \u26f5\ufe0f QU\u00c8 S\u00d3N ELS ENSENYAMENTS ESPORTIUS DE R\u00c8GIM ESPECIAL DE VELA \u26f5\ufe0f\u00a0<\/a><\/strong><\/h3>\n<p>&nbsp;<\/p>\n<p><a href=\"https:\/\/agora.xtec.cat\/iescabanyes\/wp-content\/uploads\/usu559\/2022\/04\/VELAcorrec_page-0001.jpg\"><img loading=\"lazy\" decoding=\"async\" class=\"aligncenter size-full wp-image-12543\" src=\"https:\/\/agora.xtec.cat\/iescabanyes\/wp-content\/uploads\/usu559\/2022\/04\/VELAcorrec_page-0001.jpg\" alt=\"\" width=\"1754\" height=\"1241\" srcset=\"https:\/\/agora.xtec.cat\/iescabanyes\/wp-content\/uploads\/usu559\/2022\/04\/VELAcorrec_page-0001.jpg 1754w, https:\/\/agora.xtec.cat\/iescabanyes\/wp-content\/uploads\/usu559\/2022\/04\/VELAcorrec_page-0001-300x212.jpg 300w, https:\/\/agora.xtec.cat\/iescabanyes\/wp-content\/uploads\/usu559\/2022\/04\/VELAcorrec_page-0001-1024x725.jpg 1024w, https:\/\/agora.xtec.cat\/iescabanyes\/wp-content\/uploads\/usu559\/2022\/04\/VELAcorrec_page-0001-768x543.jpg 768w, https:\/\/agora.xtec.cat\/iescabanyes\/wp-content\/uploads\/usu559\/2022\/04\/VELAcorrec_page-0001-1536x1087.jpg 1536w\" sizes=\"auto, (max-width: 1754px) 100vw, 1754px\" \/><\/a> <a href=\"https:\/\/agora.xtec.cat\/iescabanyes\/wp-content\/uploads\/usu559\/2022\/04\/VELAcorrec_page-0002.jpg\"><img loading=\"lazy\" decoding=\"async\" class=\"aligncenter size-full wp-image-12544\" src=\"https:\/\/agora.xtec.cat\/iescabanyes\/wp-content\/uploads\/usu559\/2022\/04\/VELAcorrec_page-0002.jpg\" alt=\"\" width=\"1754\" height=\"1241\" srcset=\"https:\/\/agora.xtec.cat\/iescabanyes\/wp-content\/uploads\/usu559\/2022\/04\/VELAcorrec_page-0002.jpg 1754w, https:\/\/agora.xtec.cat\/iescabanyes\/wp-content\/uploads\/usu559\/2022\/04\/VELAcorrec_page-0002-300x212.jpg 300w, https:\/\/agora.xtec.cat\/iescabanyes\/wp-content\/uploads\/usu559\/2022\/04\/VELAcorrec_page-0002-1024x725.jpg 1024w, https:\/\/agora.xtec.cat\/iescabanyes\/wp-content\/uploads\/usu559\/2022\/04\/VELAcorrec_page-0002-768x543.jpg 768w, https:\/\/agora.xtec.cat\/iescabanyes\/wp-content\/uploads\/usu559\/2022\/04\/VELAcorrec_page-0002-1536x1087.jpg 1536w\" sizes=\"auto, (max-width: 1754px) 100vw, 1754px\" \/><\/a><\/p>\n","protected":false},"excerpt":{"rendered":"<p>&nbsp;<br \/>\n<a href=\"https:\/\/sites.google.com\/institutcabanyes.cat\/institut-manuel-de-cabanyes\/oferta-destudis\/grau-mitj\u00e0-vela?authuser=0\">&#8211;&gt; \u26f5\ufe0f QU\u00c8 S\u00d3N ELS ENSENYAMENTS ESPORTIUS DE R\u00c8GIM ESPECIAL DE VELA \u26f5\ufe0f\u00a0<\/a><br \/>\n&nbsp;<br \/>\n<a href=\"https:\/\/agora.xtec.cat\/iescabanyes\/wp-content\/uploads\/usu559\/2022\/04\/VELAcorrec_page-0001.jpg\"><\/a> <a href=\"https:\/\/agora.xtec.cat\/iescabanyes\/wp-content\/uploads\/usu559\/2022\/04\/VELAcorrec_page-0002.jpg\"><\/a><\/p>\n","protected":false},"author":1,"featured_media":0,"parent":0,"menu_order":0,"comment_status":"closed","ping_status":"closed","template":"","meta":{"_bbp_topic_count":0,"_bbp_reply_count":0,"_bbp_total_topic_count":0,"_bbp_total_reply_count":0,"_bbp_voice_count":0,"_bbp_anonymous_reply_count":0,"_bbp_topic_count_hidden":0,"_bbp_reply_count_hidden":0,"_bbp_forum_subforum_count":0,"footnotes":""},"class_list":["post-12344","page","type-page","status-publish","hentry"],"post_mailing_queue_ids":[],"_links":{"self":[{"href":"https:\/\/agora.xtec.cat\/iescabanyes\/wp-json\/wp\/v2\/pages\/12344","targetHints":{"allow":["GET"]}}],"collection":[{"href":"https:\/\/agora.xtec.cat\/iescabanyes\/wp-json\/wp\/v2\/pages"}],"about":[{"href":"https:\/\/agora.xtec.cat\/iescabanyes\/wp-json\/wp\/v2\/types\/page"}],"author":[{"embeddable":true,"href":"https:\/\/agora.xtec.cat\/iescabanyes\/wp-json\/wp\/v2\/users\/1"}],"replies":[{"embeddable":true,"href":"https:\/\/agora.xtec.cat\/iescabanyes\/wp-json\/wp\/v2\/comments?post=12344"}],"version-history":[{"count":7,"href":"https:\/\/agora.xtec.cat\/iescabanyes\/wp-json\/wp\/v2\/pages\/12344\/revisions"}],"predecessor-version":[{"id":22432,"href":"https:\/\/agora.xtec.cat\/iescabanyes\/wp-json\/wp\/v2\/pages\/12344\/revisions\/22432"}],"wp:attachment":[{"href":"https:\/\/agora.xtec.cat\/iescabanyes\/wp-json\/wp\/v2\/media?parent=12344"}],"curies":[{"name":"wp","href":"https:\/\/api.w.org\/{rel}","templated":true}]}}