{"id":12091,"date":"2022-03-11T18:19:33","date_gmt":"2022-03-11T17:19:33","guid":{"rendered":"https:\/\/agora.xtec.cat\/iescabanyes\/?page_id=12091"},"modified":"2026-03-24T12:03:20","modified_gmt":"2026-03-24T11:03:20","slug":"preinscripcio-cicles-curs-2026-2027","status":"publish","type":"page","link":"https:\/\/agora.xtec.cat\/iescabanyes\/preinscripcio-cicles-curs-2026-2027\/","title":{"rendered":"PREINSCRIPCI\u00d3 CICLES CURS 26-27"},"content":{"rendered":"<h6 style=\"text-align: center;\"><\/h6>\n<table style=\"border-collapse: collapse; width: 92.2326%; height: 1056px;\">\n<tbody>\n<tr style=\"height: 47px;\">\n<td style=\"width: 7.71436%; height: 47px;\"><\/td>\n<td style=\"width: 13.0271%; height: 47px;\">GUIAMN (Cicle mig de Guia en el Medi Natural i de temps de lleure)<\/td>\n<td style=\"width: 12.0355%; height: 47px; text-align: center;\">TSEAS (Cicle superior d&#8217;Ensenyaments i Animaci\u00f3 Socioesportiva)<\/td>\n<td style=\"width: 7.30768%; text-align: center; height: 47px;\">ENSENYAMENTS ESPORTIUS<\/p>\n<p>VELA, B\u00c0SQUET I SOS<\/td>\n<\/tr>\n<tr style=\"height: 32px;\">\n<td style=\"width: 7.71436%; height: 10px;\">Portes OBERTES<\/td>\n<td style=\"text-align: center; height: 10px; width: 32.3703%;\" colspan=\"3\">DIMECRES 20 DE MAIG 18:00 H<\/td>\n<\/tr>\n<tr style=\"height: 60px;\">\n<td style=\"width: 7.71436%; height: 60px;\">OFERTA INICIAL DE PLACES<\/td>\n<td style=\"width: 25.0626%; text-align: center; height: 60px;\" colspan=\"2\">22 de maig<\/p>\n<p>OFERTA INICIAL GUIAMN (Pendent)<\/p>\n<p>OFERTA INICIAL TSEAS (Pendent)<\/td>\n<td style=\"width: 7.30768%; height: 195px;\" rowspan=\"2\">2 DATES:<\/p>\n<p>27 D&#8217;ABRIL AL 6 DE MAIG (Batxillerat Esportiu i ERE)<\/p>\n<p>26 DE MAIG A L&#8217;1 DE JUNY (Nom\u00e9s ERE)<\/p>\n<p>M\u00e9s informaci\u00f3:<\/p>\n<p><a href=\"https:\/\/preinscripcio.gencat.cat\/ca\/estudis\/esportius\/informat\/calendari\/\">ENLLA\u00c7\u00a0<\/a><\/p>\n<p>ensenyamentsesportius@institutcabanyes.cat<\/td>\n<\/tr>\n<tr style=\"height: 135px;\">\n<td style=\"width: 7.71436%; height: 135px;\">Presentaci\u00f3 de la sol\u00b7licitud<\/td>\n<td style=\"width: 25.0626%; height: 135px;\" colspan=\"2\">&nbsp;<\/p>\n<p style=\"text-align: center;\">26 de maig a l&#8217;1 de juny<\/p>\n<p style=\"text-align: center;\">ENLLA\u00c7 PREINSCRIPCI\u00d3 GUIAMN (CFGM) Pendent<\/p>\n<p style=\"text-align: center;\">ENLLA\u00c7 PREINSCRIPCI\u00d3 TSEAS (CFGS) Pendent<\/p>\n<p>&nbsp;<\/td>\n<\/tr>\n<tr style=\"height: 96px;\">\n<td style=\"width: 7.71436%; height: 96px;\">Puntuaci\u00f3 provisional<\/td>\n<td style=\"width: 25.0626%; height: 96px; text-align: center;\" colspan=\"2\">29 de juny<\/p>\n<p>LLISTAT BAREM PROVISIONAL GUIAMN (No disponible)<\/p>\n<p>LLISTA BAREM PROVISIONAL TSEAS (No disponible)<\/td>\n<td style=\"width: 7.30768%; height: 96px;\"><\/td>\n<\/tr>\n<tr style=\"height: 157px;\">\n<td style=\"width: 7.71436%; height: 157px;\">Presentaci\u00f3 de reclamacions<\/td>\n<td style=\"width: 25.0626%; height: 157px; text-align: center;\" colspan=\"2\">&nbsp;<\/p>\n<p>29 de juny fins al 2 de juliol<\/p>\n<p>&nbsp;<\/td>\n<td style=\"width: 7.30768%; height: 157px;\"><\/td>\n<\/tr>\n<tr style=\"height: 78px;\">\n<td style=\"width: 7.71436%; height: 78px;\">Puntuaci\u00f3 despr\u00e9s de reclamacions<\/td>\n<td style=\"width: 25.0626%; height: 78px; text-align: center;\" colspan=\"2\">7 de juliol<\/p>\n<p>LLISTAT GUIAMN (No disponible)<\/p>\n<p>LLISTAT TSEAS (No disponible)<\/td>\n<td style=\"width: 7.30768%; height: 78px;\"><\/td>\n<\/tr>\n<tr style=\"height: 60px;\">\n<td style=\"width: 7.71436%; height: 60px;\">Oferta final<\/td>\n<td style=\"width: 25.0626%; text-align: center; height: 60px;\" colspan=\"2\">10 de juliol<\/p>\n<p>OFERTA DEFINITIVA\u00a0 GUIAMN (No disponible)<\/p>\n<p>OFERTA DEFINITIVA TSEAS (No disponible)<\/td>\n<td style=\"width: 7.30768%; height: 60px;\"><\/td>\n<\/tr>\n<tr style=\"height: 76px;\">\n<td style=\"width: 7.71436%; height: 76px;\">Publicaci\u00f3 de places de la\u00a0 primera assignaci\u00f3<\/p>\n<p>&nbsp;<\/td>\n<td style=\"width: 13.0271%; text-align: center; height: 76px;\">10 de juliol<\/p>\n<p>ALUMNAT ASSIGNAT GUIAMN 1a TANDA<\/p>\n<p>(Pendent)<\/td>\n<td style=\"width: 12.0355%; text-align: center; height: 76px;\">10 de juliol<\/p>\n<p>ALUMNAT ASSIGNAT TSEAS 1a TANDA<\/p>\n<p>(Pendent)<\/td>\n<td style=\"width: 7.30768%; height: 76px;\"><\/td>\n<\/tr>\n<tr style=\"height: 61px;\">\n<td style=\"width: 7.71436%; height: 61px;\">Confirmaci\u00f3 matr\u00edcula online primera assignaci\u00f3<\/td>\n<td style=\"width: 25.0626%; text-align: center; height: 61px;\" colspan=\"2\">10 al 14 de juliol<\/td>\n<td style=\"width: 7.30768%; height: 61px;\"><\/td>\n<\/tr>\n<tr style=\"height: 76px;\">\n<td style=\"width: 7.71436%; height: 76px;\">Publicaci\u00f3 de places de la segona assignaci\u00f3:<\/p>\n<p>24 de juliol<\/td>\n<td style=\"width: 25.0626%; text-align: center; height: 76px;\" colspan=\"2\">24 de juliol<\/p>\n<p>LLISTAT ASSIGNATS 2N TORN (pendent)<\/td>\n<td style=\"width: 7.30768%; height: 76px;\"><\/td>\n<\/tr>\n<tr style=\"height: 61px;\">\n<td style=\"width: 7.71436%; height: 61px;\">Confirmaci\u00f3 matr\u00edcula segona assignaci\u00f3<\/td>\n<td style=\"text-align: center; height: 61px; width: 25.0626%;\" colspan=\"2\">24 al 28 de juliol<\/td>\n<td style=\"width: 7.30768%; height: 61px;\"><\/td>\n<\/tr>\n<\/tbody>\n<\/table>\n","protected":false},"excerpt":{"rendered":"<p>GUIAMN (Cicle mig de Guia en el Medi Natural i de temps de lleure)<br \/>\nTSEAS (Cicle superior d&#8217;Ensenyaments i Animaci\u00f3 Socioesportiva)<br \/>\nENSENYAMENTS ESPORTIUS<br \/>\nVELA, B\u00c0SQUET I SOS<\/p>\n<p>Portes OBERTES<br \/>\nDIMECRES 20 DE MAIG 18:00 H<\/p>\n<p>OFERTA INICIAL DE PLACES<br \/>\n22 de maig<br \/>\nOFERTA INICIAL GUIAMN (Pendent)<br \/>\nOFERTA INICIAL TSEAS (Pendent)<br \/>\n2 DATES:<br \/>\n27 D&#8217;ABRIL AL 6&hellip;  <a href=\"https:\/\/agora.xtec.cat\/iescabanyes\/preinscripcio-cicles-curs-2026-2027\/\" title=\"Read PREINSCRIPCI\u00d3 CICLES CURS 26-27\">Llegeix m\u00e9s\u00bb<\/a><\/p>\n","protected":false},"author":1,"featured_media":0,"parent":0,"menu_order":0,"comment_status":"closed","ping_status":"closed","template":"","meta":{"_bbp_topic_count":0,"_bbp_reply_count":0,"_bbp_total_topic_count":0,"_bbp_total_reply_count":0,"_bbp_voice_count":0,"_bbp_anonymous_reply_count":0,"_bbp_topic_count_hidden":0,"_bbp_reply_count_hidden":0,"_bbp_forum_subforum_count":0,"footnotes":""},"class_list":["post-12091","page","type-page","status-publish","hentry"],"post_mailing_queue_ids":[],"_links":{"self":[{"href":"https:\/\/agora.xtec.cat\/iescabanyes\/wp-json\/wp\/v2\/pages\/12091","targetHints":{"allow":["GET"]}}],"collection":[{"href":"https:\/\/agora.xtec.cat\/iescabanyes\/wp-json\/wp\/v2\/pages"}],"about":[{"href":"https:\/\/agora.xtec.cat\/iescabanyes\/wp-json\/wp\/v2\/types\/page"}],"author":[{"embeddable":true,"href":"https:\/\/agora.xtec.cat\/iescabanyes\/wp-json\/wp\/v2\/users\/1"}],"replies":[{"embeddable":true,"href":"https:\/\/agora.xtec.cat\/iescabanyes\/wp-json\/wp\/v2\/comments?post=12091"}],"version-history":[{"count":6,"href":"https:\/\/agora.xtec.cat\/iescabanyes\/wp-json\/wp\/v2\/pages\/12091\/revisions"}],"predecessor-version":[{"id":22431,"href":"https:\/\/agora.xtec.cat\/iescabanyes\/wp-json\/wp\/v2\/pages\/12091\/revisions\/22431"}],"wp:attachment":[{"href":"https:\/\/agora.xtec.cat\/iescabanyes\/wp-json\/wp\/v2\/media?parent=12091"}],"curies":[{"name":"wp","href":"https:\/\/api.w.org\/{rel}","templated":true}]}}