{"id":12051,"date":"2022-03-10T07:28:24","date_gmt":"2022-03-10T06:28:24","guid":{"rendered":"https:\/\/agora.xtec.cat\/iescabanyes\/?page_id=12051"},"modified":"2026-04-08T10:54:26","modified_gmt":"2026-04-08T08:54:26","slug":"preinscripcio-batxillerat-i-batxibac-2026-2027","status":"publish","type":"page","link":"https:\/\/agora.xtec.cat\/iescabanyes\/preinscripcio-batxillerat-i-batxibac-2026-2027\/","title":{"rendered":"PREINSCRIPCI\u00d3 BATXIBAC 2026-2027"},"content":{"rendered":"<h4 style=\"text-align: left;\"><a href=\"http:\/\/xtec.gencat.cat\/ca\/curriculum\/batxillerat\/baccalaureat\/\">INFORMACI\u00d3 ESTUDIS BATXIBAC DEPARTAMENT D&#8217;EDUCACI\u00d3<\/a><\/h4>\n<h4 style=\"text-align: left;\"><a href=\"https:\/\/agora.xtec.cat\/iescabanyes\/batxibac-doble-titulacio-batxiller-baccalaureat\/\">INFORMACI\u00d3 BATXIBAC AL CABANYES<\/a><\/h4>\n<table class=\" aligncenter\" style=\"height: 574px; width: 94.9567%;\">\n<tbody>\n<tr>\n<td style=\"width: 30.4849%; text-align: center;\">\n<h4>Dimarts 17 de mar\u00e7<\/h4>\n<\/td>\n<td style=\"width: 97.8374%;\">\n<h4>Sessi\u00f3 informativa Batxibac alumnat extern (portes obertes)<\/h4>\n<h4>Hora: 18.30 h<\/h4>\n<\/td>\n<\/tr>\n<tr>\n<td style=\"width: 30.4849%; text-align: center;\">\n<h4>Dijous 19 de mar\u00e7<\/h4>\n<\/td>\n<td style=\"width: 97.8374%;\">\n<h4>Publicaci\u00f3 places Batxibac<\/h4>\n<p>Oferta batxillerat extern: 14 PLACES<\/td>\n<\/tr>\n<tr>\n<td style=\"width: 30.4849%; text-align: center;\">\n<h4>20 al 27 de mar\u00e7<\/h4>\n<\/td>\n<td style=\"width: 97.8374%;\">\n<h4>Presentaci\u00f3 <strong>presencial<\/strong> sol\u00b7licitud Batxibac (Doble titulaci\u00f3)<\/h4>\n<h4><a href=\"https:\/\/drive.google.com\/file\/d\/1PvMVOh-ZQgZKKv21LuKmEoNm9gRZCZyw\/view?usp=sharing\">ENLLA\u00c7 SOL\u00b7LICITUD<\/a><\/h4>\n<h4>Heu de presentar:<\/h4>\n<ul>\n<li>\n<h4>Certificat nota mitjana 1r a 3r d&#8217;ESO<\/h4>\n<\/li>\n<li>\n<h4>DNI o NIE Tutor\/a i alumne\/a<\/h4>\n<\/li>\n<li>\n<h4>Llibre de fam\u00edlia<\/h4>\n<\/li>\n<li>\n<h4>TSI (Targeta de sanit\u00e0ria)<\/h4>\n<\/li>\n<li>\n<h4>En el cas de no haver realitzat la prova, certificat B1 de franc\u00e8s.<\/h4>\n<\/li>\n<li>\n<h4><strong>Recordeu que en el moment de la matr\u00edcula (del 20 al 30 de juny) heu de presentar el resguard del t\u00edtol de l&#8217;ESO o haver comen\u00e7at el proc\u00e9s de sol\u00b7licitud de convalidaci\u00f3\/homologaci\u00f3 dels estudis.<\/strong><\/h4>\n<\/li>\n<\/ul>\n<\/td>\n<\/tr>\n<tr>\n<td style=\"width: 30.4849%; text-align: center;\">\n<h4>Dimarts 24 de mar\u00e7 17.30 h<\/h4>\n<\/td>\n<td style=\"width: 97.8374%;\">\n<h4>Prova de nivell alumnat intern i extern <a href=\"https:\/\/forms.gle\/B9pW5rhPNjKFjc2v9\">ENLLA\u00c7 INSCRIPCI\u00d3<\/a><\/h4>\n<\/td>\n<\/tr>\n<tr>\n<td style=\"width: 30.4849%; text-align: center;\">\n<h4>Dimecres 8 d&#8217;abril<\/h4>\n<\/td>\n<td style=\"width: 97.8374%;\">\n<h4>Publicaci\u00f3 llista d&#8217;admesos Batxibac. <a href=\"https:\/\/drive.google.com\/file\/d\/1TZMDNzT-xnKo8DTzDW03Woq_AwkOLTfO\/view?usp=sharing\">LLISTAT<\/a><\/h4>\n<\/td>\n<\/tr>\n<tr>\n<td style=\"width: 30.4849%; text-align: center;\">\n<h4>18 al 26 de juny<\/h4>\n<\/td>\n<td style=\"width: 97.8374%;\">\n<h4>Matr\u00edcula al centre<\/h4>\n<ul>\n<li>\n<h4><strong>Recordeu que en el moment de la matr\u00edcula heu de presentar el resguard del t\u00edtol de l&#8217;ESO o haver comen\u00e7at el proc\u00e9s de sol\u00b7licitud de convalidaci\u00f3\/homologaci\u00f3 dels estudis.<\/strong><\/h4>\n<\/li>\n<\/ul>\n<\/td>\n<\/tr>\n<\/tbody>\n<\/table>\n<h4><\/h4>\n<h4><\/h4>\n<h4><\/h4>\n<h4><\/h4>\n<h4><\/h4>\n<h4><\/h4>\n<h4><\/h4>\n<p>&nbsp;<\/p>\n<p>&nbsp;<\/p>\n<p>&nbsp;<\/p>\n<p>&nbsp;<\/p>\n<p>&nbsp;<\/p>\n<p>&nbsp;<\/p>\n<p>&nbsp;<\/p>\n<h4>\u00a0Si teniu dubtes o problemes amb relaci\u00f3 a q\u00fcestions de curr\u00edculum us podeu adre\u00e7ar a <strong>portesobertes@institutcabanyes.cat<\/strong><\/h4>\n<h4>\u00a0Per q\u00fcestions relacionades amb el proc\u00e9s de preinscripci\u00f3, podeu escriure a <strong>secretaria@institutcabanyes.cat<\/strong><\/h4>\n<h4 style=\"text-align: center;\"><\/h4>\n","protected":false},"excerpt":{"rendered":"<p><a href=\"http:\/\/xtec.gencat.cat\/ca\/curriculum\/batxillerat\/baccalaureat\/\">INFORMACI\u00d3 ESTUDIS BATXIBAC DEPARTAMENT D&#8217;EDUCACI\u00d3<\/a><br \/>\n<a href=\"https:\/\/agora.xtec.cat\/iescabanyes\/batxibac-doble-titulacio-batxiller-baccalaureat\/\">INFORMACI\u00d3 BATXIBAC AL CABANYES<\/a><\/p>\n<p>Dimarts 17 de mar\u00e7<\/p>\n<p>Sessi\u00f3 informativa Batxibac alumnat extern (portes obertes)<br \/>\nHora: 18.30 h<\/p>\n<p>Dijous 19 de mar\u00e7<\/p>\n<p>Publicaci\u00f3 places Batxibac<br \/>\nOferta batxillerat extern: 14 PLACES<\/p>\n<p>20 al 27 de mar\u00e7<\/p>\n<p>Presentaci\u00f3 presencial sol\u00b7licitud Batxibac (Doble titulaci\u00f3)<br \/>\n<a href=\"https:\/\/drive.google.com\/file\/d\/1PvMVOh-ZQgZKKv21LuKmEoNm9gRZCZyw\/view?usp=sharing\">ENLLA\u00c7 SOL\u00b7LICITUD<\/a><br \/>\nHeu de presentar:<\/p>\n<ul>\n<li>\nCertificat nota mitjana&hellip;  <a href=\"https:\/\/agora.xtec.cat\/iescabanyes\/preinscripcio-batxillerat-i-batxibac-2026-2027\/\" title=\"Read PREINSCRIPCI\u00d3 BATXIBAC 2026-2027\">Llegeix m\u00e9s\u00bb<\/a><\/p>\n","protected":false},"author":1,"featured_media":0,"parent":0,"menu_order":0,"comment_status":"closed","ping_status":"closed","template":"","meta":{"_bbp_topic_count":0,"_bbp_reply_count":0,"_bbp_total_topic_count":0,"_bbp_total_reply_count":0,"_bbp_voice_count":0,"_bbp_anonymous_reply_count":0,"_bbp_topic_count_hidden":0,"_bbp_reply_count_hidden":0,"_bbp_forum_subforum_count":0,"footnotes":""},"class_list":["post-12051","page","type-page","status-publish","hentry"],"post_mailing_queue_ids":[],"_links":{"self":[{"href":"https:\/\/agora.xtec.cat\/iescabanyes\/wp-json\/wp\/v2\/pages\/12051","targetHints":{"allow":["GET"]}}],"collection":[{"href":"https:\/\/agora.xtec.cat\/iescabanyes\/wp-json\/wp\/v2\/pages"}],"about":[{"href":"https:\/\/agora.xtec.cat\/iescabanyes\/wp-json\/wp\/v2\/types\/page"}],"author":[{"embeddable":true,"href":"https:\/\/agora.xtec.cat\/iescabanyes\/wp-json\/wp\/v2\/users\/1"}],"replies":[{"embeddable":true,"href":"https:\/\/agora.xtec.cat\/iescabanyes\/wp-json\/wp\/v2\/comments?post=12051"}],"version-history":[{"count":7,"href":"https:\/\/agora.xtec.cat\/iescabanyes\/wp-json\/wp\/v2\/pages\/12051\/revisions"}],"predecessor-version":[{"id":22477,"href":"https:\/\/agora.xtec.cat\/iescabanyes\/wp-json\/wp\/v2\/pages\/12051\/revisions\/22477"}],"wp:attachment":[{"href":"https:\/\/agora.xtec.cat\/iescabanyes\/wp-json\/wp\/v2\/media?parent=12051"}],"curies":[{"name":"wp","href":"https:\/\/api.w.org\/{rel}","templated":true}]}}