{"id":7946,"date":"2026-01-13T14:03:00","date_gmt":"2026-01-13T13:03:00","guid":{"rendered":"https:\/\/agora.xtec.cat\/iesblume\/?page_id=7946"},"modified":"2026-04-08T19:59:05","modified_gmt":"2026-04-08T17:59:05","slug":"eso","status":"publish","type":"page","link":"https:\/\/agora.xtec.cat\/iesblume\/eso\/","title":{"rendered":"ESO"},"content":{"rendered":"<header class=\"entry-header \">\n<h1 class=\"entry-title\">Mat\u00e8ries optatives 3r ESO<\/h1>\n<\/header>\n<div class=\"entry-content clear\">\n<p>Cal escollir\u00a0<strong>una de les tres<\/strong><strong>\u00a0mat\u00e8ries<\/strong>\u00a0optatives seg\u00fcents:<\/p>\n<ol>\n<li><strong>Emprenedoria<\/strong><\/li>\n<li><strong>Rob\u00f2tica i Programaci\u00f3<\/strong><\/li>\n<li><strong>Segona Llengua Estrangera: Franc\u00e8s<\/strong><\/li>\n<\/ol>\n<\/div>\n<p>&nbsp;<\/p>\n<header class=\"entry-header \">\n<h1 class=\"entry-title\">Mat\u00e8ries optatives 4t ESO<\/h1>\n<\/header>\n<div class=\"entry-content clear\">\n<p>Cal escollir\u00a0<strong>quatre d\u2019aquestes mat\u00e8ries optatives<\/strong>\u00a0amb valors de l\u2019 1 al 4, per ordre de<br \/>\nprefer\u00e8ncia: 1 significa m\u00e9s prefer\u00e8ncia i 4, menys prefer\u00e8ncia. L\u2019alumne\/a nom\u00e9s cursar\u00e0<br \/>\ntres d\u2019aquestes mat\u00e8ries: s\u2019intentar\u00e0 que cursi les mat\u00e8ries assenyalades amb 1, 2 i 3. Si<br \/>\naix\u00f2 no fos possible, es procurar\u00e0 matricular-lo a les mat\u00e8ries marcades amb 1, 2 i 4. En cas<br \/>\nque no fos possible, es matricular\u00e0 de tres de les quatre mat\u00e8ries assenyalades.<\/p>\n<ul>\n<li><strong>Biologia i Geologia<\/strong><\/li>\n<li><strong>Expressi\u00f3 Art\u00edstica<\/strong><\/li>\n<li><strong>F\u00edsica i Qu\u00edmica<\/strong><\/li>\n<li><strong>Digitalitzaci\u00f3 (Inform\u00e0tica)<\/strong><\/li>\n<li><strong>Llat\u00ed: Llengua i Cultura<\/strong><\/li>\n<li><strong>Tecnologia<\/strong><\/li>\n<\/ul>\n<p>Si nom\u00e9s s\u2019assenyalessin tres mat\u00e8ries, s\u2019entendr\u00e0 que la quarta mat\u00e8ria pot ser qualsevol<br \/>\nde les no marcades. Es procedir\u00e0 de manera similar si aquesta tria contingu\u00e9s menys de<br \/>\ntres mat\u00e8ries.<\/p>\n<p>L\u2019acceptaci\u00f3 d\u2019aquesta tria resta supeditada a les possibilitats organitzatives de l\u2019institut.<\/p>\n<\/div>\n","protected":false},"excerpt":{"rendered":"<p>Mat\u00e8ries optatives 3r ESO Cal escollir\u00a0una de les tres\u00a0mat\u00e8ries\u00a0optatives seg\u00fcents: Emprenedoria Rob\u00f2tica i Programaci\u00f3 Segona Llengua Estrangera: Franc\u00e8s &nbsp; Mat\u00e8ries optatives 4t ESO Cal escollir\u00a0quatre d\u2019aquestes mat\u00e8ries optatives\u00a0amb valors de l\u2019 1 al 4, per ordre de prefer\u00e8ncia: 1 significa m\u00e9s prefer\u00e8ncia i 4, menys prefer\u00e8ncia. L\u2019alumne\/a nom\u00e9s cursar\u00e0 tres d\u2019aquestes mat\u00e8ries: s\u2019intentar\u00e0 que cursi [&hellip;]<\/p>\n","protected":false},"author":1,"featured_media":0,"parent":0,"menu_order":0,"comment_status":"closed","ping_status":"closed","template":"","meta":{"_bbp_topic_count":0,"_bbp_reply_count":0,"_bbp_total_topic_count":0,"_bbp_total_reply_count":0,"_bbp_voice_count":0,"_bbp_anonymous_reply_count":0,"_bbp_topic_count_hidden":0,"_bbp_reply_count_hidden":0,"_bbp_forum_subforum_count":0,"site-sidebar-layout":"default","site-content-layout":"","ast-site-content-layout":"default","site-content-style":"default","site-sidebar-style":"default","ast-global-header-display":"","ast-banner-title-visibility":"","ast-main-header-display":"","ast-hfb-above-header-display":"","ast-hfb-below-header-display":"","ast-hfb-mobile-header-display":"","site-post-title":"","ast-breadcrumbs-content":"","ast-featured-img":"","footer-sml-layout":"","theme-transparent-header-meta":"default","adv-header-id-meta":"","stick-header-meta":"","header-above-stick-meta":"","header-main-stick-meta":"","header-below-stick-meta":"","astra-migrate-meta-layouts":"set","ast-page-background-enabled":"default","ast-page-background-meta":{"desktop":{"background-color":"var(--ast-global-color-4)","background-image":"","background-repeat":"repeat","background-position":"center center","background-size":"auto","background-attachment":"scroll","background-type":"","background-media":"","overlay-type":"","overlay-color":"","overlay-opacity":"","overlay-gradient":""},"tablet":{"background-color":"","background-image":"","background-repeat":"repeat","background-position":"center center","background-size":"auto","background-attachment":"scroll","background-type":"","background-media":"","overlay-type":"","overlay-color":"","overlay-opacity":"","overlay-gradient":""},"mobile":{"background-color":"","background-image":"","background-repeat":"repeat","background-position":"center center","background-size":"auto","background-attachment":"scroll","background-type":"","background-media":"","overlay-type":"","overlay-color":"","overlay-opacity":"","overlay-gradient":""}},"ast-content-background-meta":{"desktop":{"background-color":"var(--ast-global-color-5)","background-image":"","background-repeat":"repeat","background-position":"center center","background-size":"auto","background-attachment":"scroll","background-type":"","background-media":"","overlay-type":"","overlay-color":"","overlay-opacity":"","overlay-gradient":""},"tablet":{"background-color":"var(--ast-global-color-5)","background-image":"","background-repeat":"repeat","background-position":"center center","background-size":"auto","background-attachment":"scroll","background-type":"","background-media":"","overlay-type":"","overlay-color":"","overlay-opacity":"","overlay-gradient":""},"mobile":{"background-color":"var(--ast-global-color-5)","background-image":"","background-repeat":"repeat","background-position":"center center","background-size":"auto","background-attachment":"scroll","background-type":"","background-media":"","overlay-type":"","overlay-color":"","overlay-opacity":"","overlay-gradient":""}},"footnotes":""},"class_list":["post-7946","page","type-page","status-publish","hentry"],"post_mailing_queue_ids":[],"_links":{"self":[{"href":"https:\/\/agora.xtec.cat\/iesblume\/wp-json\/wp\/v2\/pages\/7946","targetHints":{"allow":["GET"]}}],"collection":[{"href":"https:\/\/agora.xtec.cat\/iesblume\/wp-json\/wp\/v2\/pages"}],"about":[{"href":"https:\/\/agora.xtec.cat\/iesblume\/wp-json\/wp\/v2\/types\/page"}],"author":[{"embeddable":true,"href":"https:\/\/agora.xtec.cat\/iesblume\/wp-json\/wp\/v2\/users\/1"}],"replies":[{"embeddable":true,"href":"https:\/\/agora.xtec.cat\/iesblume\/wp-json\/wp\/v2\/comments?post=7946"}],"version-history":[{"count":2,"href":"https:\/\/agora.xtec.cat\/iesblume\/wp-json\/wp\/v2\/pages\/7946\/revisions"}],"predecessor-version":[{"id":8203,"href":"https:\/\/agora.xtec.cat\/iesblume\/wp-json\/wp\/v2\/pages\/7946\/revisions\/8203"}],"wp:attachment":[{"href":"https:\/\/agora.xtec.cat\/iesblume\/wp-json\/wp\/v2\/media?parent=7946"}],"curies":[{"name":"wp","href":"https:\/\/api.w.org\/{rel}","templated":true}]}}