{"id":7453,"date":"2025-06-18T22:19:02","date_gmt":"2025-06-18T20:19:02","guid":{"rendered":"https:\/\/agora.xtec.cat\/iesblume\/?page_id=7453"},"modified":"2025-07-22T23:12:23","modified_gmt":"2025-07-22T21:12:23","slug":"matricula-2n-curs-cfgs","status":"publish","type":"page","link":"https:\/\/agora.xtec.cat\/iesblume\/secretaria\/preinscripcio-i-matricula-del-cfgs\/matricula-2n-curs-cfgs\/","title":{"rendered":"Matr\u00edcula 2n curs CFGS"},"content":{"rendered":"<h4><span style=\"color: #993366;\"><b>DOCUMENTACI\u00d3 PER REALITZAR\u00a0 MATR\u00cdCULA DE CFGS CURS 2025\/2026<\/b><\/span><\/h4>\n<p>&nbsp;<\/p>\n<h5><span style=\"color: #333333;\"><b>ALUMNAT 2n CURS<\/b><\/span><\/h5>\n<ul>\n<li style=\"font-weight: 400;\" aria-level=\"1\"><span style=\"font-weight: 400;\">Fotoc\u00f2pia del DNI\/NIE\/Passaport de l\u2019alumne\/a <\/span><b>(nom\u00e9s en cas de canvi de tipus de document o renovaci\u00f3)<\/b><\/li>\n<li style=\"font-weight: 400;\" aria-level=\"1\"><span style=\"font-weight: 400;\">Comprovants dels pagaments (<a href=\"https:\/\/agora.xtec.cat\/iesblume\/wp-content\/uploads\/usu1242\/2025\/06\/INSTRUCCIONS-PAGAMENT_2n_revisat.docx.pdf\">S\u2019adjunten instruccions<\/a>)<\/span><\/li>\n<li style=\"font-weight: 400;\" aria-level=\"1\"><span style=\"font-weight: 400;\">Fotoc\u00f2pia del document justificatiu de la bonificaci\u00f3 o exempci\u00f3 (si s\u2019escau) del preu p\u00fablic\u00a0<\/span><\/li>\n<li style=\"font-weight: 400;\" aria-level=\"1\"><a href=\"https:\/\/agora.xtec.cat\/iesblume\/wp-content\/uploads\/usu1242\/2025\/06\/FITXA_MATRICULA_2n.docx.pdf\"><span style=\"font-weight: 400;\">Fitxa de matr\u00edcula<\/span><\/a><\/li>\n<li style=\"font-weight: 400;\" aria-level=\"1\"><a href=\"https:\/\/agora.xtec.cat\/iesblume\/wp-content\/uploads\/usu1242\/2025\/06\/CFGS-Autoritzacio-dus-imatge-alumnat-MAJORS-18.doc.pdf\"><span style=\"font-weight: 400;\">Autoritzaci\u00f3 drets d\u2019imatge<\/span><\/a><\/li>\n<\/ul>\n<p><b>L\u2019alumnat amb algun M\u00f2dul pendent de 1r, nom\u00e9s ha de pagar l\u2019import complet de 2n curs.<\/b><\/p>\n<p>&nbsp;<\/p>\n<h5><span style=\"color: #333333;\"><b>REPETIDORS 2n CURS<\/b><\/span><\/h5>\n<ul>\n<li style=\"font-weight: 400;\" aria-level=\"1\"><span style=\"font-weight: 400;\">Fotoc\u00f2pia del DNI\/NIE\/Passaport de l\u2019alumne\/a <\/span><b>(nom\u00e9s en cas de canvi de tipus de document o renovaci\u00f3)<\/b><\/li>\n<li style=\"font-weight: 400;\" aria-level=\"1\"><span style=\"font-weight: 400;\">Comprovant del pagament (<a href=\"https:\/\/agora.xtec.cat\/iesblume\/wp-content\/uploads\/usu1242\/2025\/06\/INSTRUCCIONS-PAGAMENT_2n_repetidors.docx.pdf\">S\u2019adjunten instruccions<\/a>)<\/span><\/li>\n<li style=\"font-weight: 400;\" aria-level=\"1\"><span style=\"font-weight: 400;\">Fotoc\u00f2pia del document justificatiu de la bonificaci\u00f3 o exempci\u00f3 (si s\u2019escau) del preu p\u00fablic\u00a0<\/span><\/li>\n<li style=\"font-weight: 400;\" aria-level=\"1\"><a href=\"https:\/\/agora.xtec.cat\/iesblume\/wp-content\/uploads\/usu1242\/2025\/06\/FITXA_MATRICULA_2n.docx.pdf\"><span style=\"font-weight: 400;\">Fitxa de matr\u00edcula<\/span><\/a><\/li>\n<li style=\"font-weight: 400;\" aria-level=\"1\"><a href=\"https:\/\/agora.xtec.cat\/iesblume\/wp-content\/uploads\/usu1242\/2025\/06\/CFGS-Autoritzacio-dus-imatge-alumnat-MAJORS-18.doc.pdf\"><span style=\"font-weight: 400;\">Autoritzaci\u00f3 drets d\u2019imatge<\/span><\/a><\/li>\n<\/ul>\n<p><b>Import a pagar: 25\u20ac per UF matriculada i cal tenir present si t\u00e9 alguna bonificaci\u00f3 o exempci\u00f3.<\/b><\/p>\n<p>&nbsp;<\/p>\n<p><span style=\"color: #3366ff;\"><b>Termini<\/b><span style=\"font-weight: 400;\">: del 25 al 27 de juny de manera presencial a la Secretaria del centre (3a planta)<\/span><\/span><\/p>\n<p><span style=\"color: #3366ff;\"><b>Horari<\/b><span style=\"font-weight: 400;\">: 09.00h a 13.00 h<\/span><\/span><\/p>\n","protected":false},"excerpt":{"rendered":"<p>DOCUMENTACI\u00d3 PER REALITZAR\u00a0 MATR\u00cdCULA DE CFGS CURS 2025\/2026 &nbsp; ALUMNAT 2n CURS Fotoc\u00f2pia del DNI\/NIE\/Passaport de l\u2019alumne\/a (nom\u00e9s en cas de canvi de tipus de document o renovaci\u00f3) Comprovants dels pagaments (S\u2019adjunten instruccions) Fotoc\u00f2pia del document justificatiu de la bonificaci\u00f3 o exempci\u00f3 (si s\u2019escau) del preu p\u00fablic\u00a0 Fitxa de matr\u00edcula Autoritzaci\u00f3 drets d\u2019imatge L\u2019alumnat amb [&hellip;]<\/p>\n","protected":false},"author":1,"featured_media":0,"parent":7595,"menu_order":30,"comment_status":"closed","ping_status":"closed","template":"page-templates\/side-menu.php","meta":{"_bbp_topic_count":0,"_bbp_reply_count":0,"_bbp_total_topic_count":0,"_bbp_total_reply_count":0,"_bbp_voice_count":0,"_bbp_anonymous_reply_count":0,"_bbp_topic_count_hidden":0,"_bbp_reply_count_hidden":0,"_bbp_forum_subforum_count":0,"site-sidebar-layout":"default","site-content-layout":"","ast-site-content-layout":"","site-content-style":"default","site-sidebar-style":"default","ast-global-header-display":"","ast-banner-title-visibility":"","ast-main-header-display":"","ast-hfb-above-header-display":"","ast-hfb-below-header-display":"","ast-hfb-mobile-header-display":"","site-post-title":"","ast-breadcrumbs-content":"","ast-featured-img":"","footer-sml-layout":"","theme-transparent-header-meta":"","adv-header-id-meta":"","stick-header-meta":"","header-above-stick-meta":"","header-main-stick-meta":"","header-below-stick-meta":"","astra-migrate-meta-layouts":"default","ast-page-background-enabled":"default","ast-page-background-meta":{"desktop":{"background-color":"var(--ast-global-color-4)","background-image":"","background-repeat":"repeat","background-position":"center center","background-size":"auto","background-attachment":"scroll","background-type":"","background-media":"","overlay-type":"","overlay-color":"","overlay-opacity":"","overlay-gradient":""},"tablet":{"background-color":"","background-image":"","background-repeat":"repeat","background-position":"center center","background-size":"auto","background-attachment":"scroll","background-type":"","background-media":"","overlay-type":"","overlay-color":"","overlay-opacity":"","overlay-gradient":""},"mobile":{"background-color":"","background-image":"","background-repeat":"repeat","background-position":"center center","background-size":"auto","background-attachment":"scroll","background-type":"","background-media":"","overlay-type":"","overlay-color":"","overlay-opacity":"","overlay-gradient":""}},"ast-content-background-meta":{"desktop":{"background-color":"var(--ast-global-color-5)","background-image":"","background-repeat":"repeat","background-position":"center center","background-size":"auto","background-attachment":"scroll","background-type":"","background-media":"","overlay-type":"","overlay-color":"","overlay-opacity":"","overlay-gradient":""},"tablet":{"background-color":"var(--ast-global-color-5)","background-image":"","background-repeat":"repeat","background-position":"center center","background-size":"auto","background-attachment":"scroll","background-type":"","background-media":"","overlay-type":"","overlay-color":"","overlay-opacity":"","overlay-gradient":""},"mobile":{"background-color":"var(--ast-global-color-5)","background-image":"","background-repeat":"repeat","background-position":"center center","background-size":"auto","background-attachment":"scroll","background-type":"","background-media":"","overlay-type":"","overlay-color":"","overlay-opacity":"","overlay-gradient":""}},"footnotes":""},"class_list":["post-7453","page","type-page","status-publish","hentry"],"post_mailing_queue_ids":[],"_links":{"self":[{"href":"https:\/\/agora.xtec.cat\/iesblume\/wp-json\/wp\/v2\/pages\/7453","targetHints":{"allow":["GET"]}}],"collection":[{"href":"https:\/\/agora.xtec.cat\/iesblume\/wp-json\/wp\/v2\/pages"}],"about":[{"href":"https:\/\/agora.xtec.cat\/iesblume\/wp-json\/wp\/v2\/types\/page"}],"author":[{"embeddable":true,"href":"https:\/\/agora.xtec.cat\/iesblume\/wp-json\/wp\/v2\/users\/1"}],"replies":[{"embeddable":true,"href":"https:\/\/agora.xtec.cat\/iesblume\/wp-json\/wp\/v2\/comments?post=7453"}],"version-history":[{"count":7,"href":"https:\/\/agora.xtec.cat\/iesblume\/wp-json\/wp\/v2\/pages\/7453\/revisions"}],"predecessor-version":[{"id":7585,"href":"https:\/\/agora.xtec.cat\/iesblume\/wp-json\/wp\/v2\/pages\/7453\/revisions\/7585"}],"up":[{"embeddable":true,"href":"https:\/\/agora.xtec.cat\/iesblume\/wp-json\/wp\/v2\/pages\/7595"}],"wp:attachment":[{"href":"https:\/\/agora.xtec.cat\/iesblume\/wp-json\/wp\/v2\/media?parent=7453"}],"curies":[{"name":"wp","href":"https:\/\/api.w.org\/{rel}","templated":true}]}}