{"id":6728,"date":"2024-08-07T02:00:47","date_gmt":"2024-08-07T00:00:47","guid":{"rendered":"https:\/\/agora.xtec.cat\/iesblume\/?page_id=6728"},"modified":"2025-09-29T13:43:34","modified_gmt":"2025-09-29T11:43:34","slug":"informacio-dinteres","status":"publish","type":"page","link":"https:\/\/agora.xtec.cat\/iesblume\/informacio-dinteres\/","title":{"rendered":"Informaci\u00f3 d&#8217;inter\u00e8s"},"content":{"rendered":"<blockquote>\n<div><strong>\u2192 <\/strong><a href=\"https:\/\/agora.xtec.cat\/iesblume\/wp-content\/uploads\/usu1242\/2024\/08\/Identitat-digital_ResumSessio18042024.pdf\" target=\"_blank\" rel=\"noopener\">Identitat digital<\/a><\/div>\n<\/blockquote>\n<div><\/div>\n<blockquote>\n<div>\u2192 <a href=\"https:\/\/xtec.gencat.cat\/ca\/centres\/propintel_dretauto\/\" target=\"_blank\" rel=\"noopener\">Propietat Intel\u00b7lectual i Drets autors<\/a><\/div>\n<\/blockquote>\n<div><\/div>\n<blockquote>\n<div>\u2192 <a href=\"https:\/\/ciberseguretat.gencat.cat\/ca\/inici\" target=\"_blank\" rel=\"noopener\">Ciberseguretat<\/a><\/div>\n<div><\/div>\n<\/blockquote>\n<blockquote><p>\u2192 <a style=\"font-family: inherit; font-size: 1em;\" href=\"https:\/\/www.incibe.es\/menores\" target=\"_blank\" rel=\"noopener\">Centro de Seguridad en Internet para ni\u00f1os\/as y adolescentes<\/a><\/p><\/blockquote>\n<div><\/div>\n<blockquote>\n<div>\u2192 <a href=\"https:\/\/agora.xtec.cat\/iesblume\/wp-content\/uploads\/usu1242\/2024\/08\/RECOMANACIO-US-IMATGES-ALUMNAT.pptx.pdf\" target=\"_blank\" rel=\"noopener\">Recomanaci\u00f3 \u00fas imatges alumnat<\/a><\/div>\n<\/blockquote>\n<div><\/div>\n<blockquote>\n<div><span style=\"color: #222222;\">\u2192 <\/span><a style=\"font-family: inherit; font-size: 1em;\" href=\"https:\/\/agora.xtec.cat\/iesblume\/wp-content\/uploads\/usu1242\/2025\/09\/guia-families.pdf\" target=\"_blank\" rel=\"noopener\">Educaci\u00f3 i digitalitzaci\u00f3. Guia per acompanyar les fam\u00edlies<\/a><\/div>\n<\/blockquote>\n","protected":false},"excerpt":{"rendered":"<p>\u2192 Identitat digital \u2192 Propietat Intel\u00b7lectual i Drets autors \u2192 Ciberseguretat \u2192 Centro de Seguridad en Internet para ni\u00f1os\/as y adolescentes \u2192 Recomanaci\u00f3 \u00fas imatges alumnat \u2192 Educaci\u00f3 i digitalitzaci\u00f3. Guia per acompanyar les fam\u00edlies<\/p>\n","protected":false},"author":1,"featured_media":0,"parent":0,"menu_order":0,"comment_status":"closed","ping_status":"closed","template":"","meta":{"_bbp_topic_count":0,"_bbp_reply_count":0,"_bbp_total_topic_count":0,"_bbp_total_reply_count":0,"_bbp_voice_count":0,"_bbp_anonymous_reply_count":0,"_bbp_topic_count_hidden":0,"_bbp_reply_count_hidden":0,"_bbp_forum_subforum_count":0,"site-sidebar-layout":"default","site-content-layout":"","ast-site-content-layout":"","site-content-style":"default","site-sidebar-style":"default","ast-global-header-display":"","ast-banner-title-visibility":"","ast-main-header-display":"","ast-hfb-above-header-display":"","ast-hfb-below-header-display":"","ast-hfb-mobile-header-display":"","site-post-title":"","ast-breadcrumbs-content":"","ast-featured-img":"","footer-sml-layout":"","theme-transparent-header-meta":"","adv-header-id-meta":"","stick-header-meta":"","header-above-stick-meta":"","header-main-stick-meta":"","header-below-stick-meta":"","astra-migrate-meta-layouts":"default","ast-page-background-enabled":"default","ast-page-background-meta":{"desktop":{"background-color":"var(--ast-global-color-4)","background-image":"","background-repeat":"repeat","background-position":"center center","background-size":"auto","background-attachment":"scroll","background-type":"","background-media":"","overlay-type":"","overlay-color":"","overlay-opacity":"","overlay-gradient":""},"tablet":{"background-color":"","background-image":"","background-repeat":"repeat","background-position":"center center","background-size":"auto","background-attachment":"scroll","background-type":"","background-media":"","overlay-type":"","overlay-color":"","overlay-opacity":"","overlay-gradient":""},"mobile":{"background-color":"","background-image":"","background-repeat":"repeat","background-position":"center center","background-size":"auto","background-attachment":"scroll","background-type":"","background-media":"","overlay-type":"","overlay-color":"","overlay-opacity":"","overlay-gradient":""}},"ast-content-background-meta":{"desktop":{"background-color":"var(--ast-global-color-5)","background-image":"","background-repeat":"repeat","background-position":"center center","background-size":"auto","background-attachment":"scroll","background-type":"","background-media":"","overlay-type":"","overlay-color":"","overlay-opacity":"","overlay-gradient":""},"tablet":{"background-color":"var(--ast-global-color-5)","background-image":"","background-repeat":"repeat","background-position":"center center","background-size":"auto","background-attachment":"scroll","background-type":"","background-media":"","overlay-type":"","overlay-color":"","overlay-opacity":"","overlay-gradient":""},"mobile":{"background-color":"var(--ast-global-color-5)","background-image":"","background-repeat":"repeat","background-position":"center center","background-size":"auto","background-attachment":"scroll","background-type":"","background-media":"","overlay-type":"","overlay-color":"","overlay-opacity":"","overlay-gradient":""}},"footnotes":""},"class_list":["post-6728","page","type-page","status-publish","hentry"],"post_mailing_queue_ids":[],"_links":{"self":[{"href":"https:\/\/agora.xtec.cat\/iesblume\/wp-json\/wp\/v2\/pages\/6728","targetHints":{"allow":["GET"]}}],"collection":[{"href":"https:\/\/agora.xtec.cat\/iesblume\/wp-json\/wp\/v2\/pages"}],"about":[{"href":"https:\/\/agora.xtec.cat\/iesblume\/wp-json\/wp\/v2\/types\/page"}],"author":[{"embeddable":true,"href":"https:\/\/agora.xtec.cat\/iesblume\/wp-json\/wp\/v2\/users\/1"}],"replies":[{"embeddable":true,"href":"https:\/\/agora.xtec.cat\/iesblume\/wp-json\/wp\/v2\/comments?post=6728"}],"version-history":[{"count":7,"href":"https:\/\/agora.xtec.cat\/iesblume\/wp-json\/wp\/v2\/pages\/6728\/revisions"}],"predecessor-version":[{"id":7694,"href":"https:\/\/agora.xtec.cat\/iesblume\/wp-json\/wp\/v2\/pages\/6728\/revisions\/7694"}],"wp:attachment":[{"href":"https:\/\/agora.xtec.cat\/iesblume\/wp-json\/wp\/v2\/media?parent=6728"}],"curies":[{"name":"wp","href":"https:\/\/api.w.org\/{rel}","templated":true}]}}