{"id":6687,"date":"2024-08-07T00:13:37","date_gmt":"2024-08-06T22:13:37","guid":{"rendered":"https:\/\/agora.xtec.cat\/iesblume\/?page_id=6687"},"modified":"2024-08-07T02:38:58","modified_gmt":"2024-08-07T00:38:58","slug":"comunicacio","status":"publish","type":"page","link":"https:\/\/agora.xtec.cat\/iesblume\/comunicacio\/","title":{"rendered":"Comunicaci\u00f3"},"content":{"rendered":"<h2 style=\"text-align: center;\"><span style=\"text-decoration: underline;\"><span style=\"font-weight: 400; color: #3366ff; text-decoration: underline;\">Portal Web<\/span><\/span><\/h2>\n<p><b>\u00a0\u00a0\u00a0\u00a0\u00a0\u00a0\u00a0\u00a0\u00a0\u00a0\u00a0\u00a0\u00a0\u00a0\u00a0\u00a0\u00a0\u00a0\u00a0\u00a0\u00a0\u00a0\u00a0\u00a0\u00a0\u00a0\u00a0\u00a0\u00a0\u00a0\u00a0\u00a0\u00a0<\/b><\/p>\n<p><a href=\"https:\/\/agora.xtec.cat\/iesblume\/wp-content\/uploads\/usu1242\/2022\/02\/LOGO-BLUME-VECTORIAL.jpg\"><img loading=\"lazy\" decoding=\"async\" class=\" wp-image-4241 alignright\" src=\"https:\/\/agora.xtec.cat\/iesblume\/wp-content\/uploads\/usu1242\/2022\/02\/LOGO-BLUME-VECTORIAL.jpg\" alt=\"\" width=\"219\" height=\"199\" \/><\/a><\/p>\n<p><span style=\"font-family: inherit; font-size: 1em;\">El centre disposa d\u2019una p\u00e0gina web a trav\u00e9s de la qual s\u2019obt\u00e9 una visi\u00f3 <\/span><span style=\"font-family: inherit; font-size: 1em;\">molt<\/span><span style=\"font-family: inherit; font-size: 1em;\">\u00a0global de les caracter\u00edstiques del centre.<\/span><\/p>\n<p>La p\u00e0gina web t\u00e9 la funci\u00f3 de facilitar a tot l\u2019entorn interessat la m\u00e0xima informaci\u00f3 possible del centre. En ella es pot trobar informaci\u00f3 sobre la hist\u00f2ria de l&#8217;institut, normatives de funcionament, calendaris i horaris de grup, els diferents projectes que es treballen i informaci\u00f3 acad\u00e8mica de l\u2019ESO, el Batxillerat i del Cicle formatiu.<\/p>\n<h2><\/h2>\n<p>&nbsp;<\/p>\n<h2 style=\"text-align: center;\"><span style=\"text-decoration: underline;\"><span style=\"font-weight: 400; color: #3366ff; text-decoration: underline;\">Comunicaci\u00f3 amb la comunitat educativa<\/span><\/span><\/h2>\n<p>&nbsp;<\/p>\n<p><span style=\"font-weight: 400;\">Establir canals de comunicaci\u00f3 \u00f2ptima amb tota la comunitat educativa esdev\u00e9 primordial per a qualsevol centre educatiu per a mantenir una l\u00ednia de treball fluida i positiva.<\/span><\/p>\n<p><span style=\"font-weight: 400;\">Aquestes comunicacions es realitzen a trav\u00e9s de correus electr\u00f2nics i reunions presencials o telem\u00e0tiques, tant individuals com grupals.<\/span><\/p>\n","protected":false},"excerpt":{"rendered":"<p>Portal Web \u00a0\u00a0\u00a0\u00a0\u00a0\u00a0\u00a0\u00a0\u00a0\u00a0\u00a0\u00a0\u00a0\u00a0\u00a0\u00a0\u00a0\u00a0\u00a0\u00a0\u00a0\u00a0\u00a0\u00a0\u00a0\u00a0\u00a0\u00a0\u00a0\u00a0\u00a0\u00a0\u00a0 El centre disposa d\u2019una p\u00e0gina web a trav\u00e9s de la qual s\u2019obt\u00e9 una visi\u00f3 molt\u00a0global de les caracter\u00edstiques del centre. La p\u00e0gina web t\u00e9 la funci\u00f3 de facilitar a tot l\u2019entorn interessat la m\u00e0xima informaci\u00f3 possible del centre. En ella es pot trobar informaci\u00f3 sobre la hist\u00f2ria de l&#8217;institut, normatives de funcionament, [&hellip;]<\/p>\n","protected":false},"author":1,"featured_media":0,"parent":0,"menu_order":0,"comment_status":"closed","ping_status":"closed","template":"","meta":{"_bbp_topic_count":0,"_bbp_reply_count":0,"_bbp_total_topic_count":0,"_bbp_total_reply_count":0,"_bbp_voice_count":0,"_bbp_anonymous_reply_count":0,"_bbp_topic_count_hidden":0,"_bbp_reply_count_hidden":0,"_bbp_forum_subforum_count":0,"site-sidebar-layout":"default","site-content-layout":"","ast-site-content-layout":"","site-content-style":"default","site-sidebar-style":"default","ast-global-header-display":"","ast-banner-title-visibility":"","ast-main-header-display":"","ast-hfb-above-header-display":"","ast-hfb-below-header-display":"","ast-hfb-mobile-header-display":"","site-post-title":"","ast-breadcrumbs-content":"","ast-featured-img":"","footer-sml-layout":"","theme-transparent-header-meta":"","adv-header-id-meta":"","stick-header-meta":"","header-above-stick-meta":"","header-main-stick-meta":"","header-below-stick-meta":"","astra-migrate-meta-layouts":"default","ast-page-background-enabled":"default","ast-page-background-meta":{"desktop":{"background-color":"var(--ast-global-color-4)","background-image":"","background-repeat":"repeat","background-position":"center center","background-size":"auto","background-attachment":"scroll","background-type":"","background-media":"","overlay-type":"","overlay-color":"","overlay-opacity":"","overlay-gradient":""},"tablet":{"background-color":"","background-image":"","background-repeat":"repeat","background-position":"center center","background-size":"auto","background-attachment":"scroll","background-type":"","background-media":"","overlay-type":"","overlay-color":"","overlay-opacity":"","overlay-gradient":""},"mobile":{"background-color":"","background-image":"","background-repeat":"repeat","background-position":"center center","background-size":"auto","background-attachment":"scroll","background-type":"","background-media":"","overlay-type":"","overlay-color":"","overlay-opacity":"","overlay-gradient":""}},"ast-content-background-meta":{"desktop":{"background-color":"var(--ast-global-color-5)","background-image":"","background-repeat":"repeat","background-position":"center center","background-size":"auto","background-attachment":"scroll","background-type":"","background-media":"","overlay-type":"","overlay-color":"","overlay-opacity":"","overlay-gradient":""},"tablet":{"background-color":"var(--ast-global-color-5)","background-image":"","background-repeat":"repeat","background-position":"center center","background-size":"auto","background-attachment":"scroll","background-type":"","background-media":"","overlay-type":"","overlay-color":"","overlay-opacity":"","overlay-gradient":""},"mobile":{"background-color":"var(--ast-global-color-5)","background-image":"","background-repeat":"repeat","background-position":"center center","background-size":"auto","background-attachment":"scroll","background-type":"","background-media":"","overlay-type":"","overlay-color":"","overlay-opacity":"","overlay-gradient":""}},"footnotes":""},"class_list":["post-6687","page","type-page","status-publish","hentry"],"post_mailing_queue_ids":[],"_links":{"self":[{"href":"https:\/\/agora.xtec.cat\/iesblume\/wp-json\/wp\/v2\/pages\/6687","targetHints":{"allow":["GET"]}}],"collection":[{"href":"https:\/\/agora.xtec.cat\/iesblume\/wp-json\/wp\/v2\/pages"}],"about":[{"href":"https:\/\/agora.xtec.cat\/iesblume\/wp-json\/wp\/v2\/types\/page"}],"author":[{"embeddable":true,"href":"https:\/\/agora.xtec.cat\/iesblume\/wp-json\/wp\/v2\/users\/1"}],"replies":[{"embeddable":true,"href":"https:\/\/agora.xtec.cat\/iesblume\/wp-json\/wp\/v2\/comments?post=6687"}],"version-history":[{"count":6,"href":"https:\/\/agora.xtec.cat\/iesblume\/wp-json\/wp\/v2\/pages\/6687\/revisions"}],"predecessor-version":[{"id":6752,"href":"https:\/\/agora.xtec.cat\/iesblume\/wp-json\/wp\/v2\/pages\/6687\/revisions\/6752"}],"wp:attachment":[{"href":"https:\/\/agora.xtec.cat\/iesblume\/wp-json\/wp\/v2\/media?parent=6687"}],"curies":[{"name":"wp","href":"https:\/\/api.w.org\/{rel}","templated":true}]}}