{"id":6122,"date":"2024-01-11T12:39:09","date_gmt":"2024-01-11T11:39:09","guid":{"rendered":"https:\/\/agora.xtec.cat\/iesblume\/?page_id=6122"},"modified":"2024-08-07T00:43:41","modified_gmt":"2024-08-06T22:43:41","slug":"competencia-professorat","status":"publish","type":"page","link":"https:\/\/agora.xtec.cat\/iesblume\/competencia-professorat\/","title":{"rendered":"Compet\u00e8ncia professorat"},"content":{"rendered":"<p style=\"text-align: justify;\"><span style=\"font-weight: 400;\">Les noves tecnologies no paren d\u2019actualitzar-se i d\u2019apar\u00e8ixer de noves, i \u00e9s per aix\u00f2 que la formaci\u00f3 que el centre ofereix a l\u2019equip docent \u00e9s cont\u00ednua i constant cada curs.<\/span><\/p>\n<p style=\"text-align: justify;\"><span style=\"font-weight: 400;\">\u00c9s per aix\u00f2 que des del curs 2017-18 l\u2019Institut Joaquim Blume s\u2019incorpor\u00e0 a la xarxa de compet\u00e8ncies b\u00e0siques del Departament d\u2019Ensenyament, formada per un equip impulsor (docents del centre) que desenvolupen el treball per compet\u00e8ncies amb l\u2019alumnat de 3r i 4t d\u2019ESO i ofereix formaci\u00f3 adre\u00e7ada a les noves tecnologies i les compet\u00e8ncies digitals.<\/span><\/p>\n<p style=\"text-align: justify;\"><span style=\"font-weight: 400;\">El comprom\u00eds del centre, basant-se en el publicat el<\/span><a href=\"https:\/\/educacio.gencat.cat\/ca\/departament\/publicacions\/colleccions\/pla-educacio-digital\/marc-referencia-competencia-digital-docent\/\"> <span style=\"font-weight: 400;\">Marc de refer\u00e8ncia de la compet\u00e8ncia digital docent<\/span><\/a><span style=\"font-weight: 400;\"> i el <\/span><a href=\"https:\/\/drive.google.com\/drive\/u\/2\/folders\/1R731gR0uUCp8lr5wohDR0Kz3uH8bl1M1\"><span style=\"font-weight: 400;\">Real decret de les compet\u00e8ncies digitals docents.<\/span><\/a><span style=\"font-weight: 400;\">, \u00e9s de continuar treballant per tal que l\u2019equip docent del centre continu\u00ef preparat per afrontar els reptes competencials de l&#8217;alumnat.<\/span><\/p>\n","protected":false},"excerpt":{"rendered":"<p>Les noves tecnologies no paren d\u2019actualitzar-se i d\u2019apar\u00e8ixer de noves, i \u00e9s per aix\u00f2 que la formaci\u00f3 que el centre ofereix a l\u2019equip docent \u00e9s cont\u00ednua i constant cada curs. \u00c9s per aix\u00f2 que des del curs 2017-18 l\u2019Institut Joaquim Blume s\u2019incorpor\u00e0 a la xarxa de compet\u00e8ncies b\u00e0siques del Departament d\u2019Ensenyament, formada per un equip [&hellip;]<\/p>\n","protected":false},"author":1,"featured_media":0,"parent":0,"menu_order":0,"comment_status":"closed","ping_status":"closed","template":"","meta":{"_bbp_topic_count":0,"_bbp_reply_count":0,"_bbp_total_topic_count":0,"_bbp_total_reply_count":0,"_bbp_voice_count":0,"_bbp_anonymous_reply_count":0,"_bbp_topic_count_hidden":0,"_bbp_reply_count_hidden":0,"_bbp_forum_subforum_count":0,"site-sidebar-layout":"default","site-content-layout":"","ast-site-content-layout":"","site-content-style":"default","site-sidebar-style":"default","ast-global-header-display":"","ast-banner-title-visibility":"","ast-main-header-display":"","ast-hfb-above-header-display":"","ast-hfb-below-header-display":"","ast-hfb-mobile-header-display":"","site-post-title":"","ast-breadcrumbs-content":"","ast-featured-img":"","footer-sml-layout":"","theme-transparent-header-meta":"","adv-header-id-meta":"","stick-header-meta":"","header-above-stick-meta":"","header-main-stick-meta":"","header-below-stick-meta":"","astra-migrate-meta-layouts":"default","ast-page-background-enabled":"default","ast-page-background-meta":{"desktop":{"background-color":"var(--ast-global-color-4)","background-image":"","background-repeat":"repeat","background-position":"center center","background-size":"auto","background-attachment":"scroll","background-type":"","background-media":"","overlay-type":"","overlay-color":"","overlay-opacity":"","overlay-gradient":""},"tablet":{"background-color":"","background-image":"","background-repeat":"repeat","background-position":"center center","background-size":"auto","background-attachment":"scroll","background-type":"","background-media":"","overlay-type":"","overlay-color":"","overlay-opacity":"","overlay-gradient":""},"mobile":{"background-color":"","background-image":"","background-repeat":"repeat","background-position":"center center","background-size":"auto","background-attachment":"scroll","background-type":"","background-media":"","overlay-type":"","overlay-color":"","overlay-opacity":"","overlay-gradient":""}},"ast-content-background-meta":{"desktop":{"background-color":"var(--ast-global-color-5)","background-image":"","background-repeat":"repeat","background-position":"center center","background-size":"auto","background-attachment":"scroll","background-type":"","background-media":"","overlay-type":"","overlay-color":"","overlay-opacity":"","overlay-gradient":""},"tablet":{"background-color":"var(--ast-global-color-5)","background-image":"","background-repeat":"repeat","background-position":"center center","background-size":"auto","background-attachment":"scroll","background-type":"","background-media":"","overlay-type":"","overlay-color":"","overlay-opacity":"","overlay-gradient":""},"mobile":{"background-color":"var(--ast-global-color-5)","background-image":"","background-repeat":"repeat","background-position":"center center","background-size":"auto","background-attachment":"scroll","background-type":"","background-media":"","overlay-type":"","overlay-color":"","overlay-opacity":"","overlay-gradient":""}},"footnotes":""},"class_list":["post-6122","page","type-page","status-publish","hentry"],"post_mailing_queue_ids":[],"_links":{"self":[{"href":"https:\/\/agora.xtec.cat\/iesblume\/wp-json\/wp\/v2\/pages\/6122","targetHints":{"allow":["GET"]}}],"collection":[{"href":"https:\/\/agora.xtec.cat\/iesblume\/wp-json\/wp\/v2\/pages"}],"about":[{"href":"https:\/\/agora.xtec.cat\/iesblume\/wp-json\/wp\/v2\/types\/page"}],"author":[{"embeddable":true,"href":"https:\/\/agora.xtec.cat\/iesblume\/wp-json\/wp\/v2\/users\/1"}],"replies":[{"embeddable":true,"href":"https:\/\/agora.xtec.cat\/iesblume\/wp-json\/wp\/v2\/comments?post=6122"}],"version-history":[{"count":1,"href":"https:\/\/agora.xtec.cat\/iesblume\/wp-json\/wp\/v2\/pages\/6122\/revisions"}],"predecessor-version":[{"id":6123,"href":"https:\/\/agora.xtec.cat\/iesblume\/wp-json\/wp\/v2\/pages\/6122\/revisions\/6123"}],"wp:attachment":[{"href":"https:\/\/agora.xtec.cat\/iesblume\/wp-json\/wp\/v2\/media?parent=6122"}],"curies":[{"name":"wp","href":"https:\/\/api.w.org\/{rel}","templated":true}]}}