{"id":5824,"date":"2023-07-26T14:04:45","date_gmt":"2023-07-26T12:04:45","guid":{"rendered":"https:\/\/agora.xtec.cat\/iesblume\/?page_id=5824"},"modified":"2025-11-16T00:31:59","modified_gmt":"2025-11-15T23:31:59","slug":"equip-directiu-i-coordinacions","status":"publish","type":"page","link":"https:\/\/agora.xtec.cat\/iesblume\/linstitut\/equip-directiu-i-coordinacions\/","title":{"rendered":"Equip directiu i coordinacions"},"content":{"rendered":"<h4><\/h4>\n<h4><span style=\"color: #000000;\"><em><strong>Equip directiu<\/strong>:<\/em><\/span><\/h4>\n<h5><span style=\"color: #000000;\"><em><strong>Directora<\/strong>: Pilar Pina Berges<\/em><\/span><\/h5>\n<h5><span style=\"color: #000000;\"><em><strong>Cap d&#8217;Estudis<\/strong>: LLu\u00eds Francesc N\u00fa\u00f1ez de Castro Vall\u00e8s<\/em><\/span><\/h5>\n<h5><span style=\"color: #000000;\"><em><strong>Secret\u00e0ria<\/strong>: Ma. Rosa Bailach Bonet<\/em><\/span><\/h5>\n<h5><span style=\"color: #000000;\"><em><strong>Coordinador Pedag\u00f2gic<\/strong>: Jordi Abril Mora<\/em><\/span><\/h5>\n<hr \/>\n<h5><span style=\"color: #000000;\"><strong>Coordinacions<\/strong>:<\/span><\/h5>\n<ul>\n<li><span style=\"color: #000000;\"><strong>Prevenci\u00f3 de Riscos Laborals: <\/strong><em>Ninoska Souto Garc\u00eda<\/em><\/span><\/li>\n<li><span style=\"color: #000000;\"><strong>Coordinaci\u00f3 digital: <\/strong><em>Laia Serra Sell\u00e9s<\/em><\/span><\/li>\n<li><span style=\"color: #000000;\"><strong>Coordinaci\u00f3 Ling\u00fc\u00edstica: <\/strong><em>Maria Rosa Bailach Bonet<\/em><\/span><\/li>\n<li><span style=\"color: #000000;\"><strong>Coordinaci\u00f3 de coeducaci\u00f3, conviv\u00e8ncia i benestar: <\/strong><em>Montserrat Garrabou<\/em><\/span><\/li>\n<li><span style=\"color: #000000;\"><strong>Cap de Departament de FP: <\/strong><em>Olga Camps Mart\u00ednez\u00a0<\/em><\/span><\/li>\n<\/ul>\n<hr \/>\n<p>&nbsp;<\/p>\n","protected":false},"excerpt":{"rendered":"<p>Equip directiu: Directora: Pilar Pina Berges Cap d&#8217;Estudis: LLu\u00eds Francesc N\u00fa\u00f1ez de Castro Vall\u00e8s Secret\u00e0ria: Ma. Rosa Bailach Bonet Coordinador Pedag\u00f2gic: Jordi Abril Mora Coordinacions: Prevenci\u00f3 de Riscos Laborals: Ninoska Souto Garc\u00eda Coordinaci\u00f3 digital: Laia Serra Sell\u00e9s Coordinaci\u00f3 Ling\u00fc\u00edstica: Maria Rosa Bailach Bonet Coordinaci\u00f3 de coeducaci\u00f3, conviv\u00e8ncia i benestar: Montserrat Garrabou Cap de Departament de [&hellip;]<\/p>\n","protected":false},"author":1,"featured_media":0,"parent":19,"menu_order":50,"comment_status":"closed","ping_status":"closed","template":"","meta":{"_bbp_topic_count":0,"_bbp_reply_count":0,"_bbp_total_topic_count":0,"_bbp_total_reply_count":0,"_bbp_voice_count":0,"_bbp_anonymous_reply_count":0,"_bbp_topic_count_hidden":0,"_bbp_reply_count_hidden":0,"_bbp_forum_subforum_count":0,"site-sidebar-layout":"default","site-content-layout":"","ast-site-content-layout":"default","site-content-style":"default","site-sidebar-style":"default","ast-global-header-display":"","ast-banner-title-visibility":"","ast-main-header-display":"","ast-hfb-above-header-display":"","ast-hfb-below-header-display":"","ast-hfb-mobile-header-display":"","site-post-title":"","ast-breadcrumbs-content":"","ast-featured-img":"","footer-sml-layout":"","theme-transparent-header-meta":"default","adv-header-id-meta":"","stick-header-meta":"","header-above-stick-meta":"","header-main-stick-meta":"","header-below-stick-meta":"","astra-migrate-meta-layouts":"set","ast-page-background-enabled":"default","ast-page-background-meta":{"desktop":{"background-color":"var(--ast-global-color-4)","background-image":"","background-repeat":"repeat","background-position":"center center","background-size":"auto","background-attachment":"scroll","background-type":"","background-media":"","overlay-type":"","overlay-color":"","overlay-opacity":"","overlay-gradient":""},"tablet":{"background-color":"","background-image":"","background-repeat":"repeat","background-position":"center center","background-size":"auto","background-attachment":"scroll","background-type":"","background-media":"","overlay-type":"","overlay-color":"","overlay-opacity":"","overlay-gradient":""},"mobile":{"background-color":"","background-image":"","background-repeat":"repeat","background-position":"center center","background-size":"auto","background-attachment":"scroll","background-type":"","background-media":"","overlay-type":"","overlay-color":"","overlay-opacity":"","overlay-gradient":""}},"ast-content-background-meta":{"desktop":{"background-color":"var(--ast-global-color-5)","background-image":"","background-repeat":"repeat","background-position":"center center","background-size":"auto","background-attachment":"scroll","background-type":"","background-media":"","overlay-type":"","overlay-color":"","overlay-opacity":"","overlay-gradient":""},"tablet":{"background-color":"var(--ast-global-color-5)","background-image":"","background-repeat":"repeat","background-position":"center center","background-size":"auto","background-attachment":"scroll","background-type":"","background-media":"","overlay-type":"","overlay-color":"","overlay-opacity":"","overlay-gradient":""},"mobile":{"background-color":"var(--ast-global-color-5)","background-image":"","background-repeat":"repeat","background-position":"center center","background-size":"auto","background-attachment":"scroll","background-type":"","background-media":"","overlay-type":"","overlay-color":"","overlay-opacity":"","overlay-gradient":""}},"footnotes":""},"class_list":["post-5824","page","type-page","status-publish","hentry"],"post_mailing_queue_ids":[],"_links":{"self":[{"href":"https:\/\/agora.xtec.cat\/iesblume\/wp-json\/wp\/v2\/pages\/5824","targetHints":{"allow":["GET"]}}],"collection":[{"href":"https:\/\/agora.xtec.cat\/iesblume\/wp-json\/wp\/v2\/pages"}],"about":[{"href":"https:\/\/agora.xtec.cat\/iesblume\/wp-json\/wp\/v2\/types\/page"}],"author":[{"embeddable":true,"href":"https:\/\/agora.xtec.cat\/iesblume\/wp-json\/wp\/v2\/users\/1"}],"replies":[{"embeddable":true,"href":"https:\/\/agora.xtec.cat\/iesblume\/wp-json\/wp\/v2\/comments?post=5824"}],"version-history":[{"count":5,"href":"https:\/\/agora.xtec.cat\/iesblume\/wp-json\/wp\/v2\/pages\/5824\/revisions"}],"predecessor-version":[{"id":7563,"href":"https:\/\/agora.xtec.cat\/iesblume\/wp-json\/wp\/v2\/pages\/5824\/revisions\/7563"}],"up":[{"embeddable":true,"href":"https:\/\/agora.xtec.cat\/iesblume\/wp-json\/wp\/v2\/pages\/19"}],"wp:attachment":[{"href":"https:\/\/agora.xtec.cat\/iesblume\/wp-json\/wp\/v2\/media?parent=5824"}],"curies":[{"name":"wp","href":"https:\/\/api.w.org\/{rel}","templated":true}]}}