{"id":5758,"date":"2023-07-04T11:26:58","date_gmt":"2023-07-04T09:26:58","guid":{"rendered":"https:\/\/agora.xtec.cat\/iesblume\/?page_id=5758"},"modified":"2026-01-13T14:14:14","modified_gmt":"2026-01-13T13:14:14","slug":"itineraris-2n-btx","status":"publish","type":"page","link":"https:\/\/agora.xtec.cat\/iesblume\/batxillerat\/itineraris-2n-btx\/","title":{"rendered":"Itineraris 2n BTX"},"content":{"rendered":"<p style=\"text-align: justify;\">Si l\u2019alumnat cursar\u00e0 la <strong><span style=\"color: #000000;\">modalitat de Ci\u00e8ncies i Tecnologia<\/span><\/strong> es matricular\u00e0 de <strong>Matem\u00e0tiques II<\/strong> i de <strong>tres mat\u00e8ries m\u00e9s<\/strong> que ha de triar:<\/p>\n<ul>\n<li style=\"text-align: justify;\"><strong>Geologia i Ci\u00e8ncies Ambientals II<\/strong> o b\u00e9 <strong>F\u00edsica II<\/strong> (cal triar-ne una)<\/li>\n<li style=\"text-align: justify;\"><strong>Biologia II<\/strong> o b\u00e9 <strong><span style=\"font-family: inherit; font-size: 1em;\">Dibuix t\u00e8cnic II <\/span><\/strong>(cal triar-ne una)<\/li>\n<li style=\"text-align: justify;\"><strong>Qu\u00edmica II<\/strong> o b\u00e9 <strong>Tecnologia i Enginyeria II<\/strong> (cal triar-ne una)<\/li>\n<\/ul>\n<hr \/>\n<p>Si l\u2019alumnat cursar\u00e0 la <strong>modalitat d\u2019Humanitats i Ci\u00e8ncies Socials<\/strong> es matricular\u00e0 de <strong>Geografia i Hist\u00f2ria de l\u2019art<\/strong>, i de <strong>dues mat\u00e8ries m\u00e9s<\/strong> que ha de triar:<\/p>\n<ul>\n<li><strong>Matem\u00e0tiques c. socials II<\/strong> o b\u00e9 <strong>Llengua i Cultura Llatines II<\/strong> (cal triar-ne una)<\/li>\n<li><strong>Funcionament de l\u2019Empresa i Disseny de Models de Negoci<\/strong> o b\u00e9 <strong>Literatura catalana<\/strong> (cal triar-ne una)<\/li>\n<\/ul>\n<hr \/>\n<p style=\"text-align: justify;\">Si l\u2019alumnat vol matricular-se d\u2019una mat\u00e8ria que t\u00e9 continu\u00eftat a 1r i 2n de Batx. per\u00f2 no va cursar la part de 1r de Batx. caldr\u00e0 que contacti abans amb el centre (tel. 934804900, ext. 4304).<\/p>\n<hr \/>\n<p style=\"text-align: justify;\">L\u2019acceptaci\u00f3 d\u2019aquesta tria resta supeditada a les possibilitats organitzatives de l\u2019institut: el centre pot anul\u00b7lar l\u2019oferta d\u2019alguna mat\u00e8ria si el nombre d\u2019alumnat que la demana cursar \u00e9s molt baix. L\u2019alumne\/a podr\u00e0 modificar aquesta tria el primer dia del curs si hi ha places lliures en els grups corresponents.<\/p>\n<hr \/>\n<p>&nbsp;<\/p>\n","protected":false},"excerpt":{"rendered":"<p>Si l\u2019alumnat cursar\u00e0 la modalitat de Ci\u00e8ncies i Tecnologia es matricular\u00e0 de Matem\u00e0tiques II i de tres mat\u00e8ries m\u00e9s que ha de triar: Geologia i Ci\u00e8ncies Ambientals II o b\u00e9 F\u00edsica II (cal triar-ne una) Biologia II o b\u00e9 Dibuix t\u00e8cnic II (cal triar-ne una) Qu\u00edmica II o b\u00e9 Tecnologia i Enginyeria II (cal triar-ne [&hellip;]<\/p>\n","protected":false},"author":1,"featured_media":0,"parent":7949,"menu_order":20,"comment_status":"closed","ping_status":"closed","template":"","meta":{"_bbp_topic_count":0,"_bbp_reply_count":0,"_bbp_total_topic_count":0,"_bbp_total_reply_count":0,"_bbp_voice_count":0,"_bbp_anonymous_reply_count":0,"_bbp_topic_count_hidden":0,"_bbp_reply_count_hidden":0,"_bbp_forum_subforum_count":0,"site-sidebar-layout":"default","site-content-layout":"","ast-site-content-layout":"default","site-content-style":"default","site-sidebar-style":"default","ast-global-header-display":"","ast-banner-title-visibility":"","ast-main-header-display":"","ast-hfb-above-header-display":"","ast-hfb-below-header-display":"","ast-hfb-mobile-header-display":"","site-post-title":"","ast-breadcrumbs-content":"","ast-featured-img":"","footer-sml-layout":"","theme-transparent-header-meta":"default","adv-header-id-meta":"","stick-header-meta":"","header-above-stick-meta":"","header-main-stick-meta":"","header-below-stick-meta":"","astra-migrate-meta-layouts":"set","ast-page-background-enabled":"default","ast-page-background-meta":{"desktop":{"background-color":"var(--ast-global-color-4)","background-image":"","background-repeat":"repeat","background-position":"center center","background-size":"auto","background-attachment":"scroll","background-type":"","background-media":"","overlay-type":"","overlay-color":"","overlay-opacity":"","overlay-gradient":""},"tablet":{"background-color":"","background-image":"","background-repeat":"repeat","background-position":"center center","background-size":"auto","background-attachment":"scroll","background-type":"","background-media":"","overlay-type":"","overlay-color":"","overlay-opacity":"","overlay-gradient":""},"mobile":{"background-color":"","background-image":"","background-repeat":"repeat","background-position":"center center","background-size":"auto","background-attachment":"scroll","background-type":"","background-media":"","overlay-type":"","overlay-color":"","overlay-opacity":"","overlay-gradient":""}},"ast-content-background-meta":{"desktop":{"background-color":"var(--ast-global-color-5)","background-image":"","background-repeat":"repeat","background-position":"center center","background-size":"auto","background-attachment":"scroll","background-type":"","background-media":"","overlay-type":"","overlay-color":"","overlay-opacity":"","overlay-gradient":""},"tablet":{"background-color":"var(--ast-global-color-5)","background-image":"","background-repeat":"repeat","background-position":"center center","background-size":"auto","background-attachment":"scroll","background-type":"","background-media":"","overlay-type":"","overlay-color":"","overlay-opacity":"","overlay-gradient":""},"mobile":{"background-color":"var(--ast-global-color-5)","background-image":"","background-repeat":"repeat","background-position":"center center","background-size":"auto","background-attachment":"scroll","background-type":"","background-media":"","overlay-type":"","overlay-color":"","overlay-opacity":"","overlay-gradient":""}},"footnotes":""},"class_list":["post-5758","page","type-page","status-publish","hentry"],"post_mailing_queue_ids":[],"_links":{"self":[{"href":"https:\/\/agora.xtec.cat\/iesblume\/wp-json\/wp\/v2\/pages\/5758","targetHints":{"allow":["GET"]}}],"collection":[{"href":"https:\/\/agora.xtec.cat\/iesblume\/wp-json\/wp\/v2\/pages"}],"about":[{"href":"https:\/\/agora.xtec.cat\/iesblume\/wp-json\/wp\/v2\/types\/page"}],"author":[{"embeddable":true,"href":"https:\/\/agora.xtec.cat\/iesblume\/wp-json\/wp\/v2\/users\/1"}],"replies":[{"embeddable":true,"href":"https:\/\/agora.xtec.cat\/iesblume\/wp-json\/wp\/v2\/comments?post=5758"}],"version-history":[{"count":1,"href":"https:\/\/agora.xtec.cat\/iesblume\/wp-json\/wp\/v2\/pages\/5758\/revisions"}],"predecessor-version":[{"id":5760,"href":"https:\/\/agora.xtec.cat\/iesblume\/wp-json\/wp\/v2\/pages\/5758\/revisions\/5760"}],"up":[{"embeddable":true,"href":"https:\/\/agora.xtec.cat\/iesblume\/wp-json\/wp\/v2\/pages\/7949"}],"wp:attachment":[{"href":"https:\/\/agora.xtec.cat\/iesblume\/wp-json\/wp\/v2\/media?parent=5758"}],"curies":[{"name":"wp","href":"https:\/\/api.w.org\/{rel}","templated":true}]}}