{"id":5750,"date":"2023-07-04T11:14:33","date_gmt":"2023-07-04T09:14:33","guid":{"rendered":"https:\/\/agora.xtec.cat\/iesblume\/?page_id=5750"},"modified":"2026-01-13T14:13:50","modified_gmt":"2026-01-13T13:13:50","slug":"itineraris-1r-btx","status":"publish","type":"page","link":"https:\/\/agora.xtec.cat\/iesblume\/batxillerat\/itineraris-1r-btx\/","title":{"rendered":"Itineraris 1r BTX"},"content":{"rendered":"<p>L\u2019alumnat de <em>primer de batxillerat<\/em> cursar\u00e0 les seg\u00fcents mat\u00e8ries de car\u00e0cter com\u00fa: llengua catalana i literatura I (2h), llengua castellana i literatura I (2h), llengua estrangera I (angl\u00e8s) (3h), filosofia (2h) i tutoria (1h). La franja comuna suma un total de 10 hores (+ 2h d\u2019educaci\u00f3 f\u00edsica).<\/p>\n<p>L\u2019alumnat de <em>segon de batxillerat<\/em> cursar\u00e0 les seg\u00fcents mat\u00e8ries de car\u00e0cter com\u00fa: llengua catalana i literatura II (2h), llengua castellana i literatura II (2h), llengua estrangera II (angl\u00e8s) (3h), hist\u00f2ria (3h), hist\u00f2ria de la filosofia (3h) i tutoria (1h).<\/p>\n<p>A 1r de batxillerat, a part de les 5 mat\u00e8ries del <em>Tipus \u2018mat\u00e8ria com\u00fa\u2019<\/em>, l\u2019alumnat cursar\u00e0 1 mat\u00e8ria del <em>Tipus \u2018mat\u00e8ria obligat\u00f2ria de modalitat\u2019<\/em> i 2 mat\u00e8ries del <em>Tipus \u2018modalitat\u2019<\/em>. Al curr\u00edculum tamb\u00e9 hi pot haver mat\u00e8ries del <em>Tipus \u2018mat\u00e8ria <\/em><em>optativa\u2019<\/em> i mat\u00e8ries del <em>Tipus \u2018mat\u00e8ria <\/em><em>optativa de franja\u2019<\/em>.<\/p>\n<p>A 2n de batxillerat, a part de les 6 mat\u00e8ries del <em>Tipus \u2018mat\u00e8ria com\u00fa\u2019<\/em>, l\u2019alumnat cursar\u00e0 1 mat\u00e8ria del <em>Tipus \u2018mat\u00e8ria obligat\u00f2ria de modalitat\u2019<\/em>, 2 mat\u00e8ries del <em>Tipus \u2018modalitat\u2019.<\/em> Al curr\u00edculum tamb\u00e9 hi pot haver mat\u00e8ries del <em>Tipus \u2018mat\u00e8ria o<\/em><em>ptativa\u2019<\/em> i 1 mat\u00e8ria del <em>Tipus \u2018mat\u00e8ria optativa de franja\u2019<\/em>.<\/p>\n<p>Per tant, la part de les mat\u00e8ries de modalitat i optatives de primer de Batxillerat suma 18 hores lectives, ja que l\u2019alumnat ha de triar 6 mat\u00e8ries de 3 hores cada una i s\u2019organitzen en itineraris dels quals l\u2019alumnat n\u2019haur\u00e0 de triar un. Aquesta oferta pot experimentar variacions per tal d\u2019ajustar-se a la normativa vigent del moment i a la realitat i disponibilitat hor\u00e0ria del nostre centre.<\/p>\n<p style=\"text-align: justify;\">\u2192 <em><a href=\"https:\/\/agora.xtec.cat\/iesblume\/wp-content\/uploads\/usu1242\/2025\/12\/INS-7-Tria-Itinerari-1r-de-Batxilerat-2025-2026.pdf\" target=\"_blank\" rel=\"noopener\">Detall dels itineraris de 1r de BTX<\/a>\u00a0<\/em><\/p>\n<p>&nbsp;<\/p>\n<hr \/>\n<p>&nbsp;<\/p>\n","protected":false},"excerpt":{"rendered":"<p>L\u2019alumnat de primer de batxillerat cursar\u00e0 les seg\u00fcents mat\u00e8ries de car\u00e0cter com\u00fa: llengua catalana i literatura I (2h), llengua castellana i literatura I (2h), llengua estrangera I (angl\u00e8s) (3h), filosofia (2h) i tutoria (1h). La franja comuna suma un total de 10 hores (+ 2h d\u2019educaci\u00f3 f\u00edsica). L\u2019alumnat de segon de batxillerat cursar\u00e0 les seg\u00fcents [&hellip;]<\/p>\n","protected":false},"author":1,"featured_media":0,"parent":7949,"menu_order":10,"comment_status":"closed","ping_status":"closed","template":"","meta":{"_bbp_topic_count":0,"_bbp_reply_count":0,"_bbp_total_topic_count":0,"_bbp_total_reply_count":0,"_bbp_voice_count":0,"_bbp_anonymous_reply_count":0,"_bbp_topic_count_hidden":0,"_bbp_reply_count_hidden":0,"_bbp_forum_subforum_count":0,"site-sidebar-layout":"default","site-content-layout":"","ast-site-content-layout":"default","site-content-style":"default","site-sidebar-style":"default","ast-global-header-display":"","ast-banner-title-visibility":"","ast-main-header-display":"","ast-hfb-above-header-display":"","ast-hfb-below-header-display":"","ast-hfb-mobile-header-display":"","site-post-title":"","ast-breadcrumbs-content":"","ast-featured-img":"","footer-sml-layout":"","theme-transparent-header-meta":"default","adv-header-id-meta":"","stick-header-meta":"","header-above-stick-meta":"","header-main-stick-meta":"","header-below-stick-meta":"","astra-migrate-meta-layouts":"set","ast-page-background-enabled":"default","ast-page-background-meta":{"desktop":{"background-color":"var(--ast-global-color-4)","background-image":"","background-repeat":"repeat","background-position":"center center","background-size":"auto","background-attachment":"scroll","background-type":"","background-media":"","overlay-type":"","overlay-color":"","overlay-opacity":"","overlay-gradient":""},"tablet":{"background-color":"","background-image":"","background-repeat":"repeat","background-position":"center center","background-size":"auto","background-attachment":"scroll","background-type":"","background-media":"","overlay-type":"","overlay-color":"","overlay-opacity":"","overlay-gradient":""},"mobile":{"background-color":"","background-image":"","background-repeat":"repeat","background-position":"center center","background-size":"auto","background-attachment":"scroll","background-type":"","background-media":"","overlay-type":"","overlay-color":"","overlay-opacity":"","overlay-gradient":""}},"ast-content-background-meta":{"desktop":{"background-color":"var(--ast-global-color-5)","background-image":"","background-repeat":"repeat","background-position":"center center","background-size":"auto","background-attachment":"scroll","background-type":"","background-media":"","overlay-type":"","overlay-color":"","overlay-opacity":"","overlay-gradient":""},"tablet":{"background-color":"var(--ast-global-color-5)","background-image":"","background-repeat":"repeat","background-position":"center center","background-size":"auto","background-attachment":"scroll","background-type":"","background-media":"","overlay-type":"","overlay-color":"","overlay-opacity":"","overlay-gradient":""},"mobile":{"background-color":"var(--ast-global-color-5)","background-image":"","background-repeat":"repeat","background-position":"center center","background-size":"auto","background-attachment":"scroll","background-type":"","background-media":"","overlay-type":"","overlay-color":"","overlay-opacity":"","overlay-gradient":""}},"footnotes":""},"class_list":["post-5750","page","type-page","status-publish","hentry"],"post_mailing_queue_ids":[],"_links":{"self":[{"href":"https:\/\/agora.xtec.cat\/iesblume\/wp-json\/wp\/v2\/pages\/5750","targetHints":{"allow":["GET"]}}],"collection":[{"href":"https:\/\/agora.xtec.cat\/iesblume\/wp-json\/wp\/v2\/pages"}],"about":[{"href":"https:\/\/agora.xtec.cat\/iesblume\/wp-json\/wp\/v2\/types\/page"}],"author":[{"embeddable":true,"href":"https:\/\/agora.xtec.cat\/iesblume\/wp-json\/wp\/v2\/users\/1"}],"replies":[{"embeddable":true,"href":"https:\/\/agora.xtec.cat\/iesblume\/wp-json\/wp\/v2\/comments?post=5750"}],"version-history":[{"count":4,"href":"https:\/\/agora.xtec.cat\/iesblume\/wp-json\/wp\/v2\/pages\/5750\/revisions"}],"predecessor-version":[{"id":7850,"href":"https:\/\/agora.xtec.cat\/iesblume\/wp-json\/wp\/v2\/pages\/5750\/revisions\/7850"}],"up":[{"embeddable":true,"href":"https:\/\/agora.xtec.cat\/iesblume\/wp-json\/wp\/v2\/pages\/7949"}],"wp:attachment":[{"href":"https:\/\/agora.xtec.cat\/iesblume\/wp-json\/wp\/v2\/media?parent=5750"}],"curies":[{"name":"wp","href":"https:\/\/api.w.org\/{rel}","templated":true}]}}