{"id":5375,"date":"2023-04-16T22:57:09","date_gmt":"2023-04-16T20:57:09","guid":{"rendered":"https:\/\/agora.xtec.cat\/iesblume\/?page_id=5375"},"modified":"2026-01-16T17:13:03","modified_gmt":"2026-01-16T16:13:03","slug":"planificacio-i-seguiment","status":"publish","type":"page","link":"https:\/\/agora.xtec.cat\/iesblume\/projecte-educatiu\/estrategia-digital-de-centre-edc\/part-estrategica\/planificacio-i-seguiment\/","title":{"rendered":"Planificaci\u00f3 i seguiment"},"content":{"rendered":"<p style=\"text-align: justify;\">En aquest apartat es defineixen les accions concretes que permeten acabar assolint els objectius marcats. Algunes accions es duran a terme durant el primer curs d&#8217;implementaci\u00f3 de l\u2019EDC i altres no es realitzaran fins al cap de dos o tres cursos. Es preveu que el pla quedi implementat i avaluat entre el curs 2022-2023 i el 2024-2025.<\/p>\n<p style=\"text-align: justify;\">L&#8217;avaluaci\u00f3 del proc\u00e9s seguit ens permetr\u00e0 determinar com continuar-lo per seguir millorant.<\/p>\n<p style=\"text-align: justify;\">En els documents seg\u00fcents s&#8217;epecifiquen els objectius, les activitats per aconseguir-lo junt amb la seva temporitzaci\u00f3, responsables, recursos necessaris, espai de realitzaci\u00f3 i els indicadors amb criteri d\u2019\u00e8xit, tant pel qu\u00e8 fa a l&#8217;assoliment i desenvolupament de la Compet\u00e8ncia Digital de tota la comunitat educativa com al foment del Pensament Computacional del nostre alumnat.<\/p>\n<div><\/div>\n<div><span style=\"text-decoration: underline;\">Temporitzaci\u00f3 Objectius Compet\u00e8ncia Digital Comunitat Educativa<\/span>:<\/div>\n<div><\/div>\n<div style=\"text-align: center;\"><iframe loading=\"lazy\" src=\"https:\/\/docs.google.com\/spreadsheets\/d\/e\/2PACX-1vQgO2qUJ-fE-bBgH9pGwJ40gsIbp-QaEUo4lkC-qBn-ITwbjpRWDPIAz8mJZnqLGQ\/pubhtml\" width=\"800\" height=\"400\" data-mce-fragment=\"1\"><\/iframe><\/div>\n<div><\/div>\n<div><span style=\"text-decoration: underline;\">Temporitzaci\u00f3 Objectius Pensament Computacional<\/span>:<\/div>\n<div><\/div>\n<div style=\"text-align: center;\"><iframe loading=\"lazy\" src=\"https:\/\/docs.google.com\/spreadsheets\/d\/e\/2PACX-1vR7y4HdsXJC5HNSqmr-xw1pHFmnQEHIGiMI6Z2IiOFgW7KZk3Vi4dJBnRrVdVa499XGStpvrTgkoDUx\/pubhtml\" width=\"650\" height=\"300\" data-mce-fragment=\"1\"><\/iframe><\/div>\n","protected":false},"excerpt":{"rendered":"<p>En aquest apartat es defineixen les accions concretes que permeten acabar assolint els objectius marcats. Algunes accions es duran a terme durant el primer curs d&#8217;implementaci\u00f3 de l\u2019EDC i altres no es realitzaran fins al cap de dos o tres cursos. Es preveu que el pla quedi implementat i avaluat entre el curs 2022-2023 i [&hellip;]<\/p>\n","protected":false},"author":1,"featured_media":0,"parent":5331,"menu_order":15,"comment_status":"closed","ping_status":"closed","template":"","meta":{"_bbp_topic_count":0,"_bbp_reply_count":0,"_bbp_total_topic_count":0,"_bbp_total_reply_count":0,"_bbp_voice_count":0,"_bbp_anonymous_reply_count":0,"_bbp_topic_count_hidden":0,"_bbp_reply_count_hidden":0,"_bbp_forum_subforum_count":0,"site-sidebar-layout":"default","site-content-layout":"","ast-site-content-layout":"default","site-content-style":"default","site-sidebar-style":"default","ast-global-header-display":"","ast-banner-title-visibility":"","ast-main-header-display":"","ast-hfb-above-header-display":"","ast-hfb-below-header-display":"","ast-hfb-mobile-header-display":"","site-post-title":"","ast-breadcrumbs-content":"","ast-featured-img":"","footer-sml-layout":"","theme-transparent-header-meta":"default","adv-header-id-meta":"","stick-header-meta":"","header-above-stick-meta":"","header-main-stick-meta":"","header-below-stick-meta":"","astra-migrate-meta-layouts":"set","ast-page-background-enabled":"default","ast-page-background-meta":{"desktop":{"background-color":"var(--ast-global-color-4)","background-image":"","background-repeat":"repeat","background-position":"center center","background-size":"auto","background-attachment":"scroll","background-type":"","background-media":"","overlay-type":"","overlay-color":"","overlay-opacity":"","overlay-gradient":""},"tablet":{"background-color":"","background-image":"","background-repeat":"repeat","background-position":"center center","background-size":"auto","background-attachment":"scroll","background-type":"","background-media":"","overlay-type":"","overlay-color":"","overlay-opacity":"","overlay-gradient":""},"mobile":{"background-color":"","background-image":"","background-repeat":"repeat","background-position":"center center","background-size":"auto","background-attachment":"scroll","background-type":"","background-media":"","overlay-type":"","overlay-color":"","overlay-opacity":"","overlay-gradient":""}},"ast-content-background-meta":{"desktop":{"background-color":"var(--ast-global-color-5)","background-image":"","background-repeat":"repeat","background-position":"center center","background-size":"auto","background-attachment":"scroll","background-type":"","background-media":"","overlay-type":"","overlay-color":"","overlay-opacity":"","overlay-gradient":""},"tablet":{"background-color":"var(--ast-global-color-5)","background-image":"","background-repeat":"repeat","background-position":"center center","background-size":"auto","background-attachment":"scroll","background-type":"","background-media":"","overlay-type":"","overlay-color":"","overlay-opacity":"","overlay-gradient":""},"mobile":{"background-color":"var(--ast-global-color-5)","background-image":"","background-repeat":"repeat","background-position":"center center","background-size":"auto","background-attachment":"scroll","background-type":"","background-media":"","overlay-type":"","overlay-color":"","overlay-opacity":"","overlay-gradient":""}},"footnotes":""},"class_list":["post-5375","page","type-page","status-publish","hentry"],"post_mailing_queue_ids":[],"_links":{"self":[{"href":"https:\/\/agora.xtec.cat\/iesblume\/wp-json\/wp\/v2\/pages\/5375","targetHints":{"allow":["GET"]}}],"collection":[{"href":"https:\/\/agora.xtec.cat\/iesblume\/wp-json\/wp\/v2\/pages"}],"about":[{"href":"https:\/\/agora.xtec.cat\/iesblume\/wp-json\/wp\/v2\/types\/page"}],"author":[{"embeddable":true,"href":"https:\/\/agora.xtec.cat\/iesblume\/wp-json\/wp\/v2\/users\/1"}],"replies":[{"embeddable":true,"href":"https:\/\/agora.xtec.cat\/iesblume\/wp-json\/wp\/v2\/comments?post=5375"}],"version-history":[{"count":6,"href":"https:\/\/agora.xtec.cat\/iesblume\/wp-json\/wp\/v2\/pages\/5375\/revisions"}],"predecessor-version":[{"id":7973,"href":"https:\/\/agora.xtec.cat\/iesblume\/wp-json\/wp\/v2\/pages\/5375\/revisions\/7973"}],"up":[{"embeddable":true,"href":"https:\/\/agora.xtec.cat\/iesblume\/wp-json\/wp\/v2\/pages\/5331"}],"wp:attachment":[{"href":"https:\/\/agora.xtec.cat\/iesblume\/wp-json\/wp\/v2\/media?parent=5375"}],"curies":[{"name":"wp","href":"https:\/\/api.w.org\/{rel}","templated":true}]}}