{"id":5338,"date":"2023-04-10T20:21:23","date_gmt":"2023-04-10T18:21:23","guid":{"rendered":"https:\/\/agora.xtec.cat\/iesblume\/?page_id=5338"},"modified":"2025-09-29T13:33:02","modified_gmt":"2025-09-29T11:33:02","slug":"cultura-digital","status":"publish","type":"page","link":"https:\/\/agora.xtec.cat\/iesblume\/projecte-educatiu\/estrategia-digital-de-centre-edc\/cultura-digital\/","title":{"rendered":"Cultura Digital"},"content":{"rendered":"<p style=\"text-align: justify;\"><span style=\"font-weight: 400;\">La cultura digital s\u2019ent\u00e9n com la segona part de l\u2019Estrat\u00e8gia Digital de Centre (EDC) que permet recollir i tenir unificades totes les accions que el centre ja realitza en l\u2019\u00e0mbit digital.<\/span><\/p>\n<p style=\"text-align: justify;\"><span style=\"font-weight: 400;\">L&#8217;institut Joaquim Blume ja t\u00e9 definits procediments, protocols, normes, acords i plans per assolir les compet\u00e8ncies digitals, i estan recollits en aquest espai segons el seg\u00fcent esquelet:<\/span><\/p>\n<p>&nbsp;<\/p>\n<ul>\n<li style=\"font-weight: 400; text-align: justify;\" aria-level=\"1\"><a href=\"https:\/\/agora.xtec.cat\/iesblume\/documentacio-basica\/\" target=\"_blank\" rel=\"noopener\"><span style=\"color: #000000;\"><strong>Documentaci\u00f3 b\u00e0sica<\/strong><\/span><\/a>\n<ul>\n<li aria-level=\"1\"><strong><a href=\"https:\/\/agora.xtec.cat\/iesblume\/projecte-educatiu\/projecte-educatiu-de-centre-pec\/\" target=\"_blank\" rel=\"noopener\">PEC<\/a><\/strong><\/li>\n<li aria-level=\"1\"><strong><a href=\"https:\/\/agora.xtec.cat\/iesblume\/wp-content\/uploads\/usu1242\/bp-attachments\/5321\/NOFC.docx-amb-modificacio-2024-30_07_24.docx-1.pdf\" target=\"_blank\" rel=\"noopener\">NOFC<\/a><\/strong><\/li>\n<\/ul>\n<\/li>\n<li style=\"font-weight: 400; text-align: justify;\" aria-level=\"1\"><a href=\"https:\/\/agora.xtec.cat\/iesblume\/?page_id=6701&amp;preview=true\" target=\"_blank\" rel=\"noopener\"><span style=\"color: #000000;\"><strong>Acollida digital<\/strong><\/span><\/a><\/li>\n<li style=\"font-weight: 400; text-align: justify;\" aria-level=\"1\"><a href=\"https:\/\/agora.xtec.cat\/iesblume\/comunicacio\/\" target=\"_blank\" rel=\"noopener\"><span style=\"color: #000000;\"><strong>Comunicaci\u00f3<\/strong><\/span><\/a><\/li>\n<li style=\"font-weight: 400; text-align: justify;\" aria-level=\"1\"><a href=\"https:\/\/agora.xtec.cat\/iesblume\/competencia-alumnat\/\" target=\"_blank\" rel=\"noopener\"><span style=\"color: #000000;\"><strong>Compet\u00e8ncia alumnat<\/strong><\/span><\/a><\/li>\n<li style=\"font-weight: 400; text-align: justify;\" aria-level=\"1\"><a href=\"https:\/\/agora.xtec.cat\/iesblume\/competencia-professorat\/\" target=\"_blank\" rel=\"noopener\"><span style=\"color: #000000;\"><strong>Compet\u00e8ncia professorat<\/strong><\/span><\/a><\/li>\n<li aria-level=\"1\"><a href=\"https:\/\/agora.xtec.cat\/iesblume\/informacio-dinteres\/\"><span style=\"color: #000000;\"><strong>Informaci\u00f3 d&#8217;inter\u00e8s<\/strong><\/span><\/a>\n<ul>\n<li aria-level=\"1\"><a href=\"https:\/\/agora.xtec.cat\/iesblume\/wp-content\/uploads\/usu1242\/2024\/08\/Identitat-digital_ResumSessio18042024.pdf\" target=\"_blank\" rel=\"noopener\">Identitat digital<\/a><\/li>\n<li aria-level=\"1\">\n<div><a href=\"https:\/\/xtec.gencat.cat\/ca\/centres\/propintel_dretauto\/\" target=\"_blank\" rel=\"noopener\">Propietat Intel\u00b7lectual i Drets autors<\/a><\/div>\n<\/li>\n<li aria-level=\"1\">\n<div><a href=\"https:\/\/ciberseguretat.gencat.cat\/ca\/inici\" target=\"_blank\" rel=\"noopener\">Ciberseguretat<\/a><\/div>\n<\/li>\n<li aria-level=\"1\"><a href=\"https:\/\/www.incibe.es\/menores\" target=\"_blank\" rel=\"noopener\">Centro de Seguridad en Internet para ni\u00f1os\/as y adolescentes<\/a><\/li>\n<li aria-level=\"1\">\n<div><a href=\"https:\/\/agora.xtec.cat\/iesblume\/wp-content\/uploads\/usu1242\/2024\/08\/RECOMANACIO-US-IMATGES-ALUMNAT.pptx.pdf\" target=\"_blank\" rel=\"noopener\">Recomanaci\u00f3 \u00fas imatges alumnat<\/a><\/div>\n<\/li>\n<li aria-level=\"1\"><a href=\"https:\/\/agora.xtec.cat\/iesblume\/wp-content\/uploads\/usu1242\/2025\/09\/guia-families.pdf\" target=\"_blank\" rel=\"noopener\">Educaci\u00f3 i digitalitzaci\u00f3. Guia per acompanyar les fam\u00edlies<\/a><\/li>\n<\/ul>\n<\/li>\n<\/ul>\n","protected":false},"excerpt":{"rendered":"<p>La cultura digital s\u2019ent\u00e9n com la segona part de l\u2019Estrat\u00e8gia Digital de Centre (EDC) que permet recollir i tenir unificades totes les accions que el centre ja realitza en l\u2019\u00e0mbit digital. L&#8217;institut Joaquim Blume ja t\u00e9 definits procediments, protocols, normes, acords i plans per assolir les compet\u00e8ncies digitals, i estan recollits en aquest espai segons [&hellip;]<\/p>\n","protected":false},"author":1,"featured_media":0,"parent":5325,"menu_order":2,"comment_status":"closed","ping_status":"closed","template":"page-templates\/side-menu.php","meta":{"_bbp_topic_count":0,"_bbp_reply_count":0,"_bbp_total_topic_count":0,"_bbp_total_reply_count":0,"_bbp_voice_count":0,"_bbp_anonymous_reply_count":0,"_bbp_topic_count_hidden":0,"_bbp_reply_count_hidden":0,"_bbp_forum_subforum_count":0,"site-sidebar-layout":"default","site-content-layout":"","ast-site-content-layout":"","site-content-style":"default","site-sidebar-style":"default","ast-global-header-display":"","ast-banner-title-visibility":"","ast-main-header-display":"","ast-hfb-above-header-display":"","ast-hfb-below-header-display":"","ast-hfb-mobile-header-display":"","site-post-title":"","ast-breadcrumbs-content":"","ast-featured-img":"","footer-sml-layout":"","theme-transparent-header-meta":"","adv-header-id-meta":"","stick-header-meta":"","header-above-stick-meta":"","header-main-stick-meta":"","header-below-stick-meta":"","astra-migrate-meta-layouts":"default","ast-page-background-enabled":"default","ast-page-background-meta":{"desktop":{"background-color":"var(--ast-global-color-4)","background-image":"","background-repeat":"repeat","background-position":"center center","background-size":"auto","background-attachment":"scroll","background-type":"","background-media":"","overlay-type":"","overlay-color":"","overlay-opacity":"","overlay-gradient":""},"tablet":{"background-color":"","background-image":"","background-repeat":"repeat","background-position":"center center","background-size":"auto","background-attachment":"scroll","background-type":"","background-media":"","overlay-type":"","overlay-color":"","overlay-opacity":"","overlay-gradient":""},"mobile":{"background-color":"","background-image":"","background-repeat":"repeat","background-position":"center center","background-size":"auto","background-attachment":"scroll","background-type":"","background-media":"","overlay-type":"","overlay-color":"","overlay-opacity":"","overlay-gradient":""}},"ast-content-background-meta":{"desktop":{"background-color":"var(--ast-global-color-5)","background-image":"","background-repeat":"repeat","background-position":"center center","background-size":"auto","background-attachment":"scroll","background-type":"","background-media":"","overlay-type":"","overlay-color":"","overlay-opacity":"","overlay-gradient":""},"tablet":{"background-color":"var(--ast-global-color-5)","background-image":"","background-repeat":"repeat","background-position":"center center","background-size":"auto","background-attachment":"scroll","background-type":"","background-media":"","overlay-type":"","overlay-color":"","overlay-opacity":"","overlay-gradient":""},"mobile":{"background-color":"var(--ast-global-color-5)","background-image":"","background-repeat":"repeat","background-position":"center center","background-size":"auto","background-attachment":"scroll","background-type":"","background-media":"","overlay-type":"","overlay-color":"","overlay-opacity":"","overlay-gradient":""}},"footnotes":""},"class_list":["post-5338","page","type-page","status-publish","hentry"],"post_mailing_queue_ids":[],"_links":{"self":[{"href":"https:\/\/agora.xtec.cat\/iesblume\/wp-json\/wp\/v2\/pages\/5338","targetHints":{"allow":["GET"]}}],"collection":[{"href":"https:\/\/agora.xtec.cat\/iesblume\/wp-json\/wp\/v2\/pages"}],"about":[{"href":"https:\/\/agora.xtec.cat\/iesblume\/wp-json\/wp\/v2\/types\/page"}],"author":[{"embeddable":true,"href":"https:\/\/agora.xtec.cat\/iesblume\/wp-json\/wp\/v2\/users\/1"}],"replies":[{"embeddable":true,"href":"https:\/\/agora.xtec.cat\/iesblume\/wp-json\/wp\/v2\/comments?post=5338"}],"version-history":[{"count":6,"href":"https:\/\/agora.xtec.cat\/iesblume\/wp-json\/wp\/v2\/pages\/5338\/revisions"}],"predecessor-version":[{"id":7691,"href":"https:\/\/agora.xtec.cat\/iesblume\/wp-json\/wp\/v2\/pages\/5338\/revisions\/7691"}],"up":[{"embeddable":true,"href":"https:\/\/agora.xtec.cat\/iesblume\/wp-json\/wp\/v2\/pages\/5325"}],"wp:attachment":[{"href":"https:\/\/agora.xtec.cat\/iesblume\/wp-json\/wp\/v2\/media?parent=5338"}],"curies":[{"name":"wp","href":"https:\/\/api.w.org\/{rel}","templated":true}]}}