{"id":5331,"date":"2023-04-10T20:18:22","date_gmt":"2023-04-10T18:18:22","guid":{"rendered":"https:\/\/agora.xtec.cat\/iesblume\/?page_id=5331"},"modified":"2023-04-24T13:48:24","modified_gmt":"2023-04-24T11:48:24","slug":"part-estrategica","status":"publish","type":"page","link":"https:\/\/agora.xtec.cat\/iesblume\/projecte-educatiu\/estrategia-digital-de-centre-edc\/part-estrategica\/","title":{"rendered":"Part Estrat\u00e8gica"},"content":{"rendered":"<p style=\"text-align: justify;\"><span style=\"font-weight: 400;\">L\u2019estrat\u00e8gia digital de centre parteix de tota una normativa desenvolupada pel Departament d\u2019Educaci\u00f3 i que es desplega d\u2019acord amb el Pla d\u2019Educaci\u00f3 Digital de Catalunya (PEDC).<\/span><\/p>\n<p style=\"text-align: justify;\"><span style=\"font-weight: 400;\">Els objectius de l\u2019Estrat\u00e8gia Digital de Centre, atenent al PEDC, s\u00f3n els seg\u00fcents:<\/span><\/p>\n<ul style=\"text-align: justify;\">\n<li style=\"font-weight: 400;\" aria-level=\"1\"><span style=\"font-weight: 400;\">Assoliment del m\u00e0xim de compet\u00e8ncia digital en tot l\u2019alumnat, professorat i del centre.<\/span><\/li>\n<\/ul>\n<ul style=\"text-align: justify;\">\n<li style=\"font-weight: 400;\" aria-level=\"1\"><span style=\"font-weight: 400;\">Planificaci\u00f3 estrat\u00e8gica i organitzaci\u00f3: per tal de treure el m\u00e0xim profit de les tecnologies, cal planificar la implantaci\u00f3 de les tecnologies digitals, preveure\u2019n la gesti\u00f3 i manteniment i revisar la documentaci\u00f3 del centre per incloure-la, tot vetllant per la inclusi\u00f3 digital.<\/span><\/li>\n<\/ul>\n<ul style=\"text-align: justify;\">\n<li style=\"font-weight: 400;\" aria-level=\"1\"><span style=\"font-weight: 400;\">Metodologies did\u00e0ctiques i innovaci\u00f3: inclusi\u00f3 de les tecnologies en la pr\u00e0ctica educativa habitual.<\/span><\/li>\n<\/ul>\n<ul style=\"text-align: justify;\">\n<li style=\"font-weight: 400;\" aria-level=\"1\"><span style=\"font-weight: 400;\">Inclusi\u00f3 digital i de g\u00e8nere vers les tecnologies per evitar la bretxa digital i afavorir la cohesi\u00f3 social.<\/span><\/li>\n<\/ul>\n<ul style=\"text-align: justify;\">\n<li style=\"font-weight: 400;\" aria-level=\"1\"><span style=\"font-weight: 400;\">Seguretat i protecci\u00f3 de dades: vetllar pel compliment de la Llei de Protecci\u00f3 de Dades (LOPD) i la protecci\u00f3 intel\u00b7lectual dels materials, aix\u00ed com garantir un acc\u00e9s segur a Internet.<\/span><\/li>\n<\/ul>\n<p style=\"text-align: justify;\"><span style=\"font-weight: 400;\">L\u2019EDC es comen\u00e7a a treballar a l\u2019institut Joaquim Blume a l\u2019inici del curs 2021-2022 i s\u2019estructura en 4 fases:<\/span><span style=\"font-weight: 400;\">\u00a0<\/span><\/p>\n<ul>\n<li style=\"font-weight: 400; text-align: justify;\" aria-level=\"1\"><span style=\"color: #3366ff;\"><a style=\"color: #3366ff;\" href=\"https:\/\/agora.xtec.cat\/iesblume\/projecte-educatiu\/estrategia-digital-de-centre-edc\/part-estrategica\/diagnosi\/\" target=\"_blank\" rel=\"noopener\"><strong>Diagnosi<\/strong><\/a><\/span><\/li>\n<li style=\"font-weight: 400; text-align: justify;\" aria-level=\"1\"><span style=\"color: #3366ff;\"><a style=\"color: #3366ff;\" href=\"https:\/\/agora.xtec.cat\/iesblume\/projecte-educatiu\/estrategia-digital-de-centre-edc\/part-estrategica\/objectius\/\" target=\"_blank\" rel=\"noopener\"><strong>Objectius\u00a0<\/strong><\/a><\/span><\/li>\n<li style=\"font-weight: 400; text-align: justify;\" aria-level=\"1\"><span style=\"color: #3366ff;\"><a style=\"color: #3366ff;\" href=\"https:\/\/agora.xtec.cat\/iesblume\/projecte-educatiu\/estrategia-digital-de-centre-edc\/part-estrategica\/planificacio-i-seguiment\/\" target=\"_blank\" rel=\"noopener\"><strong>Planificaci\u00f3 i seguiment<\/strong><\/a><\/span><\/li>\n<li style=\"font-weight: 400; text-align: justify;\" aria-level=\"1\"><span style=\"color: #3366ff;\"><a style=\"color: #3366ff;\" href=\"https:\/\/agora.xtec.cat\/iesblume\/projecte-educatiu\/estrategia-digital-de-centre-edc\/part-estrategica\/avaluacio-i-millora\/\" target=\"_blank\" rel=\"noopener\"><strong>Avaluaci\u00f3 i millora<\/strong><\/a><\/span><\/li>\n<\/ul>\n<p>&nbsp;<\/p>\n","protected":false},"excerpt":{"rendered":"<p>L\u2019estrat\u00e8gia digital de centre parteix de tota una normativa desenvolupada pel Departament d\u2019Educaci\u00f3 i que es desplega d\u2019acord amb el Pla d\u2019Educaci\u00f3 Digital de Catalunya (PEDC). Els objectius de l\u2019Estrat\u00e8gia Digital de Centre, atenent al PEDC, s\u00f3n els seg\u00fcents: Assoliment del m\u00e0xim de compet\u00e8ncia digital en tot l\u2019alumnat, professorat i del centre. Planificaci\u00f3 estrat\u00e8gica i [&hellip;]<\/p>\n","protected":false},"author":1,"featured_media":0,"parent":5325,"menu_order":1,"comment_status":"closed","ping_status":"closed","template":"page-templates\/side-menu.php","meta":{"_bbp_topic_count":0,"_bbp_reply_count":0,"_bbp_total_topic_count":0,"_bbp_total_reply_count":0,"_bbp_voice_count":0,"_bbp_anonymous_reply_count":0,"_bbp_topic_count_hidden":0,"_bbp_reply_count_hidden":0,"_bbp_forum_subforum_count":0,"site-sidebar-layout":"default","site-content-layout":"","ast-site-content-layout":"","site-content-style":"default","site-sidebar-style":"default","ast-global-header-display":"","ast-banner-title-visibility":"","ast-main-header-display":"","ast-hfb-above-header-display":"","ast-hfb-below-header-display":"","ast-hfb-mobile-header-display":"","site-post-title":"","ast-breadcrumbs-content":"","ast-featured-img":"","footer-sml-layout":"","theme-transparent-header-meta":"","adv-header-id-meta":"","stick-header-meta":"","header-above-stick-meta":"","header-main-stick-meta":"","header-below-stick-meta":"","astra-migrate-meta-layouts":"default","ast-page-background-enabled":"default","ast-page-background-meta":{"desktop":{"background-color":"var(--ast-global-color-4)","background-image":"","background-repeat":"repeat","background-position":"center center","background-size":"auto","background-attachment":"scroll","background-type":"","background-media":"","overlay-type":"","overlay-color":"","overlay-opacity":"","overlay-gradient":""},"tablet":{"background-color":"","background-image":"","background-repeat":"repeat","background-position":"center center","background-size":"auto","background-attachment":"scroll","background-type":"","background-media":"","overlay-type":"","overlay-color":"","overlay-opacity":"","overlay-gradient":""},"mobile":{"background-color":"","background-image":"","background-repeat":"repeat","background-position":"center center","background-size":"auto","background-attachment":"scroll","background-type":"","background-media":"","overlay-type":"","overlay-color":"","overlay-opacity":"","overlay-gradient":""}},"ast-content-background-meta":{"desktop":{"background-color":"var(--ast-global-color-5)","background-image":"","background-repeat":"repeat","background-position":"center center","background-size":"auto","background-attachment":"scroll","background-type":"","background-media":"","overlay-type":"","overlay-color":"","overlay-opacity":"","overlay-gradient":""},"tablet":{"background-color":"var(--ast-global-color-5)","background-image":"","background-repeat":"repeat","background-position":"center center","background-size":"auto","background-attachment":"scroll","background-type":"","background-media":"","overlay-type":"","overlay-color":"","overlay-opacity":"","overlay-gradient":""},"mobile":{"background-color":"var(--ast-global-color-5)","background-image":"","background-repeat":"repeat","background-position":"center center","background-size":"auto","background-attachment":"scroll","background-type":"","background-media":"","overlay-type":"","overlay-color":"","overlay-opacity":"","overlay-gradient":""}},"footnotes":""},"class_list":["post-5331","page","type-page","status-publish","hentry"],"post_mailing_queue_ids":[],"_links":{"self":[{"href":"https:\/\/agora.xtec.cat\/iesblume\/wp-json\/wp\/v2\/pages\/5331","targetHints":{"allow":["GET"]}}],"collection":[{"href":"https:\/\/agora.xtec.cat\/iesblume\/wp-json\/wp\/v2\/pages"}],"about":[{"href":"https:\/\/agora.xtec.cat\/iesblume\/wp-json\/wp\/v2\/types\/page"}],"author":[{"embeddable":true,"href":"https:\/\/agora.xtec.cat\/iesblume\/wp-json\/wp\/v2\/users\/1"}],"replies":[{"embeddable":true,"href":"https:\/\/agora.xtec.cat\/iesblume\/wp-json\/wp\/v2\/comments?post=5331"}],"version-history":[{"count":3,"href":"https:\/\/agora.xtec.cat\/iesblume\/wp-json\/wp\/v2\/pages\/5331\/revisions"}],"predecessor-version":[{"id":5388,"href":"https:\/\/agora.xtec.cat\/iesblume\/wp-json\/wp\/v2\/pages\/5331\/revisions\/5388"}],"up":[{"embeddable":true,"href":"https:\/\/agora.xtec.cat\/iesblume\/wp-json\/wp\/v2\/pages\/5325"}],"wp:attachment":[{"href":"https:\/\/agora.xtec.cat\/iesblume\/wp-json\/wp\/v2\/media?parent=5331"}],"curies":[{"name":"wp","href":"https:\/\/api.w.org\/{rel}","templated":true}]}}