{"id":5325,"date":"2023-04-10T19:49:47","date_gmt":"2023-04-10T17:49:47","guid":{"rendered":"https:\/\/agora.xtec.cat\/iesblume\/?page_id=5325"},"modified":"2026-01-16T16:04:37","modified_gmt":"2026-01-16T15:04:37","slug":"estrategia-digital-de-centre-edc","status":"publish","type":"page","link":"https:\/\/agora.xtec.cat\/iesblume\/projecte-educatiu\/estrategia-digital-de-centre-edc\/","title":{"rendered":"Estrategia Digital de Centre (EDC)"},"content":{"rendered":"<p style=\"text-align: justify;\">Els canvis tecnol\u00f2gics es produeixen de manera constant a la societat actual, fent que apareguin noves tecnologies digitals que actualitzen o desplacen les ja existents. Els centres educatius no s\u00f3n aliens a aquest ritme, sin\u00f3 que hi s\u00f3n immersos i no poden desvincular-se\u2019n.<br \/>\nA l\u2019Estrat\u00e8gia Digital de Centre (EDC) es recullen totes les accions que es realitzen en un centre, i les que es realitzaran a mitj\u00e0 termini, per aconseguir la m\u00e0xima compet\u00e8ncia digital de l\u2019alumnat, de l\u2019equip docent i del centre educatiu.<br \/>\nHa de tenir com a referent el Pla d\u2019educaci\u00f3 digital de Catalunya (<a href=\"https:\/\/educacio.gencat.cat\/ca\/departament\/linies-estrategiques\/pla-educacio-digital\/\" target=\"_blank\" rel=\"noopener\">PEDC<\/a>), on s\u2019indica la necessitat d\u2019assolir la fita d\u2019una societat digitalment competent, fent \u00e8mfasi en l\u2019equitat i tenint en compte l\u2019evoluci\u00f3 del context social i tecnol\u00f2gic.<\/p>\n<p style=\"text-align: justify;\">L\u2019EDC es desenvolupa en dos grans blocs:<\/p>\n<ul>\n<li><span style=\"color: #3366ff;\"><a style=\"color: #3366ff;\" href=\"https:\/\/agora.xtec.cat\/iesblume\/projecte-educatiu\/estrategia-digital-de-centre-edc\/part-estrategica\/\" target=\"_blank\" rel=\"noopener\"><strong>Part estrat\u00e8gica<\/strong><\/a><\/span>: que determina el <span style=\"color: #000000;\">desplegament<\/span> de l\u2019EDC a la comunitat educativa i concreta el pla de treball que se seguir\u00e0.<\/li>\n<li><span style=\"color: #3366ff;\"><a style=\"color: #3366ff;\" href=\"https:\/\/agora.xtec.cat\/iesblume\/projecte-educatiu\/estrategia-digital-de-centre-edc\/cultura-digital\/\" target=\"_blank\" rel=\"noopener\"><strong>Cultura digital<\/strong><\/a>:<\/span> \u00e9s el recull de totes les accions que el centre ja realitza en l\u2019\u00e0mbit digital. Es posa \u00e8mfasi en els serveis digitals, l\u2019acolliment digital, l\u2019assoliment de la compet\u00e8ncia digital, la comunicaci\u00f3 a les xarxes socials i web i la documentaci\u00f3 relacionada.<\/li>\n<\/ul>\n<p>&nbsp;<\/p>\n<div style=\"text-align: center;\"><iframe loading=\"lazy\" title=\"Estrat\u00e8gia digital de centre\" src=\"\/\/www.youtube.com\/embed\/uS5UUZIYLPQ\" width=\"500\" height=\"281\" frameborder=\"0\" allowfullscreen=\"allowfullscreen\"><\/iframe><\/div>\n","protected":false},"excerpt":{"rendered":"<p>Els canvis tecnol\u00f2gics es produeixen de manera constant a la societat actual, fent que apareguin noves tecnologies digitals que actualitzen o desplacen les ja existents. Els centres educatius no s\u00f3n aliens a aquest ritme, sin\u00f3 que hi s\u00f3n immersos i no poden desvincular-se\u2019n. A l\u2019Estrat\u00e8gia Digital de Centre (EDC) es recullen totes les accions que [&hellip;]<\/p>\n","protected":false},"author":1,"featured_media":0,"parent":57,"menu_order":40,"comment_status":"closed","ping_status":"closed","template":"","meta":{"_bbp_topic_count":0,"_bbp_reply_count":0,"_bbp_total_topic_count":0,"_bbp_total_reply_count":0,"_bbp_voice_count":0,"_bbp_anonymous_reply_count":0,"_bbp_topic_count_hidden":0,"_bbp_reply_count_hidden":0,"_bbp_forum_subforum_count":0,"site-sidebar-layout":"default","site-content-layout":"","ast-site-content-layout":"default","site-content-style":"default","site-sidebar-style":"default","ast-global-header-display":"","ast-banner-title-visibility":"","ast-main-header-display":"","ast-hfb-above-header-display":"","ast-hfb-below-header-display":"","ast-hfb-mobile-header-display":"","site-post-title":"","ast-breadcrumbs-content":"","ast-featured-img":"","footer-sml-layout":"","theme-transparent-header-meta":"default","adv-header-id-meta":"","stick-header-meta":"","header-above-stick-meta":"","header-main-stick-meta":"","header-below-stick-meta":"","astra-migrate-meta-layouts":"set","ast-page-background-enabled":"default","ast-page-background-meta":{"desktop":{"background-color":"var(--ast-global-color-4)","background-image":"","background-repeat":"repeat","background-position":"center center","background-size":"auto","background-attachment":"scroll","background-type":"","background-media":"","overlay-type":"","overlay-color":"","overlay-opacity":"","overlay-gradient":""},"tablet":{"background-color":"","background-image":"","background-repeat":"repeat","background-position":"center center","background-size":"auto","background-attachment":"scroll","background-type":"","background-media":"","overlay-type":"","overlay-color":"","overlay-opacity":"","overlay-gradient":""},"mobile":{"background-color":"","background-image":"","background-repeat":"repeat","background-position":"center center","background-size":"auto","background-attachment":"scroll","background-type":"","background-media":"","overlay-type":"","overlay-color":"","overlay-opacity":"","overlay-gradient":""}},"ast-content-background-meta":{"desktop":{"background-color":"var(--ast-global-color-5)","background-image":"","background-repeat":"repeat","background-position":"center center","background-size":"auto","background-attachment":"scroll","background-type":"","background-media":"","overlay-type":"","overlay-color":"","overlay-opacity":"","overlay-gradient":""},"tablet":{"background-color":"var(--ast-global-color-5)","background-image":"","background-repeat":"repeat","background-position":"center center","background-size":"auto","background-attachment":"scroll","background-type":"","background-media":"","overlay-type":"","overlay-color":"","overlay-opacity":"","overlay-gradient":""},"mobile":{"background-color":"var(--ast-global-color-5)","background-image":"","background-repeat":"repeat","background-position":"center center","background-size":"auto","background-attachment":"scroll","background-type":"","background-media":"","overlay-type":"","overlay-color":"","overlay-opacity":"","overlay-gradient":""}},"footnotes":""},"class_list":["post-5325","page","type-page","status-publish","hentry"],"post_mailing_queue_ids":[],"_links":{"self":[{"href":"https:\/\/agora.xtec.cat\/iesblume\/wp-json\/wp\/v2\/pages\/5325","targetHints":{"allow":["GET"]}}],"collection":[{"href":"https:\/\/agora.xtec.cat\/iesblume\/wp-json\/wp\/v2\/pages"}],"about":[{"href":"https:\/\/agora.xtec.cat\/iesblume\/wp-json\/wp\/v2\/types\/page"}],"author":[{"embeddable":true,"href":"https:\/\/agora.xtec.cat\/iesblume\/wp-json\/wp\/v2\/users\/1"}],"replies":[{"embeddable":true,"href":"https:\/\/agora.xtec.cat\/iesblume\/wp-json\/wp\/v2\/comments?post=5325"}],"version-history":[{"count":3,"href":"https:\/\/agora.xtec.cat\/iesblume\/wp-json\/wp\/v2\/pages\/5325\/revisions"}],"predecessor-version":[{"id":5340,"href":"https:\/\/agora.xtec.cat\/iesblume\/wp-json\/wp\/v2\/pages\/5325\/revisions\/5340"}],"up":[{"embeddable":true,"href":"https:\/\/agora.xtec.cat\/iesblume\/wp-json\/wp\/v2\/pages\/57"}],"wp:attachment":[{"href":"https:\/\/agora.xtec.cat\/iesblume\/wp-json\/wp\/v2\/media?parent=5325"}],"curies":[{"name":"wp","href":"https:\/\/api.w.org\/{rel}","templated":true}]}}