{"id":49,"date":"2014-09-17T16:55:55","date_gmt":"2014-09-17T16:55:55","guid":{"rendered":"http:\/\/agora.xtec.cat\/iesblume\/?page_id=49"},"modified":"2026-01-28T13:25:30","modified_gmt":"2026-01-28T12:25:30","slug":"normes-dorganitzacio-i-funcionament","status":"publish","type":"page","link":"https:\/\/agora.xtec.cat\/iesblume\/linstitut\/normes-dorganitzacio-i-funcionament\/","title":{"rendered":"Normes d&#8217;Organitzaci\u00f3 i Funcionament de Centre (NOFC)"},"content":{"rendered":"<h6>\u2192\u00a0<a href=\"https:\/\/agora.xtec.cat\/iesblume\/wp-content\/uploads\/usu1242\/2026\/01\/NOFC-2026-01-26.pdf\" target=\"_blank\" rel=\"noopener\">Normes d\u2019Organitzaci\u00f3 i Funcionament de Centre<strong><em>\u00a0(NOFC)<\/em><\/strong><\/a><\/h6>\n<h6><em>Aprovat per Consell Escolar 26 de gener de 2026 a Esplugues de Llobregat<\/em><\/h6>\n<div><\/div>\n<div>\n<hr \/>\n<\/div>\n<h2>Resum de les normes de conviv\u00e8ncia del centre<\/h2>\n<h3><\/h3>\n<h3>Puntualitat i assist\u00e8ncia<\/h3>\n<p>\u2022 La puntualitat i l\u2019assist\u00e8ncia dels alumnes \u00e9s rigorosament obligat\u00f2ria.<br \/>\n\u2022 En cas de retard, ho comunicaran al professor de gu\u00e0rdia que autoritzar\u00e0, si s\u2019escau, l\u2019entrada a classe.<br \/>\n\u2022 Les notificacions de faltes d\u2019assist\u00e8ncia o retards s\u2019han de presentar al centre en el termini m\u00e0xim de 5 dies lectius des de la reincorporaci\u00f3 de l\u2019alumne.<br \/>\n\u2022 Vegeu la normativa espec\u00edfica relativa a la repetici\u00f3 d\u2019ex\u00e0mens.<\/p>\n<h3>Espais<\/h3>\n<p>\u2022 Els alumnes no podran sortir del recinte acad\u00e8mic o d\u2019esbarjo dins l\u2019horari lectiu.<br \/>\n\u2022 Si volen anar al servei m\u00e8dic en horari lectiu caldr\u00e0 que s\u2019adrecin al professor de gu\u00e0rdia que valorar\u00e0 el cas i els estendr\u00e0, si s\u2019escau, un volant per ser atesos en l\u2019esmentat servei.<br \/>\n\u2022 Els alumnes no han d\u2019entrar en cap cas a la sala de professors. Caldr\u00e0 que premin el timbre i esperin a ser atesos.<br \/>\n\u2022 Abans de comen\u00e7ar les sessions, i en acabar la classe, els alumnes hauran de romandre dins l\u2019aula fins que arribi el professor, a menys que hagin de canviar d\u2019aula.<br \/>\n\u2022 No podran anar al lavabo, excepte durant els esbarjos.<br \/>\n\u2022 Durant el temps de l\u2019esbarjo els alumnes no restaran dins de l\u2019edifici docent ni del poliesportiu: hi ha un espai a la pista de futbol-sala destinat a aquest fi. En cas de mal temps els alumnes podran romandre al vest\u00edbul d\u2019acc\u00e9s a l\u2019edifici docent.<\/p>\n<h3>Material i llibres<\/h3>\n<p>\u2022 Els alumnes hauran de fer un bon \u00fas del material de l\u2019aula.<br \/>\n\u2022 Els llibres de text que fan servir els alumnes d\u2019ESO i Batxillerat pertanyen al centre i, en acabar el per\u00edode docent corresponent, els hauran de retornar folrats i en el mateix estat que els van rebre. En cap cas no es podran guixar i el nom de l\u2019alumne haur\u00e0 de constar en llapis.<br \/>\n\u2022 Els alumnes hauran de respectar els llibres prestats pel centre, aix\u00ed com el termini de pr\u00e9stec.<\/p>\n<h3>Instal\u00b7lacions<\/h3>\n<p>Els alumnes:<\/p>\n<p>\u2022 Hauran de respectar el material i les instal\u00b7lacions de tot l\u2019edifici.<br \/>\n\u2022 No utilitzaran l\u2019ascensor, llevat dels casos en qu\u00e8, per lesi\u00f3, no puguin utilitzar les escales.<br \/>\n\u2022 Faran un bon \u00fas de les papereres dins i fora de l\u2019edifici docent.<br \/>\n\u2022 Hauran de tenir cura del manteniment de les aules sense rascar ni guixar parets, ni taules. Els desperfectes causats repercutiran econ\u00f2micament sobre ells.<\/p>\n<h3>Actuaci\u00f3<\/h3>\n<p>Els alumnes:<\/p>\n<p>\u2022 Hauran de respectar el treball dels altres tant en l\u2019acc\u00e9s de l\u2019edifici com en el canvi d&#8217;aula.<br \/>\n\u2022 Si s\u2019han d\u2019esperar als passadissos, ho faran en silenci i en actitud correcta.<br \/>\n\u2022 No podran menjar ni prendre begudes aix\u00ed com tampoc qualsevol mena de xiclets, caramels, etc. ni \u00a0a classe ni a qualsevol depend\u00e8ncia de l\u2019edifici docent (passadissos, escales, &#8230;)<br \/>\n\u2022 No \u00e9s permesa l\u2019entrada a l\u2019edifici docent de cap tipus d\u2019aparells de r\u00e0dio, reproductors de m\u00fasica, jocs electr\u00f2nics ni tel\u00e8fons m\u00f2bils.<br \/>\n\u2022 No es perm\u00e8s fumar en tot el recinte docent.<\/p>\n<h3>Realitzaci\u00f3 d\u2019una activitat d&#8217;avaluaci\u00f3 en una data diferent a la fixada pel professor\/a<\/h3>\n<p style=\"text-align: justify;\">La normativa del centre indica que, si per motius justificats, relacionats amb la pr\u00e0ctica de l\u2019activitat esportiva en qu\u00e8 estigui federat, l\u2019alumne\/a preveu que no podr\u00e0 assistir a alguna activitat d\u2019avaluaci\u00f3, haur\u00e0 de comunicar-ho amb prou antelaci\u00f3 al professor\/a de la mat\u00e8ria corresponent, per tal de fixar una altra data per a l\u2019activitat.<\/p>\n<p style=\"text-align: justify;\">Si l\u2019alumne\/a no pot assistir a una activitat d\u2019avaluaci\u00f3 per malaltia o per una altra causa de for\u00e7a major, que no es pugui preveure amb antelaci\u00f3, caldr\u00e0 que els seus pares, o b\u00e9 algun responsable de la resid\u00e8ncia es posi en contacte amb l\u2019institut el mateix dia en qu\u00e8 es realitzi el control, i no amb posterioritat a aquest dia, i que comuniqui aquesta circumst\u00e0ncia mitjan\u00e7ant un correu electr\u00f2nic a l\u2019adre\u00e7a <strong><span style=\"color: #800000;\">administracio.secretaria@insjoaquimblume.cat<\/span><\/strong>, tot indicant a l\u2019assumpte: \u201cJustificaci\u00f3 de faltes d&#8217;assist\u00e8ncia\u201d. A m\u00e9s, quan l\u2019alumne\/a reprengui l\u2019activitat lectiva haur\u00e0 de portar el document que justifiqui l\u2019abs\u00e8ncia i dirigir-se al professor\/a responsable de la mat\u00e8ria de l\u2019activitat d\u2019avaluaci\u00f3 que no s\u2019ha pogut fer, per tal de fixar una altra data per a realitzar-la.<\/p>\n<p style=\"text-align: justify;\">No s\u2019admetr\u00e0 cap justificaci\u00f3 (relacionada amb alguna activitat d\u2019avaluaci\u00f3 i lliurament de treballs) sense el corresponent justificant m\u00e8dic o d\u2019altra \u00edndole que acrediti aquesta abs\u00e8ncia. Quan un\/a alumne\/a falti a una activitat d\u2019avaluaci\u00f3 que ha pogut preveure amb suficient antelaci\u00f3 i no ho justifiqui, perdr\u00e0 el dret de fer-la. Nom\u00e9s en casos excepcionals, el\/la professor\/a podr\u00e0 fer-li una nova activitat d\u2019avaluaci\u00f3 en un altre moment.<\/p>\n<p style=\"text-align: justify;\">En cas que l\u2019abs\u00e8ncia sigui nom\u00e9s d\u2019un dia, a l\u2019incorporar-se a l\u2019activitat lectiva, l\u2019alumne\/a haur\u00e0 de dirigir-se al professor\/a responsable de la mat\u00e8ria de l\u2019activitat d\u2019avaluaci\u00f3 que no ha pogut fer, preparat per a realitzar-la, i ser\u00e0 el\/la professor\/a qui<br \/>\nl\u2019informar\u00e0 del dia i hora en que realitzar\u00e0 la prova d\u2019avaluaci\u00f3.<\/p>\n<p style=\"text-align: justify;\">En casos de for\u00e7a major en qu\u00e8 l\u2019alumne\/a arribi el mateix dia de la prova d\u2019avaluaci\u00f3 per\u00f2 no l\u2019hagi pogut realitzar pel fet d\u2019arribar m\u00e9s tard, aquest\/a haur\u00e0 de dirigir-se al professor\/a tan aviat com arribi al centre, que ser\u00e0 qui l\u2019informar\u00e0 del dia\/hora en qu\u00e8 es realitzar\u00e0 la prova d\u2019avaluaci\u00f3 (ja sigui el mateix dia o amb posterioritat). El tutor o algun membre de l\u2019equip directiu podran negar en determinats casos la validesa de la justificaci\u00f3, quan els motius esgrimits no constitueixin motiu justificat per no haver realitzat l\u2019activitat d\u2019avaluaci\u00f3, i podran demanar als pares o als alumnes informaci\u00f3 complement\u00e0ria.<\/p>\n<p style=\"text-align: justify;\">La no observaci\u00f3 d\u2019aquestes instruccions o la circumst\u00e0ncia que la falta no sigui justificada, faran que l\u2019alumne\/a no tingui dret a realitzar l\u2019activitat d\u2019avaluaci\u00f3 que no va fer en la data prevista i, per tant, es considerar\u00e0 que la qualificaci\u00f3 obtinguda en aquesta \u00e9s zero.<\/p>\n<p style=\"text-align: justify;\">En tots aquells casos no recollits per aquesta normativa, ser\u00e0 la comissi\u00f3 formada pel professor\/a afectat, el tutor\/a i la direcci\u00f3 del centre qui decidir\u00e0 al respecte.<\/p>\n","protected":false},"excerpt":{"rendered":"<p>\u2192\u00a0Normes d\u2019Organitzaci\u00f3 i Funcionament de Centre\u00a0(NOFC) Aprovat per Consell Escolar 26 de gener de 2026 a Esplugues de Llobregat Resum de les normes de conviv\u00e8ncia del centre Puntualitat i assist\u00e8ncia \u2022 La puntualitat i l\u2019assist\u00e8ncia dels alumnes \u00e9s rigorosament obligat\u00f2ria. \u2022 En cas de retard, ho comunicaran al professor de gu\u00e0rdia que autoritzar\u00e0, si s\u2019escau, [&hellip;]<\/p>\n","protected":false},"author":1,"featured_media":0,"parent":19,"menu_order":60,"comment_status":"closed","ping_status":"closed","template":"","meta":{"_bbp_topic_count":0,"_bbp_reply_count":0,"_bbp_total_topic_count":0,"_bbp_total_reply_count":0,"_bbp_voice_count":0,"_bbp_anonymous_reply_count":0,"_bbp_topic_count_hidden":0,"_bbp_reply_count_hidden":0,"_bbp_forum_subforum_count":0,"site-sidebar-layout":"default","site-content-layout":"","ast-site-content-layout":"default","site-content-style":"default","site-sidebar-style":"default","ast-global-header-display":"","ast-banner-title-visibility":"","ast-main-header-display":"","ast-hfb-above-header-display":"","ast-hfb-below-header-display":"","ast-hfb-mobile-header-display":"","site-post-title":"","ast-breadcrumbs-content":"","ast-featured-img":"","footer-sml-layout":"","theme-transparent-header-meta":"default","adv-header-id-meta":"","stick-header-meta":"","header-above-stick-meta":"","header-main-stick-meta":"","header-below-stick-meta":"","astra-migrate-meta-layouts":"set","ast-page-background-enabled":"default","ast-page-background-meta":{"desktop":{"background-color":"var(--ast-global-color-4)","background-image":"","background-repeat":"repeat","background-position":"center center","background-size":"auto","background-attachment":"scroll","background-type":"","background-media":"","overlay-type":"","overlay-color":"","overlay-opacity":"","overlay-gradient":""},"tablet":{"background-color":"","background-image":"","background-repeat":"repeat","background-position":"center center","background-size":"auto","background-attachment":"scroll","background-type":"","background-media":"","overlay-type":"","overlay-color":"","overlay-opacity":"","overlay-gradient":""},"mobile":{"background-color":"","background-image":"","background-repeat":"repeat","background-position":"center center","background-size":"auto","background-attachment":"scroll","background-type":"","background-media":"","overlay-type":"","overlay-color":"","overlay-opacity":"","overlay-gradient":""}},"ast-content-background-meta":{"desktop":{"background-color":"var(--ast-global-color-5)","background-image":"","background-repeat":"repeat","background-position":"center center","background-size":"auto","background-attachment":"scroll","background-type":"","background-media":"","overlay-type":"","overlay-color":"","overlay-opacity":"","overlay-gradient":""},"tablet":{"background-color":"var(--ast-global-color-5)","background-image":"","background-repeat":"repeat","background-position":"center center","background-size":"auto","background-attachment":"scroll","background-type":"","background-media":"","overlay-type":"","overlay-color":"","overlay-opacity":"","overlay-gradient":""},"mobile":{"background-color":"var(--ast-global-color-5)","background-image":"","background-repeat":"repeat","background-position":"center center","background-size":"auto","background-attachment":"scroll","background-type":"","background-media":"","overlay-type":"","overlay-color":"","overlay-opacity":"","overlay-gradient":""}},"footnotes":""},"class_list":["post-49","page","type-page","status-publish","hentry"],"post_mailing_queue_ids":[],"_links":{"self":[{"href":"https:\/\/agora.xtec.cat\/iesblume\/wp-json\/wp\/v2\/pages\/49","targetHints":{"allow":["GET"]}}],"collection":[{"href":"https:\/\/agora.xtec.cat\/iesblume\/wp-json\/wp\/v2\/pages"}],"about":[{"href":"https:\/\/agora.xtec.cat\/iesblume\/wp-json\/wp\/v2\/types\/page"}],"author":[{"embeddable":true,"href":"https:\/\/agora.xtec.cat\/iesblume\/wp-json\/wp\/v2\/users\/1"}],"replies":[{"embeddable":true,"href":"https:\/\/agora.xtec.cat\/iesblume\/wp-json\/wp\/v2\/comments?post=49"}],"version-history":[{"count":6,"href":"https:\/\/agora.xtec.cat\/iesblume\/wp-json\/wp\/v2\/pages\/49\/revisions"}],"predecessor-version":[{"id":8003,"href":"https:\/\/agora.xtec.cat\/iesblume\/wp-json\/wp\/v2\/pages\/49\/revisions\/8003"}],"up":[{"embeddable":true,"href":"https:\/\/agora.xtec.cat\/iesblume\/wp-json\/wp\/v2\/pages\/19"}],"wp:attachment":[{"href":"https:\/\/agora.xtec.cat\/iesblume\/wp-json\/wp\/v2\/media?parent=49"}],"curies":[{"name":"wp","href":"https:\/\/api.w.org\/{rel}","templated":true}]}}