{"id":2942,"date":"2020-05-09T14:10:31","date_gmt":"2020-05-09T12:10:31","guid":{"rendered":"http:\/\/agora.xtec.cat\/iesblume\/?page_id=2942"},"modified":"2026-04-24T12:31:18","modified_gmt":"2026-04-24T10:31:18","slug":"preinscripcio-del-cfgs","status":"publish","type":"page","link":"https:\/\/agora.xtec.cat\/iesblume\/secretaria\/preinscripcio-i-matricula-del-cfgs\/preinscripcio-del-cfgs\/","title":{"rendered":"Preinscripci\u00f3 del CFGS"},"content":{"rendered":"<h3><span style=\"color: #800000;\"><strong>Calendari del proc\u00e9s de preinscripci\u00f3 i matr\u00edcula del CFGS curs 2026-2027:<\/strong><\/span><\/h3>\n<ul>\n<li>\n<h5><strong><span style=\"color: #000000;\">Jornada de portes obertes:<\/span><\/strong><span style=\"color: #000000;\"><span style=\"color: #0000ff;\"> 27 Abril 2026<\/span><\/span><\/h5>\n<\/li>\n<li>\n<h5><span style=\"color: #000000;\"><strong>Difusi\u00f3 de l\u2019oferta inicial:<\/strong><\/span><\/h5>\n<\/li>\n<li>\n<h5><strong><span style=\"color: #000000;\">Presentaci\u00f3 i\/o modificaci\u00f3 de sol\u00b7licituds:<\/span><\/strong><\/h5>\n<\/li>\n<li>\n<h5><strong><span style=\"color: #000000;\">Publicaci\u00f3 llista amb puntuaci\u00f3 provisional:<\/span><\/strong><\/h5>\n<\/li>\n<li>\n<h5><strong><span style=\"color: #000000;\">Presentaci\u00f3 de reclamacions:<\/span><\/strong> <span style=\"color: #0000ff;\">\u00a0<\/span><span style=\"color: #000000;\">(electr\u00f2nicament)<\/span><\/h5>\n<\/li>\n<li>\n<h5><strong><span style=\"color: #000000;\">Publicaci\u00f3 llista amb puntuaci\u00f3 definitiva, resoltes les reclamacions:<\/span><\/strong><\/h5>\n<\/li>\n<li>\n<h5><strong><span style=\"color: #000000;\">Publicaci\u00f3 llista alumnat preinscrit al centre en la <\/span><span style=\"color: #000000;\"><span style=\"text-decoration: underline;\">primera fase<\/span><\/span><span style=\"color: #000000;\">:\u00a0<\/span><\/strong><\/h5>\n<\/li>\n<li>\n<h5><span style=\"color: #000000;\"><strong>Difusi\u00f3 de l\u2019oferta final:\u00a0<\/strong><\/span><\/h5>\n<\/li>\n<li>\n<h5><strong><span style=\"color: #000000;\">Publicaci\u00f3 llista assignaci\u00f3 <\/span><span style=\"text-decoration: underline; color: #000000;\">primera fase<\/span><span style=\"color: #000000;\">:<\/span><\/strong><\/h5>\n<\/li>\n<li>\n<h5><strong><span style=\"color: #000000;\">Publicaci\u00f3 llista alumnat preinscrit al centre en la <span style=\"text-decoration: underline;\">segona fase<\/span>:\u00a0<\/span><\/strong><\/h5>\n<\/li>\n<li>\n<h5><strong><span style=\"color: #000000;\">Publicaci\u00f3 llista assignaci\u00f3 <span style=\"text-decoration: underline;\">segona fase<\/span>:<\/span><\/strong><\/h5>\n<\/li>\n<\/ul>\n<p><strong><span style=\"font-family: inherit; font-size: 1em; color: #000000;\"><span style=\"color: #993300;\">Informaci\u00f3 sobre el proc\u00e9s a la<\/span> <a href=\"https:\/\/preinscripcio.gencat.cat\/ca\/estudis\/fp-grau-superior\/inici\/\" target=\"_blank\" rel=\"noopener\">web preinscripci\u00f3 Departament d\u2019Educaci\u00f3<\/a><\/span><\/strong><\/p>\n<p><strong><span style=\"color: #000000;\">Codi del centre: 08046657<\/span><\/strong><\/p>\n","protected":false},"excerpt":{"rendered":"<p>Calendari del proc\u00e9s de preinscripci\u00f3 i matr\u00edcula del CFGS curs 2026-2027: Jornada de portes obertes: 27 Abril 2026 Difusi\u00f3 de l\u2019oferta inicial: Presentaci\u00f3 i\/o modificaci\u00f3 de sol\u00b7licituds: Publicaci\u00f3 llista amb puntuaci\u00f3 provisional: Presentaci\u00f3 de reclamacions: \u00a0(electr\u00f2nicament) Publicaci\u00f3 llista amb puntuaci\u00f3 definitiva, resoltes les reclamacions: Publicaci\u00f3 llista alumnat preinscrit al centre en la primera fase:\u00a0 Difusi\u00f3 [&hellip;]<\/p>\n","protected":false},"author":1,"featured_media":0,"parent":7595,"menu_order":10,"comment_status":"closed","ping_status":"closed","template":"","meta":{"_bbp_topic_count":0,"_bbp_reply_count":0,"_bbp_total_topic_count":0,"_bbp_total_reply_count":0,"_bbp_voice_count":0,"_bbp_anonymous_reply_count":0,"_bbp_topic_count_hidden":0,"_bbp_reply_count_hidden":0,"_bbp_forum_subforum_count":0,"site-sidebar-layout":"default","site-content-layout":"","ast-site-content-layout":"default","site-content-style":"default","site-sidebar-style":"default","ast-global-header-display":"","ast-banner-title-visibility":"","ast-main-header-display":"","ast-hfb-above-header-display":"","ast-hfb-below-header-display":"","ast-hfb-mobile-header-display":"","site-post-title":"","ast-breadcrumbs-content":"","ast-featured-img":"","footer-sml-layout":"","theme-transparent-header-meta":"default","adv-header-id-meta":"","stick-header-meta":"","header-above-stick-meta":"","header-main-stick-meta":"","header-below-stick-meta":"","astra-migrate-meta-layouts":"set","ast-page-background-enabled":"default","ast-page-background-meta":{"desktop":{"background-color":"var(--ast-global-color-4)","background-image":"","background-repeat":"repeat","background-position":"center center","background-size":"auto","background-attachment":"scroll","background-type":"","background-media":"","overlay-type":"","overlay-color":"","overlay-opacity":"","overlay-gradient":""},"tablet":{"background-color":"","background-image":"","background-repeat":"repeat","background-position":"center center","background-size":"auto","background-attachment":"scroll","background-type":"","background-media":"","overlay-type":"","overlay-color":"","overlay-opacity":"","overlay-gradient":""},"mobile":{"background-color":"","background-image":"","background-repeat":"repeat","background-position":"center center","background-size":"auto","background-attachment":"scroll","background-type":"","background-media":"","overlay-type":"","overlay-color":"","overlay-opacity":"","overlay-gradient":""}},"ast-content-background-meta":{"desktop":{"background-color":"var(--ast-global-color-5)","background-image":"","background-repeat":"repeat","background-position":"center center","background-size":"auto","background-attachment":"scroll","background-type":"","background-media":"","overlay-type":"","overlay-color":"","overlay-opacity":"","overlay-gradient":""},"tablet":{"background-color":"var(--ast-global-color-5)","background-image":"","background-repeat":"repeat","background-position":"center center","background-size":"auto","background-attachment":"scroll","background-type":"","background-media":"","overlay-type":"","overlay-color":"","overlay-opacity":"","overlay-gradient":""},"mobile":{"background-color":"var(--ast-global-color-5)","background-image":"","background-repeat":"repeat","background-position":"center center","background-size":"auto","background-attachment":"scroll","background-type":"","background-media":"","overlay-type":"","overlay-color":"","overlay-opacity":"","overlay-gradient":""}},"footnotes":""},"class_list":["post-2942","page","type-page","status-publish","hentry"],"post_mailing_queue_ids":[],"_links":{"self":[{"href":"https:\/\/agora.xtec.cat\/iesblume\/wp-json\/wp\/v2\/pages\/2942","targetHints":{"allow":["GET"]}}],"collection":[{"href":"https:\/\/agora.xtec.cat\/iesblume\/wp-json\/wp\/v2\/pages"}],"about":[{"href":"https:\/\/agora.xtec.cat\/iesblume\/wp-json\/wp\/v2\/types\/page"}],"author":[{"embeddable":true,"href":"https:\/\/agora.xtec.cat\/iesblume\/wp-json\/wp\/v2\/users\/1"}],"replies":[{"embeddable":true,"href":"https:\/\/agora.xtec.cat\/iesblume\/wp-json\/wp\/v2\/comments?post=2942"}],"version-history":[{"count":7,"href":"https:\/\/agora.xtec.cat\/iesblume\/wp-json\/wp\/v2\/pages\/2942\/revisions"}],"predecessor-version":[{"id":8242,"href":"https:\/\/agora.xtec.cat\/iesblume\/wp-json\/wp\/v2\/pages\/2942\/revisions\/8242"}],"up":[{"embeddable":true,"href":"https:\/\/agora.xtec.cat\/iesblume\/wp-json\/wp\/v2\/pages\/7595"}],"wp:attachment":[{"href":"https:\/\/agora.xtec.cat\/iesblume\/wp-json\/wp\/v2\/media?parent=2942"}],"curies":[{"name":"wp","href":"https:\/\/api.w.org\/{rel}","templated":true}]}}