{"id":2917,"date":"2020-05-06T17:00:19","date_gmt":"2020-05-06T15:00:19","guid":{"rendered":"http:\/\/agora.xtec.cat\/iesblume\/?page_id=2917"},"modified":"2025-04-08T11:43:40","modified_gmt":"2025-04-08T09:43:40","slug":"i-despres-del-cicle-que","status":"publish","type":"page","link":"https:\/\/agora.xtec.cat\/iesblume\/els-nostres-estudis-cfgs-densenyament-i-animacio-socioesportiva-eas\/i-despres-del-cicle-que\/","title":{"rendered":"Continu\u00eftat"},"content":{"rendered":"<p><strong>Sortides acad\u00e8miques:\u00a0<\/strong><\/p>\n<p><span style=\"font-weight: 400;\">Amb aquests estudis s&#8217;obt\u00e9 el t\u00edtol de t\u00e8cnic superior o t\u00e8cnica superior, que permet accedir a qualsevol estudi universitari oficial de grau. Les persones que s&#8217;han graduat en un cicle formatiu de grau superior poden obtenir la convalidaci\u00f3 de cr\u00e8dits universitaris ECTS.<\/span><\/p>\n<p>&nbsp;<\/p>\n<p><strong>Sortides professionals:<\/strong><\/p>\n<p><span style=\"font-weight: 400;\">La superaci\u00f3 d&#8217;aquest cicle formatiu permet accedir al m\u00f3n laboral com a:<\/span><\/p>\n<ul>\n<li style=\"font-weight: 400;\" aria-level=\"1\"><span style=\"font-weight: 400;\">animador\/a d\u2019activitats f\u00edsico-esportives<\/span><\/li>\n<li style=\"font-weight: 400;\" aria-level=\"1\"><span style=\"font-weight: 400;\">coordinador\/a d\u2019activitats poliesportives<\/span><\/li>\n<li style=\"font-weight: 400;\" aria-level=\"1\"><span style=\"font-weight: 400;\">monitor\/a d\u2019activitats f\u00edsico-esportives<\/span><\/li>\n<li style=\"font-weight: 400;\" aria-level=\"1\"><span style=\"font-weight: 400;\">empreses de serveis esportius<\/span><\/li>\n<li style=\"font-weight: 400;\" aria-level=\"1\"><span style=\"font-weight: 400;\">patronats d\u2019esports o entitats esportives municipals<\/span><\/li>\n<li style=\"font-weight: 400;\" aria-level=\"1\"><span style=\"font-weight: 400;\">associacions o clubs esportius<\/span><\/li>\n<li style=\"font-weight: 400;\" aria-level=\"1\"><span style=\"font-weight: 400;\">federacions esportives<\/span><\/li>\n<li style=\"font-weight: 400;\" aria-level=\"1\"><span style=\"font-weight: 400;\">empreses tur\u00edstiques: hotels, c\u00e0mpings.<\/span><\/li>\n<\/ul>\n<p>&nbsp;<\/p>\n<p style=\"text-align: justify;\"><strong>Normativa<\/strong><br \/>\n<a href=\"https:\/\/www.boe.es\/eli\/es\/rd\/2017\/06\/23\/653\" target=\"_blank\" rel=\"noopener noreferrer\">Reial decret 653\/2017, de 23 de juny<\/a>, pel qual s\u2019estableix el t\u00edtol de t\u00e8cnic superior en Ensenyament i Animaci\u00f3 Socioesportiva i es fixen els aspectes b\u00e0sics del curr\u00edculum (BOE n\u00fam. 168, de 15.7.2017).<\/p>\n<p>&nbsp;<\/p>\n<p><a href=\"https:\/\/agora.xtec.cat\/iesblume\/wp-content\/uploads\/usu1242\/2020\/05\/cfgs_24.png\"><img loading=\"lazy\" decoding=\"async\" class=\"size-full wp-image-2874 aligncenter\" src=\"https:\/\/agora.xtec.cat\/iesblume\/wp-content\/uploads\/usu1242\/2020\/05\/cfgs_24.png\" alt=\"\" width=\"422\" height=\"317\" srcset=\"https:\/\/agora.xtec.cat\/iesblume\/wp-content\/uploads\/usu1242\/2020\/05\/cfgs_24.png 422w, https:\/\/agora.xtec.cat\/iesblume\/wp-content\/uploads\/usu1242\/2020\/05\/cfgs_24-300x225.png 300w, https:\/\/agora.xtec.cat\/iesblume\/wp-content\/uploads\/usu1242\/2020\/05\/cfgs_24-200x150.png 200w\" sizes=\"auto, (max-width: 422px) 100vw, 422px\" \/><\/a><\/p>\n<hr \/>\n<p>&nbsp;<\/p>\n","protected":false},"excerpt":{"rendered":"<p>Sortides acad\u00e8miques:\u00a0 Amb aquests estudis s&#8217;obt\u00e9 el t\u00edtol de t\u00e8cnic superior o t\u00e8cnica superior, que permet accedir a qualsevol estudi universitari oficial de grau. Les persones que s&#8217;han graduat en un cicle formatiu de grau superior poden obtenir la convalidaci\u00f3 de cr\u00e8dits universitaris ECTS. &nbsp; Sortides professionals: La superaci\u00f3 d&#8217;aquest cicle formatiu permet accedir al [&hellip;]<\/p>\n","protected":false},"author":1,"featured_media":0,"parent":2849,"menu_order":30,"comment_status":"closed","ping_status":"closed","template":"page-templates\/side-menu.php","meta":{"_bbp_topic_count":0,"_bbp_reply_count":0,"_bbp_total_topic_count":0,"_bbp_total_reply_count":0,"_bbp_voice_count":0,"_bbp_anonymous_reply_count":0,"_bbp_topic_count_hidden":0,"_bbp_reply_count_hidden":0,"_bbp_forum_subforum_count":0,"site-sidebar-layout":"default","site-content-layout":"","ast-site-content-layout":"","site-content-style":"default","site-sidebar-style":"default","ast-global-header-display":"","ast-banner-title-visibility":"","ast-main-header-display":"","ast-hfb-above-header-display":"","ast-hfb-below-header-display":"","ast-hfb-mobile-header-display":"","site-post-title":"","ast-breadcrumbs-content":"","ast-featured-img":"","footer-sml-layout":"","theme-transparent-header-meta":"","adv-header-id-meta":"","stick-header-meta":"","header-above-stick-meta":"","header-main-stick-meta":"","header-below-stick-meta":"","astra-migrate-meta-layouts":"default","ast-page-background-enabled":"default","ast-page-background-meta":{"desktop":{"background-color":"var(--ast-global-color-4)","background-image":"","background-repeat":"repeat","background-position":"center center","background-size":"auto","background-attachment":"scroll","background-type":"","background-media":"","overlay-type":"","overlay-color":"","overlay-opacity":"","overlay-gradient":""},"tablet":{"background-color":"","background-image":"","background-repeat":"repeat","background-position":"center center","background-size":"auto","background-attachment":"scroll","background-type":"","background-media":"","overlay-type":"","overlay-color":"","overlay-opacity":"","overlay-gradient":""},"mobile":{"background-color":"","background-image":"","background-repeat":"repeat","background-position":"center center","background-size":"auto","background-attachment":"scroll","background-type":"","background-media":"","overlay-type":"","overlay-color":"","overlay-opacity":"","overlay-gradient":""}},"ast-content-background-meta":{"desktop":{"background-color":"var(--ast-global-color-5)","background-image":"","background-repeat":"repeat","background-position":"center center","background-size":"auto","background-attachment":"scroll","background-type":"","background-media":"","overlay-type":"","overlay-color":"","overlay-opacity":"","overlay-gradient":""},"tablet":{"background-color":"var(--ast-global-color-5)","background-image":"","background-repeat":"repeat","background-position":"center center","background-size":"auto","background-attachment":"scroll","background-type":"","background-media":"","overlay-type":"","overlay-color":"","overlay-opacity":"","overlay-gradient":""},"mobile":{"background-color":"var(--ast-global-color-5)","background-image":"","background-repeat":"repeat","background-position":"center center","background-size":"auto","background-attachment":"scroll","background-type":"","background-media":"","overlay-type":"","overlay-color":"","overlay-opacity":"","overlay-gradient":""}},"footnotes":""},"class_list":["post-2917","page","type-page","status-publish","hentry"],"post_mailing_queue_ids":[],"_links":{"self":[{"href":"https:\/\/agora.xtec.cat\/iesblume\/wp-json\/wp\/v2\/pages\/2917","targetHints":{"allow":["GET"]}}],"collection":[{"href":"https:\/\/agora.xtec.cat\/iesblume\/wp-json\/wp\/v2\/pages"}],"about":[{"href":"https:\/\/agora.xtec.cat\/iesblume\/wp-json\/wp\/v2\/types\/page"}],"author":[{"embeddable":true,"href":"https:\/\/agora.xtec.cat\/iesblume\/wp-json\/wp\/v2\/users\/1"}],"replies":[{"embeddable":true,"href":"https:\/\/agora.xtec.cat\/iesblume\/wp-json\/wp\/v2\/comments?post=2917"}],"version-history":[{"count":5,"href":"https:\/\/agora.xtec.cat\/iesblume\/wp-json\/wp\/v2\/pages\/2917\/revisions"}],"predecessor-version":[{"id":7276,"href":"https:\/\/agora.xtec.cat\/iesblume\/wp-json\/wp\/v2\/pages\/2917\/revisions\/7276"}],"up":[{"embeddable":true,"href":"https:\/\/agora.xtec.cat\/iesblume\/wp-json\/wp\/v2\/pages\/2849"}],"wp:attachment":[{"href":"https:\/\/agora.xtec.cat\/iesblume\/wp-json\/wp\/v2\/media?parent=2917"}],"curies":[{"name":"wp","href":"https:\/\/api.w.org\/{rel}","templated":true}]}}