{"id":2915,"date":"2020-05-06T16:54:27","date_gmt":"2020-05-06T14:54:27","guid":{"rendered":"http:\/\/agora.xtec.cat\/iesblume\/?page_id=2915"},"modified":"2025-04-07T20:27:48","modified_gmt":"2025-04-07T18:27:48","slug":"com-pots-accedir-als-nostres-estudis","status":"publish","type":"page","link":"https:\/\/agora.xtec.cat\/iesblume\/els-nostres-estudis-cfgs-densenyament-i-animacio-socioesportiva-eas\/com-pots-accedir-als-nostres-estudis\/","title":{"rendered":"Acc\u00e9s al estudis"},"content":{"rendered":"<ul>\n<li style=\"font-weight: 400;\" aria-level=\"1\"><span style=\"font-weight: 400;\">Batxillerat. Batxillerat LOGSE. BUP.\u00a0<\/span><\/li>\n<li style=\"font-weight: 400;\" aria-level=\"1\"><span style=\"font-weight: 400;\">T\u00e8cnic\/a superior de formaci\u00f3 professional o grau universitari o equivalent.\u00a0<\/span><\/li>\n<li style=\"font-weight: 400;\" aria-level=\"1\"><span style=\"font-weight: 400;\">T\u00e8cnic\/a especialista, t\u00e8cnic\/a superior o equivalent.\u00a0<\/span><\/li>\n<li style=\"font-weight: 400;\" aria-level=\"1\"><span style=\"font-weight: 400;\">T\u00e8cnic\/a de grau mitj\u00e0 de formaci\u00f3 professional o t\u00edtol de t\u00e8cnic\/a o t\u00e8cnic\/a d&#8217;arts pl\u00e0stiques i disseny.<\/span><\/li>\n<\/ul>\n<p>&nbsp;<\/p>\n<p><span style=\"font-weight: 400;\">O b\u00e9, haver superat:<\/span><\/p>\n<ul>\n<li style=\"font-weight: 400;\" aria-level=\"1\"><span style=\"font-weight: 400;\">Una prova d&#8217;acc\u00e9s.\u00a0<\/span><\/li>\n<li style=\"font-weight: 400;\" aria-level=\"1\"><span style=\"font-weight: 400;\">El COU o un curs preuniversitari.\u00a0<\/span><\/li>\n<li style=\"font-weight: 400;\" aria-level=\"1\"><span style=\"font-weight: 400;\">Una oferta formativa de certificat professional inclosa en el cicle.\u00a0<\/span><\/li>\n<li style=\"font-weight: 400;\" aria-level=\"1\"><span style=\"font-weight: 400;\">Un curs de formaci\u00f3 espec\u00edfic per a l\u2019acc\u00e9s als cicles de grau superior.\u00a0<\/span><\/li>\n<li style=\"font-weight: 400;\" aria-level=\"1\"><span style=\"font-weight: 400;\">El segon curs de qualsevol modalitat de batxillerat experimental.\u00a0<\/span><\/li>\n<li style=\"font-weight: 400;\" aria-level=\"1\"><span style=\"font-weight: 400;\">Haver superat la prova d&#8217;acc\u00e9s a la universitat per a m\u00e9s grans de 25 o de 45 anys, o haver accedit a la universitat per tenir 40 anys o m\u00e9s i acreditar experi\u00e8ncia laboral o professional.<\/span><\/li>\n<\/ul>\n<p>&nbsp;<\/p>\n<p>M\u00e9s informaci\u00f3 a la <a href=\"https:\/\/triaeducativa.gencat.cat\/ca\/inici?p_id=4191&amp;estudi\" target=\"_blank\" rel=\"noopener\">web del Departament d&#8217;Educaci\u00f3<\/a><\/p>\n<hr \/>\n<p>&nbsp;<\/p>\n","protected":false},"excerpt":{"rendered":"<p>Batxillerat. Batxillerat LOGSE. BUP.\u00a0 T\u00e8cnic\/a superior de formaci\u00f3 professional o grau universitari o equivalent.\u00a0 T\u00e8cnic\/a especialista, t\u00e8cnic\/a superior o equivalent.\u00a0 T\u00e8cnic\/a de grau mitj\u00e0 de formaci\u00f3 professional o t\u00edtol de t\u00e8cnic\/a o t\u00e8cnic\/a d&#8217;arts pl\u00e0stiques i disseny. &nbsp; O b\u00e9, haver superat: Una prova d&#8217;acc\u00e9s.\u00a0 El COU o un curs preuniversitari.\u00a0 Una oferta formativa de [&hellip;]<\/p>\n","protected":false},"author":1,"featured_media":0,"parent":2849,"menu_order":20,"comment_status":"closed","ping_status":"closed","template":"page-templates\/side-menu.php","meta":{"_bbp_topic_count":0,"_bbp_reply_count":0,"_bbp_total_topic_count":0,"_bbp_total_reply_count":0,"_bbp_voice_count":0,"_bbp_anonymous_reply_count":0,"_bbp_topic_count_hidden":0,"_bbp_reply_count_hidden":0,"_bbp_forum_subforum_count":0,"site-sidebar-layout":"default","site-content-layout":"","ast-site-content-layout":"","site-content-style":"default","site-sidebar-style":"default","ast-global-header-display":"","ast-banner-title-visibility":"","ast-main-header-display":"","ast-hfb-above-header-display":"","ast-hfb-below-header-display":"","ast-hfb-mobile-header-display":"","site-post-title":"","ast-breadcrumbs-content":"","ast-featured-img":"","footer-sml-layout":"","theme-transparent-header-meta":"","adv-header-id-meta":"","stick-header-meta":"","header-above-stick-meta":"","header-main-stick-meta":"","header-below-stick-meta":"","astra-migrate-meta-layouts":"default","ast-page-background-enabled":"default","ast-page-background-meta":{"desktop":{"background-color":"var(--ast-global-color-4)","background-image":"","background-repeat":"repeat","background-position":"center center","background-size":"auto","background-attachment":"scroll","background-type":"","background-media":"","overlay-type":"","overlay-color":"","overlay-opacity":"","overlay-gradient":""},"tablet":{"background-color":"","background-image":"","background-repeat":"repeat","background-position":"center center","background-size":"auto","background-attachment":"scroll","background-type":"","background-media":"","overlay-type":"","overlay-color":"","overlay-opacity":"","overlay-gradient":""},"mobile":{"background-color":"","background-image":"","background-repeat":"repeat","background-position":"center center","background-size":"auto","background-attachment":"scroll","background-type":"","background-media":"","overlay-type":"","overlay-color":"","overlay-opacity":"","overlay-gradient":""}},"ast-content-background-meta":{"desktop":{"background-color":"var(--ast-global-color-5)","background-image":"","background-repeat":"repeat","background-position":"center center","background-size":"auto","background-attachment":"scroll","background-type":"","background-media":"","overlay-type":"","overlay-color":"","overlay-opacity":"","overlay-gradient":""},"tablet":{"background-color":"var(--ast-global-color-5)","background-image":"","background-repeat":"repeat","background-position":"center center","background-size":"auto","background-attachment":"scroll","background-type":"","background-media":"","overlay-type":"","overlay-color":"","overlay-opacity":"","overlay-gradient":""},"mobile":{"background-color":"var(--ast-global-color-5)","background-image":"","background-repeat":"repeat","background-position":"center center","background-size":"auto","background-attachment":"scroll","background-type":"","background-media":"","overlay-type":"","overlay-color":"","overlay-opacity":"","overlay-gradient":""}},"footnotes":""},"class_list":["post-2915","page","type-page","status-publish","hentry"],"post_mailing_queue_ids":[],"_links":{"self":[{"href":"https:\/\/agora.xtec.cat\/iesblume\/wp-json\/wp\/v2\/pages\/2915","targetHints":{"allow":["GET"]}}],"collection":[{"href":"https:\/\/agora.xtec.cat\/iesblume\/wp-json\/wp\/v2\/pages"}],"about":[{"href":"https:\/\/agora.xtec.cat\/iesblume\/wp-json\/wp\/v2\/types\/page"}],"author":[{"embeddable":true,"href":"https:\/\/agora.xtec.cat\/iesblume\/wp-json\/wp\/v2\/users\/1"}],"replies":[{"embeddable":true,"href":"https:\/\/agora.xtec.cat\/iesblume\/wp-json\/wp\/v2\/comments?post=2915"}],"version-history":[{"count":3,"href":"https:\/\/agora.xtec.cat\/iesblume\/wp-json\/wp\/v2\/pages\/2915\/revisions"}],"predecessor-version":[{"id":7260,"href":"https:\/\/agora.xtec.cat\/iesblume\/wp-json\/wp\/v2\/pages\/2915\/revisions\/7260"}],"up":[{"embeddable":true,"href":"https:\/\/agora.xtec.cat\/iesblume\/wp-json\/wp\/v2\/pages\/2849"}],"wp:attachment":[{"href":"https:\/\/agora.xtec.cat\/iesblume\/wp-json\/wp\/v2\/media?parent=2915"}],"curies":[{"name":"wp","href":"https:\/\/api.w.org\/{rel}","templated":true}]}}