{"id":2888,"date":"2020-05-06T14:15:59","date_gmt":"2020-05-06T12:15:59","guid":{"rendered":"http:\/\/agora.xtec.cat\/iesblume\/?page_id=2888"},"modified":"2025-04-07T20:40:20","modified_gmt":"2025-04-07T18:40:20","slug":"les-nostres-installacions","status":"publish","type":"page","link":"https:\/\/agora.xtec.cat\/iesblume\/els-nostres-estudis-cfgs-densenyament-i-animacio-socioesportiva-eas\/les-nostres-installacions\/","title":{"rendered":"Instal\u00b7lacions"},"content":{"rendered":"<p><strong>Les nostres instal\u00b7lacions s\u00f3n les del Consell Catal\u00e0 de l\u2019Esport.<\/strong><\/p>\n<ul>\n<li style=\"font-weight: 400;\" aria-level=\"1\"><span style=\"font-weight: 400;\">Pavell\u00f3 amb dos m\u00f2duls separats<\/span><\/li>\n<li style=\"font-weight: 400;\" aria-level=\"1\"><span style=\"font-weight: 400;\">Gimn\u00e0s i sala d\u2019activitats dirigides<\/span><\/li>\n<li style=\"font-weight: 400;\" aria-level=\"1\"><span style=\"font-weight: 400;\">Piscina coberta 25 metres<\/span><\/li>\n<li style=\"font-weight: 400;\" aria-level=\"1\"><span style=\"font-weight: 400;\">Tres pistes poliesportives\u00a0<\/span><\/li>\n<li style=\"font-weight: 400;\" aria-level=\"1\"><span style=\"font-weight: 400;\">Recta d\u2019atletisme<\/span><\/li>\n<\/ul>\n<p><a href=\"https:\/\/agora.xtec.cat\/iesblume\/wp-content\/uploads\/usu1242\/2020\/05\/cfgs_03.png\"><img loading=\"lazy\" decoding=\"async\" class=\"alignleft wp-image-2853\" src=\"https:\/\/agora.xtec.cat\/iesblume\/wp-content\/uploads\/usu1242\/2020\/05\/cfgs_03.png\" alt=\"\" width=\"258\" height=\"194\" srcset=\"https:\/\/agora.xtec.cat\/iesblume\/wp-content\/uploads\/usu1242\/2020\/05\/cfgs_03.png 253w, https:\/\/agora.xtec.cat\/iesblume\/wp-content\/uploads\/usu1242\/2020\/05\/cfgs_03-200x150.png 200w\" sizes=\"auto, (max-width: 258px) 100vw, 258px\" \/><\/a><a href=\"https:\/\/agora.xtec.cat\/iesblume\/wp-content\/uploads\/usu1242\/2020\/05\/cfgs_04.png\"><img loading=\"lazy\" decoding=\"async\" class=\"wp-image-2854 alignright\" src=\"https:\/\/agora.xtec.cat\/iesblume\/wp-content\/uploads\/usu1242\/2020\/05\/cfgs_04.png\" alt=\"\" width=\"258\" height=\"194\" srcset=\"https:\/\/agora.xtec.cat\/iesblume\/wp-content\/uploads\/usu1242\/2020\/05\/cfgs_04.png 262w, https:\/\/agora.xtec.cat\/iesblume\/wp-content\/uploads\/usu1242\/2020\/05\/cfgs_04-200x150.png 200w\" sizes=\"auto, (max-width: 258px) 100vw, 258px\" \/><\/a><a href=\"https:\/\/agora.xtec.cat\/iesblume\/wp-content\/uploads\/usu1242\/2020\/05\/cfgs_05.png\"><img loading=\"lazy\" decoding=\"async\" class=\"aligncenter wp-image-2855\" src=\"https:\/\/agora.xtec.cat\/iesblume\/wp-content\/uploads\/usu1242\/2020\/05\/cfgs_05.png\" alt=\"\" width=\"273\" height=\"204\" srcset=\"https:\/\/agora.xtec.cat\/iesblume\/wp-content\/uploads\/usu1242\/2020\/05\/cfgs_05.png 270w, https:\/\/agora.xtec.cat\/iesblume\/wp-content\/uploads\/usu1242\/2020\/05\/cfgs_05-200x150.png 200w\" sizes=\"auto, (max-width: 273px) 100vw, 273px\" \/><\/a><\/p>\n<p>&nbsp;<\/p>\n<p><a href=\"https:\/\/agora.xtec.cat\/iesblume\/wp-content\/uploads\/usu1242\/2020\/05\/cfgs_06.png\"><img loading=\"lazy\" decoding=\"async\" class=\"wp-image-2856 size-full aligncenter\" src=\"https:\/\/agora.xtec.cat\/iesblume\/wp-content\/uploads\/usu1242\/2020\/05\/cfgs_06.png\" alt=\"\" width=\"314\" height=\"235\" srcset=\"https:\/\/agora.xtec.cat\/iesblume\/wp-content\/uploads\/usu1242\/2020\/05\/cfgs_06.png 314w, https:\/\/agora.xtec.cat\/iesblume\/wp-content\/uploads\/usu1242\/2020\/05\/cfgs_06-300x225.png 300w, https:\/\/agora.xtec.cat\/iesblume\/wp-content\/uploads\/usu1242\/2020\/05\/cfgs_06-200x150.png 200w\" sizes=\"auto, (max-width: 314px) 100vw, 314px\" \/><\/a><\/p>\n<p>&nbsp;<\/p>\n<p>&nbsp;<\/p>\n<p><strong>Altres instal\u00b7lacions:<\/strong><\/p>\n<p><span style=\"font-weight: 400;\">Utilitzem altres instal\u00b7lacions per alguns m\u00f2duls professionals.<\/span><\/p>\n<ul>\n<li>Zona esportiva Les Grasses pels esports d\u2019equip i atletisme. Carrer Matar\u00f3 s\/n. 08980 Sant Feliu de Llobregat<\/li>\n<\/ul>\n<p><a href=\"https:\/\/agora.xtec.cat\/iesblume\/wp-content\/uploads\/usu1242\/2020\/05\/cfgs_07.png\"><img loading=\"lazy\" decoding=\"async\" class=\"size-full wp-image-2857 aligncenter\" src=\"https:\/\/agora.xtec.cat\/iesblume\/wp-content\/uploads\/usu1242\/2020\/05\/cfgs_07.png\" alt=\"\" width=\"387\" height=\"289\" srcset=\"https:\/\/agora.xtec.cat\/iesblume\/wp-content\/uploads\/usu1242\/2020\/05\/cfgs_07.png 387w, https:\/\/agora.xtec.cat\/iesblume\/wp-content\/uploads\/usu1242\/2020\/05\/cfgs_07-300x224.png 300w, https:\/\/agora.xtec.cat\/iesblume\/wp-content\/uploads\/usu1242\/2020\/05\/cfgs_07-200x150.png 200w\" sizes=\"auto, (max-width: 387px) 100vw, 387px\" \/><\/a><\/p>\n<p><a href=\"https:\/\/agora.xtec.cat\/iesblume\/wp-content\/uploads\/usu1242\/2020\/05\/cfgs_08.png\"><img loading=\"lazy\" decoding=\"async\" class=\"alignnone size-full wp-image-2858\" src=\"https:\/\/agora.xtec.cat\/iesblume\/wp-content\/uploads\/usu1242\/2020\/05\/cfgs_08.png\" alt=\"\" width=\"390\" height=\"292\" srcset=\"https:\/\/agora.xtec.cat\/iesblume\/wp-content\/uploads\/usu1242\/2020\/05\/cfgs_08.png 390w, https:\/\/agora.xtec.cat\/iesblume\/wp-content\/uploads\/usu1242\/2020\/05\/cfgs_08-300x225.png 300w, https:\/\/agora.xtec.cat\/iesblume\/wp-content\/uploads\/usu1242\/2020\/05\/cfgs_08-200x150.png 200w\" sizes=\"auto, (max-width: 390px) 100vw, 390px\" \/><\/a><a href=\"https:\/\/agora.xtec.cat\/iesblume\/wp-content\/uploads\/usu1242\/2020\/05\/cfgs_09.png\"><img loading=\"lazy\" decoding=\"async\" class=\"size-full wp-image-2859 alignright\" src=\"https:\/\/agora.xtec.cat\/iesblume\/wp-content\/uploads\/usu1242\/2020\/05\/cfgs_09.png\" alt=\"\" width=\"383\" height=\"287\" srcset=\"https:\/\/agora.xtec.cat\/iesblume\/wp-content\/uploads\/usu1242\/2020\/05\/cfgs_09.png 383w, https:\/\/agora.xtec.cat\/iesblume\/wp-content\/uploads\/usu1242\/2020\/05\/cfgs_09-300x225.png 300w, https:\/\/agora.xtec.cat\/iesblume\/wp-content\/uploads\/usu1242\/2020\/05\/cfgs_09-200x150.png 200w\" sizes=\"auto, (max-width: 383px) 100vw, 383px\" \/><\/a><\/p>\n<p>&nbsp;<\/p>\n<ul>\n<li>Esports UB Tennis; Avda. Diagonal, 695; 08028 Barcelona<\/li>\n<\/ul>\n<p><a href=\"https:\/\/agora.xtec.cat\/iesblume\/wp-content\/uploads\/usu1242\/2020\/05\/cfgs_10.png\"><img loading=\"lazy\" decoding=\"async\" class=\"wp-image-2860 aligncenter\" src=\"https:\/\/agora.xtec.cat\/iesblume\/wp-content\/uploads\/usu1242\/2020\/05\/cfgs_10.png\" alt=\"\" width=\"372\" height=\"280\" srcset=\"https:\/\/agora.xtec.cat\/iesblume\/wp-content\/uploads\/usu1242\/2020\/05\/cfgs_10.png 399w, https:\/\/agora.xtec.cat\/iesblume\/wp-content\/uploads\/usu1242\/2020\/05\/cfgs_10-300x226.png 300w, https:\/\/agora.xtec.cat\/iesblume\/wp-content\/uploads\/usu1242\/2020\/05\/cfgs_10-200x150.png 200w\" sizes=\"auto, (max-width: 372px) 100vw, 372px\" \/><\/a><\/p>\n<p>&nbsp;<\/p>\n<p><a href=\"https:\/\/agora.xtec.cat\/iesblume\/wp-content\/uploads\/usu1242\/2020\/05\/cfgs_11.png\"><img loading=\"lazy\" decoding=\"async\" class=\"wp-image-2861 aligncenter\" src=\"https:\/\/agora.xtec.cat\/iesblume\/wp-content\/uploads\/usu1242\/2020\/05\/cfgs_11.png\" alt=\"\" width=\"379\" height=\"213\" srcset=\"https:\/\/agora.xtec.cat\/iesblume\/wp-content\/uploads\/usu1242\/2020\/05\/cfgs_11.png 354w, https:\/\/agora.xtec.cat\/iesblume\/wp-content\/uploads\/usu1242\/2020\/05\/cfgs_11-300x169.png 300w\" sizes=\"auto, (max-width: 379px) 100vw, 379px\" \/><\/a><\/p>\n<p>&nbsp;<\/p>\n<ul>\n<li><span style=\"font-weight: 400;\">Complex Esportiu La Plana, Pla\u00e7a Catalunya s\/n 08950 d\u2019Esplugues de Llobregat<\/span><\/li>\n<\/ul>\n<p>&nbsp;<\/p>\n<ul>\n<li>Escola N\u00e0utica Garb\u00ed Vela; Passeig Mar\u00edtim, 271-275, 08860 Castelldefels<\/li>\n<\/ul>\n<p>&nbsp;<\/p>\n<ul>\n<li>Camp de Beisbol Estadi P\u00e9rez de Rozas; Carrer Pierre de Coubertin, 9, 08038 Barcelona<\/li>\n<\/ul>\n<p><a href=\"https:\/\/agora.xtec.cat\/iesblume\/wp-content\/uploads\/usu1242\/2020\/05\/cfgs_15.png\"><img loading=\"lazy\" decoding=\"async\" class=\"size-full wp-image-2865 aligncenter\" src=\"https:\/\/agora.xtec.cat\/iesblume\/wp-content\/uploads\/usu1242\/2020\/05\/cfgs_15.png\" alt=\"\" width=\"479\" height=\"232\" srcset=\"https:\/\/agora.xtec.cat\/iesblume\/wp-content\/uploads\/usu1242\/2020\/05\/cfgs_15.png 479w, https:\/\/agora.xtec.cat\/iesblume\/wp-content\/uploads\/usu1242\/2020\/05\/cfgs_15-300x145.png 300w\" sizes=\"auto, (max-width: 479px) 100vw, 479px\" \/><\/a><\/p>\n<ul>\n<li><span style=\"font-weight: 400;\">Estaci\u00f3 d&#8217;esqu\u00ed de la Molina<\/span><\/li>\n<\/ul>\n","protected":false},"excerpt":{"rendered":"<p>Les nostres instal\u00b7lacions s\u00f3n les del Consell Catal\u00e0 de l\u2019Esport. Pavell\u00f3 amb dos m\u00f2duls separats Gimn\u00e0s i sala d\u2019activitats dirigides Piscina coberta 25 metres Tres pistes poliesportives\u00a0 Recta d\u2019atletisme &nbsp; &nbsp; &nbsp; Altres instal\u00b7lacions: Utilitzem altres instal\u00b7lacions per alguns m\u00f2duls professionals. Zona esportiva Les Grasses pels esports d\u2019equip i atletisme. Carrer Matar\u00f3 s\/n. 08980 Sant [&hellip;]<\/p>\n","protected":false},"author":1,"featured_media":0,"parent":2849,"menu_order":50,"comment_status":"closed","ping_status":"closed","template":"page-templates\/side-menu.php","meta":{"_bbp_topic_count":0,"_bbp_reply_count":0,"_bbp_total_topic_count":0,"_bbp_total_reply_count":0,"_bbp_voice_count":0,"_bbp_anonymous_reply_count":0,"_bbp_topic_count_hidden":0,"_bbp_reply_count_hidden":0,"_bbp_forum_subforum_count":0,"site-sidebar-layout":"default","site-content-layout":"","ast-site-content-layout":"","site-content-style":"default","site-sidebar-style":"default","ast-global-header-display":"","ast-banner-title-visibility":"","ast-main-header-display":"","ast-hfb-above-header-display":"","ast-hfb-below-header-display":"","ast-hfb-mobile-header-display":"","site-post-title":"","ast-breadcrumbs-content":"","ast-featured-img":"","footer-sml-layout":"","theme-transparent-header-meta":"","adv-header-id-meta":"","stick-header-meta":"","header-above-stick-meta":"","header-main-stick-meta":"","header-below-stick-meta":"","astra-migrate-meta-layouts":"default","ast-page-background-enabled":"default","ast-page-background-meta":{"desktop":{"background-color":"var(--ast-global-color-4)","background-image":"","background-repeat":"repeat","background-position":"center center","background-size":"auto","background-attachment":"scroll","background-type":"","background-media":"","overlay-type":"","overlay-color":"","overlay-opacity":"","overlay-gradient":""},"tablet":{"background-color":"","background-image":"","background-repeat":"repeat","background-position":"center center","background-size":"auto","background-attachment":"scroll","background-type":"","background-media":"","overlay-type":"","overlay-color":"","overlay-opacity":"","overlay-gradient":""},"mobile":{"background-color":"","background-image":"","background-repeat":"repeat","background-position":"center center","background-size":"auto","background-attachment":"scroll","background-type":"","background-media":"","overlay-type":"","overlay-color":"","overlay-opacity":"","overlay-gradient":""}},"ast-content-background-meta":{"desktop":{"background-color":"var(--ast-global-color-5)","background-image":"","background-repeat":"repeat","background-position":"center center","background-size":"auto","background-attachment":"scroll","background-type":"","background-media":"","overlay-type":"","overlay-color":"","overlay-opacity":"","overlay-gradient":""},"tablet":{"background-color":"var(--ast-global-color-5)","background-image":"","background-repeat":"repeat","background-position":"center center","background-size":"auto","background-attachment":"scroll","background-type":"","background-media":"","overlay-type":"","overlay-color":"","overlay-opacity":"","overlay-gradient":""},"mobile":{"background-color":"var(--ast-global-color-5)","background-image":"","background-repeat":"repeat","background-position":"center center","background-size":"auto","background-attachment":"scroll","background-type":"","background-media":"","overlay-type":"","overlay-color":"","overlay-opacity":"","overlay-gradient":""}},"footnotes":""},"class_list":["post-2888","page","type-page","status-publish","hentry"],"post_mailing_queue_ids":[],"_links":{"self":[{"href":"https:\/\/agora.xtec.cat\/iesblume\/wp-json\/wp\/v2\/pages\/2888","targetHints":{"allow":["GET"]}}],"collection":[{"href":"https:\/\/agora.xtec.cat\/iesblume\/wp-json\/wp\/v2\/pages"}],"about":[{"href":"https:\/\/agora.xtec.cat\/iesblume\/wp-json\/wp\/v2\/types\/page"}],"author":[{"embeddable":true,"href":"https:\/\/agora.xtec.cat\/iesblume\/wp-json\/wp\/v2\/users\/1"}],"replies":[{"embeddable":true,"href":"https:\/\/agora.xtec.cat\/iesblume\/wp-json\/wp\/v2\/comments?post=2888"}],"version-history":[{"count":6,"href":"https:\/\/agora.xtec.cat\/iesblume\/wp-json\/wp\/v2\/pages\/2888\/revisions"}],"predecessor-version":[{"id":7265,"href":"https:\/\/agora.xtec.cat\/iesblume\/wp-json\/wp\/v2\/pages\/2888\/revisions\/7265"}],"up":[{"embeddable":true,"href":"https:\/\/agora.xtec.cat\/iesblume\/wp-json\/wp\/v2\/pages\/2849"}],"wp:attachment":[{"href":"https:\/\/agora.xtec.cat\/iesblume\/wp-json\/wp\/v2\/media?parent=2888"}],"curies":[{"name":"wp","href":"https:\/\/api.w.org\/{rel}","templated":true}]}}