{"id":2878,"date":"2020-05-06T13:44:37","date_gmt":"2020-05-06T11:44:37","guid":{"rendered":"http:\/\/agora.xtec.cat\/iesblume\/?page_id=2878"},"modified":"2025-04-07T20:34:44","modified_gmt":"2025-04-07T18:34:44","slug":"on-som-i-com-arribar-hi","status":"publish","type":"page","link":"https:\/\/agora.xtec.cat\/iesblume\/els-nostres-estudis-cfgs-densenyament-i-animacio-socioesportiva-eas\/on-som-i-com-arribar-hi\/","title":{"rendered":"Ubicaci\u00f3"},"content":{"rendered":"<p>El nostre centre est\u00e0 ubicat al Carrer Sant Mateu, 27-37, 08950 d\u2019Esplugues de Llobregat.<\/p>\n<p>&nbsp;<\/p>\n<p><a href=\"https:\/\/agora.xtec.cat\/iesblume\/wp-content\/uploads\/usu1242\/2020\/05\/cfgs_mapa.png\"><img loading=\"lazy\" decoding=\"async\" class=\"size-full wp-image-2875 aligncenter\" src=\"https:\/\/agora.xtec.cat\/iesblume\/wp-content\/uploads\/usu1242\/2020\/05\/cfgs_mapa.png\" alt=\"\" width=\"759\" height=\"403\" srcset=\"https:\/\/agora.xtec.cat\/iesblume\/wp-content\/uploads\/usu1242\/2020\/05\/cfgs_mapa.png 759w, https:\/\/agora.xtec.cat\/iesblume\/wp-content\/uploads\/usu1242\/2020\/05\/cfgs_mapa-300x159.png 300w\" sizes=\"auto, (max-width: 759px) 100vw, 759px\" \/><\/a><\/p>\n<p>&nbsp;<\/p>\n<p>Trambaix: L\u00ednies L1, L2 i L3. Estacions Can Clota i Ca n\u2019Oliveres<br \/>\nMetro: Metro &#8211; L5<br \/>\nAutob\u00fas: 63, 67, 68, 78, LH2, L16, L51, L151, 157<br \/>\nEnlla\u00e7 amb l\u00ednies de tren.<\/p>\n","protected":false},"excerpt":{"rendered":"<p>El nostre centre est\u00e0 ubicat al Carrer Sant Mateu, 27-37, 08950 d\u2019Esplugues de Llobregat. &nbsp; &nbsp; Trambaix: L\u00ednies L1, L2 i L3. Estacions Can Clota i Ca n\u2019Oliveres Metro: Metro &#8211; L5 Autob\u00fas: 63, 67, 68, 78, LH2, L16, L51, L151, 157 Enlla\u00e7 amb l\u00ednies de tren.<\/p>\n","protected":false},"author":1,"featured_media":0,"parent":2849,"menu_order":40,"comment_status":"closed","ping_status":"closed","template":"page-templates\/side-menu.php","meta":{"_bbp_topic_count":0,"_bbp_reply_count":0,"_bbp_total_topic_count":0,"_bbp_total_reply_count":0,"_bbp_voice_count":0,"_bbp_anonymous_reply_count":0,"_bbp_topic_count_hidden":0,"_bbp_reply_count_hidden":0,"_bbp_forum_subforum_count":0,"site-sidebar-layout":"default","site-content-layout":"","ast-site-content-layout":"","site-content-style":"default","site-sidebar-style":"default","ast-global-header-display":"","ast-banner-title-visibility":"","ast-main-header-display":"","ast-hfb-above-header-display":"","ast-hfb-below-header-display":"","ast-hfb-mobile-header-display":"","site-post-title":"","ast-breadcrumbs-content":"","ast-featured-img":"","footer-sml-layout":"","theme-transparent-header-meta":"","adv-header-id-meta":"","stick-header-meta":"","header-above-stick-meta":"","header-main-stick-meta":"","header-below-stick-meta":"","astra-migrate-meta-layouts":"default","ast-page-background-enabled":"default","ast-page-background-meta":{"desktop":{"background-color":"var(--ast-global-color-4)","background-image":"","background-repeat":"repeat","background-position":"center center","background-size":"auto","background-attachment":"scroll","background-type":"","background-media":"","overlay-type":"","overlay-color":"","overlay-opacity":"","overlay-gradient":""},"tablet":{"background-color":"","background-image":"","background-repeat":"repeat","background-position":"center center","background-size":"auto","background-attachment":"scroll","background-type":"","background-media":"","overlay-type":"","overlay-color":"","overlay-opacity":"","overlay-gradient":""},"mobile":{"background-color":"","background-image":"","background-repeat":"repeat","background-position":"center center","background-size":"auto","background-attachment":"scroll","background-type":"","background-media":"","overlay-type":"","overlay-color":"","overlay-opacity":"","overlay-gradient":""}},"ast-content-background-meta":{"desktop":{"background-color":"var(--ast-global-color-5)","background-image":"","background-repeat":"repeat","background-position":"center center","background-size":"auto","background-attachment":"scroll","background-type":"","background-media":"","overlay-type":"","overlay-color":"","overlay-opacity":"","overlay-gradient":""},"tablet":{"background-color":"var(--ast-global-color-5)","background-image":"","background-repeat":"repeat","background-position":"center center","background-size":"auto","background-attachment":"scroll","background-type":"","background-media":"","overlay-type":"","overlay-color":"","overlay-opacity":"","overlay-gradient":""},"mobile":{"background-color":"var(--ast-global-color-5)","background-image":"","background-repeat":"repeat","background-position":"center center","background-size":"auto","background-attachment":"scroll","background-type":"","background-media":"","overlay-type":"","overlay-color":"","overlay-opacity":"","overlay-gradient":""}},"footnotes":""},"class_list":["post-2878","page","type-page","status-publish","hentry"],"post_mailing_queue_ids":[],"_links":{"self":[{"href":"https:\/\/agora.xtec.cat\/iesblume\/wp-json\/wp\/v2\/pages\/2878","targetHints":{"allow":["GET"]}}],"collection":[{"href":"https:\/\/agora.xtec.cat\/iesblume\/wp-json\/wp\/v2\/pages"}],"about":[{"href":"https:\/\/agora.xtec.cat\/iesblume\/wp-json\/wp\/v2\/types\/page"}],"author":[{"embeddable":true,"href":"https:\/\/agora.xtec.cat\/iesblume\/wp-json\/wp\/v2\/users\/1"}],"replies":[{"embeddable":true,"href":"https:\/\/agora.xtec.cat\/iesblume\/wp-json\/wp\/v2\/comments?post=2878"}],"version-history":[{"count":2,"href":"https:\/\/agora.xtec.cat\/iesblume\/wp-json\/wp\/v2\/pages\/2878\/revisions"}],"predecessor-version":[{"id":7262,"href":"https:\/\/agora.xtec.cat\/iesblume\/wp-json\/wp\/v2\/pages\/2878\/revisions\/7262"}],"up":[{"embeddable":true,"href":"https:\/\/agora.xtec.cat\/iesblume\/wp-json\/wp\/v2\/pages\/2849"}],"wp:attachment":[{"href":"https:\/\/agora.xtec.cat\/iesblume\/wp-json\/wp\/v2\/media?parent=2878"}],"curies":[{"name":"wp","href":"https:\/\/api.w.org\/{rel}","templated":true}]}}